{"id":648,"date":"2025-09-15T17:27:20","date_gmt":"2025-09-15T15:27:20","guid":{"rendered":"https:\/\/duke2.unixstorm.eu\/produkt\/jacques-marie-mage-molino-samoa-55\/"},"modified":"2026-03-05T18:40:04","modified_gmt":"2026-03-05T17:40:04","slug":"jacques-marie-mage-molino-samoa-55","status":"publish","type":"product","link":"https:\/\/www.diukoptyk.pl\/pl\/produkt\/jacques-marie-mage-molino-samoa-55\/","title":{"rendered":"Jacques Marie Mage MOLINO (55) | SAMOA"},"content":{"rendered":"<p><strong data-start=\"1248\" data-end=\"1261\">Dla kogo?<\/strong><br data-start=\"1261\" data-end=\"1264\" \/><strong data-start=\"1264\" data-end=\"1305\">Jacques Marie Mage Molino 55 in Samoa<\/strong> to oprawa dla koneser\u00f3w designu, kt\u00f3rzy ceni\u0105 wyrazisty styl i doskona\u0142e rzemios\u0142o.<\/p>\n<p>Dla os\u00f3b, kt\u00f3re chc\u0105 \u0142\u0105czy\u0107 klasyk\u0119 z charakterem \u2013 elegancj\u0119 z artystyczn\u0105 dusz\u0105.<\/p>\n","protected":false},"excerpt":{"rendered":"<h3 data-start=\"173\" data-end=\"222\">acques Marie Mage \u2013 <strong data-start=\"198\" data-end=\"220\">Molino 55 in Samoa<\/strong><\/h3>\n<p data-start=\"224\" data-end=\"635\"><strong data-start=\"224\" data-end=\"268\">Ikona niezale\u017cnego stylu w nowym wydaniu<\/strong><br data-start=\"268\" data-end=\"271\" \/>Model <strong data-start=\"277\" data-end=\"299\">Molino 55 in Samoa<\/strong> to jedna z najbardziej kultowych opraw <strong data-start=\"339\" data-end=\"361\">Jacques Marie Mage<\/strong>, inspirowana estetyk\u0105 lat 60. Limitowana edycja <strong data-start=\"410\" data-end=\"429\">400 egzemplarzy<\/strong> zachowuje charakterystyczny dla marki balans mi\u0119dzy klasyczn\u0105 form\u0105 a artystycznym detalem. To okulary, kt\u00f3re \u0142\u0105cz\u0105 buntownicz\u0105 elegancj\u0119 z poetyck\u0105 subtelno\u015bci\u0105 \u2013 symbol stylu, kt\u00f3ry nigdy nie przemija.<\/p>\n<p data-start=\"637\" data-end=\"658\"><strong data-start=\"637\" data-end=\"656\">Detale i design<\/strong><\/p>\n<ul data-start=\"659\" data-end=\"1246\">\n<li data-start=\"659\" data-end=\"767\">\n<p data-start=\"661\" data-end=\"767\">Kszta\u0142t: prostok\u0105tny, inspirowany designem lat 60., z delikatnym fazowaniem kraw\u0119dzi (<em data-start=\"747\" data-end=\"764\">subtle beveling<\/em>)<\/p>\n<\/li>\n<li data-start=\"768\" data-end=\"851\">\n<p data-start=\"770\" data-end=\"851\">Rama: wykonana z utwardzonego acetatu celulozowego w ciep\u0142ym odcieniu <strong data-start=\"840\" data-end=\"849\">Samoa<\/strong><\/p>\n<\/li>\n<li data-start=\"852\" data-end=\"965\">\n<p data-start=\"854\" data-end=\"965\">Detale: zdobienia z metali szlachetnych \u2013 charakterystyczne <em data-start=\"914\" data-end=\"930\">arrowhead pins<\/em> b\u0119d\u0105ce znakiem rozpoznawczym JMM<\/p>\n<\/li>\n<li data-start=\"966\" data-end=\"1053\">\n<p data-start=\"968\" data-end=\"1053\">Konstrukcja: r\u0119cznie wykonana w Japonii z dba\u0142o\u015bci\u0105 o proporcje, komfort i trwa\u0142o\u015b\u0107<\/p>\n<\/li>\n<li data-start=\"1054\" data-end=\"1159\">\n<p data-start=\"1056\" data-end=\"1159\">Styl: klasyczny, ale niekonwencjonalny \u2013 po\u0142\u0105czenie elegancji, artystycznej wra\u017cliwo\u015bci i si\u0142y wyrazu<\/p>\n<\/li>\n<li data-start=\"1160\" data-end=\"1246\">\n<p data-start=\"1162\" data-end=\"1246\">Limitowana edycja: <strong data-start=\"1181\" data-end=\"1194\">400 sztuk<\/strong>, ka\u017cdy egzemplarz oznaczony indywidualnym numerem<\/p>\n<\/li>\n<\/ul>\n","protected":false},"featured_media":645,"template":"","meta":{"_acf_changed":false,"_joinchat":[]},"product_brand":[82],"product_cat":[32,37,30,35],"product_tag":[113],"model":[410,389],"class_list":{"0":"post-648","1":"product","2":"type-product","3":"status-publish","4":"has-post-thumbnail","6":"product_brand-jacques-marie-mage","7":"product_cat-damskie","8":"product_cat-meskie","9":"product_cat-okulary-przeciwsloneczne","10":"product_cat-unisex","11":"product_tag-jmmmlx15d","12":"model-molino","13":"model-molino-55","15":"first","16":"outofstock","17":"shipping-taxable","18":"purchasable","19":"product-type-simple"},"acf":[],"aioseo_notices":[],"_links":{"self":[{"href":"https:\/\/www.diukoptyk.pl\/pl\/wp-json\/wp\/v2\/product\/648","targetHints":{"allow":["GET"]}}],"collection":[{"href":"https:\/\/www.diukoptyk.pl\/pl\/wp-json\/wp\/v2\/product"}],"about":[{"href":"https:\/\/www.diukoptyk.pl\/pl\/wp-json\/wp\/v2\/types\/product"}],"version-history":[{"count":2,"href":"https:\/\/www.diukoptyk.pl\/pl\/wp-json\/wp\/v2\/product\/648\/revisions"}],"predecessor-version":[{"id":5228,"href":"https:\/\/www.diukoptyk.pl\/pl\/wp-json\/wp\/v2\/product\/648\/revisions\/5228"}],"wp:featuredmedia":[{"embeddable":true,"href":"https:\/\/www.diukoptyk.pl\/pl\/wp-json\/wp\/v2\/media\/645"}],"wp:attachment":[{"href":"https:\/\/www.diukoptyk.pl\/pl\/wp-json\/wp\/v2\/media?parent=648"}],"wp:term":[{"taxonomy":"product_brand","embeddable":true,"href":"https:\/\/www.diukoptyk.pl\/pl\/wp-json\/wp\/v2\/product_brand?post=648"},{"taxonomy":"product_cat","embeddable":true,"href":"https:\/\/www.diukoptyk.pl\/pl\/wp-json\/wp\/v2\/product_cat?post=648"},{"taxonomy":"product_tag","embeddable":true,"href":"https:\/\/www.diukoptyk.pl\/pl\/wp-json\/wp\/v2\/product_tag?post=648"},{"taxonomy":"model","embeddable":true,"href":"https:\/\/www.diukoptyk.pl\/pl\/wp-json\/wp\/v2\/model?post=648"}],"curies":[{"name":"wp","href":"https:\/\/api.w.org\/{rel}","templated":true}]}}