{"id":5861,"date":"2026-05-05T18:32:41","date_gmt":"2026-05-05T16:32:41","guid":{"rendered":"https:\/\/www.diukoptyk.pl\/?post_type=product&#038;p=5861"},"modified":"2026-05-05T18:51:25","modified_gmt":"2026-05-05T16:51:25","slug":"jacques-marie-mage-eichler-breccia","status":"publish","type":"product","link":"https:\/\/www.diukoptyk.pl\/pl\/produkt\/jacques-marie-mage-eichler-breccia\/","title":{"rendered":"Jacques Marie Mage EICHLER | BRECCIA"},"content":{"rendered":"<p><span class=\"hover:entity-accent entity-underline inline cursor-pointer align-baseline\"><span class=\"whitespace-normal\">Jacques Marie Mage<\/span><\/span> Eichler Breccia to model inspirowany kalifornijskim modernizmem \u2013 o wyrazistej, geometrycznej formie i mocno zarysowanej linii. Wykonane r\u0119cznie z wysokiej jako\u015bci w\u0142oskiego acetatu w unikalnym kolorze Breccia, \u0142\u0105cz\u0105 rze\u017abiarsk\u0105 bry\u0142\u0119 z precyzyjnie dopracowanymi detalami, takimi jak charakterystyczne nity, zdobione zauszniki oraz metalowy rdze\u0144 widoczny w konstrukcji. Limitowana produkcja podkre\u015bla kolekcjonerski charakter modelu, kt\u00f3ry doskonale balansuje mi\u0119dzy retro estetyk\u0105 lat 60. a wsp\u00f3\u0142czesnym, luksusowym designem.<\/p>\n<p>&nbsp;<\/p>\n<p>&nbsp;<\/p>\n","protected":false},"excerpt":{"rendered":"<p>Jacques Marie Mage Eichler Breccia to wyrazisty, kobiecy model o geometrycznej formie inspirowanej modernizmem Kalifornii lat 60. Rze\u017abiarska sylwetka i bogato wyko\u0144czony front nadaj\u0105 mu charakter eleganckiego, nieoczywistego statement piece. Okulary wykonano r\u0119cznie z najwy\u017cszej jako\u015bci materia\u0142\u00f3w, z dba\u0142o\u015bci\u0105 o ka\u017cdy detal \u2013 od srebrnego pinu w kszta\u0142cie grot\u00f3w strza\u0142, przez ukryty metalowy rdze\u0144 \u201eLever\u201d, po precyzyjne zawiasy kulkowe.<\/p>\n<p>Soczewki CR39 w odcieniu Prussian Blue z pow\u0142ok\u0105 antyrefleksyjn\u0105 zapewniaj\u0105 komfort widzenia i pe\u0142n\u0105 ochron\u0119 UV. Ka\u017cda para powstaje w limitowanej edycji w procesie obejmuj\u0105cym ponad 300 etap\u00f3w produkcji, z udzia\u0142em do\u015bwiadczonych rzemie\u015blnik\u00f3w. Model dostarczany jest w luksusowym zestawie z etui sk\u00f3rzanym, \u015bciereczk\u0105 oraz certyfikatem autentyczno\u015bci z numerem seryjnym.<\/p>\n","protected":false},"featured_media":5862,"template":"","meta":{"_acf_changed":false,"_joinchat":[]},"product_brand":[82],"product_cat":[32,37,30,35],"product_tag":[],"model":[453],"class_list":{"0":"post-5861","1":"product","2":"type-product","3":"status-publish","4":"has-post-thumbnail","6":"product_brand-jacques-marie-mage","7":"product_cat-damskie","8":"product_cat-meskie","9":"product_cat-okulary-przeciwsloneczne","10":"product_cat-unisex","11":"model-eichler","13":"first","14":"instock","15":"shipping-taxable","16":"purchasable","17":"product-type-simple"},"acf":[],"aioseo_notices":[],"_links":{"self":[{"href":"https:\/\/www.diukoptyk.pl\/pl\/wp-json\/wp\/v2\/product\/5861","targetHints":{"allow":["GET"]}}],"collection":[{"href":"https:\/\/www.diukoptyk.pl\/pl\/wp-json\/wp\/v2\/product"}],"about":[{"href":"https:\/\/www.diukoptyk.pl\/pl\/wp-json\/wp\/v2\/types\/product"}],"version-history":[{"count":2,"href":"https:\/\/www.diukoptyk.pl\/pl\/wp-json\/wp\/v2\/product\/5861\/revisions"}],"predecessor-version":[{"id":5870,"href":"https:\/\/www.diukoptyk.pl\/pl\/wp-json\/wp\/v2\/product\/5861\/revisions\/5870"}],"wp:featuredmedia":[{"embeddable":true,"href":"https:\/\/www.diukoptyk.pl\/pl\/wp-json\/wp\/v2\/media\/5862"}],"wp:attachment":[{"href":"https:\/\/www.diukoptyk.pl\/pl\/wp-json\/wp\/v2\/media?parent=5861"}],"wp:term":[{"taxonomy":"product_brand","embeddable":true,"href":"https:\/\/www.diukoptyk.pl\/pl\/wp-json\/wp\/v2\/product_brand?post=5861"},{"taxonomy":"product_cat","embeddable":true,"href":"https:\/\/www.diukoptyk.pl\/pl\/wp-json\/wp\/v2\/product_cat?post=5861"},{"taxonomy":"product_tag","embeddable":true,"href":"https:\/\/www.diukoptyk.pl\/pl\/wp-json\/wp\/v2\/product_tag?post=5861"},{"taxonomy":"model","embeddable":true,"href":"https:\/\/www.diukoptyk.pl\/pl\/wp-json\/wp\/v2\/model?post=5861"}],"curies":[{"name":"wp","href":"https:\/\/api.w.org\/{rel}","templated":true}]}}