{"id":5664,"date":"2026-04-14T21:15:30","date_gmt":"2026-04-14T19:15:30","guid":{"rendered":"https:\/\/www.diukoptyk.pl\/?post_type=product&#038;p=5664"},"modified":"2026-04-14T21:20:24","modified_gmt":"2026-04-14T19:20:24","slug":"jacques-marie-mage-earl-antique-silver","status":"publish","type":"product","link":"https:\/\/www.diukoptyk.pl\/pl\/produkt\/jacques-marie-mage-earl-antique-silver\/","title":{"rendered":"Jacques Marie Mage EARL | ANTIQUE SILVER"},"content":{"rendered":"<article class=\"text-token-text-primary w-full focus:outline-none [--shadow-height:45px] has-data-writing-block:pointer-events-none has-data-writing-block:-mt-(--shadow-height) has-data-writing-block:pt-(--shadow-height) [&amp;:has([data-writing-block])&gt;*]:pointer-events-auto [content-visibility:auto] supports-[content-visibility:auto]:[contain-intrinsic-size:auto_100lvh] scroll-mt-[calc(var(--header-height)+min(200px,max(70px,20svh)))]\" dir=\"auto\" tabindex=\"-1\" data-turn-id=\"request-68dbb5b1-7ef0-832d-b63b-57cc941960e2-39\" data-testid=\"conversation-turn-360\" data-scroll-anchor=\"true\" data-turn=\"assistant\">\n<div class=\"text-base my-auto mx-auto pb-10 [--thread-content-margin:--spacing(4)] thread-sm:[--thread-content-margin:--spacing(6)] thread-lg:[--thread-content-margin:--spacing(16)] px-(--thread-content-margin)\">\n<div class=\"[--thread-content-max-width:40rem] thread-lg:[--thread-content-max-width:48rem] mx-auto max-w-(--thread-content-max-width) flex-1 group\/turn-messages focus-visible:outline-hidden relative flex w-full min-w-0 flex-col agent-turn\" tabindex=\"-1\">\n<div class=\"flex max-w-full flex-col grow\">\n<div class=\"min-h-8 text-message relative flex w-full flex-col items-end gap-2 text-start break-words whitespace-normal [.text-message+&amp;]:mt-1\" dir=\"auto\" data-message-author-role=\"assistant\" data-message-id=\"a4b1d230-2b3d-4ef5-a95c-c72d14b62711\" data-message-model-slug=\"gpt-5\">\n<div class=\"flex w-full flex-col gap-1 empty:hidden first:pt-[1px]\">\n<div class=\"markdown prose dark:prose-invert w-full break-words light markdown-new-styling\">\n<p data-start=\"1390\" data-end=\"1698\"><strong data-start=\"1390\" data-end=\"1437\">Dla kogo jest model EARL in ANTIQUE SILVER?<\/strong><br data-start=\"1437\" data-end=\"1440\" \/>To propozycja dla os\u00f3b, kt\u00f3re szukaj\u0105 oprawy wyrazistej, ale zbudowanej bardziej lini\u0105 i detalem ni\u017c mas\u0105. EARL b\u0119dzie idealnym wyborem dla klient\u00f3w ceni\u0105cych metalowe konstrukcje, ch\u0142odn\u0105 kolorystyk\u0119 i estetyk\u0119 vintage podan\u0105 w nowoczesny, luksusowy spos\u00f3b.<\/p>\n<p data-start=\"1700\" data-end=\"2000\">Ten model szczeg\u00f3lnie dobrze odnajdzie si\u0119 u os\u00f3b, kt\u00f3re lubi\u0105 formy typu navigator, ale oczekuj\u0105 od nich wi\u0119kszej subtelno\u015bci, lekko\u015bci i projektowej dyscypliny. B\u0142\u0119kitne soczewki i dwutonowe wyko\u0144czenie nadaj\u0105 mu charakter pewny, elegancki i nieco filmowy \u2014 bez przesady, ale z wyra\u017an\u0105 osobowo\u015bci\u0105.<\/p>\n<p data-start=\"2002\" data-end=\"2140\">EARL in ANTIQUE SILVER to oprawa dla tych, kt\u00f3rzy ceni\u0105 rzemios\u0142o, konstrukcyjn\u0105 precyzj\u0119 i luksus wyra\u017cony w detalach, a nie w nadmiarze.<\/p>\n<\/div>\n<\/div>\n<\/div>\n<\/div>\n<\/div>\n<\/div>\n<\/article>\n","protected":false},"excerpt":{"rendered":"<p data-start=\"59\" data-end=\"125\"><strong data-start=\"59\" data-end=\"85\">EARL in ANTIQUE SILVER<\/strong><br data-start=\"85\" data-end=\"88\" \/><strong data-start=\"88\" data-end=\"125\">Limitowana seria: 350 egzemplarzy<\/strong><\/p>\n<p data-start=\"127\" data-end=\"491\">EARL to wyrafinowana interpretacja klasycznego modelu navigator \u2014 oprawa inspirowana estetyk\u0105 lat 70., ale przefiltrowana przez charakterystyczny j\u0119zyk projektowy Jacques Marie Mage. Smuk\u0142a, precyzyjnie zbudowana forma z tytanu zosta\u0142a wzbogacona o unikalne, 4-milimetrowe wk\u0142adki przy obrze\u017cach soczewek, dwutonowe detale oraz subtelne zdobienia w duchu Art Deco.<\/p>\n<p data-start=\"493\" data-end=\"831\">To model, kt\u00f3ry \u0142\u0105czy lekko\u015b\u0107 konstrukcji z wyrazistym, kolekcjonerskim charakterem. EARL nie epatuje mas\u0105 ani obj\u0119to\u015bci\u0105 \u2014 jego si\u0142a tkwi w proporcji, precyzji i dopracowaniu detalu. W wersji <strong data-start=\"686\" data-end=\"704\">ANTIQUE SILVER<\/strong> ch\u0142odna, metaliczna tonacja spotyka si\u0119 z b\u0142\u0119kitnymi soczewkami, tworz\u0105c kompozycj\u0119 eleganck\u0105, nowoczesn\u0105 i bardzo szlachetn\u0105.<\/p>\n<p data-start=\"833\" data-end=\"851\"><strong data-start=\"833\" data-end=\"851\">Detale modelu:<\/strong><\/p>\n<ul data-start=\"852\" data-end=\"1388\">\n<li data-section-id=\"eg0e3r\" data-start=\"852\" data-end=\"942\">zauszniki z tytanu w kolorze gunmetal z grawerem hairline i zako\u0144czeniami typu wingtip<\/li>\n<li data-section-id=\"ds2c2n\" data-start=\"943\" data-end=\"1025\">autorski, ukryty zawias mocowany w systemie tension-secured w kolorze srebrnym<\/li>\n<li data-section-id=\"1fdyg4n\" data-start=\"1026\" data-end=\"1089\">tytanowe wk\u0142adki przy obrze\u017cach soczewek w kolorze srebrnym<\/li>\n<li data-section-id=\"1ismsp5\" data-start=\"1090\" data-end=\"1136\">autorskie noski z logo i grawerem hairline<\/li>\n<li data-section-id=\"1liwfaq\" data-start=\"1137\" data-end=\"1170\">soczewki <strong data-start=\"1148\" data-end=\"1168\">Serene Blue CR39<\/strong><\/li>\n<li data-section-id=\"kzo2ae\" data-start=\"1171\" data-end=\"1245\">soczewki o krzywi\u017anie <strong data-start=\"1195\" data-end=\"1205\">4 base<\/strong> z antyrefleksem od wewn\u0119trznej strony<\/li>\n<li data-section-id=\"gcb9mc\" data-start=\"1246\" data-end=\"1311\">oprawa wykonana w 100% z <strong data-start=\"1273\" data-end=\"1290\">beta titanium<\/strong> w kolorze gunmetal<\/li>\n<li data-section-id=\"1897ax7\" data-start=\"1312\" data-end=\"1364\">srebrne wk\u0142adki tytanowe przy obrze\u017cach soczewek<\/li>\n<li data-section-id=\"1eqjnyd\" data-start=\"1365\" data-end=\"1388\">niebieskie soczewki<\/li>\n<\/ul>\n","protected":false},"featured_media":5669,"template":"","meta":{"_acf_changed":false,"_joinchat":[]},"product_brand":[82],"product_cat":[37,30,35],"product_tag":[],"model":[376],"class_list":{"0":"post-5664","1":"product","2":"type-product","3":"status-publish","4":"has-post-thumbnail","6":"product_brand-jacques-marie-mage","7":"product_cat-meskie","8":"product_cat-okulary-przeciwsloneczne","9":"product_cat-unisex","10":"model-earl","12":"first","13":"instock","14":"shipping-taxable","15":"purchasable","16":"product-type-simple"},"acf":[],"aioseo_notices":[],"_links":{"self":[{"href":"https:\/\/www.diukoptyk.pl\/pl\/wp-json\/wp\/v2\/product\/5664","targetHints":{"allow":["GET"]}}],"collection":[{"href":"https:\/\/www.diukoptyk.pl\/pl\/wp-json\/wp\/v2\/product"}],"about":[{"href":"https:\/\/www.diukoptyk.pl\/pl\/wp-json\/wp\/v2\/types\/product"}],"version-history":[{"count":1,"href":"https:\/\/www.diukoptyk.pl\/pl\/wp-json\/wp\/v2\/product\/5664\/revisions"}],"predecessor-version":[{"id":5670,"href":"https:\/\/www.diukoptyk.pl\/pl\/wp-json\/wp\/v2\/product\/5664\/revisions\/5670"}],"wp:featuredmedia":[{"embeddable":true,"href":"https:\/\/www.diukoptyk.pl\/pl\/wp-json\/wp\/v2\/media\/5669"}],"wp:attachment":[{"href":"https:\/\/www.diukoptyk.pl\/pl\/wp-json\/wp\/v2\/media?parent=5664"}],"wp:term":[{"taxonomy":"product_brand","embeddable":true,"href":"https:\/\/www.diukoptyk.pl\/pl\/wp-json\/wp\/v2\/product_brand?post=5664"},{"taxonomy":"product_cat","embeddable":true,"href":"https:\/\/www.diukoptyk.pl\/pl\/wp-json\/wp\/v2\/product_cat?post=5664"},{"taxonomy":"product_tag","embeddable":true,"href":"https:\/\/www.diukoptyk.pl\/pl\/wp-json\/wp\/v2\/product_tag?post=5664"},{"taxonomy":"model","embeddable":true,"href":"https:\/\/www.diukoptyk.pl\/pl\/wp-json\/wp\/v2\/model?post=5664"}],"curies":[{"name":"wp","href":"https:\/\/api.w.org\/{rel}","templated":true}]}}