{"id":5650,"date":"2026-04-14T21:04:30","date_gmt":"2026-04-14T19:04:30","guid":{"rendered":"https:\/\/www.diukoptyk.pl\/?post_type=product&#038;p=5650"},"modified":"2026-04-14T21:21:23","modified_gmt":"2026-04-14T19:21:23","slug":"jacques-marie-mage-dealan-bourbon","status":"publish","type":"product","link":"https:\/\/www.diukoptyk.pl\/pl\/produkt\/jacques-marie-mage-dealan-bourbon\/","title":{"rendered":"Jacques Marie Mage DEALAN | BOURBON"},"content":{"rendered":"<p data-start=\"1371\" data-end=\"1672\"><strong data-start=\"1371\" data-end=\"1413\">Dla kogo jest model DEALAN in BOURBON?<\/strong><br data-start=\"1413\" data-end=\"1416\" \/>To propozycja dla os\u00f3b, kt\u00f3re ceni\u0105 wyraziste oprawy w bardziej klasycznym, ciep\u0142ym wydaniu. BOURBON b\u0119dzie idealnym wyborem dla klient\u00f3w, kt\u00f3rzy szukaj\u0105 mocnej formy, ale z wi\u0119ksz\u0105 mi\u0119kko\u015bci\u0105 kolorystyczn\u0105 i bardziej ponadczasowym, eleganckim charakterem.<\/p>\n<p data-start=\"1674\" data-end=\"1972\">Ten wariant szczeg\u00f3lnie dobrze odnajdzie si\u0119 u os\u00f3b, kt\u00f3re lubi\u0105 odcienie havana, br\u0105zu i ciep\u0142ych ton\u00f3w, a okulary traktuj\u0105 jako wa\u017cny element swojego stylu. DEALAN in BOURBON ma w sobie dojrza\u0142o\u015b\u0107, szlachetno\u015b\u0107 i niewymuszon\u0105 charyzm\u0119 \u2014 przyci\u0105ga uwag\u0119 nie krzykiem, lecz jako\u015bci\u0105 formy i koloru.<\/p>\n","protected":false},"excerpt":{"rendered":"<p data-start=\"54\" data-end=\"115\"><strong data-start=\"54\" data-end=\"75\">DEALAN in BOURBON<\/strong><br data-start=\"75\" data-end=\"78\" \/><strong data-start=\"78\" data-end=\"115\">Limitowana seria: 450 egzemplarzy<\/strong><\/p>\n<p data-start=\"117\" data-end=\"516\">DEALAN to jeden z najbardziej ikonicznych modeli Jacques Marie Mage \u2014 oprawa, kt\u00f3ra od debiutanckiego sezonu marki pozostaje symbolem jej estetyki. Wyrazista bry\u0142a, harmonijne proporcje i charakterystyczne detale z metalu szlachetnego tworz\u0105 model o mocnym, ponadczasowym charakterze. Inspirowany stylem lat 60., DEALAN \u0142\u0105czy artystyczn\u0105 swobod\u0119 z dopracowanym rzemios\u0142em i kolekcjonersk\u0105 warto\u015bci\u0105.<\/p>\n<p data-start=\"518\" data-end=\"918\">W wersji <strong data-start=\"527\" data-end=\"538\">BOURBON<\/strong> model ods\u0142ania bardziej ciep\u0142e, klasyczne oblicze. Oprawa z 10 mm utwardzanego acetatu celulozowego w odcieniu havana zosta\u0142a zestawiona z br\u0105zowymi soczewkami i srebrnymi detalami, dzi\u0119ki czemu ca\u0142o\u015b\u0107 zyskuje elegancki, szlachetny i bardzo harmonijny wyraz. To wariant, kt\u00f3ry podkre\u015bla vintage\u2019ow\u0105 dusz\u0119 modelu DEALAN i nadaje jej mi\u0119kszej, bardziej wyrafinowanej interpretacji.<\/p>\n<p data-start=\"920\" data-end=\"938\"><strong data-start=\"920\" data-end=\"938\">Detale modelu:<\/strong><\/p>\n<ul data-start=\"939\" data-end=\"1369\">\n<li data-section-id=\"14h7s9q\" data-start=\"939\" data-end=\"1002\">front pin w kszta\u0142cie grotu strza\u0142y ze srebra sterlingowego<\/li>\n<li data-section-id=\"h56s3l\" data-start=\"1003\" data-end=\"1047\">ukryty wire core ze srebra sterlingowego<\/li>\n<li data-section-id=\"8b6d69\" data-start=\"1048\" data-end=\"1134\">autorski 7-bary\u0142kowy zawias mocowany w systemie tension-secured w kolorze srebrnym<\/li>\n<li data-section-id=\"1010hd0\" data-start=\"1135\" data-end=\"1168\">soczewki <strong data-start=\"1146\" data-end=\"1166\">Dark Tuscan CR39<\/strong><\/li>\n<li data-section-id=\"1phfdn8\" data-start=\"1169\" data-end=\"1243\">soczewki o krzywi\u017anie <strong data-start=\"1193\" data-end=\"1203\">6 base<\/strong> z antyrefleksem od wewn\u0119trznej strony<\/li>\n<li data-section-id=\"1mn3b0\" data-start=\"1244\" data-end=\"1313\">oprawa z 10 mm utwardzanego acetatu celulozowego w kolorze havana<\/li>\n<li data-section-id=\"6xkxdi\" data-start=\"1314\" data-end=\"1348\">laminowane zauszniki z acetatu<\/li>\n<li data-section-id=\"7ivre7\" data-start=\"1349\" data-end=\"1369\">br\u0105zowe soczewki<\/li>\n<\/ul>\n","protected":false},"featured_media":5655,"template":"","meta":{"_acf_changed":false,"_joinchat":[]},"product_brand":[82],"product_cat":[32,37,51,35],"product_tag":[],"model":[374],"class_list":{"0":"post-5650","1":"product","2":"type-product","3":"status-publish","4":"has-post-thumbnail","6":"product_brand-jacques-marie-mage","7":"product_cat-damskie","8":"product_cat-meskie","9":"product_cat-okulary-korekcyjne","10":"product_cat-unisex","11":"model-dealan","13":"first","14":"instock","15":"shipping-taxable","16":"purchasable","17":"product-type-simple"},"acf":[],"aioseo_notices":[],"_links":{"self":[{"href":"https:\/\/www.diukoptyk.pl\/pl\/wp-json\/wp\/v2\/product\/5650","targetHints":{"allow":["GET"]}}],"collection":[{"href":"https:\/\/www.diukoptyk.pl\/pl\/wp-json\/wp\/v2\/product"}],"about":[{"href":"https:\/\/www.diukoptyk.pl\/pl\/wp-json\/wp\/v2\/types\/product"}],"version-history":[{"count":1,"href":"https:\/\/www.diukoptyk.pl\/pl\/wp-json\/wp\/v2\/product\/5650\/revisions"}],"predecessor-version":[{"id":5656,"href":"https:\/\/www.diukoptyk.pl\/pl\/wp-json\/wp\/v2\/product\/5650\/revisions\/5656"}],"wp:featuredmedia":[{"embeddable":true,"href":"https:\/\/www.diukoptyk.pl\/pl\/wp-json\/wp\/v2\/media\/5655"}],"wp:attachment":[{"href":"https:\/\/www.diukoptyk.pl\/pl\/wp-json\/wp\/v2\/media?parent=5650"}],"wp:term":[{"taxonomy":"product_brand","embeddable":true,"href":"https:\/\/www.diukoptyk.pl\/pl\/wp-json\/wp\/v2\/product_brand?post=5650"},{"taxonomy":"product_cat","embeddable":true,"href":"https:\/\/www.diukoptyk.pl\/pl\/wp-json\/wp\/v2\/product_cat?post=5650"},{"taxonomy":"product_tag","embeddable":true,"href":"https:\/\/www.diukoptyk.pl\/pl\/wp-json\/wp\/v2\/product_tag?post=5650"},{"taxonomy":"model","embeddable":true,"href":"https:\/\/www.diukoptyk.pl\/pl\/wp-json\/wp\/v2\/model?post=5650"}],"curies":[{"name":"wp","href":"https:\/\/api.w.org\/{rel}","templated":true}]}}