{"id":5629,"date":"2026-04-14T20:49:02","date_gmt":"2026-04-14T18:49:02","guid":{"rendered":"https:\/\/www.diukoptyk.pl\/?post_type=product&#038;p=5629"},"modified":"2026-04-14T20:59:21","modified_gmt":"2026-04-14T18:59:21","slug":"jacques-marie-mage-dealan-etna","status":"publish","type":"product","link":"https:\/\/www.diukoptyk.pl\/pl\/produkt\/jacques-marie-mage-dealan-etna\/","title":{"rendered":"Jacques Marie Mage DEALAN | ETNA"},"content":{"rendered":"<p data-start=\"668\" data-end=\"711\">Model ten szczeg\u00f3lnie doceni\u0105 osoby, kt\u00f3re:<\/p>\n<ul data-start=\"712\" data-end=\"937\">\n<li data-section-id=\"10djiot\" data-start=\"712\" data-end=\"764\">preferuj\u0105 mocniejsze, bardziej zdecydowane oprawy,<\/li>\n<li data-section-id=\"m2xxud\" data-start=\"765\" data-end=\"824\">szukaj\u0105 okular\u00f3w o kultowym, kolekcjonerskim charakterze,<\/li>\n<li data-section-id=\"y1rfjx\" data-start=\"825\" data-end=\"875\">ceni\u0105 rzemios\u0142o, limitacj\u0119 i dopracowane detale,<\/li>\n<li data-section-id=\"17137b5\" data-start=\"876\" data-end=\"937\">traktuj\u0105 okulary jako integralny element swojego wizerunku.<\/li>\n<\/ul>\n<p data-start=\"939\" data-end=\"1069\">DEALAN nie jest modelem przypadkowym. To oprawa dla tych, kt\u00f3rzy lubi\u0105 przedmioty z histori\u0105, charakterem i wyczuwaln\u0105 obecno\u015bci\u0105.<\/p>\n","protected":false},"excerpt":{"rendered":"<p data-start=\"78\" data-end=\"136\"><strong data-start=\"78\" data-end=\"96\">DEALAN in ETNA<\/strong><br data-start=\"96\" data-end=\"99\" \/><strong data-start=\"99\" data-end=\"136\">Limitowana seria: 250 egzemplarzy<\/strong><\/p>\n<p data-start=\"138\" data-end=\"521\">Oryginalna ikona Jacques Marie Mage \u2014 model, od kt\u00f3rego wszystko si\u0119 zacz\u0119\u0142o. DEALAN to jeden z najbardziej rozpoznawalnych projekt\u00f3w marki, \u0142\u0105cz\u0105cy wyrazist\u0105 bry\u0142\u0119, czyste linie i charakterystyczne detale z metali szlachetnych. Po raz pierwszy zaprezentowany w debiutanckim sezonie marki wiosn\u0105 2015 roku, powsta\u0142 jako ho\u0142d dla ponadczasowej relacji mi\u0119dzy artyst\u0105 a jego okularami.<\/p>\n<p data-start=\"523\" data-end=\"772\">Zainspirowany estetyk\u0105 lat 60., DEALAN to oprawa o mocnym, charyzmatycznym wyrazie \u2014 nonszalancka, a jednocze\u015bnie niezwykle dopracowana. To model, kt\u00f3ry zyska\u0142 status kultowego i do dzi\u015b pozostaje jednym z najwa\u017cniejszych symboli Jacques Marie Mage.<\/p>\n<p data-start=\"774\" data-end=\"986\">W wersji <strong data-start=\"783\" data-end=\"791\">ETNA<\/strong> oprawa zosta\u0142a wykonana z 10 mm utwardzanego acetatu celulozowego w odcieniu havana, z laminowanymi zausznikami i zielonymi soczewkami, tworz\u0105cymi wyrafinowan\u0105, g\u0142\u0119bok\u0105 kompozycj\u0119 kolorystyczn\u0105.<\/p>\n<p data-start=\"988\" data-end=\"1006\"><strong data-start=\"988\" data-end=\"1006\">Detale modelu:<\/strong><\/p>\n<ul data-start=\"1007\" data-end=\"1420\">\n<li data-section-id=\"94md8j\" data-start=\"1007\" data-end=\"1071\">front pin w kszta\u0142cie grotu strza\u0142y w kolorze ciemnego z\u0142ota<\/li>\n<li data-section-id=\"s141rx\" data-start=\"1072\" data-end=\"1121\">wewn\u0119trzny wire core w kolorze ciemnego z\u0142ota<\/li>\n<li data-section-id=\"1lo39fm\" data-start=\"1122\" data-end=\"1189\">autorski 7-bary\u0142kowy zawias mocowany w systemie tension-secured<\/li>\n<li data-section-id=\"1knrngt\" data-start=\"1190\" data-end=\"1219\">soczewki <strong data-start=\"1201\" data-end=\"1217\">Serpent CR39<\/strong><\/li>\n<li data-section-id=\"1phfdn8\" data-start=\"1220\" data-end=\"1294\">soczewki o krzywi\u017anie <strong data-start=\"1244\" data-end=\"1254\">6 base<\/strong> z antyrefleksem od wewn\u0119trznej strony<\/li>\n<li data-section-id=\"1mn3b0\" data-start=\"1295\" data-end=\"1364\">oprawa z 10 mm utwardzanego acetatu celulozowego w kolorze havana<\/li>\n<li data-section-id=\"6xkxdi\" data-start=\"1365\" data-end=\"1399\">laminowane zauszniki z acetatu<\/li>\n<li data-section-id=\"u1tzcz\" data-start=\"1400\" data-end=\"1420\">zielone soczewki<\/li>\n<\/ul>\n","protected":false},"featured_media":5634,"template":"","meta":{"_acf_changed":false,"_joinchat":[]},"product_brand":[82],"product_cat":[32,37,51,35],"product_tag":[],"model":[374],"class_list":{"0":"post-5629","1":"product","2":"type-product","3":"status-publish","4":"has-post-thumbnail","6":"product_brand-jacques-marie-mage","7":"product_cat-damskie","8":"product_cat-meskie","9":"product_cat-okulary-korekcyjne","10":"product_cat-unisex","11":"model-dealan","13":"first","14":"instock","15":"shipping-taxable","16":"purchasable","17":"product-type-simple"},"acf":[],"aioseo_notices":[],"_links":{"self":[{"href":"https:\/\/www.diukoptyk.pl\/pl\/wp-json\/wp\/v2\/product\/5629","targetHints":{"allow":["GET"]}}],"collection":[{"href":"https:\/\/www.diukoptyk.pl\/pl\/wp-json\/wp\/v2\/product"}],"about":[{"href":"https:\/\/www.diukoptyk.pl\/pl\/wp-json\/wp\/v2\/types\/product"}],"version-history":[{"count":1,"href":"https:\/\/www.diukoptyk.pl\/pl\/wp-json\/wp\/v2\/product\/5629\/revisions"}],"predecessor-version":[{"id":5635,"href":"https:\/\/www.diukoptyk.pl\/pl\/wp-json\/wp\/v2\/product\/5629\/revisions\/5635"}],"wp:featuredmedia":[{"embeddable":true,"href":"https:\/\/www.diukoptyk.pl\/pl\/wp-json\/wp\/v2\/media\/5634"}],"wp:attachment":[{"href":"https:\/\/www.diukoptyk.pl\/pl\/wp-json\/wp\/v2\/media?parent=5629"}],"wp:term":[{"taxonomy":"product_brand","embeddable":true,"href":"https:\/\/www.diukoptyk.pl\/pl\/wp-json\/wp\/v2\/product_brand?post=5629"},{"taxonomy":"product_cat","embeddable":true,"href":"https:\/\/www.diukoptyk.pl\/pl\/wp-json\/wp\/v2\/product_cat?post=5629"},{"taxonomy":"product_tag","embeddable":true,"href":"https:\/\/www.diukoptyk.pl\/pl\/wp-json\/wp\/v2\/product_tag?post=5629"},{"taxonomy":"model","embeddable":true,"href":"https:\/\/www.diukoptyk.pl\/pl\/wp-json\/wp\/v2\/model?post=5629"}],"curies":[{"name":"wp","href":"https:\/\/api.w.org\/{rel}","templated":true}]}}