{"id":5561,"date":"2026-04-12T19:21:28","date_gmt":"2026-04-12T17:21:28","guid":{"rendered":"https:\/\/www.diukoptyk.pl\/?post_type=product&#038;p=5561"},"modified":"2026-04-12T19:36:07","modified_gmt":"2026-04-12T17:36:07","slug":"jacques-marie-mage-walker-borneo","status":"publish","type":"product","link":"https:\/\/www.diukoptyk.pl\/pl\/produkt\/jacques-marie-mage-walker-borneo\/","title":{"rendered":"Jacques Marie Mage WALKER | BORNEO"},"content":{"rendered":"<h2 data-section-id=\"quaymc\" data-start=\"1661\" data-end=\"1705\"><span role=\"text\"><strong data-start=\"1664\" data-end=\"1705\">Dla kogo s\u0105 okulary WALKER in BORNEO?<\/strong><\/span><\/h2>\n<ul data-start=\"1707\" data-end=\"2120\">\n<li data-section-id=\"sa2qov\" data-start=\"1707\" data-end=\"1800\">dla os\u00f3b poszukuj\u0105cych <strong data-start=\"1732\" data-end=\"1797\">luksusowych okular\u00f3w przeciws\u0142onecznych o prostok\u0105tnej formie<\/strong>,<\/li>\n<li data-section-id=\"1hoehco\" data-start=\"1801\" data-end=\"1886\">dla mi\u0142o\u015bnik\u00f3w <strong data-start=\"1818\" data-end=\"1883\">odwa\u017cniejszych zestawie\u0144 kolorystycznych (ziele\u0144 + pomara\u0144cz)<\/strong>,<\/li>\n<li data-section-id=\"1k5322z\" data-start=\"1887\" data-end=\"1963\">dla klient\u00f3w Diuka wybieraj\u0105cych <strong data-start=\"1922\" data-end=\"1960\">limitowane, kolekcjonerskie modele<\/strong>,<\/li>\n<li data-section-id=\"1e1up3b\" data-start=\"1964\" data-end=\"2044\">dla tych, kt\u00f3rzy chc\u0105 po\u0142\u0105czy\u0107 <strong data-start=\"1997\" data-end=\"2041\">klasyczn\u0105 form\u0119 z wyrazistym charakterem<\/strong>,<\/li>\n<li data-section-id=\"1iex19w\" data-start=\"2045\" data-end=\"2120\">dla os\u00f3b traktuj\u0105cych okulary jako <strong data-start=\"2082\" data-end=\"2119\">element buduj\u0105cy styl i to\u017csamo\u015b\u0107<\/strong>.<\/li>\n<\/ul>\n","protected":false},"excerpt":{"rendered":"<h2 data-section-id=\"naqwp\" data-start=\"161\" data-end=\"240\"><span role=\"text\"><strong data-start=\"164\" data-end=\"240\">WALKER in BORNEO \u2013 luksusowe okulary przeciws\u0142oneczne, edycja limitowana<\/strong><\/span><\/h2>\n<p data-start=\"242\" data-end=\"501\"><strong data-start=\"242\" data-end=\"262\">WALKER in BORNEO<\/strong> to wyrazista interpretacja smuk\u0142ej, prostok\u0105tnej formy, inspirowanej estetyk\u0105 lat 90. Zachowuj\u0105c charakterystyczne, mi\u0119kko zaokr\u0105glone linie modelu WALKER, wariant BORNEO wprowadza odwa\u017cniejsz\u0105 kolorystyk\u0119 i bardziej dynamiczny charakter.<\/p>\n<p data-start=\"503\" data-end=\"607\">To model, kt\u00f3ry \u0142\u0105czy precyzj\u0119 formy z energi\u0105 koloru.<br data-start=\"557\" data-end=\"560\" \/>Subtelny w konstrukcji \u2014 zdecydowany w wyrazie.<\/p>\n<p data-start=\"609\" data-end=\"878\">Oprawa zosta\u0142a wykonana z <strong data-start=\"635\" data-end=\"718\">10-milimetrowego, utwardzanego acetatu celulozowego w kolorze g\u0142\u0119bokiej zieleni<\/strong>, z charakterystycznymi, podw\u00f3jnie laminowanymi zausznikami. To konstrukcja, kt\u00f3ra zapewnia trwa\u0142o\u015b\u0107, a jednocze\u015bnie nadaje oprawie architektonicznej obecno\u015bci.<\/p>\n<p data-start=\"880\" data-end=\"1178\">Front zdobi\u0105 <strong data-start=\"893\" data-end=\"957\">sygnaturowe piny w kszta\u0142cie grot\u00f3w ze srebra pr\u00f3by sterling<\/strong>, a wn\u0119trze zausznik\u00f3w ods\u0142ania <strong data-start=\"989\" data-end=\"1034\">precyzyjnie grawerowany, srebrny wirecore<\/strong> z detalem typu hairline. Konstrukcj\u0119 uzupe\u0142niaj\u0105 <strong data-start=\"1084\" data-end=\"1135\">autorskie, dziewi\u0119ciobary\u0142kowe zawiasy napinane<\/strong>, zapewniaj\u0105ce stabilno\u015b\u0107 i p\u0142ynno\u015b\u0107 pracy.<\/p>\n<p data-start=\"1180\" data-end=\"1482\">Zastosowane <strong data-start=\"1192\" data-end=\"1233\">pomara\u0144czowe soczewki CR-39 o bazie 4<\/strong>, z pow\u0142ok\u0105 antyrefleksyjn\u0105 od strony wewn\u0119trznej, oferuj\u0105 wysoki kontrast, redukcj\u0119 odblask\u00f3w oraz ciep\u0142e, dynamiczne odwzorowanie \u015bwiat\u0142a. To rozwi\u0105zanie, kt\u00f3re nadaje modelowi charakteru i wyr\u00f3\u017cnia go na tle klasycznych wariant\u00f3w kolorystycznych.<\/p>\n<p data-start=\"1484\" data-end=\"1654\"><strong data-start=\"1484\" data-end=\"1504\">WALKER in BORNEO<\/strong> powsta\u0142 w <strong data-start=\"1515\" data-end=\"1553\">limitowanej edycji 350 egzemplarzy<\/strong>.<br data-start=\"1554\" data-end=\"1557\" \/>To model dla os\u00f3b, kt\u00f3re szukaj\u0105 sprawdzonej formy \u2014 ale w bardziej odwa\u017cnym, wyrazistym wydaniu.<\/p>\n","protected":false},"featured_media":5562,"template":"","meta":{"_acf_changed":false,"_joinchat":[]},"product_brand":[82],"product_cat":[32,37,30,35],"product_tag":[161],"model":[417],"class_list":{"0":"post-5561","1":"product","2":"type-product","3":"status-publish","4":"has-post-thumbnail","6":"product_brand-jacques-marie-mage","7":"product_cat-damskie","8":"product_cat-meskie","9":"product_cat-okulary-przeciwsloneczne","10":"product_cat-unisex","11":"product_tag-jmmwk6p","12":"model-walker","14":"first","15":"instock","16":"shipping-taxable","17":"purchasable","18":"product-type-simple"},"acf":[],"aioseo_notices":[],"_links":{"self":[{"href":"https:\/\/www.diukoptyk.pl\/pl\/wp-json\/wp\/v2\/product\/5561","targetHints":{"allow":["GET"]}}],"collection":[{"href":"https:\/\/www.diukoptyk.pl\/pl\/wp-json\/wp\/v2\/product"}],"about":[{"href":"https:\/\/www.diukoptyk.pl\/pl\/wp-json\/wp\/v2\/types\/product"}],"version-history":[{"count":1,"href":"https:\/\/www.diukoptyk.pl\/pl\/wp-json\/wp\/v2\/product\/5561\/revisions"}],"predecessor-version":[{"id":5567,"href":"https:\/\/www.diukoptyk.pl\/pl\/wp-json\/wp\/v2\/product\/5561\/revisions\/5567"}],"wp:featuredmedia":[{"embeddable":true,"href":"https:\/\/www.diukoptyk.pl\/pl\/wp-json\/wp\/v2\/media\/5562"}],"wp:attachment":[{"href":"https:\/\/www.diukoptyk.pl\/pl\/wp-json\/wp\/v2\/media?parent=5561"}],"wp:term":[{"taxonomy":"product_brand","embeddable":true,"href":"https:\/\/www.diukoptyk.pl\/pl\/wp-json\/wp\/v2\/product_brand?post=5561"},{"taxonomy":"product_cat","embeddable":true,"href":"https:\/\/www.diukoptyk.pl\/pl\/wp-json\/wp\/v2\/product_cat?post=5561"},{"taxonomy":"product_tag","embeddable":true,"href":"https:\/\/www.diukoptyk.pl\/pl\/wp-json\/wp\/v2\/product_tag?post=5561"},{"taxonomy":"model","embeddable":true,"href":"https:\/\/www.diukoptyk.pl\/pl\/wp-json\/wp\/v2\/model?post=5561"}],"curies":[{"name":"wp","href":"https:\/\/api.w.org\/{rel}","templated":true}]}}