{"id":5436,"date":"2026-04-02T21:24:54","date_gmt":"2026-04-02T19:24:54","guid":{"rendered":"https:\/\/www.diukoptyk.pl\/?post_type=product&#038;p=5436"},"modified":"2026-04-03T22:04:55","modified_gmt":"2026-04-03T20:04:55","slug":"jacques-marie-mage-last-frontier-miles-city-corbeau","status":"publish","type":"product","link":"https:\/\/www.diukoptyk.pl\/pl\/produkt\/jacques-marie-mage-last-frontier-miles-city-corbeau\/","title":{"rendered":"Jacques Marie Mage LAST FRONTIER MILES-CITY | CORBEAU"},"content":{"rendered":"<h2 data-section-id=\"vz7689\" data-start=\"1824\" data-end=\"1867\"><span role=\"text\"><strong data-start=\"1827\" data-end=\"1867\">Dla kogo jest MILES-CITY in CORBEAU?<\/strong><\/span><\/h2>\n<ul data-start=\"1869\" data-end=\"2252\">\n<li data-section-id=\"19u38vn\" data-start=\"1869\" data-end=\"1943\">dla kolekcjoner\u00f3w poszukuj\u0105cych <strong data-start=\"1903\" data-end=\"1940\">najrzadszych modeli Last Frontier<\/strong>,<\/li>\n<li data-section-id=\"1i132p2\" data-start=\"1944\" data-end=\"2010\">dla os\u00f3b ceni\u0105cych <strong data-start=\"1965\" data-end=\"2007\">kwadratowe, geometryczne formy premium<\/strong>,<\/li>\n<li data-section-id=\"1fopo6\" data-start=\"2011\" data-end=\"2085\">dla klient\u00f3w Diuka wybieraj\u0105cych <strong data-start=\"2046\" data-end=\"2082\">czyst\u0105, zdyscyplinowan\u0105 estetyk\u0119<\/strong>,<\/li>\n<li data-section-id=\"zp9av1\" data-start=\"2086\" data-end=\"2164\">dla tych, kt\u00f3rzy szukaj\u0105 <strong data-start=\"2113\" data-end=\"2161\">minimalizmu z g\u0142\u0119bokim kontekstem kulturowym<\/strong>,<\/li>\n<li data-section-id=\"ggoa4m\" data-start=\"2165\" data-end=\"2252\">dla os\u00f3b traktuj\u0105cych okulary jako <strong data-start=\"2202\" data-end=\"2251\">nowoczesne heirloomy \u2014 przedmioty dziedziczne<\/strong>.<\/li>\n<\/ul>\n","protected":false},"excerpt":{"rendered":"<h2 data-section-id=\"1ep7wy3\" data-start=\"154\" data-end=\"248\"><span role=\"text\"><strong data-start=\"157\" data-end=\"248\">MILES-CITY in CORBEAU \u2013 kolekcjonerskie tytanowe okulary przeciws\u0142oneczne Last Frontier<\/strong><\/span><\/h2>\n<p data-start=\"250\" data-end=\"519\"><strong data-start=\"250\" data-end=\"275\">MILES-CITY in CORBEAU<\/strong> to najbardziej zdyscyplinowana i najbardziej \u201earchiwalna\u201d forma w kolekcji <strong data-start=\"351\" data-end=\"390\">Last Frontier by Jacques Marie Mage<\/strong>. Kwadratowa sylwetka inspirowana latami 50. zosta\u0142a tu zredukowana do esencji \u2014 czystej geometrii, materia\u0142u i znaczenia detalu.<\/p>\n<p data-start=\"521\" data-end=\"582\">To model, kt\u00f3ry nie opowiada historii wprost.<br data-start=\"566\" data-end=\"569\" \/>On j\u0105 niesie.<\/p>\n<p data-start=\"584\" data-end=\"928\">Oprawa wykonana w <strong data-start=\"602\" data-end=\"653\">100% z beta tytanu w wyko\u0144czeniu polished black<\/strong> operuje g\u0142\u0119bok\u0105, monolityczn\u0105 czerni\u0105, prze\u0142aman\u0105 subtelnymi akcentami <strong data-start=\"725\" data-end=\"745\">silver palladium<\/strong>. Obr\u0119cze soczewek zdobione s\u0105 precyzyjnym grawerem <strong data-start=\"797\" data-end=\"808\">Chimay\u00f3<\/strong>, b\u0119d\u0105cym jednym z najwa\u017cniejszych motyw\u00f3w kolekcji \u2014 zakorzenionym w tradycjach rzemie\u015blniczych ameryka\u0144skiego Zachodu.<\/p>\n<p data-start=\"930\" data-end=\"1257\">Front oprawy wyr\u00f3\u017cniaj\u0105 <strong data-start=\"954\" data-end=\"1018\">sygnaturowe piny w kszta\u0142cie grot\u00f3w ze srebra pr\u00f3by sterling<\/strong>, inkrustowane <strong data-start=\"1033\" data-end=\"1060\">kamieniem white buffalo<\/strong> \u2014 detal, kt\u00f3ry pojawia si\u0119 r\u00f3wnie\u017c na zausznikach, tworz\u0105c sp\u00f3jn\u0105, symboliczn\u0105 kompozycj\u0119. Ka\u017cdy element jest tu efektem wsp\u00f3\u0142pracy z rzemie\u015blnikami i odwo\u0142aniem do wielopokoleniowego dziedzictwa.<\/p>\n<p data-start=\"1259\" data-end=\"1407\">Zauszniki wykonane z tytanu, zako\u0144czone czarnymi ko\u0144c\u00f3wkami acetatowymi, \u0142\u0105cz\u0105 techniczn\u0105 precyzj\u0119 z komfortem u\u017cytkowania. Konstrukcj\u0119 uzupe\u0142niaj\u0105:<\/p>\n<ul data-start=\"1408\" data-end=\"1635\">\n<li data-section-id=\"6xhoo4\" data-start=\"1408\" data-end=\"1456\"><strong data-start=\"1410\" data-end=\"1453\">monoblokowe zawiasy z grawerem hairline<\/strong>,<\/li>\n<li data-section-id=\"1z06gjp\" data-start=\"1457\" data-end=\"1491\"><strong data-start=\"1459\" data-end=\"1488\">tytanowe nose pady z logo<\/strong>,<\/li>\n<li data-section-id=\"12buaos\" data-start=\"1492\" data-end=\"1635\">oraz <strong data-start=\"1499\" data-end=\"1550\">soczewki Armorlite o bazie 4 w kolorze charcoal<\/strong>, z pow\u0142ok\u0105 antyrefleksyjn\u0105, zapewniaj\u0105ce kontrol\u0119 \u015bwiat\u0142a i naturaln\u0105 g\u0142\u0119bi\u0119 obrazu.<\/li>\n<\/ul>\n<p data-start=\"1637\" data-end=\"1817\"><strong data-start=\"1637\" data-end=\"1662\">MILES-CITY in CORBEAU<\/strong> powsta\u0142 w <strong data-start=\"1673\" data-end=\"1720\">limitowanej edycji zaledwie 100 egzemplarzy<\/strong>.<br data-start=\"1721\" data-end=\"1724\" \/>To model o charakterze niemal archiwalnym \u2014 spokojny, precyzyjny i absolutnie kolekcjonerski.<\/p>\n","protected":false},"featured_media":5437,"template":"","meta":{"_acf_changed":false,"_joinchat":[]},"product_brand":[82,437],"product_cat":[32,432,37,30,35],"product_tag":[],"model":[435],"class_list":{"0":"post-5436","1":"product","2":"type-product","3":"status-publish","4":"has-post-thumbnail","6":"product_brand-jacques-marie-mage","7":"product_brand-last-frontier-by-jmm","8":"product_cat-damskie","9":"product_cat-last-frontier","10":"product_cat-meskie","11":"product_cat-okulary-przeciwsloneczne","12":"product_cat-unisex","13":"model-miles-city","15":"first","16":"instock","17":"shipping-taxable","18":"purchasable","19":"product-type-simple"},"acf":[],"aioseo_notices":[],"_links":{"self":[{"href":"https:\/\/www.diukoptyk.pl\/pl\/wp-json\/wp\/v2\/product\/5436","targetHints":{"allow":["GET"]}}],"collection":[{"href":"https:\/\/www.diukoptyk.pl\/pl\/wp-json\/wp\/v2\/product"}],"about":[{"href":"https:\/\/www.diukoptyk.pl\/pl\/wp-json\/wp\/v2\/types\/product"}],"version-history":[{"count":1,"href":"https:\/\/www.diukoptyk.pl\/pl\/wp-json\/wp\/v2\/product\/5436\/revisions"}],"predecessor-version":[{"id":5442,"href":"https:\/\/www.diukoptyk.pl\/pl\/wp-json\/wp\/v2\/product\/5436\/revisions\/5442"}],"wp:featuredmedia":[{"embeddable":true,"href":"https:\/\/www.diukoptyk.pl\/pl\/wp-json\/wp\/v2\/media\/5437"}],"wp:attachment":[{"href":"https:\/\/www.diukoptyk.pl\/pl\/wp-json\/wp\/v2\/media?parent=5436"}],"wp:term":[{"taxonomy":"product_brand","embeddable":true,"href":"https:\/\/www.diukoptyk.pl\/pl\/wp-json\/wp\/v2\/product_brand?post=5436"},{"taxonomy":"product_cat","embeddable":true,"href":"https:\/\/www.diukoptyk.pl\/pl\/wp-json\/wp\/v2\/product_cat?post=5436"},{"taxonomy":"product_tag","embeddable":true,"href":"https:\/\/www.diukoptyk.pl\/pl\/wp-json\/wp\/v2\/product_tag?post=5436"},{"taxonomy":"model","embeddable":true,"href":"https:\/\/www.diukoptyk.pl\/pl\/wp-json\/wp\/v2\/model?post=5436"}],"curies":[{"name":"wp","href":"https:\/\/api.w.org\/{rel}","templated":true}]}}