{"id":5424,"date":"2026-04-02T21:18:56","date_gmt":"2026-04-02T19:18:56","guid":{"rendered":"https:\/\/www.diukoptyk.pl\/?post_type=product&#038;p=5424"},"modified":"2026-04-04T08:37:45","modified_gmt":"2026-04-04T06:37:45","slug":"jacques-marie-mage-last-frontier-labarge-corbeau","status":"publish","type":"product","link":"https:\/\/www.diukoptyk.pl\/pl\/produkt\/jacques-marie-mage-last-frontier-labarge-corbeau\/","title":{"rendered":"Jacques Marie Mage LAST FRONTIER LABARGE | CORBEAU"},"content":{"rendered":"<h2 data-section-id=\"1pt4odf\" data-start=\"2018\" data-end=\"2058\"><span role=\"text\"><strong data-start=\"2021\" data-end=\"2058\">Dla kogo jest LABARGE in CORBEAU?<\/strong><\/span><\/h2>\n<ul data-start=\"2060\" data-end=\"2447\">\n<li data-section-id=\"8usy8n\" data-start=\"2060\" data-end=\"2145\">dla kolekcjoner\u00f3w poszukuj\u0105cych <strong data-start=\"2094\" data-end=\"2142\">najbardziej wyrazistych modeli Last Frontier<\/strong>,<\/li>\n<li data-section-id=\"18cyt0j\" data-start=\"2146\" data-end=\"2212\">dla os\u00f3b ceni\u0105cych <strong data-start=\"2167\" data-end=\"2209\">du\u017ce, architektoniczne pilotki premium<\/strong>,<\/li>\n<li data-section-id=\"ds3of2\" data-start=\"2213\" data-end=\"2300\">dla klient\u00f3w Diuka wybieraj\u0105cych <strong data-start=\"2248\" data-end=\"2297\">najwy\u017cszy poziom rzemios\u0142a Jacques Marie Mage<\/strong>,<\/li>\n<li data-section-id=\"1r9htye\" data-start=\"2301\" data-end=\"2366\">dla tych, kt\u00f3rzy preferuj\u0105 <strong data-start=\"2330\" data-end=\"2363\">ciemn\u0105, monumentaln\u0105 estetyk\u0119<\/strong>,<\/li>\n<li data-section-id=\"qben32\" data-start=\"2367\" data-end=\"2447\">dla os\u00f3b traktuj\u0105cych okulary jako <strong data-start=\"2404\" data-end=\"2446\">obiekt kolekcjonerski i manifest stylu<\/strong>.<\/li>\n<\/ul>\n","protected":false},"excerpt":{"rendered":"<h2 data-section-id=\"12b70n5\" data-start=\"199\" data-end=\"290\"><span role=\"text\"><strong data-start=\"202\" data-end=\"290\">LABARGE in CORBEAU \u2013 kolekcjonerskie tytanowe okulary przeciws\u0142oneczne Last Frontier<\/strong><\/span><\/h2>\n<p data-start=\"292\" data-end=\"569\"><strong data-start=\"292\" data-end=\"314\">LABARGE in CORBEAU<\/strong> to monumentalna interpretacja klasycznych pilotek inspirowanych latami 70., w kt\u00f3rej skala, precyzja i detal osi\u0105gaj\u0105 pe\u0142n\u0105 r\u00f3wnowag\u0119. To model o wyra\u017anej obecno\u015bci \u2014 zaprojektowany nie po to, by si\u0119 wyr\u00f3\u017cnia\u0107, lecz by definiowa\u0107 przestrze\u0144 wok\u00f3\u0142 siebie.<\/p>\n<p data-start=\"571\" data-end=\"870\">W tej ods\u0142onie kolekcji <strong data-start=\"595\" data-end=\"634\">Last Frontier by Jacques Marie Mage<\/strong>, forma typu <em data-start=\"647\" data-end=\"658\">navigator<\/em> zosta\u0142a rozwini\u0119ta do bardziej ekspansywnej, architektonicznej sylwetki. <strong data-start=\"732\" data-end=\"768\">Monoblokowa belka g\u00f3rna i mostek<\/strong> tworz\u0105 jednolit\u0105, techniczn\u0105 konstrukcj\u0119, kt\u00f3rej precyzj\u0119 podkre\u015blaj\u0105 subtelne grawery typu hairline.<\/p>\n<p data-start=\"872\" data-end=\"1288\">Wariant <strong data-start=\"880\" data-end=\"891\">CORBEAU<\/strong> operuje g\u0142\u0119bok\u0105, niemal absolutn\u0105 czerni\u0105.<br data-start=\"934\" data-end=\"937\" \/>Oprawa wykonana w <strong data-start=\"955\" data-end=\"1006\">100% z beta tytanu w wyko\u0144czeniu polished black<\/strong> zosta\u0142a zestawiona z ch\u0142odnymi akcentami <strong data-start=\"1048\" data-end=\"1068\">silver palladium<\/strong>, tworz\u0105c napi\u0119cie pomi\u0119dzy \u015bwiat\u0142em a cieniem. Obr\u0119cze soczewek zdobione s\u0105 motywem <strong data-start=\"1153\" data-end=\"1164\">Chimay\u00f3<\/strong>, b\u0119d\u0105cym znakiem rozpoznawczym tej kolekcji i bezpo\u015brednim odniesieniem do tradycji rzemie\u015blniczych ameryka\u0144skiego Zachodu.<\/p>\n<p data-start=\"1290\" data-end=\"1587\">Zauszniki stanowi\u0105 najbardziej rozbudowan\u0105 cz\u0119\u015b\u0107 narracji:<br data-start=\"1348\" data-end=\"1351\" \/>wyko\u0144czone w czerni z epoksydem, ozdobione <strong data-start=\"1394\" data-end=\"1461\">grotami oraz medalionami \u201ethunderbird\u201d ze srebra pr\u00f3by sterling<\/strong>, inkrustowanymi <strong data-start=\"1478\" data-end=\"1505\">kamieniem white buffalo<\/strong>, s\u0105 efektem wsp\u00f3\u0142pracy z rzemie\u015blnikami i \u015bwiadectwem wielopokoleniowego kunsztu.<\/p>\n<p data-start=\"1589\" data-end=\"1608\">Model wyposa\u017cono w:<\/p>\n<ul data-start=\"1609\" data-end=\"1852\">\n<li data-section-id=\"6xhoo4\" data-start=\"1609\" data-end=\"1657\"><strong data-start=\"1611\" data-end=\"1654\">monoblokowe zawiasy z grawerem hairline<\/strong>,<\/li>\n<li data-section-id=\"19dwnb3\" data-start=\"1658\" data-end=\"1719\"><strong data-start=\"1660\" data-end=\"1716\">tytanowe nose pady z logo i precyzyjnym wyko\u0144czeniem<\/strong>,<\/li>\n<li data-section-id=\"1mcpte2\" data-start=\"1720\" data-end=\"1852\">oraz <strong data-start=\"1727\" data-end=\"1777\">soczewki Armorlite o bazie 4 w gradiencie Sumi<\/strong>, z pow\u0142ok\u0105 antyrefleksyjn\u0105, zapewniaj\u0105ce kontrol\u0119 \u015bwiat\u0142a i g\u0142\u0119bi\u0119 obrazu.<\/li>\n<\/ul>\n<p data-start=\"1854\" data-end=\"2011\"><strong data-start=\"1854\" data-end=\"1876\">LABARGE in CORBEAU<\/strong> powsta\u0142 w <strong data-start=\"1887\" data-end=\"1925\">limitowanej edycji 150 egzemplarzy<\/strong>.<br data-start=\"1926\" data-end=\"1929\" \/>To model dla tych, kt\u00f3rzy nie szukaj\u0105 kompromis\u00f3w \u2014 ani w formie, ani w rzemio\u015ble.<\/p>\n","protected":false},"featured_media":5430,"template":"","meta":{"_acf_changed":false,"_joinchat":[]},"product_brand":[82,437],"product_cat":[432,37,30],"product_tag":[],"model":[434],"class_list":{"0":"post-5424","1":"product","2":"type-product","3":"status-publish","4":"has-post-thumbnail","6":"product_brand-jacques-marie-mage","7":"product_brand-last-frontier-by-jmm","8":"product_cat-last-frontier","9":"product_cat-meskie","10":"product_cat-okulary-przeciwsloneczne","11":"model-labarge","13":"first","14":"instock","15":"shipping-taxable","16":"purchasable","17":"product-type-simple"},"acf":[],"aioseo_notices":[],"_links":{"self":[{"href":"https:\/\/www.diukoptyk.pl\/pl\/wp-json\/wp\/v2\/product\/5424","targetHints":{"allow":["GET"]}}],"collection":[{"href":"https:\/\/www.diukoptyk.pl\/pl\/wp-json\/wp\/v2\/product"}],"about":[{"href":"https:\/\/www.diukoptyk.pl\/pl\/wp-json\/wp\/v2\/types\/product"}],"version-history":[{"count":2,"href":"https:\/\/www.diukoptyk.pl\/pl\/wp-json\/wp\/v2\/product\/5424\/revisions"}],"predecessor-version":[{"id":5547,"href":"https:\/\/www.diukoptyk.pl\/pl\/wp-json\/wp\/v2\/product\/5424\/revisions\/5547"}],"wp:featuredmedia":[{"embeddable":true,"href":"https:\/\/www.diukoptyk.pl\/pl\/wp-json\/wp\/v2\/media\/5430"}],"wp:attachment":[{"href":"https:\/\/www.diukoptyk.pl\/pl\/wp-json\/wp\/v2\/media?parent=5424"}],"wp:term":[{"taxonomy":"product_brand","embeddable":true,"href":"https:\/\/www.diukoptyk.pl\/pl\/wp-json\/wp\/v2\/product_brand?post=5424"},{"taxonomy":"product_cat","embeddable":true,"href":"https:\/\/www.diukoptyk.pl\/pl\/wp-json\/wp\/v2\/product_cat?post=5424"},{"taxonomy":"product_tag","embeddable":true,"href":"https:\/\/www.diukoptyk.pl\/pl\/wp-json\/wp\/v2\/product_tag?post=5424"},{"taxonomy":"model","embeddable":true,"href":"https:\/\/www.diukoptyk.pl\/pl\/wp-json\/wp\/v2\/model?post=5424"}],"curies":[{"name":"wp","href":"https:\/\/api.w.org\/{rel}","templated":true}]}}