{"id":5410,"date":"2026-04-02T21:09:01","date_gmt":"2026-04-02T19:09:01","guid":{"rendered":"https:\/\/www.diukoptyk.pl\/?post_type=product&#038;p=5410"},"modified":"2026-04-03T22:04:55","modified_gmt":"2026-04-03T20:04:55","slug":"jacques-marie-mage-last-frontier-deaver-electrum","status":"publish","type":"product","link":"https:\/\/www.diukoptyk.pl\/pl\/produkt\/jacques-marie-mage-last-frontier-deaver-electrum\/","title":{"rendered":"Jacques Marie Mage LAST FRONTIER DEAVER | ELECTRUM"},"content":{"rendered":"<h2 data-section-id=\"35xhls\" data-start=\"2083\" data-end=\"2123\"><span role=\"text\"><strong data-start=\"2086\" data-end=\"2123\">Dla kogo jest DEAVER in ELECTRUM?<\/strong><\/span><\/h2>\n<ul data-start=\"2125\" data-end=\"2539\">\n<li data-section-id=\"4gfn8r\" data-start=\"2125\" data-end=\"2218\">dla kolekcjoner\u00f3w poszukuj\u0105cych <strong data-start=\"2159\" data-end=\"2215\">najbardziej zaawansowanych modeli Jacques Marie Mage<\/strong>,<\/li>\n<li data-section-id=\"8hfduo\" data-start=\"2219\" data-end=\"2299\">dla os\u00f3b ceni\u0105cych <strong data-start=\"2240\" data-end=\"2296\">tytanowe konstrukcje premium z kulturowym kontekstem<\/strong>,<\/li>\n<li data-section-id=\"a613cg\" data-start=\"2300\" data-end=\"2380\">dla klient\u00f3w Diuka wybieraj\u0105cych <strong data-start=\"2335\" data-end=\"2377\">kolekcj\u0119 Last Frontier jako inwestycj\u0119<\/strong>,<\/li>\n<li data-section-id=\"c5zbwl\" data-start=\"2381\" data-end=\"2470\">dla tych, kt\u00f3rzy szukaj\u0105 <strong data-start=\"2408\" data-end=\"2467\">mocnej, prostok\u0105tnej formy z najwy\u017cszym poziomem detalu<\/strong>,<\/li>\n<li data-section-id=\"aunwkj\" data-start=\"2471\" data-end=\"2539\">dla os\u00f3b, kt\u00f3re traktuj\u0105 okulary jako <strong data-start=\"2511\" data-end=\"2538\">obiekt sztuki u\u017cytkowej<\/strong>.<\/li>\n<\/ul>\n","protected":false},"excerpt":{"rendered":"<h2 data-section-id=\"o5ggte\" data-start=\"164\" data-end=\"255\"><span role=\"text\"><strong data-start=\"167\" data-end=\"255\">DEAVER in ELECTRUM \u2013 kolekcjonerskie tytanowe okulary przeciws\u0142oneczne Last Frontier<\/strong><\/span><\/h2>\n<p data-start=\"257\" data-end=\"577\"><strong data-start=\"257\" data-end=\"279\">DEAVER in ELECTRUM<\/strong> to jedna z najbardziej wyrazistych, a zarazem najbardziej zdyscyplinowanych form w kolekcji <strong data-start=\"372\" data-end=\"411\">Last Frontier by Jacques Marie Mage<\/strong>. Prostok\u0105tna sylwetka inspirowana latami 90. zosta\u0142a tu prze\u0142o\u017cona na j\u0119zyk najwy\u017cszego rzemios\u0142a \u2014 gdzie ka\u017cdy detal ma znaczenie, a ka\u017cdy materia\u0142 niesie histori\u0119.<\/p>\n<p data-start=\"579\" data-end=\"717\">To model zbudowany na kontrastach:<br data-start=\"613\" data-end=\"616\" \/>surowo\u015b\u0107 formy i bogactwo detalu, precyzja konstrukcji i organiczna narracja zakorzeniona w tradycji.<\/p>\n<p data-start=\"719\" data-end=\"1033\">Oprawa wykonana zosta\u0142a w <strong data-start=\"745\" data-end=\"767\">100% z beta tytanu<\/strong>, w wyko\u0144czeniu <strong data-start=\"783\" data-end=\"830\">silver palladium z akcentami ciemnego z\u0142ota<\/strong>, tworz\u0105c kompozycj\u0119 ch\u0142odnej elegancji prze\u0142amanej subtelnym ciep\u0142em. Charakterystyczna g\u00f3rna belka i mostek, ozdobione delikatnym grawerem typu hairline, nadaj\u0105 konstrukcji architektonicznej czysto\u015bci.<\/p>\n<p data-start=\"1035\" data-end=\"1276\">Obr\u0119cze soczewek zosta\u0142y precyzyjnie wyko\u0144czone motywem <strong data-start=\"1091\" data-end=\"1102\">Chimay\u00f3<\/strong>, b\u0119d\u0105cym odniesieniem do tradycyjnych wzor\u00f3w rzemie\u015blniczych ameryka\u0144skiego Zachodu. To detal, kt\u00f3ry nie tylko zdobi \u2014 ale zakorzenia model w konkretnej kulturze i historii.<\/p>\n<p data-start=\"1278\" data-end=\"1640\">Zauszniki stanowi\u0105 najbardziej rozpoznawalny element kolekcji Last Frontier:<br data-start=\"1354\" data-end=\"1357\" \/>zdobione <strong data-start=\"1366\" data-end=\"1422\">dwukolorowymi grotami oraz medalionami \u201ethunderbird\u201d<\/strong>, inkrustowanymi <strong data-start=\"1439\" data-end=\"1466\">kamieniem white buffalo<\/strong>, s\u0105 wyrazem bezpo\u015bredniej wsp\u00f3\u0142pracy z rzemie\u015blnikami i ho\u0142dem dla rdzennych tradycji. Ka\u017cdy egzemplarz niesie w sobie \u015blad r\u0119cznej pracy i wielopokoleniowego do\u015bwiadczenia.<\/p>\n<p data-start=\"1642\" data-end=\"1661\">Model wyposa\u017cono w:<\/p>\n<ul data-start=\"1662\" data-end=\"1893\">\n<li data-section-id=\"6xhoo4\" data-start=\"1662\" data-end=\"1710\"><strong data-start=\"1664\" data-end=\"1707\">monoblokowe zawiasy z grawerem hairline<\/strong>,<\/li>\n<li data-section-id=\"1z06gjp\" data-start=\"1711\" data-end=\"1745\"><strong data-start=\"1713\" data-end=\"1742\">tytanowe nose pady z logo<\/strong>,<\/li>\n<li data-section-id=\"r7vocz\" data-start=\"1746\" data-end=\"1893\">oraz <strong data-start=\"1753\" data-end=\"1817\">mineralne soczewki crown glass o bazie 4 w kolorze dandelion<\/strong>, z pow\u0142ok\u0105 antyrefleksyjn\u0105, oferuj\u0105ce wyj\u0105tkow\u0105 klarowno\u015b\u0107 i g\u0142\u0119bi\u0119 obrazu.<\/li>\n<\/ul>\n<p data-start=\"1895\" data-end=\"2076\"><strong data-start=\"1895\" data-end=\"1917\">DEAVER in ELECTRUM<\/strong> powsta\u0142 w <strong data-start=\"1928\" data-end=\"1966\">limitowanej edycji 150 egzemplarzy<\/strong>.<br data-start=\"1967\" data-end=\"1970\" \/>To model, kt\u00f3ry nie istnieje w masowej dystrybucji \u2014 funkcjonuje wy\u0142\u0105cznie w przestrzeni kolekcjonerskiej.<\/p>\n","protected":false},"featured_media":5412,"template":"","meta":{"_acf_changed":false,"_joinchat":[]},"product_brand":[82,437],"product_cat":[32,432,37,30,35],"product_tag":[],"model":[433],"class_list":{"0":"post-5410","1":"product","2":"type-product","3":"status-publish","4":"has-post-thumbnail","6":"product_brand-jacques-marie-mage","7":"product_brand-last-frontier-by-jmm","8":"product_cat-damskie","9":"product_cat-last-frontier","10":"product_cat-meskie","11":"product_cat-okulary-przeciwsloneczne","12":"product_cat-unisex","13":"model-deaver","15":"first","16":"instock","17":"shipping-taxable","18":"purchasable","19":"product-type-simple"},"acf":[],"aioseo_notices":[],"_links":{"self":[{"href":"https:\/\/www.diukoptyk.pl\/pl\/wp-json\/wp\/v2\/product\/5410","targetHints":{"allow":["GET"]}}],"collection":[{"href":"https:\/\/www.diukoptyk.pl\/pl\/wp-json\/wp\/v2\/product"}],"about":[{"href":"https:\/\/www.diukoptyk.pl\/pl\/wp-json\/wp\/v2\/types\/product"}],"version-history":[{"count":1,"href":"https:\/\/www.diukoptyk.pl\/pl\/wp-json\/wp\/v2\/product\/5410\/revisions"}],"predecessor-version":[{"id":5416,"href":"https:\/\/www.diukoptyk.pl\/pl\/wp-json\/wp\/v2\/product\/5410\/revisions\/5416"}],"wp:featuredmedia":[{"embeddable":true,"href":"https:\/\/www.diukoptyk.pl\/pl\/wp-json\/wp\/v2\/media\/5412"}],"wp:attachment":[{"href":"https:\/\/www.diukoptyk.pl\/pl\/wp-json\/wp\/v2\/media?parent=5410"}],"wp:term":[{"taxonomy":"product_brand","embeddable":true,"href":"https:\/\/www.diukoptyk.pl\/pl\/wp-json\/wp\/v2\/product_brand?post=5410"},{"taxonomy":"product_cat","embeddable":true,"href":"https:\/\/www.diukoptyk.pl\/pl\/wp-json\/wp\/v2\/product_cat?post=5410"},{"taxonomy":"product_tag","embeddable":true,"href":"https:\/\/www.diukoptyk.pl\/pl\/wp-json\/wp\/v2\/product_tag?post=5410"},{"taxonomy":"model","embeddable":true,"href":"https:\/\/www.diukoptyk.pl\/pl\/wp-json\/wp\/v2\/model?post=5410"}],"curies":[{"name":"wp","href":"https:\/\/api.w.org\/{rel}","templated":true}]}}