{"id":4863,"date":"2026-01-29T14:29:15","date_gmt":"2026-01-29T13:29:15","guid":{"rendered":"https:\/\/www.diukoptyk.pl\/?post_type=product&#038;p=4863"},"modified":"2026-04-01T17:33:46","modified_gmt":"2026-04-01T15:33:46","slug":"jacques-marie-mage-elmyr-argyle","status":"publish","type":"product","link":"https:\/\/www.diukoptyk.pl\/pl\/produkt\/jacques-marie-mage-elmyr-argyle\/","title":{"rendered":"Jacques Marie Mage ELMYR | ARGYLE"},"content":{"rendered":"<h2 data-start=\"2015\" data-end=\"2058\"><strong data-start=\"2018\" data-end=\"2058\">Dla kogo s\u0105 okulary ELMYR in ARGYLE?<\/strong><\/h2>\n<ul data-start=\"2060\" data-end=\"2462\">\n<li data-start=\"2060\" data-end=\"2148\">\n<p data-start=\"2062\" data-end=\"2148\">dla mi\u0142o\u015bnik\u00f3w <strong data-start=\"2077\" data-end=\"2145\">luksusowych okular\u00f3w przeciws\u0142onecznych w klasycznej kolorystyce<\/strong>,<\/p>\n<\/li>\n<li data-start=\"2149\" data-end=\"2234\">\n<p data-start=\"2151\" data-end=\"2234\">dla os\u00f3b, kt\u00f3re preferuj\u0105 <strong data-start=\"2177\" data-end=\"2231\">cieple oprawy zestawione z ja\u015bniejszymi soczewkami<\/strong>,<\/p>\n<\/li>\n<li data-start=\"2235\" data-end=\"2313\">\n<p data-start=\"2237\" data-end=\"2313\">dla klient\u00f3w Diuka ceni\u0105cych <strong data-start=\"2266\" data-end=\"2310\">limitowane serie i perfekcyjne rzemios\u0142o<\/strong>,<\/p>\n<\/li>\n<li data-start=\"2314\" data-end=\"2386\">\n<p data-start=\"2316\" data-end=\"2386\">dla tych, kt\u00f3rzy chc\u0105 <strong data-start=\"2338\" data-end=\"2383\">subtelnego, ale wyrazistego akcentu stylu<\/strong>,<\/p>\n<\/li>\n<li data-start=\"2387\" data-end=\"2462\">\n<p data-start=\"2389\" data-end=\"2462\">dla os\u00f3b poszukuj\u0105cych <strong data-start=\"2412\" data-end=\"2461\">klasycznej formy w lekkim, eleganckim wydaniu<\/strong>.<\/p>\n<\/li>\n<\/ul>\n","protected":false},"excerpt":{"rendered":"<h2 data-start=\"252\" data-end=\"330\"><strong data-start=\"255\" data-end=\"330\">ELMYR in ARGYLE \u2013 luksusowe okulary przeciws\u0142oneczne, edycja limitowana<\/strong><\/h2>\n<p data-start=\"332\" data-end=\"707\"><strong data-start=\"332\" data-end=\"351\">ELMYR in ARGYLE<\/strong> to interpretacja kultowego modelu inspirowanego estetyk\u0105 lat 70., kt\u00f3ra \u0142\u0105czy klasyczn\u0105 form\u0119 z ja\u015bniejsz\u0105, bardziej wyrafinowan\u0105 kolorystyk\u0105. Zachowuj\u0105c charakterystyczn\u0105 sylwetk\u0119, precyzyjnie fazowane kraw\u0119dzie oraz \u015brednie dopasowanie, wariant ARGYLE oferuje spokojniejsz\u0105, ale wci\u0105\u017c wyrazist\u0105 alternatyw\u0119 dla bardziej kontrastowych ods\u0142on tego modelu.<\/p>\n<p data-start=\"709\" data-end=\"1037\">Wersja <strong data-start=\"716\" data-end=\"726\">ARGYLE<\/strong> zosta\u0142a wykonana z masywnego <strong data-start=\"756\" data-end=\"828\">10-milimetrowego, utwardzanego acetatu celulozowego w kolorze havana<\/strong>, kt\u00f3rego ciep\u0142y rysunek pi\u0119knie wsp\u00f3\u0142gra z ch\u0142odnymi, jasnoniebieskimi soczewkami. To po\u0142\u0105czenie inspirowane klasyk\u0105, ale osadzone w nowoczesnym kontek\u015bcie \u2014 eleganckie, lekkie wizualnie i bardzo uniwersalne.<\/p>\n<p data-start=\"1039\" data-end=\"1430\">Opraw\u0119 zdobi\u0105 <strong data-start=\"1053\" data-end=\"1101\">sygnaturowe piny frontowe w kszta\u0142cie grot\u00f3w<\/strong>, wyko\u0144czone w odcieniu ciemnego z\u0142ota, a tak\u017ce <strong data-start=\"1149\" data-end=\"1195\">ods\u0142oni\u0119te wewn\u0119trzne \u201eClassic\u201d wirecore\u2019y<\/strong> z delikatnym grawerem inspirowanym stylistyk\u0105 Art Deco. Konstrukcj\u0119 uzupe\u0142niaj\u0105 <strong data-start=\"1276\" data-end=\"1336\">autorskie, siedmiobary\u0142kowe zawiasy ze stali nierdzewnej<\/strong>, r\u00f3wnie\u017c wyko\u0144czone w kolorze ciemnego z\u0142ota, zapewniaj\u0105ce trwa\u0142o\u015b\u0107 i p\u0142ynn\u0105 prac\u0119 mechaniki.<\/p>\n<p data-start=\"1432\" data-end=\"1770\">Zastosowane <strong data-start=\"1444\" data-end=\"1492\">jasnoniebieskie soczewki Armorlite o bazie 4<\/strong>, wyposa\u017cone w pow\u0142ok\u0119 antyrefleksyjn\u0105 od strony wewn\u0119trznej, oferuj\u0105 wysoki komfort widzenia, redukcj\u0119 odblask\u00f3w oraz przyjemny, lekki obraz w intensywnym \u015bwietle. To rozwi\u0105zanie, kt\u00f3re \u0142\u0105czy funkcjonalno\u015b\u0107 okular\u00f3w przeciws\u0142onecznych premium z subteln\u0105, wyrafinowan\u0105 estetyk\u0105.<\/p>\n<p data-start=\"1772\" data-end=\"2008\"><strong data-start=\"1772\" data-end=\"1791\">ELMYR in ARGYLE<\/strong> powsta\u0142 w <strong data-start=\"1802\" data-end=\"1840\">limitowanej edycji 350 egzemplarzy<\/strong>, r\u0119cznie wykonanych z dba\u0142o\u015bci\u0105 o ka\u017cdy detal. To model dla os\u00f3b, kt\u00f3re ceni\u0105 klasyczne formy, ale szukaj\u0105 \u015bwie\u017cszego, ja\u015bniejszego akcentu w swojej kolekcji okular\u00f3w.<\/p>\n","protected":false},"featured_media":4865,"template":"","meta":{"_acf_changed":false,"_joinchat":[]},"product_brand":[82],"product_cat":[32,37,30,35],"product_tag":[],"model":[415],"class_list":{"0":"post-4863","1":"product","2":"type-product","3":"status-publish","4":"has-post-thumbnail","6":"product_brand-jacques-marie-mage","7":"product_cat-damskie","8":"product_cat-meskie","9":"product_cat-okulary-przeciwsloneczne","10":"product_cat-unisex","11":"model-elmyr","13":"first","14":"instock","15":"shipping-taxable","16":"purchasable","17":"product-type-simple"},"acf":[],"aioseo_notices":[],"_links":{"self":[{"href":"https:\/\/www.diukoptyk.pl\/pl\/wp-json\/wp\/v2\/product\/4863","targetHints":{"allow":["GET"]}}],"collection":[{"href":"https:\/\/www.diukoptyk.pl\/pl\/wp-json\/wp\/v2\/product"}],"about":[{"href":"https:\/\/www.diukoptyk.pl\/pl\/wp-json\/wp\/v2\/types\/product"}],"version-history":[{"count":4,"href":"https:\/\/www.diukoptyk.pl\/pl\/wp-json\/wp\/v2\/product\/4863\/revisions"}],"predecessor-version":[{"id":5373,"href":"https:\/\/www.diukoptyk.pl\/pl\/wp-json\/wp\/v2\/product\/4863\/revisions\/5373"}],"wp:featuredmedia":[{"embeddable":true,"href":"https:\/\/www.diukoptyk.pl\/pl\/wp-json\/wp\/v2\/media\/4865"}],"wp:attachment":[{"href":"https:\/\/www.diukoptyk.pl\/pl\/wp-json\/wp\/v2\/media?parent=4863"}],"wp:term":[{"taxonomy":"product_brand","embeddable":true,"href":"https:\/\/www.diukoptyk.pl\/pl\/wp-json\/wp\/v2\/product_brand?post=4863"},{"taxonomy":"product_cat","embeddable":true,"href":"https:\/\/www.diukoptyk.pl\/pl\/wp-json\/wp\/v2\/product_cat?post=4863"},{"taxonomy":"product_tag","embeddable":true,"href":"https:\/\/www.diukoptyk.pl\/pl\/wp-json\/wp\/v2\/product_tag?post=4863"},{"taxonomy":"model","embeddable":true,"href":"https:\/\/www.diukoptyk.pl\/pl\/wp-json\/wp\/v2\/model?post=4863"}],"curies":[{"name":"wp","href":"https:\/\/api.w.org\/{rel}","templated":true}]}}