{"id":4683,"date":"2025-12-20T19:19:25","date_gmt":"2025-12-20T18:19:25","guid":{"rendered":"https:\/\/www.diukoptyk.pl\/?post_type=product&#038;p=4683"},"modified":"2026-04-01T17:33:31","modified_gmt":"2026-04-01T15:33:31","slug":"jacques-marie-mage-lancaster-borneo","status":"publish","type":"product","link":"https:\/\/www.diukoptyk.pl\/pl\/produkt\/jacques-marie-mage-lancaster-borneo\/","title":{"rendered":"Jacques Marie Mage LANKASTER | BORNEO"},"content":{"rendered":"<h2 data-start=\"1883\" data-end=\"1930\"><strong data-start=\"1886\" data-end=\"1930\">Dla kogo s\u0105 okulary LANKASTER in BORNEO?<\/strong><\/h2>\n<ul data-start=\"1932\" data-end=\"2311\">\n<li data-start=\"1932\" data-end=\"2009\">\n<p data-start=\"1934\" data-end=\"2009\">dla os\u00f3b szukaj\u0105cych <strong data-start=\"1955\" data-end=\"2006\">luksusowych okular\u00f3w przeciws\u0142onecznych premium<\/strong>,<\/p>\n<\/li>\n<li data-start=\"2010\" data-end=\"2100\">\n<p data-start=\"2012\" data-end=\"2100\">dla kobiet i m\u0119\u017cczyzn, kt\u00f3rzy lubi\u0105 <strong data-start=\"2048\" data-end=\"2097\">klasyczne formy w bardziej wyrazistym wydaniu<\/strong>,<\/p>\n<\/li>\n<li data-start=\"2101\" data-end=\"2173\">\n<p data-start=\"2103\" data-end=\"2173\">dla klient\u00f3w ceni\u0105cych <strong data-start=\"2126\" data-end=\"2170\">limitowane edycje i precyzyjne rzemios\u0142o<\/strong>,<\/p>\n<\/li>\n<li data-start=\"2174\" data-end=\"2240\">\n<p data-start=\"2176\" data-end=\"2240\">dla os\u00f3b traktuj\u0105cych okulary jako <strong data-start=\"2211\" data-end=\"2237\">\u015bwiadomy element stylu<\/strong>,<\/p>\n<\/li>\n<li data-start=\"2241\" data-end=\"2311\">\n<p data-start=\"2243\" data-end=\"2311\">dla mi\u0142o\u015bnik\u00f3w <strong data-start=\"2258\" data-end=\"2310\">acetatowych opraw z charakterem i soczewek CR-39<\/strong>.<\/p>\n<\/li>\n<\/ul>\n","protected":false},"excerpt":{"rendered":"<h2 data-start=\"180\" data-end=\"262\"><strong data-start=\"183\" data-end=\"262\">LANKASTER in BORNEO \u2013 luksusowe okulary przeciws\u0142oneczne, edycja limitowana<\/strong><\/h2>\n<p data-start=\"264\" data-end=\"602\"><strong data-start=\"264\" data-end=\"287\">LANKASTER in BORNEO<\/strong> to luksusowe, uniseksowe okulary przeciws\u0142oneczne z limitowanej edycji, inspirowane klasycznym designem lat 60. i ponadczasow\u0105 form\u0105 typu <em data-start=\"426\" data-end=\"436\">Saratoga<\/em>. Model ten \u0142\u0105czy wyrazisty charakter z perfekcyjnym rzemios\u0142em i najwy\u017cszej jako\u015bci materia\u0142ami, kt\u00f3re s\u0105 znakiem rozpoznawczym kolekcji dost\u0119pnych w <strong data-start=\"587\" data-end=\"601\">Diuk Optyk<\/strong>.<\/p>\n<p data-start=\"604\" data-end=\"938\">Wariant <strong data-start=\"612\" data-end=\"622\">BORNEO<\/strong> wyr\u00f3\u017cnia si\u0119 g\u0142\u0119bok\u0105, zielon\u0105 opraw\u0105 wykonan\u0105 z masywnego <strong data-start=\"681\" data-end=\"709\">10-milimetrowego acetatu<\/strong>, zestawion\u0105 z energetycznymi <strong data-start=\"739\" data-end=\"774\">pomara\u0144czowymi soczewkami CR-39<\/strong>. To odwa\u017cniejsze, ale wci\u0105\u017c wyrafinowane oblicze modelu LANKASTER \u2014 propozycja dla os\u00f3b, kt\u00f3re chc\u0105 podkre\u015bli\u0107 indywidualny styl bez rezygnacji z klasycznej formy.<\/p>\n<p data-start=\"940\" data-end=\"1346\">Srebrne detale nadaj\u0105 oprawie technicznej precyzji i ch\u0142odnej elegancji. Model wyposa\u017cono w <strong data-start=\"1032\" data-end=\"1105\">sygnaturowe piny frontowe w kszta\u0142cie grot\u00f3w ze srebra pr\u00f3by sterling<\/strong>, wewn\u0119trzny srebrny wirecore, autorskie <strong data-start=\"1146\" data-end=\"1183\">siedmiobary\u0142kowe zawiasy napinane<\/strong> oraz kopu\u0142owe, tr\u00f3jwymiarowe logo z metalu w kolorze srebra. Ka\u017cdy element zosta\u0142 zaprojektowany z my\u015bl\u0105 o trwa\u0142o\u015bci, komforcie i estetyce na najwy\u017cszym poziomie.<\/p>\n<p data-start=\"1348\" data-end=\"1664\"><strong data-start=\"1348\" data-end=\"1389\">Pomara\u0144czowe soczewki CR-39 o bazie 6<\/strong> z pow\u0142ok\u0105 antyrefleksyjn\u0105 od strony wewn\u0119trznej zapewniaj\u0105 wysoki komfort widzenia, redukcj\u0119 odblask\u00f3w oraz przyjemne, kontrastowe postrzeganie obrazu w intensywnym \u015bwietle. To rozwi\u0105zanie, kt\u00f3re \u0142\u0105czy funkcjonalno\u015b\u0107 okular\u00f3w przeciws\u0142onecznych premium z wyrazist\u0105 estetyk\u0105.<\/p>\n<p data-start=\"1666\" data-end=\"1876\"><strong data-start=\"1666\" data-end=\"1689\">LANKASTER in BORNEO<\/strong> to model z <strong data-start=\"1701\" data-end=\"1738\">limitowanej serii 250 egzemplarzy<\/strong>, stworzony dla os\u00f3b poszukuj\u0105cych okular\u00f3w przeciws\u0142onecznych o silnym charakterze, ale osadzonych w klasycznym, ponadczasowym projekcie.<\/p>\n","protected":false},"featured_media":4684,"template":"","meta":{"_acf_changed":false,"_joinchat":[]},"product_brand":[82],"product_cat":[32,37,30,35],"product_tag":[],"model":[412],"class_list":{"0":"post-4683","1":"product","2":"type-product","3":"status-publish","4":"has-post-thumbnail","6":"product_brand-jacques-marie-mage","7":"product_cat-damskie","8":"product_cat-meskie","9":"product_cat-okulary-przeciwsloneczne","10":"product_cat-unisex","11":"model-lancaster","13":"first","14":"instock","15":"shipping-taxable","16":"purchasable","17":"product-type-simple"},"acf":[],"aioseo_notices":[],"_links":{"self":[{"href":"https:\/\/www.diukoptyk.pl\/pl\/wp-json\/wp\/v2\/product\/4683","targetHints":{"allow":["GET"]}}],"collection":[{"href":"https:\/\/www.diukoptyk.pl\/pl\/wp-json\/wp\/v2\/product"}],"about":[{"href":"https:\/\/www.diukoptyk.pl\/pl\/wp-json\/wp\/v2\/types\/product"}],"version-history":[{"count":5,"href":"https:\/\/www.diukoptyk.pl\/pl\/wp-json\/wp\/v2\/product\/4683\/revisions"}],"predecessor-version":[{"id":5371,"href":"https:\/\/www.diukoptyk.pl\/pl\/wp-json\/wp\/v2\/product\/4683\/revisions\/5371"}],"wp:featuredmedia":[{"embeddable":true,"href":"https:\/\/www.diukoptyk.pl\/pl\/wp-json\/wp\/v2\/media\/4684"}],"wp:attachment":[{"href":"https:\/\/www.diukoptyk.pl\/pl\/wp-json\/wp\/v2\/media?parent=4683"}],"wp:term":[{"taxonomy":"product_brand","embeddable":true,"href":"https:\/\/www.diukoptyk.pl\/pl\/wp-json\/wp\/v2\/product_brand?post=4683"},{"taxonomy":"product_cat","embeddable":true,"href":"https:\/\/www.diukoptyk.pl\/pl\/wp-json\/wp\/v2\/product_cat?post=4683"},{"taxonomy":"product_tag","embeddable":true,"href":"https:\/\/www.diukoptyk.pl\/pl\/wp-json\/wp\/v2\/product_tag?post=4683"},{"taxonomy":"model","embeddable":true,"href":"https:\/\/www.diukoptyk.pl\/pl\/wp-json\/wp\/v2\/model?post=4683"}],"curies":[{"name":"wp","href":"https:\/\/api.w.org\/{rel}","templated":true}]}}