{"id":4344,"date":"2025-10-21T19:52:37","date_gmt":"2025-10-21T17:52:37","guid":{"rendered":"https:\/\/www.diukoptyk.pl\/?post_type=product&#038;p=4344"},"modified":"2025-11-21T19:53:01","modified_gmt":"2025-11-21T18:53:01","slug":"salt-andy-whiskey","status":"publish","type":"product","link":"https:\/\/www.diukoptyk.pl\/pl\/produkt\/salt-andy-whiskey\/","title":{"rendered":"SALT. ANDY | WHISKEY"},"content":{"rendered":"<p><strong data-start=\"1888\" data-end=\"1910\">SALT. Andy Whiskey<\/strong> \u2013 klasyka w najczystszej postaci. Idealny wyb\u00f3r dla os\u00f3b, kt\u00f3re szukaj\u0105 <strong data-start=\"1983\" data-end=\"2071\" data-is-last-node=\"\">ponadczasowego, komfortowego i perfekcyjnie wykonanego modelu o charakterze vintage.<\/strong><\/p>\n","protected":false},"excerpt":{"rendered":"<h3 data-start=\"0\" data-end=\"30\"><strong data-start=\"4\" data-end=\"28\">SALT. \u2013 Andy Whiskey<\/strong><\/h3>\n<p data-start=\"31\" data-end=\"61\"><strong data-start=\"31\" data-end=\"61\">R\u0119cznie wykonane w Japonii<\/strong><\/p>\n<p data-start=\"63\" data-end=\"311\">Model <strong data-start=\"69\" data-end=\"77\">Andy<\/strong> w kolorze <strong data-start=\"88\" data-end=\"99\">Whiskey<\/strong> to uk\u0142on w stron\u0119 klasycznych, uwielbianych kszta\u0142t\u00f3w, kt\u00f3re pozostaj\u0105 aktualne mimo zmieniaj\u0105cych si\u0119 trend\u00f3w. To ponadczasowa forma o perfekcyjnych proporcjach \u2013 elegancka, uniwersalna i idealna na co dzie\u0144.<\/p>\n<p data-start=\"313\" data-end=\"548\">Wykonana w 100% z <strong data-start=\"331\" data-end=\"362\">japo\u0144skiego acetatu premium<\/strong>, oprawa oferuje wyj\u0105tkow\u0105 <strong data-start=\"389\" data-end=\"438\">sztywno\u015b\u0107, trwa\u0142o\u015b\u0107 oraz stabilne dopasowanie<\/strong>, a jej ciep\u0142y, bursztynowy odcie\u0144 <strong data-start=\"473\" data-end=\"484\">Whiskey<\/strong> nadaje ca\u0142o\u015bci charakteru vintage z nowoczesnym wyko\u0144czeniem.<\/p>\n<p data-start=\"550\" data-end=\"809\">Model wyposa\u017cony jest w <strong data-start=\"574\" data-end=\"605\">funkcjonalne nitowe zawiasy<\/strong>, kt\u00f3re zapewniaj\u0105 konstrukcji wieloletni\u0105 wytrzyma\u0142o\u015b\u0107. <strong data-start=\"662\" data-end=\"696\">Polaryzowane soczewki optyczne<\/strong> (Glass &amp; CR-39) gwarantuj\u0105 najwy\u017csz\u0105 jako\u015b\u0107 widzenia \u2013 redukuj\u0105 odblaski i zapewniaj\u0105 doskona\u0142\u0105 przejrzysto\u015b\u0107.<\/p>\n<p data-start=\"811\" data-end=\"1041\">Soczewki posiadaj\u0105 komplet pow\u0142ok SALT.: <strong data-start=\"852\" data-end=\"897\">antyrefleksyjn\u0105, hydrofobow\u0105 i oleofobow\u0105<\/strong> \u2013 dzi\u0119ki kt\u00f3rym s\u0105 odporne na zabrudzenia, wod\u0119, t\u0142uszcz oraz rozpraszaj\u0105 szkodliwe promienie, zapewniaj\u0105c pe\u0142en komfort w ka\u017cdych warunkach.<\/p>\n<hr data-start=\"1043\" data-end=\"1046\" \/>\n<p data-start=\"1048\" data-end=\"1075\"><strong data-start=\"1048\" data-end=\"1073\">Szczeg\u00f3\u0142y techniczne:<\/strong><\/p>\n<ul data-start=\"1076\" data-end=\"1551\">\n<li data-start=\"1076\" data-end=\"1120\">\n<p data-start=\"1078\" data-end=\"1120\">Wymiary: 51 [] 23 \u2013 145\u2003|\u2003B: 43.5\u2003ED: 51<\/p>\n<\/li>\n<li data-start=\"1121\" data-end=\"1162\">\n<p data-start=\"1123\" data-end=\"1162\">Materia\u0142: <strong data-start=\"1133\" data-end=\"1160\">Japo\u0144ski acetat premium<\/strong><\/p>\n<\/li>\n<li data-start=\"1163\" data-end=\"1185\">\n<p data-start=\"1165\" data-end=\"1185\">Kolor: <strong data-start=\"1172\" data-end=\"1183\">Whiskey<\/strong><\/p>\n<\/li>\n<li data-start=\"1186\" data-end=\"1247\">\n<p data-start=\"1188\" data-end=\"1247\">Zawiasy: Funkcjonalne, nitowe \u2013 dla maksymalnej trwa\u0142o\u015bci<\/p>\n<\/li>\n<li data-start=\"1248\" data-end=\"1305\">\n<p data-start=\"1250\" data-end=\"1305\">Soczewki: Polaryzowane Glass &amp; CR-39, klasy optycznej<\/p>\n<\/li>\n<li data-start=\"1306\" data-end=\"1407\">\n<p data-start=\"1308\" data-end=\"1407\">Pow\u0142oki: Antyrefleksyjna, hydrofobowa, oleofobowa \u2013 zapewniaj\u0105ca najwy\u017csz\u0105 klarowno\u015b\u0107 i odporno\u015b\u0107<\/p>\n<\/li>\n<li data-start=\"1408\" data-end=\"1551\">\n<p data-start=\"1410\" data-end=\"1424\">W\u0142a\u015bciwo\u015bci:<\/p>\n<ul data-start=\"1427\" data-end=\"1551\">\n<li data-start=\"1427\" data-end=\"1467\">\n<p data-start=\"1429\" data-end=\"1467\">Stabilne dopasowanie i wysoki po\u0142ysk<\/p>\n<\/li>\n<li data-start=\"1470\" data-end=\"1519\">\n<p data-start=\"1472\" data-end=\"1519\">Trwa\u0142o\u015b\u0107 na lata i odporno\u015b\u0107 na odkszta\u0142cenia<\/p>\n<\/li>\n<li data-start=\"1522\" data-end=\"1551\">\n<p data-start=\"1524\" data-end=\"1551\">Doskona\u0142a jako\u015b\u0107 optyczna<\/p>\n<\/li>\n<\/ul>\n<\/li>\n<\/ul>\n<hr data-start=\"1553\" data-end=\"1556\" \/>\n<p data-start=\"1558\" data-end=\"1879\"><strong data-start=\"1558\" data-end=\"1577\">Dlaczego SALT.?<\/strong><br data-start=\"1577\" data-end=\"1580\" \/>SALT. Optics tworzy oprawy wy\u0142\u0105cznie z <strong data-start=\"1619\" data-end=\"1663\">najwy\u017cszej jako\u015bci japo\u0144skich materia\u0142\u00f3w<\/strong> \u2013 od premium acetatu po tytan klasy lotniczej \u2013 aby zapewni\u0107 <strong data-start=\"1725\" data-end=\"1779\">niezr\u00f3wnany komfort, trwa\u0142o\u015b\u0107 i perfekcyjn\u0105 optyk\u0119<\/strong>. Marka nie uznaje kompromis\u00f3w: ka\u017cda para to efekt rygorystycznych standard\u00f3w i dba\u0142o\u015bci o detal.<\/p>\n","protected":false},"featured_media":4349,"template":"","meta":{"_acf_changed":false,"_joinchat":[]},"product_brand":[343],"product_cat":[32,37,30,35],"product_tag":[],"model":[],"class_list":{"0":"post-4344","1":"product","2":"type-product","3":"status-publish","4":"has-post-thumbnail","6":"product_brand-salt","7":"product_cat-damskie","8":"product_cat-meskie","9":"product_cat-okulary-przeciwsloneczne","10":"product_cat-unisex","12":"first","13":"instock","14":"shipping-taxable","15":"product-type-simple"},"acf":[],"aioseo_notices":[],"_links":{"self":[{"href":"https:\/\/www.diukoptyk.pl\/pl\/wp-json\/wp\/v2\/product\/4344","targetHints":{"allow":["GET"]}}],"collection":[{"href":"https:\/\/www.diukoptyk.pl\/pl\/wp-json\/wp\/v2\/product"}],"about":[{"href":"https:\/\/www.diukoptyk.pl\/pl\/wp-json\/wp\/v2\/types\/product"}],"version-history":[{"count":0,"href":"https:\/\/www.diukoptyk.pl\/pl\/wp-json\/wp\/v2\/product\/4344\/revisions"}],"wp:featuredmedia":[{"embeddable":true,"href":"https:\/\/www.diukoptyk.pl\/pl\/wp-json\/wp\/v2\/media\/4349"}],"wp:attachment":[{"href":"https:\/\/www.diukoptyk.pl\/pl\/wp-json\/wp\/v2\/media?parent=4344"}],"wp:term":[{"taxonomy":"product_brand","embeddable":true,"href":"https:\/\/www.diukoptyk.pl\/pl\/wp-json\/wp\/v2\/product_brand?post=4344"},{"taxonomy":"product_cat","embeddable":true,"href":"https:\/\/www.diukoptyk.pl\/pl\/wp-json\/wp\/v2\/product_cat?post=4344"},{"taxonomy":"product_tag","embeddable":true,"href":"https:\/\/www.diukoptyk.pl\/pl\/wp-json\/wp\/v2\/product_tag?post=4344"},{"taxonomy":"model","embeddable":true,"href":"https:\/\/www.diukoptyk.pl\/pl\/wp-json\/wp\/v2\/model?post=4344"}],"curies":[{"name":"wp","href":"https:\/\/api.w.org\/{rel}","templated":true}]}}