{"id":4333,"date":"2025-11-21T18:45:15","date_gmt":"2025-11-21T17:45:15","guid":{"rendered":"https:\/\/www.diukoptyk.pl\/?post_type=product&#038;p=4333"},"modified":"2026-03-05T18:25:21","modified_gmt":"2026-03-05T17:25:21","slug":"jacques-marie-mage-dr-dream-noir","status":"publish","type":"product","link":"https:\/\/www.diukoptyk.pl\/pl\/produkt\/jacques-marie-mage-dr-dream-noir\/","title":{"rendered":"Jacques Marie Mage DR. DREAM | NOIR"},"content":{"rendered":"<p><strong data-start=\"1971\" data-end=\"2011\">Jacques Marie Mage DR. DREAM in Noir<\/strong> \u2013 klasyk mid-century z artystyczn\u0105 dusz\u0105. Dla os\u00f3b, kt\u00f3re ceni\u0105 <strong data-start=\"2076\" data-end=\"2158\" data-is-last-node=\"\">autentyczno\u015b\u0107, histori\u0119 i ponadczasowy styl inspirowany legend\u0105 Johna Lennona.<\/strong><\/p>\n","protected":false},"excerpt":{"rendered":"<h3 data-start=\"0\" data-end=\"48\"><strong data-start=\"4\" data-end=\"46\">Jacques Marie Mage \u2013 DR. DREAM in Noir<\/strong><\/h3>\n<p data-start=\"49\" data-end=\"92\"><strong data-start=\"49\" data-end=\"92\">Limitowana edycja: 350 sztuk na \u015bwiecie<\/strong><\/p>\n<p data-start=\"94\" data-end=\"383\">Model <strong data-start=\"100\" data-end=\"113\">DR. DREAM<\/strong> z kolekcji <strong data-start=\"125\" data-end=\"147\">John &amp; Yoko by JMM<\/strong> to wyj\u0105tkowy ho\u0142d dla legendarnego duetu \u2013 Johna Lennona i Yoko Ono. Ta edycja nawi\u0105zuje do okular\u00f3w, kt\u00f3re Lennon nosi\u0142 podczas pracy nad albumem <em data-start=\"295\" data-end=\"311\">Double Fantasy<\/em> (1980), b\u0119d\u0105cym symbolem ich tw\u00f3rczego partnerstwa i g\u0142\u0119bokiej wi\u0119zi.<\/p>\n<p data-start=\"385\" data-end=\"799\">R\u0119cznie wykonane w Japonii z <strong data-start=\"414\" data-end=\"450\">ro\u015blinnego acetatu klasy premium<\/strong>, oprawy te \u0142\u0105cz\u0105 <strong data-start=\"468\" data-end=\"494\">klasyczne, mid-century<\/strong> wzornictwo z subtelnymi akcentami wczesnych lat 80. Delikatnie opadaj\u0105ca linia brwi, wyrazisty <strong data-start=\"590\" data-end=\"608\">keyhole bridge<\/strong> oraz precyzyjne, metalowe detale JMM nadaj\u0105 modelowi ponadczasow\u0105 elegancj\u0119 i szczeg\u00f3lny charakter. To oprawa, kt\u00f3ra \u2013 zgodnie ze s\u0142owami Lennona \u2013 inspiruje do \u201e<em data-start=\"771\" data-end=\"795\">Produce your own dream<\/em>\u201d.<\/p>\n<p data-start=\"801\" data-end=\"1151\">Model wyr\u00f3\u017cniaj\u0105 <strong data-start=\"818\" data-end=\"853\">strza\u0142kowe piny z litego srebra<\/strong>, <strong data-start=\"855\" data-end=\"885\">ukryte druty konstrukcyjne<\/strong>, <strong data-start=\"887\" data-end=\"930\">7-barrelowe zawiasy z grawerem hairline<\/strong> oraz <strong data-start=\"936\" data-end=\"964\">nity w kszta\u0142cie ostrogi<\/strong> platerowane w srebrnym palladzie. Podw\u00f3jnie laminowane zauszniki \u0142\u0105cz\u0105 <strong data-start=\"1036\" data-end=\"1077\">czarn\u0105, polerowan\u0105 zewn\u0119trzn\u0105 warstw\u0119<\/strong> z <strong data-start=\"1080\" data-end=\"1101\">tortoise interior<\/strong>, tworz\u0105c subtelny kontrast luksusu i rzemios\u0142a.<\/p>\n<p data-start=\"1153\" data-end=\"1310\">Ca\u0142o\u015b\u0107 dope\u0142niaj\u0105 soczewki <strong data-start=\"1180\" data-end=\"1219\">Armorlite 4-base w kolorze Cerulean<\/strong> z wewn\u0119trzn\u0105 pow\u0142ok\u0105 antyrefleksyjn\u0105 \u2013 zapewniaj\u0105ce krystaliczn\u0105 przejrzysto\u015b\u0107 i wygod\u0119.<\/p>\n<hr data-start=\"1312\" data-end=\"1315\" \/>\n<p data-start=\"1317\" data-end=\"1344\"><strong data-start=\"1317\" data-end=\"1342\">Szczeg\u00f3\u0142y techniczne:<\/strong><\/p>\n<ul data-start=\"1345\" data-end=\"1962\">\n<li data-start=\"1345\" data-end=\"1408\">\n<p data-start=\"1347\" data-end=\"1408\">Materia\u0142: 10 mm ro\u015blinny acetat, r\u0119cznie wykonany w Japonii<\/p>\n<\/li>\n<li data-start=\"1409\" data-end=\"1447\">\n<p data-start=\"1411\" data-end=\"1447\">Kolor: <strong data-start=\"1418\" data-end=\"1445\">Noir (polerowana czer\u0144)<\/strong><\/p>\n<\/li>\n<li data-start=\"1448\" data-end=\"1715\">\n<p data-start=\"1450\" data-end=\"1459\">Detale:<\/p>\n<ul data-start=\"1462\" data-end=\"1715\">\n<li data-start=\"1462\" data-end=\"1497\">\n<p data-start=\"1464\" data-end=\"1497\">Strza\u0142kowe piny z litego srebra<\/p>\n<\/li>\n<li data-start=\"1500\" data-end=\"1530\">\n<p data-start=\"1502\" data-end=\"1530\">Ukryte druty konstrukcyjne<\/p>\n<\/li>\n<li data-start=\"1533\" data-end=\"1610\">\n<p data-start=\"1535\" data-end=\"1610\">Custom 7-barrel hinges z grawerem hairline, platerowane srebrnym palladem<\/p>\n<\/li>\n<li data-start=\"1613\" data-end=\"1671\">\n<p data-start=\"1615\" data-end=\"1671\">Nity w kszta\u0142cie ostrogi, r\u00f3wnie\u017c w srebrnym palladzie<\/p>\n<\/li>\n<li data-start=\"1674\" data-end=\"1715\">\n<p data-start=\"1676\" data-end=\"1715\">Srebrne t\u0142oczenia wewn\u0105trz zausznik\u00f3w<\/p>\n<\/li>\n<\/ul>\n<\/li>\n<li data-start=\"1716\" data-end=\"1792\">\n<p data-start=\"1718\" data-end=\"1792\">Zauszniki: Podw\u00f3jnie laminowane \u2013 czarne zewn\u0119trzne, tortoise wewn\u0119trzne<\/p>\n<\/li>\n<li data-start=\"1793\" data-end=\"1876\">\n<p data-start=\"1795\" data-end=\"1876\">Soczewki: <strong data-start=\"1805\" data-end=\"1827\">Armorlite Cerulean<\/strong>, 4-base, z pow\u0142ok\u0105 antyrefleksyjn\u0105 od wewn\u0105trz<\/p>\n<\/li>\n<li data-start=\"1877\" data-end=\"1901\">\n<p data-start=\"1879\" data-end=\"1901\">Limitacja: 350 sztuk<\/p>\n<\/li>\n<li data-start=\"1902\" data-end=\"1962\">\n<p data-start=\"1904\" data-end=\"1962\">W zestawie: Etui, \u015bciereczka i certyfikat autentyczno\u015bci<\/p>\n<\/li>\n<\/ul>\n","protected":false},"featured_media":4334,"template":"","meta":{"_acf_changed":false,"_joinchat":[]},"product_brand":[82],"product_cat":[32,37,30,35],"product_tag":[],"model":[],"class_list":{"0":"post-4333","1":"product","2":"type-product","3":"status-publish","4":"has-post-thumbnail","6":"product_brand-jacques-marie-mage","7":"product_cat-damskie","8":"product_cat-meskie","9":"product_cat-okulary-przeciwsloneczne","10":"product_cat-unisex","12":"first","13":"instock","14":"shipping-taxable","15":"purchasable","16":"product-type-simple"},"acf":[],"aioseo_notices":[],"_links":{"self":[{"href":"https:\/\/www.diukoptyk.pl\/pl\/wp-json\/wp\/v2\/product\/4333","targetHints":{"allow":["GET"]}}],"collection":[{"href":"https:\/\/www.diukoptyk.pl\/pl\/wp-json\/wp\/v2\/product"}],"about":[{"href":"https:\/\/www.diukoptyk.pl\/pl\/wp-json\/wp\/v2\/types\/product"}],"version-history":[{"count":3,"href":"https:\/\/www.diukoptyk.pl\/pl\/wp-json\/wp\/v2\/product\/4333\/revisions"}],"predecessor-version":[{"id":4437,"href":"https:\/\/www.diukoptyk.pl\/pl\/wp-json\/wp\/v2\/product\/4333\/revisions\/4437"}],"wp:featuredmedia":[{"embeddable":true,"href":"https:\/\/www.diukoptyk.pl\/pl\/wp-json\/wp\/v2\/media\/4334"}],"wp:attachment":[{"href":"https:\/\/www.diukoptyk.pl\/pl\/wp-json\/wp\/v2\/media?parent=4333"}],"wp:term":[{"taxonomy":"product_brand","embeddable":true,"href":"https:\/\/www.diukoptyk.pl\/pl\/wp-json\/wp\/v2\/product_brand?post=4333"},{"taxonomy":"product_cat","embeddable":true,"href":"https:\/\/www.diukoptyk.pl\/pl\/wp-json\/wp\/v2\/product_cat?post=4333"},{"taxonomy":"product_tag","embeddable":true,"href":"https:\/\/www.diukoptyk.pl\/pl\/wp-json\/wp\/v2\/product_tag?post=4333"},{"taxonomy":"model","embeddable":true,"href":"https:\/\/www.diukoptyk.pl\/pl\/wp-json\/wp\/v2\/model?post=4333"}],"curies":[{"name":"wp","href":"https:\/\/api.w.org\/{rel}","templated":true}]}}