{"id":4227,"date":"2025-11-19T17:51:26","date_gmt":"2025-11-19T16:51:26","guid":{"rendered":"https:\/\/www.diukoptyk.pl\/?post_type=product&#038;p=4227"},"modified":"2026-03-05T18:24:57","modified_gmt":"2026-03-05T17:24:57","slug":"jacques-marie-mage-yves-epoxy-ii-fumee","status":"publish","type":"product","link":"https:\/\/www.diukoptyk.pl\/pl\/produkt\/jacques-marie-mage-yves-epoxy-ii-fumee\/","title":{"rendered":"Jacques Marie Mage Yves EPOXY II | FUM\u00c9E"},"content":{"rendered":"<article class=\"text-token-text-primary w-full focus:outline-none [--shadow-height:45px] has-data-writing-block:pointer-events-none has-data-writing-block:-mt-(--shadow-height) has-data-writing-block:pt-(--shadow-height) [&amp;:has([data-writing-block])&gt;*]:pointer-events-auto [content-visibility:auto] supports-[content-visibility:auto]:[contain-intrinsic-size:auto_100lvh] scroll-mt-[calc(var(--header-height)+min(200px,max(70px,20svh)))]\" dir=\"auto\" tabindex=\"-1\" data-turn-id=\"bca0332d-84ef-4257-9372-fe449efa5491\" data-testid=\"conversation-turn-22\" data-scroll-anchor=\"true\" data-turn=\"assistant\">\n<div class=\"text-base my-auto mx-auto pb-10 [--thread-content-margin:--spacing(4)] thread-sm:[--thread-content-margin:--spacing(6)] thread-lg:[--thread-content-margin:--spacing(16)] px-(--thread-content-margin)\">\n<div class=\"[--thread-content-max-width:40rem] thread-lg:[--thread-content-max-width:48rem] mx-auto max-w-(--thread-content-max-width) flex-1 group\/turn-messages focus-visible:outline-hidden relative flex w-full min-w-0 flex-col agent-turn\" tabindex=\"-1\">\n<div class=\"flex max-w-full flex-col grow\">\n<div class=\"min-h-8 text-message relative flex w-full flex-col items-end gap-2 text-start break-words whitespace-normal [.text-message+&amp;]:mt-1\" dir=\"auto\" data-message-author-role=\"assistant\" data-message-id=\"8094ece4-9eae-4588-9c50-c1f0f6343f2e\" data-message-model-slug=\"gpt-5\">\n<div class=\"flex w-full flex-col gap-1 empty:hidden first:pt-[1px]\">\n<div class=\"markdown prose dark:prose-invert w-full break-words light markdown-new-styling\">\n<p data-start=\"1916\" data-end=\"2159\" data-is-last-node=\"\" data-is-only-node=\"\"><strong data-start=\"1918\" data-end=\"1964\">Jacques Marie Mage EPOXY II: Yves in Fum\u00e9e<\/strong> \u2013 ikona stylu z dusz\u0105 artysty. Dla tych, kt\u00f3rzy poszukuj\u0105 <strong data-start=\"2023\" data-end=\"2100\">po\u0142\u0105czenia klasy francuskiej elegancji z japo\u0144skim mistrzostwem rzemios\u0142a<\/strong> \u2013 w oprawie, kt\u00f3ra jest r\u00f3wnie wyj\u0105tkowa, co ponadczasowa.<\/p>\n<\/div>\n<\/div>\n<\/div>\n<\/div>\n<\/div>\n<\/div>\n<\/article>\n","protected":false},"excerpt":{"rendered":"<h3 data-start=\"0\" data-end=\"54\"><strong data-start=\"4\" data-end=\"52\">Jacques Marie Mage \u2013 EPOXY II: YVES in FUM\u00c9E<\/strong><\/h3>\n<p data-start=\"55\" data-end=\"98\"><strong data-start=\"55\" data-end=\"98\">Limitowana edycja: 300 sztuk na \u015bwiecie<\/strong><\/p>\n<p data-start=\"100\" data-end=\"577\">Model <strong data-start=\"106\" data-end=\"114\">Yves<\/strong> z kolekcji <strong data-start=\"126\" data-end=\"138\">Epoxy II<\/strong> to reinterpretacja jednej z najbardziej kultowych opraw <strong data-start=\"195\" data-end=\"217\">Jacques Marie Mage<\/strong>, w kt\u00f3rej klasyka spotyka si\u0119 z japo\u0144skim kunsztem i francuskim wyrafinowaniem. Inspirowany \u015bwiatem haute couture lat 70., model ten zosta\u0142 od\u015bwie\u017cony w ramach wyj\u0105tkowej kolekcji <strong data-start=\"398\" data-end=\"407\">Epoxy<\/strong>, \u0142\u0105cz\u0105cej precyzyjn\u0105 in\u017cynieri\u0119 z subtelnym blaskiem <strong data-start=\"461\" data-end=\"506\">japo\u0144skiego rzemios\u0142a Echizen lacquerware<\/strong> \u2013 techniki znanej z ponadczasowego po\u0142ysku i doskona\u0142o\u015bci wykonania.<\/p>\n<p data-start=\"579\" data-end=\"981\">Wersja <strong data-start=\"586\" data-end=\"595\">Fum\u00e9e<\/strong> to wyrafinowana interpretacja elegancji \u2013 czarna, polerowana oprawa z przezroczystymi zewn\u0119trznymi warstwami i metalicznymi akcentami w odcieniu srebrnego palladu. Charakterystyczne <strong data-start=\"778\" data-end=\"813\">strza\u0142kowe nity z litego srebra<\/strong> z <strong data-start=\"816\" data-end=\"870\">r\u0119cznie malowanymi czarnymi wstawkami epoksydowymi<\/strong> oraz <strong data-start=\"876\" data-end=\"942\">ods\u0142oni\u0119te, grawerowane rdzenie zausznik\u00f3w o wzorze \u201ebaguette\u201d<\/strong> stanowi\u0105 wyj\u0105tkowy detal tej edycji.<\/p>\n<p data-start=\"983\" data-end=\"1252\">Ca\u0142o\u015b\u0107 dope\u0142niaj\u0105 <strong data-start=\"1001\" data-end=\"1045\">r\u0119cznie grawerowane 7-przegubowe zawiasy<\/strong>, <strong data-start=\"1047\" data-end=\"1085\">sygnowane nity w kszta\u0142cie ostrogi<\/strong>, oraz <strong data-start=\"1092\" data-end=\"1131\">soczewki Armorlite w kolorze Nimbus<\/strong> z pow\u0142ok\u0105 antyrefleksyjn\u0105 po wewn\u0119trznej stronie \u2013 zapewniaj\u0105ce krystaliczn\u0105 przejrzysto\u015b\u0107 i ochron\u0119 przed odblaskami.<\/p>\n<hr data-start=\"1254\" data-end=\"1257\" \/>\n<p data-start=\"1259\" data-end=\"1286\"><strong data-start=\"1259\" data-end=\"1284\">Szczeg\u00f3\u0142y techniczne:<\/strong><\/p>\n<ul data-start=\"1287\" data-end=\"1909\">\n<li data-start=\"1287\" data-end=\"1361\">\n<p data-start=\"1289\" data-end=\"1361\">Materia\u0142: 10 mm utwardzany acetat ro\u015blinny, r\u0119cznie wykonany w Japonii<\/p>\n<\/li>\n<li data-start=\"1362\" data-end=\"1431\">\n<p data-start=\"1364\" data-end=\"1431\">Kolor: <strong data-start=\"1371\" data-end=\"1429\">Fum\u00e9e (czarny polerowany z przezroczystymi elementami)<\/strong><\/p>\n<\/li>\n<li data-start=\"1432\" data-end=\"1742\">\n<p data-start=\"1434\" data-end=\"1443\">Detale:<\/p>\n<ul data-start=\"1446\" data-end=\"1742\">\n<li data-start=\"1446\" data-end=\"1515\">\n<p data-start=\"1448\" data-end=\"1515\">Strza\u0142kowe piny z litego srebra z czarnymi wstawkami epoksydowymi<\/p>\n<\/li>\n<li data-start=\"1518\" data-end=\"1578\">\n<p data-start=\"1520\" data-end=\"1578\">Grawerowane zawiasy 7-barrel w kolorze srebrnego palladu<\/p>\n<\/li>\n<li data-start=\"1581\" data-end=\"1655\">\n<p data-start=\"1583\" data-end=\"1655\">Ods\u0142oni\u0119te druty o wzorze \u201ebaguette\u201d, platerowane w srebrnym palladzie<\/p>\n<\/li>\n<li data-start=\"1658\" data-end=\"1696\">\n<p data-start=\"1660\" data-end=\"1696\">Sygnowane nity w kszta\u0142cie ostrogi<\/p>\n<\/li>\n<li data-start=\"1699\" data-end=\"1742\">\n<p data-start=\"1701\" data-end=\"1742\">T\u0142oczenia wewn\u0119trzne w srebrnym kolorze<\/p>\n<\/li>\n<\/ul>\n<\/li>\n<li data-start=\"1743\" data-end=\"1823\">\n<p data-start=\"1745\" data-end=\"1823\">Soczewki: <strong data-start=\"1755\" data-end=\"1782\">Armorlite 4-base Nimbus<\/strong>, z pow\u0142ok\u0105 antyrefleksyjn\u0105 od wewn\u0105trz<\/p>\n<\/li>\n<li data-start=\"1824\" data-end=\"1848\">\n<p data-start=\"1826\" data-end=\"1848\">Limitacja: 300 sztuk<\/p>\n<\/li>\n<li data-start=\"1849\" data-end=\"1909\">\n<p data-start=\"1851\" data-end=\"1909\">W zestawie: Etui, \u015bciereczka i certyfikat autentyczno\u015bci<\/p>\n<\/li>\n<\/ul>\n","protected":false},"featured_media":4232,"template":"","meta":{"_acf_changed":false,"_joinchat":[]},"product_brand":[82],"product_cat":[37,30,35],"product_tag":[],"model":[409],"class_list":{"0":"post-4227","1":"product","2":"type-product","3":"status-publish","4":"has-post-thumbnail","6":"product_brand-jacques-marie-mage","7":"product_cat-meskie","8":"product_cat-okulary-przeciwsloneczne","9":"product_cat-unisex","10":"model-yves","12":"first","13":"instock","14":"shipping-taxable","15":"purchasable","16":"product-type-simple"},"acf":[],"aioseo_notices":[],"_links":{"self":[{"href":"https:\/\/www.diukoptyk.pl\/pl\/wp-json\/wp\/v2\/product\/4227","targetHints":{"allow":["GET"]}}],"collection":[{"href":"https:\/\/www.diukoptyk.pl\/pl\/wp-json\/wp\/v2\/product"}],"about":[{"href":"https:\/\/www.diukoptyk.pl\/pl\/wp-json\/wp\/v2\/types\/product"}],"version-history":[{"count":2,"href":"https:\/\/www.diukoptyk.pl\/pl\/wp-json\/wp\/v2\/product\/4227\/revisions"}],"predecessor-version":[{"id":4290,"href":"https:\/\/www.diukoptyk.pl\/pl\/wp-json\/wp\/v2\/product\/4227\/revisions\/4290"}],"wp:featuredmedia":[{"embeddable":true,"href":"https:\/\/www.diukoptyk.pl\/pl\/wp-json\/wp\/v2\/media\/4232"}],"wp:attachment":[{"href":"https:\/\/www.diukoptyk.pl\/pl\/wp-json\/wp\/v2\/media?parent=4227"}],"wp:term":[{"taxonomy":"product_brand","embeddable":true,"href":"https:\/\/www.diukoptyk.pl\/pl\/wp-json\/wp\/v2\/product_brand?post=4227"},{"taxonomy":"product_cat","embeddable":true,"href":"https:\/\/www.diukoptyk.pl\/pl\/wp-json\/wp\/v2\/product_cat?post=4227"},{"taxonomy":"product_tag","embeddable":true,"href":"https:\/\/www.diukoptyk.pl\/pl\/wp-json\/wp\/v2\/product_tag?post=4227"},{"taxonomy":"model","embeddable":true,"href":"https:\/\/www.diukoptyk.pl\/pl\/wp-json\/wp\/v2\/model?post=4227"}],"curies":[{"name":"wp","href":"https:\/\/api.w.org\/{rel}","templated":true}]}}