{"id":4065,"date":"2025-10-05T17:18:28","date_gmt":"2025-10-05T15:18:28","guid":{"rendered":"https:\/\/www.diukoptyk.pl\/?post_type=product&#038;p=4065"},"modified":"2025-11-21T18:47:26","modified_gmt":"2025-11-21T17:47:26","slug":"salt-brower-antique-gold","status":"publish","type":"product","link":"https:\/\/www.diukoptyk.pl\/pl\/produkt\/salt-brower-antique-gold\/","title":{"rendered":"SALT. Brower | Antique Gold"},"content":{"rendered":"<p><strong data-start=\"1393\" data-end=\"1409\">SALT. Brower<\/strong> \u2013 ultralekka oprawa, kt\u00f3ra \u0142\u0105czy <strong data-start=\"1443\" data-end=\"1514\">in\u017cynieryjn\u0105 precyzj\u0119, japo\u0144skie rzemios\u0142o i estetyk\u0119 czystej formy<\/strong> \u2013 stworzona dla tych, kt\u00f3rzy ceni\u0105 subtelny luksus i funkcjonalno\u015b\u0107 w najlepszym wydaniu.<\/p>\n<p>Modele marki <strong data-start=\"13\" data-end=\"22\">SALT.<\/strong> nie s\u0105 dost\u0119pne w sprzeda\u017cy online \u2013 na naszej stronie prezentujemy jedynie niewielki wycinek kolekcji. Ponad <strong data-start=\"133\" data-end=\"158\">150 wyj\u0105tkowych opraw<\/strong> tej marki mo\u017cna obejrze\u0107 wy\u0142\u0105cznie w naszym <strong data-start=\"203\" data-end=\"238\">salonie stacjonarnym Diuk Optyk<\/strong>.<\/p>\n","protected":false},"excerpt":{"rendered":"<h3 data-start=\"0\" data-end=\"24\"><strong data-start=\"4\" data-end=\"22\">SALT. \u2013 Brower<\/strong><\/h3>\n<p data-start=\"25\" data-end=\"55\"><strong data-start=\"25\" data-end=\"55\">R\u0119cznie wykonane w Japonii<\/strong><\/p>\n<p data-start=\"57\" data-end=\"336\">Model <strong data-start=\"63\" data-end=\"73\">Brower<\/strong> od <strong data-start=\"77\" data-end=\"93\">SALT. Optics<\/strong> to kwintesencja minimalistycznej elegancji i technicznej perfekcji. Zaprojektowany z my\u015bl\u0105 o osobach ceni\u0105cych <strong data-start=\"205\" data-end=\"247\">lekko\u015b\u0107, trwa\u0142o\u015b\u0107 i ponadczasow\u0105 form\u0119<\/strong>, stanowi doskona\u0142y przyk\u0142ad japo\u0144skiego kunsztu rzemie\u015blniczego w nowoczesnym wydaniu.<\/p>\n<p data-start=\"338\" data-end=\"616\">Wykonany w 100% z <strong data-start=\"356\" data-end=\"382\">tytanu klasy lotniczej<\/strong>, model <strong data-start=\"390\" data-end=\"400\">Brower<\/strong> jest <strong data-start=\"406\" data-end=\"436\">hipoalergiczny, ultralekki<\/strong> i niezwykle wytrzyma\u0142y. Precyzyjnie dobrana grubo\u015b\u0107 tytanu gwarantuje <strong data-start=\"507\" data-end=\"530\">idealne dopasowanie<\/strong>, redukuje napr\u0119\u017cenia na soczewkach i zapewnia <strong data-start=\"577\" data-end=\"613\">doskona\u0142\u0105 przejrzysto\u015b\u0107 optyczn\u0105<\/strong>.<\/p>\n<p data-start=\"618\" data-end=\"748\">Smuk\u0142a, elegancka linia oprawy wpisuje si\u0119 w charakterystyczny dla marki <strong data-start=\"691\" data-end=\"700\">SALT.<\/strong> styl \u2013 subtelny, funkcjonalny i ponadczasowy.<\/p>\n<hr data-start=\"750\" data-end=\"753\" \/>\n<p data-start=\"755\" data-end=\"782\"><strong data-start=\"755\" data-end=\"780\">Szczeg\u00f3\u0142y techniczne:<\/strong><\/p>\n<ul data-start=\"783\" data-end=\"1125\">\n<li data-start=\"783\" data-end=\"825\">\n<p data-start=\"785\" data-end=\"825\">Wymiary: 51 [] 20 \u2013 145\u2003|\u2003B: 44\u2003ED: 55<\/p>\n<\/li>\n<li data-start=\"826\" data-end=\"892\">\n<p data-start=\"828\" data-end=\"892\">Materia\u0142: <strong data-start=\"838\" data-end=\"863\">Tytan klasy lotniczej<\/strong> (Aerospace Grade Titanium)<\/p>\n<\/li>\n<li data-start=\"893\" data-end=\"1125\">\n<p data-start=\"895\" data-end=\"909\">W\u0142a\u015bciwo\u015bci:<\/p>\n<ul data-start=\"912\" data-end=\"1125\">\n<li data-start=\"912\" data-end=\"943\">\n<p data-start=\"914\" data-end=\"943\">Hipoalergiczny i ultralekki<\/p>\n<\/li>\n<li data-start=\"946\" data-end=\"977\">\n<p data-start=\"948\" data-end=\"977\">Trwa\u0142y i odporny na korozj\u0119<\/p>\n<\/li>\n<li data-start=\"980\" data-end=\"1061\">\n<p data-start=\"982\" data-end=\"1061\">Zoptymalizowana grubo\u015b\u0107 ramy dla idealnego dopasowania i stabilno\u015bci soczewek<\/p>\n<\/li>\n<li data-start=\"1064\" data-end=\"1125\">\n<p data-start=\"1066\" data-end=\"1125\">100% produkcji w Japonii z najwy\u017cszej jako\u015bci komponent\u00f3w<\/p>\n<\/li>\n<\/ul>\n<\/li>\n<\/ul>\n<hr data-start=\"1127\" data-end=\"1130\" \/>\n<p data-start=\"1132\" data-end=\"1384\"><strong data-start=\"1132\" data-end=\"1151\">Dlaczego SALT.?<\/strong><br data-start=\"1151\" data-end=\"1154\" \/>Ka\u017cdy model SALT. powstaje z <strong data-start=\"1183\" data-end=\"1220\">najlepszych japo\u0144skich materia\u0142\u00f3w<\/strong> \u2013 od tytanu klasy lotniczej po precyzyjny monta\u017c z u\u017cyciem tradycyjnych technik. Efektem jest <strong data-start=\"1315\" data-end=\"1381\">doskona\u0142a ergonomia, niezr\u00f3wnany komfort i ponadczasowy design<\/strong>.<\/p>\n","protected":false},"featured_media":4068,"template":"","meta":{"_acf_changed":false,"_joinchat":[]},"product_brand":[343],"product_cat":[32,51,35],"product_tag":[],"model":[],"class_list":{"0":"post-4065","1":"product","2":"type-product","3":"status-publish","4":"has-post-thumbnail","6":"product_brand-salt","7":"product_cat-damskie","8":"product_cat-okulary-korekcyjne","9":"product_cat-unisex","11":"first","12":"instock","13":"shipping-taxable","14":"product-type-simple"},"acf":[],"aioseo_notices":[],"_links":{"self":[{"href":"https:\/\/www.diukoptyk.pl\/pl\/wp-json\/wp\/v2\/product\/4065","targetHints":{"allow":["GET"]}}],"collection":[{"href":"https:\/\/www.diukoptyk.pl\/pl\/wp-json\/wp\/v2\/product"}],"about":[{"href":"https:\/\/www.diukoptyk.pl\/pl\/wp-json\/wp\/v2\/types\/product"}],"version-history":[{"count":0,"href":"https:\/\/www.diukoptyk.pl\/pl\/wp-json\/wp\/v2\/product\/4065\/revisions"}],"wp:featuredmedia":[{"embeddable":true,"href":"https:\/\/www.diukoptyk.pl\/pl\/wp-json\/wp\/v2\/media\/4068"}],"wp:attachment":[{"href":"https:\/\/www.diukoptyk.pl\/pl\/wp-json\/wp\/v2\/media?parent=4065"}],"wp:term":[{"taxonomy":"product_brand","embeddable":true,"href":"https:\/\/www.diukoptyk.pl\/pl\/wp-json\/wp\/v2\/product_brand?post=4065"},{"taxonomy":"product_cat","embeddable":true,"href":"https:\/\/www.diukoptyk.pl\/pl\/wp-json\/wp\/v2\/product_cat?post=4065"},{"taxonomy":"product_tag","embeddable":true,"href":"https:\/\/www.diukoptyk.pl\/pl\/wp-json\/wp\/v2\/product_tag?post=4065"},{"taxonomy":"model","embeddable":true,"href":"https:\/\/www.diukoptyk.pl\/pl\/wp-json\/wp\/v2\/model?post=4065"}],"curies":[{"name":"wp","href":"https:\/\/api.w.org\/{rel}","templated":true}]}}