{"id":4050,"date":"2025-11-05T16:50:37","date_gmt":"2025-11-05T15:50:37","guid":{"rendered":"https:\/\/www.diukoptyk.pl\/?post_type=product&#038;p=4050"},"modified":"2026-03-09T21:41:41","modified_gmt":"2026-03-09T20:41:41","slug":"jacques-marie-mage-ayrton-senna-by-jmm-1991-agar","status":"publish","type":"product","link":"https:\/\/www.diukoptyk.pl\/pl\/produkt\/jacques-marie-mage-ayrton-senna-by-jmm-1991-agar\/","title":{"rendered":"Jacques Marie Mage AYRTON SENNA BY JMM : 1991 | Agar"},"content":{"rendered":"<article class=\"text-token-text-primary w-full focus:outline-none [--shadow-height:45px] has-data-writing-block:pointer-events-none has-data-writing-block:-mt-(--shadow-height) has-data-writing-block:pt-(--shadow-height) [&amp;:has([data-writing-block])&gt;*]:pointer-events-auto [content-visibility:auto] supports-[content-visibility:auto]:[contain-intrinsic-size:auto_100lvh] scroll-mt-[calc(var(--header-height)+min(200px,max(70px,20svh)))]\" dir=\"auto\" tabindex=\"-1\" data-turn-id=\"request-WEB:6263c756-1d19-4435-92cf-4480ab715bd4-3\" data-testid=\"conversation-turn-8\" data-scroll-anchor=\"true\" data-turn=\"assistant\">\n<div class=\"text-base my-auto mx-auto pb-10 [--thread-content-margin:--spacing(4)] thread-sm:[--thread-content-margin:--spacing(6)] thread-lg:[--thread-content-margin:--spacing(16)] px-(--thread-content-margin)\">\n<div class=\"[--thread-content-max-width:40rem] thread-lg:[--thread-content-max-width:48rem] mx-auto max-w-(--thread-content-max-width) flex-1 group\/turn-messages focus-visible:outline-hidden relative flex w-full min-w-0 flex-col agent-turn\" tabindex=\"-1\">\n<div class=\"flex max-w-full flex-col grow\">\n<div class=\"min-h-8 text-message relative flex w-full flex-col items-end gap-2 text-start break-words whitespace-normal [.text-message+&amp;]:mt-1\" dir=\"auto\" data-message-author-role=\"assistant\" data-message-id=\"392c0882-40a1-4c79-b5d9-8ca525913314\" data-message-model-slug=\"gpt-5\">\n<div class=\"flex w-full flex-col gap-1 empty:hidden first:pt-[1px]\">\n<div class=\"markdown prose dark:prose-invert w-full break-words light markdown-new-styling\">\n<p data-start=\"2008\" data-end=\"2223\" data-is-last-node=\"\" data-is-only-node=\"\"><strong data-start=\"2010\" data-end=\"2055\">Jacques Marie Mage Ayrton Senna 1991 Agar<\/strong> \u2013 ikoniczna oprawa, kt\u00f3ra \u0142\u0105czy <strong data-start=\"2088\" data-end=\"2177\">dziedzictwo motorsportu, precyzj\u0119 japo\u0144skiego rzemios\u0142a i klasyczn\u0105 elegancj\u0119 lat 90.<\/strong> \u2013 w ho\u0142dzie kierowcy, kt\u00f3ry sta\u0142 si\u0119 legend\u0105.<\/p>\n<\/div>\n<\/div>\n<\/div>\n<\/div>\n<\/div>\n<\/div>\n<\/article>\n","protected":false},"excerpt":{"rendered":"<h3 data-start=\"0\" data-end=\"53\"><strong data-start=\"4\" data-end=\"51\">Jacques Marie Mage Ayrton Senna \u2013 1991 Agar<\/strong><\/h3>\n<p data-start=\"54\" data-end=\"97\"><strong data-start=\"54\" data-end=\"97\">Limitowana edycja: 450 sztuk na \u015bwiecie<\/strong><\/p>\n<p data-start=\"99\" data-end=\"470\">Model <strong data-start=\"105\" data-end=\"148\">Ayrton Senna by Jacques Marie Mage 1991<\/strong> w kolorze <strong data-start=\"159\" data-end=\"167\">Agar<\/strong> to wyj\u0105tkowa interpretacja kultowego stylu lat 90., inspirowana okularami noszonymi przez samego mistrza Formu\u0142y 1. Rok 1991 to symboliczny moment \u2013 w\u0142a\u015bnie wtedy Senna zosta\u0142 najm\u0142odszym w historii trzykrotnym mistrzem \u015bwiata, a jego charyzma i pasja zapisa\u0142y si\u0119 z\u0142otymi literami w dziejach sportu.<\/p>\n<p data-start=\"472\" data-end=\"935\">R\u0119cznie wykonane w Japonii z najwy\u017cszej jako\u015bci <strong data-start=\"520\" data-end=\"555\">utwardzanego acetatu ro\u015blinnego<\/strong>, okulary te emanuj\u0105 elegancj\u0105, moc\u0105 i ponadczasowym charakterem. Ich wyj\u0105tkowy design dope\u0142niaj\u0105 <strong data-start=\"653\" data-end=\"723\">metalowe zdobienia w kszta\u0142cie strza\u0142y pokryte 18-karatowym z\u0142otem<\/strong>, <strong data-start=\"725\" data-end=\"767\">r\u0119cznie grawerowane rdzenie zausznik\u00f3w<\/strong> z motywem art d\u00e9co w kolorze <strong data-start=\"797\" data-end=\"818\">srebrnego palladu<\/strong> oraz <strong data-start=\"824\" data-end=\"872\">spinki i nity o sygnowanym kszta\u0142cie ostrogi<\/strong> \u2013 detale, kt\u00f3re definiuj\u0105 luksus w duchu Jacques Marie Mage.<\/p>\n<p data-start=\"937\" data-end=\"1276\">Rama w odcieniu <strong data-start=\"953\" data-end=\"976\">polerowanego Havana<\/strong>, z <strong data-start=\"980\" data-end=\"1018\">podw\u00f3jnie laminowanymi zausznikami<\/strong> (przezroczysty be\u017c z zewn\u0105trz, Havana wewn\u0105trz), harmonijnie wsp\u00f3\u0142gra z <strong data-start=\"1091\" data-end=\"1154\">mineralnymi soczewkami Crown Glass w kolorze Tamarack Green<\/strong>, kt\u00f3re s\u0105 <strong data-start=\"1165\" data-end=\"1181\">polaryzowane<\/strong> i posiadaj\u0105 <strong data-start=\"1194\" data-end=\"1233\">pow\u0142ok\u0119 antyrefleksyjn\u0105 od wewn\u0105trz<\/strong>, zapewniaj\u0105c najwy\u017cszy komfort widzenia.<\/p>\n<p data-start=\"1278\" data-end=\"1377\">Ka\u017cda para dostarczana jest z <strong data-start=\"1308\" data-end=\"1332\">oryginalnym etui JMM<\/strong>, \u015bciereczk\u0105 i certyfikatem autentyczno\u015bci.<\/p>\n<hr data-start=\"1379\" data-end=\"1382\" \/>\n<p data-start=\"1384\" data-end=\"1411\"><strong data-start=\"1384\" data-end=\"1409\">Szczeg\u00f3\u0142y techniczne:<\/strong><\/p>\n<ul data-start=\"1412\" data-end=\"2001\">\n<li data-start=\"1412\" data-end=\"1486\">\n<p data-start=\"1414\" data-end=\"1486\">Materia\u0142: 10 mm utwardzany acetat ro\u015blinny, r\u0119cznie wykonany w Japonii<\/p>\n<\/li>\n<li data-start=\"1487\" data-end=\"1554\">\n<p data-start=\"1489\" data-end=\"1554\">Kolor: Agar (polerowany Havana z be\u017cowo-havanowymi zausznikami)<\/p>\n<\/li>\n<li data-start=\"1555\" data-end=\"1824\">\n<p data-start=\"1557\" data-end=\"1566\">Detale:<\/p>\n<ul data-start=\"1569\" data-end=\"1824\">\n<li data-start=\"1569\" data-end=\"1621\">\n<p data-start=\"1571\" data-end=\"1621\">Zdobienia w kszta\u0142cie strza\u0142y pokryte 18K z\u0142otem<\/p>\n<\/li>\n<li data-start=\"1624\" data-end=\"1694\">\n<p data-start=\"1626\" data-end=\"1694\">Rdzenie zausznik\u00f3w z grawerem art d\u00e9co w kolorze srebrnego palladu<\/p>\n<\/li>\n<li data-start=\"1697\" data-end=\"1741\">\n<p data-start=\"1699\" data-end=\"1741\">Z\u0142ote zawiasy monoblokowe z 5 przegubami<\/p>\n<\/li>\n<li data-start=\"1744\" data-end=\"1782\">\n<p data-start=\"1746\" data-end=\"1782\">Sygnowane nity w kszta\u0142cie ostrogi<\/p>\n<\/li>\n<li data-start=\"1785\" data-end=\"1824\">\n<p data-start=\"1787\" data-end=\"1824\">Z\u0142ote t\u0142oczenia wewn\u0105trz zausznik\u00f3w<\/p>\n<\/li>\n<\/ul>\n<\/li>\n<li data-start=\"1825\" data-end=\"1915\">\n<p data-start=\"1827\" data-end=\"1915\">Soczewki: Mineralne Crown Glass, polaryzowane Tamarack Green z pow\u0142ok\u0105 antyrefleksyjn\u0105<\/p>\n<\/li>\n<li data-start=\"1916\" data-end=\"1940\">\n<p data-start=\"1918\" data-end=\"1940\">Limitacja: 450 sztuk<\/p>\n<\/li>\n<li data-start=\"1941\" data-end=\"2001\">\n<p data-start=\"1943\" data-end=\"2001\">W zestawie: Etui, \u015bciereczka i certyfikat autentyczno\u015bci<\/p>\n<\/li>\n<\/ul>\n","protected":false},"featured_media":4055,"template":"","meta":{"_acf_changed":false,"_joinchat":[]},"product_brand":[82],"product_cat":[37,30,35],"product_tag":[],"model":[],"class_list":{"0":"post-4050","1":"product","2":"type-product","3":"status-publish","4":"has-post-thumbnail","6":"product_brand-jacques-marie-mage","7":"product_cat-meskie","8":"product_cat-okulary-przeciwsloneczne","9":"product_cat-unisex","11":"first","12":"outofstock","13":"shipping-taxable","14":"purchasable","15":"product-type-simple"},"acf":[],"aioseo_notices":[],"_links":{"self":[{"href":"https:\/\/www.diukoptyk.pl\/pl\/wp-json\/wp\/v2\/product\/4050","targetHints":{"allow":["GET"]}}],"collection":[{"href":"https:\/\/www.diukoptyk.pl\/pl\/wp-json\/wp\/v2\/product"}],"about":[{"href":"https:\/\/www.diukoptyk.pl\/pl\/wp-json\/wp\/v2\/types\/product"}],"version-history":[{"count":1,"href":"https:\/\/www.diukoptyk.pl\/pl\/wp-json\/wp\/v2\/product\/4050\/revisions"}],"predecessor-version":[{"id":4056,"href":"https:\/\/www.diukoptyk.pl\/pl\/wp-json\/wp\/v2\/product\/4050\/revisions\/4056"}],"wp:featuredmedia":[{"embeddable":true,"href":"https:\/\/www.diukoptyk.pl\/pl\/wp-json\/wp\/v2\/media\/4055"}],"wp:attachment":[{"href":"https:\/\/www.diukoptyk.pl\/pl\/wp-json\/wp\/v2\/media?parent=4050"}],"wp:term":[{"taxonomy":"product_brand","embeddable":true,"href":"https:\/\/www.diukoptyk.pl\/pl\/wp-json\/wp\/v2\/product_brand?post=4050"},{"taxonomy":"product_cat","embeddable":true,"href":"https:\/\/www.diukoptyk.pl\/pl\/wp-json\/wp\/v2\/product_cat?post=4050"},{"taxonomy":"product_tag","embeddable":true,"href":"https:\/\/www.diukoptyk.pl\/pl\/wp-json\/wp\/v2\/product_tag?post=4050"},{"taxonomy":"model","embeddable":true,"href":"https:\/\/www.diukoptyk.pl\/pl\/wp-json\/wp\/v2\/model?post=4050"}],"curies":[{"name":"wp","href":"https:\/\/api.w.org\/{rel}","templated":true}]}}