{"id":4043,"date":"2025-11-05T16:40:51","date_gmt":"2025-11-05T15:40:51","guid":{"rendered":"https:\/\/www.diukoptyk.pl\/?post_type=product&#038;p=4043"},"modified":"2026-03-05T18:24:21","modified_gmt":"2026-03-05T17:24:21","slug":"jacques-marie-mage-ayrton-senna-by-jmm-1992-antique-gold","status":"publish","type":"product","link":"https:\/\/www.diukoptyk.pl\/pl\/produkt\/jacques-marie-mage-ayrton-senna-by-jmm-1992-antique-gold\/","title":{"rendered":"Jacques Marie Mage AYRTON SENNA BY JMM: 1992| ANTIQUE GOLD"},"content":{"rendered":"<article class=\"text-token-text-primary w-full focus:outline-none [--shadow-height:45px] has-data-writing-block:pointer-events-none has-data-writing-block:-mt-(--shadow-height) has-data-writing-block:pt-(--shadow-height) [&amp;:has([data-writing-block])&gt;*]:pointer-events-auto [content-visibility:auto] supports-[content-visibility:auto]:[contain-intrinsic-size:auto_100lvh] scroll-mt-[calc(var(--header-height)+min(200px,max(70px,20svh)))]\" dir=\"auto\" tabindex=\"-1\" data-turn-id=\"request-WEB:6263c756-1d19-4435-92cf-4480ab715bd4-1\" data-testid=\"conversation-turn-4\" data-scroll-anchor=\"true\" data-turn=\"assistant\">\n<div class=\"text-base my-auto mx-auto pb-10 [--thread-content-margin:--spacing(4)] thread-sm:[--thread-content-margin:--spacing(6)] thread-lg:[--thread-content-margin:--spacing(16)] px-(--thread-content-margin)\">\n<div class=\"[--thread-content-max-width:40rem] thread-lg:[--thread-content-max-width:48rem] mx-auto max-w-(--thread-content-max-width) flex-1 group\/turn-messages focus-visible:outline-hidden relative flex w-full min-w-0 flex-col agent-turn\" tabindex=\"-1\">\n<div class=\"flex max-w-full flex-col grow\">\n<div class=\"min-h-8 text-message relative flex w-full flex-col items-end gap-2 text-start break-words whitespace-normal [.text-message+&amp;]:mt-1\" dir=\"auto\" data-message-author-role=\"assistant\" data-message-id=\"c63c9ffe-0265-4de8-9aab-081c2be724aa\" data-message-model-slug=\"gpt-5\">\n<div class=\"flex w-full flex-col gap-1 empty:hidden first:pt-[1px]\">\n<div class=\"markdown prose dark:prose-invert w-full break-words light markdown-new-styling\">\n<p data-start=\"1670\" data-end=\"1829\" data-is-last-node=\"\" data-is-only-node=\"\"><strong data-start=\"1696\" data-end=\"1749\">Jacques Marie Mage Ayrton Senna 1992 Antique Gold<\/strong> \u2013 oprawa, kt\u00f3ra \u0142\u0105czy <strong data-start=\"1772\" data-end=\"1875\" data-is-last-node=\"\">z\u0142oty blask zwyci\u0119stwa z perfekcj\u0105 japo\u0144skiego rzemios\u0142a i nie\u015bmiertelnym duchem legendy Formu\u0142y 1.<\/strong><\/p>\n<\/div>\n<\/div>\n<\/div>\n<\/div>\n<\/div>\n<\/div>\n<\/article>\n","protected":false},"excerpt":{"rendered":"<h3 data-start=\"0\" data-end=\"61\"><strong data-start=\"4\" data-end=\"59\">Jacques Marie Mage Ayrton Senna \u2013 1992 Antique Gold<\/strong><\/h3>\n<p data-start=\"62\" data-end=\"105\"><strong data-start=\"62\" data-end=\"105\">Limitowana edycja: 500 sztuk na \u015bwiecie<\/strong><\/p>\n<p data-start=\"107\" data-end=\"432\">Model <strong data-start=\"113\" data-end=\"151\">Ayrton Senna by Jacques Marie Mage<\/strong> w kolorze <strong data-start=\"162\" data-end=\"178\">Antique Gold<\/strong> to wyrafinowany ho\u0142d dla legendy tor\u00f3w Formu\u0142y 1 \u2013 cz\u0142owieka, kt\u00f3rego precyzja, determinacja i charyzma na zawsze odmieni\u0142y \u015bwiat motorsportu. Inspirowane kultowym stylem lat 90. okulary oddaj\u0105 ducha elegancji i odwagi, kt\u00f3ry definiowa\u0142 Ayrtona Senn\u0119.<\/p>\n<p data-start=\"434\" data-end=\"705\">R\u0119cznie wykonane w Japonii z <strong data-start=\"463\" data-end=\"483\">100% tytanu beta<\/strong>, \u0142\u0105cz\u0105 lekko\u015b\u0107, trwa\u0142o\u015b\u0107 i mistrzowskie rzemios\u0142o. Charakterystyczny <strong data-start=\"553\" data-end=\"564\">top bar<\/strong> i <strong data-start=\"567\" data-end=\"587\">rze\u017abiony mostek<\/strong> dope\u0142niaj\u0105 <strong data-start=\"599\" data-end=\"643\">matowe wstawki z acetatu w odcieniu Agar<\/strong>, tworz\u0105c kompozycj\u0119 subtelnie luksusow\u0105 i pe\u0142n\u0105 charakteru.<\/p>\n<p data-start=\"707\" data-end=\"1099\">Oprawa zosta\u0142a wyko\u0144czona <strong data-start=\"733\" data-end=\"760\">zawiasami monoblokowymi<\/strong> z detalami w kolorze z\u0142ota, <strong data-start=\"789\" data-end=\"833\">r\u0119cznie malowanymi ko\u0144c\u00f3wkami zausznik\u00f3w<\/strong> w \u017c\u00f3\u0142tym epoksydzie z <strong data-start=\"856\" data-end=\"912\">polerowanym pier\u015bcieniem w kolorze srebrnego palladu<\/strong> oraz <strong data-start=\"918\" data-end=\"940\">z\u0142ocistymi noskami<\/strong>. Ca\u0142o\u015b\u0107 uzupe\u0142niaj\u0105 <strong data-start=\"961\" data-end=\"1018\">mineralne soczewki Crown Glass w odcieniu Pecan Brown<\/strong> z wewn\u0119trzn\u0105 pow\u0142ok\u0105 antyrefleksyjn\u0105, zapewniaj\u0105c\u0105 doskona\u0142y komfort widzenia.<\/p>\n<p data-start=\"1101\" data-end=\"1204\">Ka\u017cdy egzemplarz dostarczany jest z <strong data-start=\"1137\" data-end=\"1179\">personalizowanym sk\u00f3rzanym paskiem JMM<\/strong> oraz oryginalnym etui.<\/p>\n<hr data-start=\"1206\" data-end=\"1209\" \/>\n<p data-start=\"1211\" data-end=\"1238\"><strong data-start=\"1211\" data-end=\"1236\">Szczeg\u00f3\u0142y techniczne:<\/strong><\/p>\n<ul data-start=\"1239\" data-end=\"1687\">\n<li data-start=\"1239\" data-end=\"1296\">\n<p data-start=\"1241\" data-end=\"1296\">Materia\u0142: 100% beta tytan, r\u0119cznie wykonany w Japonii<\/p>\n<\/li>\n<li data-start=\"1297\" data-end=\"1353\">\n<p data-start=\"1299\" data-end=\"1353\">Kolor: Antique Gold z wstawkami z acetatu Matte Agar<\/p>\n<\/li>\n<li data-start=\"1354\" data-end=\"1415\">\n<p data-start=\"1356\" data-end=\"1415\">Soczewki: Mineralne Pecan Brown z pow\u0142ok\u0105 antyrefleksyjn\u0105<\/p>\n<\/li>\n<li data-start=\"1416\" data-end=\"1519\">\n<p data-start=\"1418\" data-end=\"1519\">Zauszniki: R\u0119cznie malowane ko\u0144c\u00f3wki w \u017c\u00f3\u0142tym epoksydzie z pier\u015bcieniem w kolorze srebrnego palladu<\/p>\n<\/li>\n<li data-start=\"1520\" data-end=\"1601\">\n<p data-start=\"1522\" data-end=\"1601\">Mostek: Rze\u017abiony, z charakterystycznym top barem inspirowanym stylem lat 90.<\/p>\n<\/li>\n<li data-start=\"1602\" data-end=\"1626\">\n<p data-start=\"1604\" data-end=\"1626\">Limitacja: 500 sztuk<\/p>\n<\/li>\n<li data-start=\"1627\" data-end=\"1687\">\n<p data-start=\"1629\" data-end=\"1687\">W zestawie: Etui, \u015bciereczka i sk\u00f3rzany pasek na okulary<\/p>\n<\/li>\n<\/ul>\n","protected":false},"featured_media":4048,"template":"","meta":{"_acf_changed":false,"_joinchat":[]},"product_brand":[82],"product_cat":[37,30,35],"product_tag":[],"model":[363],"class_list":{"0":"post-4043","1":"product","2":"type-product","3":"status-publish","4":"has-post-thumbnail","6":"product_brand-jacques-marie-mage","7":"product_cat-meskie","8":"product_cat-okulary-przeciwsloneczne","9":"product_cat-unisex","10":"model-363","12":"first","13":"outofstock","14":"shipping-taxable","15":"purchasable","16":"product-type-simple"},"acf":[],"aioseo_notices":[],"_links":{"self":[{"href":"https:\/\/www.diukoptyk.pl\/pl\/wp-json\/wp\/v2\/product\/4043","targetHints":{"allow":["GET"]}}],"collection":[{"href":"https:\/\/www.diukoptyk.pl\/pl\/wp-json\/wp\/v2\/product"}],"about":[{"href":"https:\/\/www.diukoptyk.pl\/pl\/wp-json\/wp\/v2\/types\/product"}],"version-history":[{"count":3,"href":"https:\/\/www.diukoptyk.pl\/pl\/wp-json\/wp\/v2\/product\/4043\/revisions"}],"predecessor-version":[{"id":5111,"href":"https:\/\/www.diukoptyk.pl\/pl\/wp-json\/wp\/v2\/product\/4043\/revisions\/5111"}],"wp:featuredmedia":[{"embeddable":true,"href":"https:\/\/www.diukoptyk.pl\/pl\/wp-json\/wp\/v2\/media\/4048"}],"wp:attachment":[{"href":"https:\/\/www.diukoptyk.pl\/pl\/wp-json\/wp\/v2\/media?parent=4043"}],"wp:term":[{"taxonomy":"product_brand","embeddable":true,"href":"https:\/\/www.diukoptyk.pl\/pl\/wp-json\/wp\/v2\/product_brand?post=4043"},{"taxonomy":"product_cat","embeddable":true,"href":"https:\/\/www.diukoptyk.pl\/pl\/wp-json\/wp\/v2\/product_cat?post=4043"},{"taxonomy":"product_tag","embeddable":true,"href":"https:\/\/www.diukoptyk.pl\/pl\/wp-json\/wp\/v2\/product_tag?post=4043"},{"taxonomy":"model","embeddable":true,"href":"https:\/\/www.diukoptyk.pl\/pl\/wp-json\/wp\/v2\/model?post=4043"}],"curies":[{"name":"wp","href":"https:\/\/api.w.org\/{rel}","templated":true}]}}