{"id":3964,"date":"2025-10-29T20:55:47","date_gmt":"2025-10-29T19:55:47","guid":{"rendered":"https:\/\/www.diukoptyk.pl\/?post_type=product&#038;p=3964"},"modified":"2026-03-05T15:17:50","modified_gmt":"2026-03-05T14:17:50","slug":"silhouette-l017-75-6620","status":"publish","type":"product","link":"https:\/\/www.diukoptyk.pl\/pl\/produkt\/silhouette-l017-75-6620\/","title":{"rendered":"Silhouette L017 75 6620"},"content":{"rendered":"<p><strong data-start=\"563\" data-end=\"576\">Dla kogo:<\/strong><br data-start=\"576\" data-end=\"579\" \/>Dla kobiet, kt\u00f3re ceni\u0105 <strong data-start=\"603\" data-end=\"637\" data-is-only-node=\"\">elegancj\u0119 w dyskretnym wydaniu<\/strong>, komfort i wyrafinowanie. Model L017 75 6620 doskonale komponuje si\u0119 zar\u00f3wno z klasycznymi, jak i nowoczesnymi stylizacjami, stanowi\u0105c ponadczasowy wyb\u00f3r dla mi\u0142o\u015bniczek subtelnego luksusu i perfekcyjnego wykonania.<\/p>\n","protected":false},"excerpt":{"rendered":"<p>Model <strong data-start=\"79\" data-end=\"106\" data-is-only-node=\"\">Silhouette L017 75 6620<\/strong> to perfekcyjne po\u0142\u0105czenie lekko\u015bci, luksusu i nowoczesnego designu. Owalna, pe\u0142na oprawa w g\u0142\u0119bokim odcieniu <strong data-start=\"216\" data-end=\"232\">Green Marble<\/strong> zosta\u0142a ozdobiona subtelnymi detalami pokrytymi <strong data-start=\"281\" data-end=\"304\">23-karatowym z\u0142otem<\/strong>, co podkre\u015bla ekskluzywny charakter tej kolekcji. Zauszniki wykonano z tytanu, dzi\u0119ki czemu okulary s\u0105 niezwykle trwa\u0142e, elastyczne i niemal niewyczuwalne na twarzy. Ich ergonomiczna konstrukcja gwarantuje maksymalny komfort u\u017cytkowania przez ca\u0142y dzie\u0144.<\/p>\n","protected":false},"featured_media":3968,"template":"","meta":{"_acf_changed":false,"_joinchat":[]},"product_brand":[351],"product_cat":[32,51],"product_tag":[],"model":[],"class_list":{"0":"post-3964","1":"product","2":"type-product","3":"status-publish","4":"has-post-thumbnail","6":"product_brand-silhouette","7":"product_cat-damskie","8":"product_cat-okulary-korekcyjne","10":"first","11":"instock","12":"shipping-taxable","13":"purchasable","14":"product-type-simple"},"acf":[],"aioseo_notices":[],"_links":{"self":[{"href":"https:\/\/www.diukoptyk.pl\/pl\/wp-json\/wp\/v2\/product\/3964","targetHints":{"allow":["GET"]}}],"collection":[{"href":"https:\/\/www.diukoptyk.pl\/pl\/wp-json\/wp\/v2\/product"}],"about":[{"href":"https:\/\/www.diukoptyk.pl\/pl\/wp-json\/wp\/v2\/types\/product"}],"version-history":[{"count":2,"href":"https:\/\/www.diukoptyk.pl\/pl\/wp-json\/wp\/v2\/product\/3964\/revisions"}],"predecessor-version":[{"id":3969,"href":"https:\/\/www.diukoptyk.pl\/pl\/wp-json\/wp\/v2\/product\/3964\/revisions\/3969"}],"wp:featuredmedia":[{"embeddable":true,"href":"https:\/\/www.diukoptyk.pl\/pl\/wp-json\/wp\/v2\/media\/3968"}],"wp:attachment":[{"href":"https:\/\/www.diukoptyk.pl\/pl\/wp-json\/wp\/v2\/media?parent=3964"}],"wp:term":[{"taxonomy":"product_brand","embeddable":true,"href":"https:\/\/www.diukoptyk.pl\/pl\/wp-json\/wp\/v2\/product_brand?post=3964"},{"taxonomy":"product_cat","embeddable":true,"href":"https:\/\/www.diukoptyk.pl\/pl\/wp-json\/wp\/v2\/product_cat?post=3964"},{"taxonomy":"product_tag","embeddable":true,"href":"https:\/\/www.diukoptyk.pl\/pl\/wp-json\/wp\/v2\/product_tag?post=3964"},{"taxonomy":"model","embeddable":true,"href":"https:\/\/www.diukoptyk.pl\/pl\/wp-json\/wp\/v2\/model?post=3964"}],"curies":[{"name":"wp","href":"https:\/\/api.w.org\/{rel}","templated":true}]}}