{"id":3959,"date":"2025-10-29T20:49:30","date_gmt":"2025-10-29T19:49:30","guid":{"rendered":"https:\/\/www.diukoptyk.pl\/?post_type=product&#038;p=3959"},"modified":"2026-03-05T15:18:11","modified_gmt":"2026-03-05T14:18:11","slug":"silhouette-l009-nj-7000","status":"publish","type":"product","link":"https:\/\/www.diukoptyk.pl\/pl\/produkt\/silhouette-l009-nj-7000\/","title":{"rendered":"Silhouette L009 NJ 7000"},"content":{"rendered":"<p><strong data-start=\"515\" data-end=\"528\">Dla kogo:<\/strong><br data-start=\"528\" data-end=\"531\" \/>Dla kobiet i m\u0119\u017cczyzn, kt\u00f3rzy ceni\u0105 <strong data-start=\"567\" data-end=\"609\" data-is-only-node=\"\">dyskrecj\u0119, komfort i ponadczasowy styl<\/strong>. Model L009 NJ 7000 to doskona\u0142y wyb\u00f3r dla os\u00f3b, kt\u00f3re pragn\u0105 \u0142\u0105czy\u0107 subteln\u0105 estetyk\u0119 z najwy\u017csz\u0105 funkcjonalno\u015bci\u0105 \u2014 idealne zar\u00f3wno do pracy, jak i eleganckich stylizacji na co dzie\u0144.<\/p>\n","protected":false},"excerpt":{"rendered":"<p data-start=\"49\" data-end=\"513\">Model <strong data-start=\"74\" data-end=\"101\" data-is-only-node=\"\">Silhouette L009 NJ 7000<\/strong> z kolekcji <strong data-start=\"113\" data-end=\"131\">Momentum Aurum<\/strong> to kwintesencja elegancji w ultralekkiej konstrukcji. Bezramkowa forma (rimless) w odcieniu <strong data-start=\"224\" data-end=\"244\">Platinum \/ Black<\/strong> zosta\u0142a zaprojektowana tak, aby niemal \u201eznika\u0107\u201d na twarzy, pozostawiaj\u0105c jedynie wra\u017cenie lekko\u015bci i nowoczesnego minimalizmu. Tytanowa konstrukcja gwarantuje wyj\u0105tkow\u0105 trwa\u0142o\u015b\u0107 i elastyczno\u015b\u0107, a ergonomiczny mostek i regulowane noski zapewniaj\u0105 idealne dopasowanie.<\/p>\n","protected":false},"featured_media":3962,"template":"","meta":{"_acf_changed":false,"_joinchat":[]},"product_brand":[351],"product_cat":[32,37,51,35],"product_tag":[],"model":[],"class_list":{"0":"post-3959","1":"product","2":"type-product","3":"status-publish","4":"has-post-thumbnail","6":"product_brand-silhouette","7":"product_cat-damskie","8":"product_cat-meskie","9":"product_cat-okulary-korekcyjne","10":"product_cat-unisex","12":"first","13":"instock","14":"shipping-taxable","15":"purchasable","16":"product-type-simple"},"acf":[],"aioseo_notices":[],"_links":{"self":[{"href":"https:\/\/www.diukoptyk.pl\/pl\/wp-json\/wp\/v2\/product\/3959","targetHints":{"allow":["GET"]}}],"collection":[{"href":"https:\/\/www.diukoptyk.pl\/pl\/wp-json\/wp\/v2\/product"}],"about":[{"href":"https:\/\/www.diukoptyk.pl\/pl\/wp-json\/wp\/v2\/types\/product"}],"version-history":[{"count":1,"href":"https:\/\/www.diukoptyk.pl\/pl\/wp-json\/wp\/v2\/product\/3959\/revisions"}],"predecessor-version":[{"id":3963,"href":"https:\/\/www.diukoptyk.pl\/pl\/wp-json\/wp\/v2\/product\/3959\/revisions\/3963"}],"wp:featuredmedia":[{"embeddable":true,"href":"https:\/\/www.diukoptyk.pl\/pl\/wp-json\/wp\/v2\/media\/3962"}],"wp:attachment":[{"href":"https:\/\/www.diukoptyk.pl\/pl\/wp-json\/wp\/v2\/media?parent=3959"}],"wp:term":[{"taxonomy":"product_brand","embeddable":true,"href":"https:\/\/www.diukoptyk.pl\/pl\/wp-json\/wp\/v2\/product_brand?post=3959"},{"taxonomy":"product_cat","embeddable":true,"href":"https:\/\/www.diukoptyk.pl\/pl\/wp-json\/wp\/v2\/product_cat?post=3959"},{"taxonomy":"product_tag","embeddable":true,"href":"https:\/\/www.diukoptyk.pl\/pl\/wp-json\/wp\/v2\/product_tag?post=3959"},{"taxonomy":"model","embeddable":true,"href":"https:\/\/www.diukoptyk.pl\/pl\/wp-json\/wp\/v2\/model?post=3959"}],"curies":[{"name":"wp","href":"https:\/\/api.w.org\/{rel}","templated":true}]}}