{"id":3947,"date":"2025-10-29T20:24:26","date_gmt":"2025-10-29T19:24:26","guid":{"rendered":"https:\/\/www.diukoptyk.pl\/?post_type=product&#038;p=3947"},"modified":"2026-03-12T12:28:15","modified_gmt":"2026-03-12T11:28:15","slug":"silhouette-4566-7580","status":"publish","type":"product","link":"https:\/\/www.diukoptyk.pl\/pl\/produkt\/silhouette-4566-7580\/","title":{"rendered":"Silhouette 4566 7580"},"content":{"rendered":"<p><strong data-start=\"521\" data-end=\"534\">Dla kogo:<\/strong><br data-start=\"534\" data-end=\"537\" \/>Dla kobiet, kt\u00f3re ceni\u0105 <strong data-start=\"573\" data-end=\"606\" data-is-only-node=\"\">elegancj\u0119 w subtelnym wydaniu<\/strong>. Model 4566 7580 idealnie pasuje do os\u00f3b o wyrafinowanym gu\u015bcie, szukaj\u0105cych okular\u00f3w, kt\u00f3re podkre\u015bl\u0105 ich indywidualno\u015b\u0107 \u2014 z nut\u0105 luksusu i nowoczesno\u015bci, charakterystyczn\u0105 dla marki <strong data-start=\"791\" data-end=\"805\">Silhouette<\/strong>.<\/p>\n","protected":false},"excerpt":{"rendered":"<p>Model <strong data-start=\"56\" data-end=\"80\" data-is-only-node=\"\">Silhouette 4566 7580<\/strong> to wyrafinowane po\u0142\u0105czenie lekko\u015bci i elegancji w nowoczesnej formie. Subtelna, pe\u0142na oprawa w odcieniu <strong data-start=\"185\" data-end=\"207\">Matte Gold \/ Black<\/strong> zachwyca minimalistycznym designem i wyj\u0105tkow\u0105 dba\u0142o\u015bci\u0105 o detale. Geometryczny kszta\u0142t soczewek dodaje ca\u0142o\u015bci lekko futurystycznego, ale wci\u0105\u017c niezwykle klasycznego charakteru. Wykonane z najwy\u017cszej jako\u015bci materia\u0142\u00f3w, okulary te s\u0105 niemal niewyczuwalne na twarzy, gwarantuj\u0105c doskona\u0142y komfort u\u017cytkowania.<\/p>\n","protected":false},"featured_media":3982,"template":"","meta":{"_acf_changed":false,"_joinchat":[]},"product_brand":[351],"product_cat":[32,51],"product_tag":[],"model":[],"class_list":{"0":"post-3947","1":"product","2":"type-product","3":"status-publish","4":"has-post-thumbnail","6":"product_brand-silhouette","7":"product_cat-damskie","8":"product_cat-okulary-korekcyjne","10":"first","11":"outofstock","12":"shipping-taxable","13":"purchasable","14":"product-type-simple"},"acf":[],"aioseo_notices":[],"_links":{"self":[{"href":"https:\/\/www.diukoptyk.pl\/pl\/wp-json\/wp\/v2\/product\/3947","targetHints":{"allow":["GET"]}}],"collection":[{"href":"https:\/\/www.diukoptyk.pl\/pl\/wp-json\/wp\/v2\/product"}],"about":[{"href":"https:\/\/www.diukoptyk.pl\/pl\/wp-json\/wp\/v2\/types\/product"}],"version-history":[{"count":1,"href":"https:\/\/www.diukoptyk.pl\/pl\/wp-json\/wp\/v2\/product\/3947\/revisions"}],"predecessor-version":[{"id":3948,"href":"https:\/\/www.diukoptyk.pl\/pl\/wp-json\/wp\/v2\/product\/3947\/revisions\/3948"}],"wp:featuredmedia":[{"embeddable":true,"href":"https:\/\/www.diukoptyk.pl\/pl\/wp-json\/wp\/v2\/media\/3982"}],"wp:attachment":[{"href":"https:\/\/www.diukoptyk.pl\/pl\/wp-json\/wp\/v2\/media?parent=3947"}],"wp:term":[{"taxonomy":"product_brand","embeddable":true,"href":"https:\/\/www.diukoptyk.pl\/pl\/wp-json\/wp\/v2\/product_brand?post=3947"},{"taxonomy":"product_cat","embeddable":true,"href":"https:\/\/www.diukoptyk.pl\/pl\/wp-json\/wp\/v2\/product_cat?post=3947"},{"taxonomy":"product_tag","embeddable":true,"href":"https:\/\/www.diukoptyk.pl\/pl\/wp-json\/wp\/v2\/product_tag?post=3947"},{"taxonomy":"model","embeddable":true,"href":"https:\/\/www.diukoptyk.pl\/pl\/wp-json\/wp\/v2\/model?post=3947"}],"curies":[{"name":"wp","href":"https:\/\/api.w.org\/{rel}","templated":true}]}}