{"id":3937,"date":"2025-10-29T20:12:40","date_gmt":"2025-10-29T19:12:40","guid":{"rendered":"https:\/\/www.diukoptyk.pl\/?post_type=product&#038;p=3937"},"modified":"2026-03-05T15:19:12","modified_gmt":"2026-03-05T14:19:12","slug":"silhouette-2976-9060","status":"publish","type":"product","link":"https:\/\/www.diukoptyk.pl\/pl\/produkt\/silhouette-2976-9060\/","title":{"rendered":"Silhouette 2976 9060"},"content":{"rendered":"<p><strong data-start=\"487\" data-end=\"500\">Dla kogo:<\/strong><br data-start=\"500\" data-end=\"503\" \/>Dla os\u00f3b poszukuj\u0105cych <strong data-start=\"526\" data-end=\"573\" data-is-only-node=\"\">uniwersalnych, lekkich i stylowych okular\u00f3w<\/strong>, kt\u00f3re pasuj\u0105 zar\u00f3wno do eleganckich stylizacji, jak i codziennego, swobodnego looku. Model 2976 9060 sprawdzi si\u0119 doskonale u kobiet i m\u0119\u017cczyzn ceni\u0105cych <strong data-start=\"729\" data-end=\"772\">czysto\u015b\u0107 formy i wygod\u0119 bez kompromis\u00f3w<\/strong>.<\/p>\n","protected":false},"excerpt":{"rendered":"<p data-start=\"31\" data-end=\"485\">Model <strong data-start=\"56\" data-end=\"80\" data-is-only-node=\"\">Silhouette 2976 9060<\/strong> to kwintesencja wsp\u00f3\u0142czesnej elegancji w lekkiej, organicznej formie. Okr\u0105g\u0142a oprawa w kolorze <strong data-start=\"176\" data-end=\"190\">Black Onyx<\/strong> \u0142\u0105czy klasyk\u0119 z nowoczesno\u015bci\u0105, tworz\u0105c harmonijny balans pomi\u0119dzy subtelno\u015bci\u0105 a charakterem. Wykonana z ultralekkiego materia\u0142u <strong data-start=\"321\" data-end=\"330\">SPX\u00ae+<\/strong>, gwarantuje maksymalny komfort noszenia, elastyczno\u015b\u0107 i trwa\u0142o\u015b\u0107. Delikatne, minimalistyczne wyko\u0144czenia podkre\u015blaj\u0105 ponadczasowy styl marki Silhouette.<\/p>\n","protected":false},"featured_media":3940,"template":"","meta":{"_acf_changed":false,"_joinchat":[]},"product_brand":[351],"product_cat":[32,37,51,35],"product_tag":[],"model":[],"class_list":{"0":"post-3937","1":"product","2":"type-product","3":"status-publish","4":"has-post-thumbnail","6":"product_brand-silhouette","7":"product_cat-damskie","8":"product_cat-meskie","9":"product_cat-okulary-korekcyjne","10":"product_cat-unisex","12":"first","13":"outofstock","14":"shipping-taxable","15":"purchasable","16":"product-type-simple"},"acf":[],"aioseo_notices":[],"_links":{"self":[{"href":"https:\/\/www.diukoptyk.pl\/pl\/wp-json\/wp\/v2\/product\/3937","targetHints":{"allow":["GET"]}}],"collection":[{"href":"https:\/\/www.diukoptyk.pl\/pl\/wp-json\/wp\/v2\/product"}],"about":[{"href":"https:\/\/www.diukoptyk.pl\/pl\/wp-json\/wp\/v2\/types\/product"}],"version-history":[{"count":1,"href":"https:\/\/www.diukoptyk.pl\/pl\/wp-json\/wp\/v2\/product\/3937\/revisions"}],"predecessor-version":[{"id":3941,"href":"https:\/\/www.diukoptyk.pl\/pl\/wp-json\/wp\/v2\/product\/3937\/revisions\/3941"}],"wp:featuredmedia":[{"embeddable":true,"href":"https:\/\/www.diukoptyk.pl\/pl\/wp-json\/wp\/v2\/media\/3940"}],"wp:attachment":[{"href":"https:\/\/www.diukoptyk.pl\/pl\/wp-json\/wp\/v2\/media?parent=3937"}],"wp:term":[{"taxonomy":"product_brand","embeddable":true,"href":"https:\/\/www.diukoptyk.pl\/pl\/wp-json\/wp\/v2\/product_brand?post=3937"},{"taxonomy":"product_cat","embeddable":true,"href":"https:\/\/www.diukoptyk.pl\/pl\/wp-json\/wp\/v2\/product_cat?post=3937"},{"taxonomy":"product_tag","embeddable":true,"href":"https:\/\/www.diukoptyk.pl\/pl\/wp-json\/wp\/v2\/product_tag?post=3937"},{"taxonomy":"model","embeddable":true,"href":"https:\/\/www.diukoptyk.pl\/pl\/wp-json\/wp\/v2\/model?post=3937"}],"curies":[{"name":"wp","href":"https:\/\/api.w.org\/{rel}","templated":true}]}}