{"id":3919,"date":"2025-10-29T19:52:01","date_gmt":"2025-10-29T18:52:01","guid":{"rendered":"https:\/\/www.diukoptyk.pl\/?post_type=product&#038;p=3919"},"modified":"2026-03-05T16:05:47","modified_gmt":"2026-03-05T15:05:47","slug":"silhouette-2962-9440","status":"publish","type":"product","link":"https:\/\/www.diukoptyk.pl\/pl\/produkt\/silhouette-2962-9440\/","title":{"rendered":"Silhouette 2962 9440"},"content":{"rendered":"<p><strong data-start=\"406\" data-end=\"419\">Dla kogo:<\/strong><br data-start=\"419\" data-end=\"422\" \/>Dla m\u0119\u017cczyzn i kobiet ceni\u0105cych <strong data-start=\"454\" data-end=\"519\" data-is-only-node=\"\">elegancj\u0119 bez przesady i funkcjonalno\u015b\u0107 w najczystszej formie<\/strong>. Idealne dla os\u00f3b, kt\u00f3re poszukuj\u0105 okular\u00f3w codziennych \u2014 dyskretnych, ale wyrafinowanych. Model 2962 9440 doskonale dope\u0142ni zar\u00f3wno profesjonalny, jak i casualowy wizerunek.<\/p>\n","protected":false},"excerpt":{"rendered":"<p>Model <strong data-start=\"56\" data-end=\"80\" data-is-only-node=\"\">Silhouette 2962 9440<\/strong> to nowoczesna interpretacja klasycznej formy w duchu minimalizmu. Pe\u0142na oprawa w odcieniu <strong data-start=\"171\" data-end=\"232\">matowego granatu z delikatnym przej\u015bciem w g\u0142\u0119boki grafit<\/strong> zachwyca subtelno\u015bci\u0105 i precyzj\u0105 wykonania. Wykonana z ultralekkiego materia\u0142u SPX\u00ae, \u0142\u0105czy w sobie elastyczno\u015b\u0107 i wytrzyma\u0142o\u015b\u0107, gwarantuj\u0105c niezr\u00f3wnany komfort noszenia.<\/p>\n","protected":false},"featured_media":3925,"template":"","meta":{"_acf_changed":false,"_joinchat":[]},"product_brand":[351],"product_cat":[32,37,51,35],"product_tag":[],"model":[],"class_list":{"0":"post-3919","1":"product","2":"type-product","3":"status-publish","4":"has-post-thumbnail","6":"product_brand-silhouette","7":"product_cat-damskie","8":"product_cat-meskie","9":"product_cat-okulary-korekcyjne","10":"product_cat-unisex","12":"first","13":"instock","14":"shipping-taxable","15":"purchasable","16":"product-type-simple"},"acf":[],"aioseo_notices":[],"_links":{"self":[{"href":"https:\/\/www.diukoptyk.pl\/pl\/wp-json\/wp\/v2\/product\/3919","targetHints":{"allow":["GET"]}}],"collection":[{"href":"https:\/\/www.diukoptyk.pl\/pl\/wp-json\/wp\/v2\/product"}],"about":[{"href":"https:\/\/www.diukoptyk.pl\/pl\/wp-json\/wp\/v2\/types\/product"}],"version-history":[{"count":1,"href":"https:\/\/www.diukoptyk.pl\/pl\/wp-json\/wp\/v2\/product\/3919\/revisions"}],"predecessor-version":[{"id":3926,"href":"https:\/\/www.diukoptyk.pl\/pl\/wp-json\/wp\/v2\/product\/3919\/revisions\/3926"}],"wp:featuredmedia":[{"embeddable":true,"href":"https:\/\/www.diukoptyk.pl\/pl\/wp-json\/wp\/v2\/media\/3925"}],"wp:attachment":[{"href":"https:\/\/www.diukoptyk.pl\/pl\/wp-json\/wp\/v2\/media?parent=3919"}],"wp:term":[{"taxonomy":"product_brand","embeddable":true,"href":"https:\/\/www.diukoptyk.pl\/pl\/wp-json\/wp\/v2\/product_brand?post=3919"},{"taxonomy":"product_cat","embeddable":true,"href":"https:\/\/www.diukoptyk.pl\/pl\/wp-json\/wp\/v2\/product_cat?post=3919"},{"taxonomy":"product_tag","embeddable":true,"href":"https:\/\/www.diukoptyk.pl\/pl\/wp-json\/wp\/v2\/product_tag?post=3919"},{"taxonomy":"model","embeddable":true,"href":"https:\/\/www.diukoptyk.pl\/pl\/wp-json\/wp\/v2\/model?post=3919"}],"curies":[{"name":"wp","href":"https:\/\/api.w.org\/{rel}","templated":true}]}}