{"id":3909,"date":"2025-10-29T16:28:06","date_gmt":"2025-10-29T15:28:06","guid":{"rendered":"https:\/\/www.diukoptyk.pl\/?post_type=product&#038;p=3909"},"modified":"2026-04-01T19:05:28","modified_gmt":"2026-04-01T17:05:28","slug":"silhouette-1623-5530","status":"publish","type":"product","link":"https:\/\/www.diukoptyk.pl\/pl\/produkt\/silhouette-1623-5530\/","title":{"rendered":"Silhouette 1623 5530"},"content":{"rendered":"<p><strong data-start=\"400\" data-end=\"413\">Dla kogo:<\/strong><br data-start=\"413\" data-end=\"416\" \/>Dla kobiet, kt\u00f3re ceni\u0105 <strong data-start=\"440\" data-end=\"480\" data-is-only-node=\"\">minimalistyczny design z nut\u0105 koloru<\/strong>. Idealne dla os\u00f3b, kt\u00f3re chc\u0105 subtelnie wyr\u00f3\u017cni\u0107 si\u0119 w t\u0142umie, zachowuj\u0105c elegancj\u0119 i lekko\u015b\u0107 charakterystyczn\u0105 dla marki Silhouette. \u015awietne zar\u00f3wno do codziennego noszenia, jak i dope\u0142nienia bardziej wyrafinowanych stylizacji.<\/p>\n","protected":false},"excerpt":{"rendered":"<p>Model <strong data-start=\"56\" data-end=\"80\" data-is-only-node=\"\">Silhouette 1623 5530<\/strong> to po\u0142\u0105czenie subtelnej elegancji z nowoczesn\u0105 lekko\u015bci\u0105. Pe\u0142na oprawa w wyj\u0105tkowym odcieniu <strong data-start=\"174\" data-end=\"211\">matowej zieleni z akcentami z\u0142ota<\/strong> zachwyca \u015bwie\u017co\u015bci\u0105 i naturalnym wdzi\u0119kiem. Delikatna linia frontu i smuk\u0142e zauszniki sprawiaj\u0105, \u017ce okulary doskonale dopasowuj\u0105 si\u0119 do twarzy, gwarantuj\u0105c komfort i ponadczasowy styl.<\/p>\n","protected":false},"featured_media":3912,"template":"","meta":{"_acf_changed":false,"_joinchat":[]},"product_brand":[351],"product_cat":[32,51],"product_tag":[],"model":[],"class_list":{"0":"post-3909","1":"product","2":"type-product","3":"status-publish","4":"has-post-thumbnail","6":"product_brand-silhouette","7":"product_cat-damskie","8":"product_cat-okulary-korekcyjne","10":"first","11":"outofstock","12":"shipping-taxable","13":"purchasable","14":"product-type-simple"},"acf":[],"aioseo_notices":[],"_links":{"self":[{"href":"https:\/\/www.diukoptyk.pl\/pl\/wp-json\/wp\/v2\/product\/3909","targetHints":{"allow":["GET"]}}],"collection":[{"href":"https:\/\/www.diukoptyk.pl\/pl\/wp-json\/wp\/v2\/product"}],"about":[{"href":"https:\/\/www.diukoptyk.pl\/pl\/wp-json\/wp\/v2\/types\/product"}],"version-history":[{"count":1,"href":"https:\/\/www.diukoptyk.pl\/pl\/wp-json\/wp\/v2\/product\/3909\/revisions"}],"predecessor-version":[{"id":3913,"href":"https:\/\/www.diukoptyk.pl\/pl\/wp-json\/wp\/v2\/product\/3909\/revisions\/3913"}],"wp:featuredmedia":[{"embeddable":true,"href":"https:\/\/www.diukoptyk.pl\/pl\/wp-json\/wp\/v2\/media\/3912"}],"wp:attachment":[{"href":"https:\/\/www.diukoptyk.pl\/pl\/wp-json\/wp\/v2\/media?parent=3909"}],"wp:term":[{"taxonomy":"product_brand","embeddable":true,"href":"https:\/\/www.diukoptyk.pl\/pl\/wp-json\/wp\/v2\/product_brand?post=3909"},{"taxonomy":"product_cat","embeddable":true,"href":"https:\/\/www.diukoptyk.pl\/pl\/wp-json\/wp\/v2\/product_cat?post=3909"},{"taxonomy":"product_tag","embeddable":true,"href":"https:\/\/www.diukoptyk.pl\/pl\/wp-json\/wp\/v2\/product_tag?post=3909"},{"taxonomy":"model","embeddable":true,"href":"https:\/\/www.diukoptyk.pl\/pl\/wp-json\/wp\/v2\/model?post=3909"}],"curies":[{"name":"wp","href":"https:\/\/api.w.org\/{rel}","templated":true}]}}