{"id":3904,"date":"2025-10-29T16:14:07","date_gmt":"2025-10-29T15:14:07","guid":{"rendered":"https:\/\/www.diukoptyk.pl\/?post_type=product&#038;p=3904"},"modified":"2026-03-05T16:06:40","modified_gmt":"2026-03-05T15:06:40","slug":"silhouette-1621-4510","status":"publish","type":"product","link":"https:\/\/www.diukoptyk.pl\/pl\/produkt\/silhouette-1621-4510\/","title":{"rendered":"Silhouette 1621 4510"},"content":{"rendered":"<p><strong data-start=\"456\" data-end=\"469\">Dla kogo:<\/strong><br data-start=\"469\" data-end=\"472\" \/>Dla kobiet, kt\u00f3re ceni\u0105 <strong data-start=\"496\" data-end=\"539\" data-is-only-node=\"\">nowoczesny minimalizm i kobiec\u0105 lekko\u015b\u0107<\/strong>. Idealne do codziennego noszenia, zar\u00f3wno w biurze, jak i poza nim. Model 1621 4510 to wyb\u00f3r dla os\u00f3b, kt\u00f3re lubi\u0105 elegancj\u0119 bez przesady \u2014 subtelny detal w s\u0142u\u017cbie wyrafinowanego stylu.<\/p>\n","protected":false},"excerpt":{"rendered":"<p>Model <strong data-start=\"56\" data-end=\"80\" data-is-only-node=\"\">Silhouette 1621 4510<\/strong> to po\u0142\u0105czenie lekko\u015bci i wsp\u00f3\u0142czesnej elegancji w wyrazie, kt\u00f3ry zachwyca subteln\u0105 form\u0105. Pe\u0142na oprawa w odcieniu <strong data-start=\"195\" data-end=\"222\">transparentnego granatu<\/strong> nadaje twarzy \u015bwie\u017co\u015bci i nowoczesnego charakteru, zachowuj\u0105c przy tym wyj\u0105tkowy komfort noszenia \u2014 charakterystyczny dla marki Silhouette. Smuk\u0142e linie i delikatne wyko\u0144czenia podkre\u015blaj\u0105 minimalistyczny, ale zdecydowany design.<\/p>\n","protected":false},"featured_media":3907,"template":"","meta":{"_acf_changed":false,"_joinchat":[]},"product_brand":[351],"product_cat":[32,51],"product_tag":[],"model":[],"class_list":{"0":"post-3904","1":"product","2":"type-product","3":"status-publish","4":"has-post-thumbnail","6":"product_brand-silhouette","7":"product_cat-damskie","8":"product_cat-okulary-korekcyjne","10":"first","11":"instock","12":"shipping-taxable","13":"purchasable","14":"product-type-simple"},"acf":[],"aioseo_notices":[],"_links":{"self":[{"href":"https:\/\/www.diukoptyk.pl\/pl\/wp-json\/wp\/v2\/product\/3904","targetHints":{"allow":["GET"]}}],"collection":[{"href":"https:\/\/www.diukoptyk.pl\/pl\/wp-json\/wp\/v2\/product"}],"about":[{"href":"https:\/\/www.diukoptyk.pl\/pl\/wp-json\/wp\/v2\/types\/product"}],"version-history":[{"count":1,"href":"https:\/\/www.diukoptyk.pl\/pl\/wp-json\/wp\/v2\/product\/3904\/revisions"}],"predecessor-version":[{"id":3908,"href":"https:\/\/www.diukoptyk.pl\/pl\/wp-json\/wp\/v2\/product\/3904\/revisions\/3908"}],"wp:featuredmedia":[{"embeddable":true,"href":"https:\/\/www.diukoptyk.pl\/pl\/wp-json\/wp\/v2\/media\/3907"}],"wp:attachment":[{"href":"https:\/\/www.diukoptyk.pl\/pl\/wp-json\/wp\/v2\/media?parent=3904"}],"wp:term":[{"taxonomy":"product_brand","embeddable":true,"href":"https:\/\/www.diukoptyk.pl\/pl\/wp-json\/wp\/v2\/product_brand?post=3904"},{"taxonomy":"product_cat","embeddable":true,"href":"https:\/\/www.diukoptyk.pl\/pl\/wp-json\/wp\/v2\/product_cat?post=3904"},{"taxonomy":"product_tag","embeddable":true,"href":"https:\/\/www.diukoptyk.pl\/pl\/wp-json\/wp\/v2\/product_tag?post=3904"},{"taxonomy":"model","embeddable":true,"href":"https:\/\/www.diukoptyk.pl\/pl\/wp-json\/wp\/v2\/model?post=3904"}],"curies":[{"name":"wp","href":"https:\/\/api.w.org\/{rel}","templated":true}]}}