{"id":3471,"date":"2025-10-17T12:47:17","date_gmt":"2025-10-17T10:47:17","guid":{"rendered":"https:\/\/www.diukoptyk.pl\/?post_type=product&#038;p=3471"},"modified":"2026-03-05T18:22:52","modified_gmt":"2026-03-05T17:22:52","slug":"jacques-marie-mage-molino-samoa","status":"publish","type":"product","link":"https:\/\/www.diukoptyk.pl\/pl\/produkt\/jacques-marie-mage-molino-samoa\/","title":{"rendered":"Jacques Marie Mage MOLINO (51) | SAMOA"},"content":{"rendered":"<h3 data-start=\"1511\" data-end=\"1530\"><strong data-start=\"1515\" data-end=\"1528\">Dla kogo:<\/strong><\/h3>\n<p data-start=\"1531\" data-end=\"1885\">Dla os\u00f3b, kt\u00f3re ceni\u0105 <strong data-start=\"1553\" data-end=\"1614\">ponadczasow\u0105 elegancj\u0119 po\u0142\u0105czon\u0105 z artystycznym zaci\u0119ciem<\/strong>.<br data-start=\"1615\" data-end=\"1618\" \/>Model <strong data-start=\"1624\" data-end=\"1643\">Molino in Samoa<\/strong> wybieraj\u0105 ci, kt\u00f3rzy szukaj\u0105 <strong data-start=\"1673\" data-end=\"1700\">charakteru bez przesady<\/strong>, <strong data-start=\"1702\" data-end=\"1721\">klasyki z dusz\u0105<\/strong> i <strong data-start=\"1724\" data-end=\"1760\">luksusu, kt\u00f3ry nie wymaga krzyku<\/strong>. Idealny dla <strong data-start=\"1774\" data-end=\"1828\">kolekcjoner\u00f3w, estet\u00f3w i tw\u00f3rczych indywidualist\u00f3w<\/strong>, kt\u00f3rzy rozumiej\u0105, \u017ce prawdziwy styl tkwi w szczeg\u00f3le.<\/p>\n","protected":false},"excerpt":{"rendered":"<h3 data-start=\"0\" data-end=\"46\"><strong data-start=\"4\" data-end=\"44\">JACQUES MARIE MAGE \u2013 MOLINO IN SAMOA<\/strong><\/h3>\n<p data-start=\"47\" data-end=\"122\"><strong data-start=\"47\" data-end=\"122\">Limitowana edycja 450 sztuk. Ikona stylu i symbol wyrafinowanego buntu.<\/strong><\/p>\n<p data-start=\"124\" data-end=\"465\">Model <strong data-start=\"130\" data-end=\"149\">Molino in Samoa<\/strong> to jedna z najbardziej rozpoznawalnych ikon marki Jacques Marie Mage \u2014 ho\u0142d dla <strong data-start=\"230\" data-end=\"251\">elegancji lat 60.<\/strong> i wsp\u00f3\u0142czesnego minimalizmu. R\u0119cznie wykonana z <strong data-start=\"300\" data-end=\"346\">10-milimetrowego acetatu w odcieniu Havana<\/strong>, oprawa zachwyca <strong data-start=\"364\" data-end=\"393\">czyst\u0105, prostok\u0105tn\u0105 lini\u0105<\/strong>, subtelnymi \u015bci\u0119ciami kraw\u0119dzi i <strong data-start=\"427\" data-end=\"462\">doskona\u0142ym wywa\u017ceniem proporcji<\/strong>.<\/p>\n<p data-start=\"467\" data-end=\"757\">Szczeg\u00f3ln\u0105 uwag\u0119 przyci\u0105gaj\u0105 <strong data-start=\"496\" data-end=\"514\">srebrne detale<\/strong>, w tym <strong data-start=\"522\" data-end=\"595\">charakterystyczne nity w kszta\u0142cie strza\u0142y (Signature Arrowhead Pins)<\/strong>, <strong data-start=\"597\" data-end=\"635\">r\u0119cznie grawerowany metalowy rdze\u0144<\/strong> oraz <strong data-start=\"641\" data-end=\"697\">siedmiobecz\u00adkowy zawias z nitami w kszta\u0142cie ostrogi<\/strong>, kt\u00f3re potwierdzaj\u0105 mistrzostwo japo\u0144skich rzemie\u015blnik\u00f3w.<\/p>\n<p data-start=\"759\" data-end=\"917\">Ca\u0142o\u015b\u0107 dope\u0142niaj\u0105 <strong data-start=\"777\" data-end=\"811\">soczewki CR39 w kolorze sienna<\/strong>, oferuj\u0105ce <strong data-start=\"823\" data-end=\"842\">100% ochrony UV<\/strong> i <strong data-start=\"845\" data-end=\"872\">pow\u0142ok\u0119 antyrefleksyjn\u0105<\/strong>, zapewniaj\u0105c\u0105 maksymalny komfort widzenia.<\/p>\n<hr data-start=\"919\" data-end=\"922\" \/>\n<p data-start=\"924\" data-end=\"946\"><strong data-start=\"924\" data-end=\"944\">Dane techniczne:<\/strong><\/p>\n<ul data-start=\"947\" data-end=\"1504\">\n<li data-start=\"947\" data-end=\"977\">\n<p data-start=\"949\" data-end=\"977\"><strong data-start=\"949\" data-end=\"959\">Model:<\/strong> Molino in Samoa<\/p>\n<\/li>\n<li data-start=\"978\" data-end=\"1032\">\n<p data-start=\"980\" data-end=\"1032\"><strong data-start=\"980\" data-end=\"993\">Kolekcja:<\/strong> Limited Production Batch (450 sztuk)<\/p>\n<\/li>\n<li data-start=\"1033\" data-end=\"1064\">\n<p data-start=\"1035\" data-end=\"1064\"><strong data-start=\"1035\" data-end=\"1054\">Kraj produkcji:<\/strong> Japonia<\/p>\n<\/li>\n<li data-start=\"1065\" data-end=\"1125\">\n<p data-start=\"1067\" data-end=\"1125\"><strong data-start=\"1067\" data-end=\"1080\">Materia\u0142:<\/strong> 10 mm acetat (Havana) z podw\u00f3jn\u0105 laminacj\u0105<\/p>\n<\/li>\n<li data-start=\"1126\" data-end=\"1172\">\n<p data-start=\"1128\" data-end=\"1172\"><strong data-start=\"1128\" data-end=\"1145\">Kolor oprawy:<\/strong> Havana \/ Sterling Silver<\/p>\n<\/li>\n<li data-start=\"1173\" data-end=\"1236\">\n<p data-start=\"1175\" data-end=\"1236\"><strong data-start=\"1175\" data-end=\"1194\">Kolor soczewek:<\/strong> Sienna CR39 (z pow\u0142ok\u0105 antyrefleksyjn\u0105)<\/p>\n<\/li>\n<li data-start=\"1237\" data-end=\"1436\">\n<p data-start=\"1239\" data-end=\"1252\"><strong data-start=\"1239\" data-end=\"1250\">Detale:<\/strong><\/p>\n<ul data-start=\"1255\" data-end=\"1436\">\n<li data-start=\"1255\" data-end=\"1294\">\n<p data-start=\"1257\" data-end=\"1294\">Sterling Silver Arrowhead Front Pin<\/p>\n<\/li>\n<li data-start=\"1297\" data-end=\"1345\">\n<p data-start=\"1299\" data-end=\"1345\">R\u0119cznie grawerowany srebrny rdze\u0144 (Wirecore)<\/p>\n<\/li>\n<li data-start=\"1348\" data-end=\"1398\">\n<p data-start=\"1350\" data-end=\"1398\">7-beczkowy zawias z nitami w kszta\u0142cie ostrogi<\/p>\n<\/li>\n<li data-start=\"1401\" data-end=\"1436\">\n<p data-start=\"1403\" data-end=\"1436\">Precyzyjne wyko\u0144czenia metalowe<\/p>\n<\/li>\n<\/ul>\n<\/li>\n<li data-start=\"1437\" data-end=\"1504\">\n<p data-start=\"1439\" data-end=\"1504\"><strong data-start=\"1439\" data-end=\"1450\">Zestaw:<\/strong> Etui, \u015bciereczka z mikrofibry, certyfikat limitacji<\/p>\n<\/li>\n<\/ul>\n","protected":false},"featured_media":3476,"template":"","meta":{"_acf_changed":false,"_joinchat":[]},"product_brand":[82],"product_cat":[37,30,35],"product_tag":[],"model":[410,390],"class_list":{"0":"post-3471","1":"product","2":"type-product","3":"status-publish","4":"has-post-thumbnail","6":"product_brand-jacques-marie-mage","7":"product_cat-meskie","8":"product_cat-okulary-przeciwsloneczne","9":"product_cat-unisex","10":"model-molino","11":"model-molino-51","13":"first","14":"instock","15":"shipping-taxable","16":"purchasable","17":"product-type-simple"},"acf":[],"aioseo_notices":[],"_links":{"self":[{"href":"https:\/\/www.diukoptyk.pl\/pl\/wp-json\/wp\/v2\/product\/3471","targetHints":{"allow":["GET"]}}],"collection":[{"href":"https:\/\/www.diukoptyk.pl\/pl\/wp-json\/wp\/v2\/product"}],"about":[{"href":"https:\/\/www.diukoptyk.pl\/pl\/wp-json\/wp\/v2\/types\/product"}],"version-history":[{"count":1,"href":"https:\/\/www.diukoptyk.pl\/pl\/wp-json\/wp\/v2\/product\/3471\/revisions"}],"predecessor-version":[{"id":4529,"href":"https:\/\/www.diukoptyk.pl\/pl\/wp-json\/wp\/v2\/product\/3471\/revisions\/4529"}],"wp:featuredmedia":[{"embeddable":true,"href":"https:\/\/www.diukoptyk.pl\/pl\/wp-json\/wp\/v2\/media\/3476"}],"wp:attachment":[{"href":"https:\/\/www.diukoptyk.pl\/pl\/wp-json\/wp\/v2\/media?parent=3471"}],"wp:term":[{"taxonomy":"product_brand","embeddable":true,"href":"https:\/\/www.diukoptyk.pl\/pl\/wp-json\/wp\/v2\/product_brand?post=3471"},{"taxonomy":"product_cat","embeddable":true,"href":"https:\/\/www.diukoptyk.pl\/pl\/wp-json\/wp\/v2\/product_cat?post=3471"},{"taxonomy":"product_tag","embeddable":true,"href":"https:\/\/www.diukoptyk.pl\/pl\/wp-json\/wp\/v2\/product_tag?post=3471"},{"taxonomy":"model","embeddable":true,"href":"https:\/\/www.diukoptyk.pl\/pl\/wp-json\/wp\/v2\/model?post=3471"}],"curies":[{"name":"wp","href":"https:\/\/api.w.org\/{rel}","templated":true}]}}