{"id":3457,"date":"2025-10-17T12:34:52","date_gmt":"2025-10-17T10:34:52","guid":{"rendered":"https:\/\/www.diukoptyk.pl\/?post_type=product&#038;p=3457"},"modified":"2026-03-05T18:22:24","modified_gmt":"2026-03-05T17:22:24","slug":"jacques-marie-mage-holden-samoa","status":"publish","type":"product","link":"https:\/\/www.diukoptyk.pl\/pl\/produkt\/jacques-marie-mage-holden-samoa\/","title":{"rendered":"Jacques Marie Mage HOLDEN | SAMOA"},"content":{"rendered":"<h3 data-start=\"1926\" data-end=\"1945\"><strong data-start=\"1930\" data-end=\"1943\">Dla kogo:<\/strong><\/h3>\n<p data-start=\"1946\" data-end=\"2297\">Dla estet\u00f3w, kt\u00f3rzy dostrzegaj\u0105 <strong data-start=\"1978\" data-end=\"2010\">pi\u0119kno w proporcji i \u015bwietle<\/strong>.<br data-start=\"2011\" data-end=\"2014\" \/>Model <strong data-start=\"2020\" data-end=\"2039\">Holden in Samoa<\/strong> przyci\u0105ga osoby o <strong data-start=\"2058\" data-end=\"2081\">artystycznym zmy\u015ble<\/strong>, kt\u00f3re \u0142\u0105cz\u0105 wra\u017cliwo\u015b\u0107 na detal z odwag\u0105 wyra\u017cania siebie.<br data-start=\"2141\" data-end=\"2144\" \/>To wyb\u00f3r dla tych, kt\u00f3rzy szukaj\u0105 <strong data-start=\"2178\" data-end=\"2218\">ciep\u0142a klasyki w nowoczesnym wydaniu<\/strong> \u2014 elegancji, kt\u00f3ra jest jednocze\u015bnie zmys\u0142owa, refleksyjna i niepowtarzalna.<\/p>\n","protected":false},"excerpt":{"rendered":"<h3 data-start=\"232\" data-end=\"278\"><strong data-start=\"236\" data-end=\"276\">JACQUES MARIE MAGE \u2013 HOLDEN IN SAMOA<\/strong><\/h3>\n<p data-start=\"279\" data-end=\"349\"><strong data-start=\"279\" data-end=\"349\">Limitowana edycja 300 sztuk. Geometryczna harmonia i si\u0142a \u015bwiat\u0142a.<\/strong><\/p>\n<p data-start=\"351\" data-end=\"806\">Model <strong data-start=\"357\" data-end=\"376\">Holden in Samoa<\/strong> to przyk\u0142ad mistrzowskiego po\u0142\u0105czenia <strong data-start=\"415\" data-end=\"461\">architektonicznej precyzji z poetyk\u0105 formy<\/strong>.<br data-start=\"462\" data-end=\"465\" \/>Wykonane z <strong data-start=\"476\" data-end=\"522\">10-milimetrowego acetatu w odcieniu Havana<\/strong>, okulary wyr\u00f3\u017cniaj\u0105 si\u0119 <strong data-start=\"547\" data-end=\"574\">heksagonalnym kszta\u0142tem<\/strong>, kt\u00f3ry nadaje ca\u0142o\u015bci nowoczesny, rze\u017abiarski charakter.<br data-start=\"631\" data-end=\"634\" \/>Ich wyj\u0105tkowy detal stanowi <strong data-start=\"662\" data-end=\"692\">metalowy rdze\u0144 \u201cBlow-dart\u201d<\/strong> w kolorze srebra \u2014 r\u0119cznie grawerowany i eksponowany wewn\u0105trz zausznik\u00f3w \u2014 symbol rzemios\u0142a Jacques Marie Mage.<\/p>\n<p data-start=\"808\" data-end=\"1170\">Wyko\u0144czenia w tonacji <strong data-start=\"830\" data-end=\"849\">Sterling Silver<\/strong>, w tym <strong data-start=\"857\" data-end=\"912\">nity w kszta\u0142cie strza\u0142y (Signature Arrowhead Pins)<\/strong> i <strong data-start=\"915\" data-end=\"962\">zawiasy monoblokowe z napi\u0119ciem spr\u0119\u017cynowym<\/strong>, podkre\u015blaj\u0105 techniczn\u0105 finezj\u0119 konstrukcji.<br data-start=\"1007\" data-end=\"1010\" \/>Soczewki <strong data-start=\"1019\" data-end=\"1045\">Superlight Bronze CR39<\/strong> z pow\u0142ok\u0105 antyrefleksyjn\u0105 oferuj\u0105 doskona\u0142\u0105 przejrzysto\u015b\u0107 i subtelne ciep\u0142o koloru, nadaj\u0105c ca\u0142o\u015bci mi\u0119kko\u015bci i elegancji.<\/p>\n<p data-start=\"1172\" data-end=\"1330\">Ka\u017cda para zosta\u0142a <strong data-start=\"1191\" data-end=\"1221\">r\u0119cznie wykonana w Japonii<\/strong> i powsta\u0142a w <strong data-start=\"1235\" data-end=\"1272\">limitowanej serii 250 egzemplarzy<\/strong>, czyni\u0105c z niej kolekcjonerski obiekt sztuki u\u017cytkowej.<\/p>\n<hr data-start=\"1332\" data-end=\"1335\" \/>\n<p data-start=\"1337\" data-end=\"1359\"><strong data-start=\"1337\" data-end=\"1357\">Dane techniczne:<\/strong><\/p>\n<ul data-start=\"1360\" data-end=\"1919\">\n<li data-start=\"1360\" data-end=\"1390\">\n<p data-start=\"1362\" data-end=\"1390\"><strong data-start=\"1362\" data-end=\"1372\">Model:<\/strong> Holden in Samoa<\/p>\n<\/li>\n<li data-start=\"1391\" data-end=\"1445\">\n<p data-start=\"1393\" data-end=\"1445\"><strong data-start=\"1393\" data-end=\"1406\">Kolekcja:<\/strong> Limited Production Batch (300 sztuk)<\/p>\n<\/li>\n<li data-start=\"1446\" data-end=\"1477\">\n<p data-start=\"1448\" data-end=\"1477\"><strong data-start=\"1448\" data-end=\"1467\">Kraj produkcji:<\/strong> Japonia<\/p>\n<\/li>\n<li data-start=\"1478\" data-end=\"1538\">\n<p data-start=\"1480\" data-end=\"1538\"><strong data-start=\"1480\" data-end=\"1493\">Materia\u0142:<\/strong> 10 mm acetat (Havana) z podw\u00f3jn\u0105 laminacj\u0105<\/p>\n<\/li>\n<li data-start=\"1539\" data-end=\"1585\">\n<p data-start=\"1541\" data-end=\"1585\"><strong data-start=\"1541\" data-end=\"1558\">Kolor oprawy:<\/strong> Havana \/ Sterling Silver<\/p>\n<\/li>\n<li data-start=\"1586\" data-end=\"1658\">\n<p data-start=\"1588\" data-end=\"1658\"><strong data-start=\"1588\" data-end=\"1607\">Kolor soczewek:<\/strong> Superlight Bronze CR39 z pow\u0142ok\u0105 antyrefleksyjn\u0105<\/p>\n<\/li>\n<li data-start=\"1659\" data-end=\"1854\">\n<p data-start=\"1661\" data-end=\"1674\"><strong data-start=\"1661\" data-end=\"1672\">Detale:<\/strong><\/p>\n<ul data-start=\"1677\" data-end=\"1854\">\n<li data-start=\"1677\" data-end=\"1732\">\n<p data-start=\"1679\" data-end=\"1732\">Nity w kszta\u0142cie strza\u0142y (Signature Arrowhead Pins)<\/p>\n<\/li>\n<li data-start=\"1735\" data-end=\"1775\">\n<p data-start=\"1737\" data-end=\"1775\">Ods\u0142oni\u0119ty srebrny rdze\u0144 \u201eBlow-dart\u201d<\/p>\n<\/li>\n<li data-start=\"1778\" data-end=\"1833\">\n<p data-start=\"1780\" data-end=\"1833\">Srebrne zawiasy monoblokowe z napi\u0119ciem spr\u0119\u017cynowym<\/p>\n<\/li>\n<li data-start=\"1836\" data-end=\"1854\">\n<p data-start=\"1838\" data-end=\"1854\">Tytanowe noski<\/p>\n<\/li>\n<\/ul>\n<\/li>\n<li data-start=\"1855\" data-end=\"1919\">\n<p data-start=\"1857\" data-end=\"1919\"><strong data-start=\"1857\" data-end=\"1868\">Zestaw:<\/strong> Luksusowe etui, \u015bciereczka, certyfikat limitacji<\/p>\n<\/li>\n<\/ul>\n","protected":false},"featured_media":3462,"template":"","meta":{"_acf_changed":false,"_joinchat":[]},"product_brand":[82],"product_cat":[32,37,51,35],"product_tag":[349],"model":[382],"class_list":{"0":"post-3457","1":"product","2":"type-product","3":"status-publish","4":"has-post-thumbnail","6":"product_brand-jacques-marie-mage","7":"product_cat-damskie","8":"product_cat-meskie","9":"product_cat-okulary-korekcyjne","10":"product_cat-unisex","11":"product_tag-jmmholrx-15d","12":"model-holden","14":"first","15":"outofstock","16":"shipping-taxable","17":"purchasable","18":"product-type-simple"},"acf":[],"aioseo_notices":[],"_links":{"self":[{"href":"https:\/\/www.diukoptyk.pl\/pl\/wp-json\/wp\/v2\/product\/3457","targetHints":{"allow":["GET"]}}],"collection":[{"href":"https:\/\/www.diukoptyk.pl\/pl\/wp-json\/wp\/v2\/product"}],"about":[{"href":"https:\/\/www.diukoptyk.pl\/pl\/wp-json\/wp\/v2\/types\/product"}],"version-history":[{"count":1,"href":"https:\/\/www.diukoptyk.pl\/pl\/wp-json\/wp\/v2\/product\/3457\/revisions"}],"predecessor-version":[{"id":4014,"href":"https:\/\/www.diukoptyk.pl\/pl\/wp-json\/wp\/v2\/product\/3457\/revisions\/4014"}],"wp:featuredmedia":[{"embeddable":true,"href":"https:\/\/www.diukoptyk.pl\/pl\/wp-json\/wp\/v2\/media\/3462"}],"wp:attachment":[{"href":"https:\/\/www.diukoptyk.pl\/pl\/wp-json\/wp\/v2\/media?parent=3457"}],"wp:term":[{"taxonomy":"product_brand","embeddable":true,"href":"https:\/\/www.diukoptyk.pl\/pl\/wp-json\/wp\/v2\/product_brand?post=3457"},{"taxonomy":"product_cat","embeddable":true,"href":"https:\/\/www.diukoptyk.pl\/pl\/wp-json\/wp\/v2\/product_cat?post=3457"},{"taxonomy":"product_tag","embeddable":true,"href":"https:\/\/www.diukoptyk.pl\/pl\/wp-json\/wp\/v2\/product_tag?post=3457"},{"taxonomy":"model","embeddable":true,"href":"https:\/\/www.diukoptyk.pl\/pl\/wp-json\/wp\/v2\/model?post=3457"}],"curies":[{"name":"wp","href":"https:\/\/api.w.org\/{rel}","templated":true}]}}