{"id":3446,"date":"2025-10-17T12:32:46","date_gmt":"2025-10-17T10:32:46","guid":{"rendered":"https:\/\/www.diukoptyk.pl\/?post_type=product&#038;p=3446"},"modified":"2026-03-05T18:22:14","modified_gmt":"2026-03-05T17:22:14","slug":"jacques-marie-mage-holden-brut","status":"publish","type":"product","link":"https:\/\/www.diukoptyk.pl\/pl\/produkt\/jacques-marie-mage-holden-brut\/","title":{"rendered":"Jacques Marie Mage HOLDEN | BRUT"},"content":{"rendered":"<h3 data-start=\"1831\" data-end=\"1850\"><strong data-start=\"1835\" data-end=\"1848\">Dla kogo:<\/strong><\/h3>\n<p data-start=\"1851\" data-end=\"2245\">Dla os\u00f3b, kt\u00f3re ceni\u0105 <strong data-start=\"1873\" data-end=\"1923\">odwag\u0119 formy i intelektualny charakter designu<\/strong>.<br data-start=\"1924\" data-end=\"1927\" \/>Model <strong data-start=\"1933\" data-end=\"1951\">Holden in Brut<\/strong> wybieraj\u0105 ci, kt\u00f3rzy w modzie szukaj\u0105 <strong data-start=\"1990\" data-end=\"2028\">dialogu mi\u0119dzy sztuk\u0105 a rzemios\u0142em<\/strong>, kt\u00f3rzy lubi\u0105 eksperymentowa\u0107 z kolorem, kszta\u0142tem i perspektyw\u0105.<br data-start=\"2094\" data-end=\"2097\" \/>To idealna propozycja dla <strong data-start=\"2123\" data-end=\"2172\">tw\u00f3rc\u00f3w, architekt\u00f3w, kolekcjoner\u00f3w i estet\u00f3w<\/strong>, dla kt\u00f3rych okulary s\u0105 nie dodatkiem, lecz <strong data-start=\"2217\" data-end=\"2242\">manifestem osobowo\u015bci<\/strong>.<\/p>\n","protected":false},"excerpt":{"rendered":"<h3 data-start=\"209\" data-end=\"254\"><strong data-start=\"213\" data-end=\"252\">JACQUES MARIE MAGE \u2013 HOLDEN IN BRUT<\/strong><\/h3>\n<p data-start=\"255\" data-end=\"331\"><strong data-start=\"255\" data-end=\"331\">Limitowana edycja 250 sztuk. Geometryczna precyzja. Artystyczna wolno\u015b\u0107.<\/strong><\/p>\n<p data-start=\"333\" data-end=\"756\">Model <strong data-start=\"339\" data-end=\"357\">Holden in Brut<\/strong> to mistrzowskie po\u0142\u0105czenie modernistycznej formy i emocjonalnej ekspresji \u2014 wyj\u0105tkowy projekt, w kt\u00f3rym <strong data-start=\"462\" data-end=\"500\">architektura spotyka si\u0119 ze sztuk\u0105<\/strong>.<br data-start=\"501\" data-end=\"504\" \/>Oprawa o <strong data-start=\"513\" data-end=\"555\">geometrycznym, heksagonalnym kszta\u0142cie<\/strong> zosta\u0142a wykonana z <strong data-start=\"575\" data-end=\"618\">krystalicznego acetatu o grubo\u015bci 10 mm<\/strong>, zdobionego <strong data-start=\"631\" data-end=\"694\">dwuwarstwowymi zausznikami z metalowym rdzeniem \u201eBlow-dart\u201d<\/strong> \u2014 charakterystycznym elementem kolekcji Jacques Marie Mage.<\/p>\n<p data-start=\"758\" data-end=\"1104\">Wyko\u0144czenia w odcieniu <strong data-start=\"781\" data-end=\"798\">jasnego z\u0142ota<\/strong>, w tym <strong data-start=\"806\" data-end=\"843\">metalowe nity w kszta\u0142cie strza\u0142y<\/strong> i <strong data-start=\"846\" data-end=\"877\">autorski monoblokowy zawias<\/strong>, dope\u0142niaj\u0105 estetyki z najwy\u017cszej p\u00f3\u0142ki.<br data-start=\"918\" data-end=\"921\" \/>Noski z tytanu zapewniaj\u0105 wyj\u0105tkowy komfort, a <strong data-start=\"968\" data-end=\"997\">superlekkie soczewki CR39<\/strong> w kolorze <strong data-start=\"1008\" data-end=\"1027\">jasnoniebieskim<\/strong> z pow\u0142ok\u0105 antyrefleksyjn\u0105 gwarantuj\u0105 klarowno\u015b\u0107 i subteln\u0105 ochron\u0119 wzroku.<\/p>\n<p data-start=\"1106\" data-end=\"1254\">Ka\u017cda para powstaje w <strong data-start=\"1128\" data-end=\"1139\">Japonii<\/strong> w limitowanej serii <strong data-start=\"1160\" data-end=\"1179\">250 egzemplarzy<\/strong>, b\u0119d\u0105c zar\u00f3wno obiektem u\u017cytkowym, jak i <strong data-start=\"1221\" data-end=\"1251\">dzie\u0142em sztuki do noszenia<\/strong>.<\/p>\n<hr data-start=\"1256\" data-end=\"1259\" \/>\n<p data-start=\"1261\" data-end=\"1283\"><strong data-start=\"1261\" data-end=\"1281\">Dane techniczne:<\/strong><\/p>\n<ul data-start=\"1284\" data-end=\"1824\">\n<li data-start=\"1284\" data-end=\"1313\">\n<p data-start=\"1286\" data-end=\"1313\"><strong data-start=\"1286\" data-end=\"1296\">Model:<\/strong> Holden in Brut<\/p>\n<\/li>\n<li data-start=\"1314\" data-end=\"1368\">\n<p data-start=\"1316\" data-end=\"1368\"><strong data-start=\"1316\" data-end=\"1329\">Kolekcja:<\/strong> Limited Production Batch (250 sztuk)<\/p>\n<\/li>\n<li data-start=\"1369\" data-end=\"1400\">\n<p data-start=\"1371\" data-end=\"1400\"><strong data-start=\"1371\" data-end=\"1390\">Kraj produkcji:<\/strong> Japonia<\/p>\n<\/li>\n<li data-start=\"1401\" data-end=\"1452\">\n<p data-start=\"1403\" data-end=\"1452\"><strong data-start=\"1403\" data-end=\"1416\">Materia\u0142:<\/strong> 10 mm acetat z metalowym rdzeniem<\/p>\n<\/li>\n<li data-start=\"1453\" data-end=\"1495\">\n<p data-start=\"1455\" data-end=\"1495\"><strong data-start=\"1455\" data-end=\"1472\">Kolor oprawy:<\/strong> Crystal \/ Light Gold<\/p>\n<\/li>\n<li data-start=\"1496\" data-end=\"1568\">\n<p data-start=\"1498\" data-end=\"1568\"><strong data-start=\"1498\" data-end=\"1517\">Kolor soczewek:<\/strong> Superlight Blue CR39 (z pow\u0142ok\u0105 antyrefleksyjn\u0105)<\/p>\n<\/li>\n<li data-start=\"1569\" data-end=\"1769\">\n<p data-start=\"1571\" data-end=\"1584\"><strong data-start=\"1571\" data-end=\"1582\">Detale:<\/strong><\/p>\n<ul data-start=\"1587\" data-end=\"1769\">\n<li data-start=\"1587\" data-end=\"1642\">\n<p data-start=\"1589\" data-end=\"1642\">Sygnowane nity w kszta\u0142cie strza\u0142y (Arrowhead Pins)<\/p>\n<\/li>\n<li data-start=\"1645\" data-end=\"1690\">\n<p data-start=\"1647\" data-end=\"1690\">Metalowy rdze\u0144 \u201eBlow-dart\u201d z grawerunkiem<\/p>\n<\/li>\n<li data-start=\"1693\" data-end=\"1711\">\n<p data-start=\"1695\" data-end=\"1711\">Tytanowe noski<\/p>\n<\/li>\n<li data-start=\"1714\" data-end=\"1769\">\n<p data-start=\"1716\" data-end=\"1769\">Autorski monoblokowy zawias z napi\u0119ciem spr\u0119\u017cynowym<\/p>\n<\/li>\n<\/ul>\n<\/li>\n<li data-start=\"1770\" data-end=\"1824\">\n<p data-start=\"1772\" data-end=\"1824\"><strong data-start=\"1772\" data-end=\"1783\">Zestaw:<\/strong> Etui, \u015bciereczka, certyfikat limitacji<\/p>\n<\/li>\n<\/ul>\n","protected":false},"featured_media":3453,"template":"","meta":{"_acf_changed":false,"_joinchat":[]},"product_brand":[82],"product_cat":[32,37,51,35],"product_tag":[350],"model":[382],"class_list":{"0":"post-3446","1":"product","2":"type-product","3":"status-publish","4":"has-post-thumbnail","6":"product_brand-jacques-marie-mage","7":"product_cat-damskie","8":"product_cat-meskie","9":"product_cat-okulary-korekcyjne","10":"product_cat-unisex","11":"product_tag-jmmholrx-14q","12":"model-holden","14":"first","15":"outofstock","16":"shipping-taxable","17":"purchasable","18":"product-type-simple"},"acf":[],"aioseo_notices":[],"_links":{"self":[{"href":"https:\/\/www.diukoptyk.pl\/pl\/wp-json\/wp\/v2\/product\/3446","targetHints":{"allow":["GET"]}}],"collection":[{"href":"https:\/\/www.diukoptyk.pl\/pl\/wp-json\/wp\/v2\/product"}],"about":[{"href":"https:\/\/www.diukoptyk.pl\/pl\/wp-json\/wp\/v2\/types\/product"}],"version-history":[{"count":1,"href":"https:\/\/www.diukoptyk.pl\/pl\/wp-json\/wp\/v2\/product\/3446\/revisions"}],"predecessor-version":[{"id":4018,"href":"https:\/\/www.diukoptyk.pl\/pl\/wp-json\/wp\/v2\/product\/3446\/revisions\/4018"}],"wp:featuredmedia":[{"embeddable":true,"href":"https:\/\/www.diukoptyk.pl\/pl\/wp-json\/wp\/v2\/media\/3453"}],"wp:attachment":[{"href":"https:\/\/www.diukoptyk.pl\/pl\/wp-json\/wp\/v2\/media?parent=3446"}],"wp:term":[{"taxonomy":"product_brand","embeddable":true,"href":"https:\/\/www.diukoptyk.pl\/pl\/wp-json\/wp\/v2\/product_brand?post=3446"},{"taxonomy":"product_cat","embeddable":true,"href":"https:\/\/www.diukoptyk.pl\/pl\/wp-json\/wp\/v2\/product_cat?post=3446"},{"taxonomy":"product_tag","embeddable":true,"href":"https:\/\/www.diukoptyk.pl\/pl\/wp-json\/wp\/v2\/product_tag?post=3446"},{"taxonomy":"model","embeddable":true,"href":"https:\/\/www.diukoptyk.pl\/pl\/wp-json\/wp\/v2\/model?post=3446"}],"curies":[{"name":"wp","href":"https:\/\/api.w.org\/{rel}","templated":true}]}}