{"id":3426,"date":"2025-10-17T12:06:49","date_gmt":"2025-10-17T10:06:49","guid":{"rendered":"https:\/\/www.diukoptyk.pl\/?post_type=product&#038;p=3426"},"modified":"2026-03-05T16:54:59","modified_gmt":"2026-03-05T15:54:59","slug":"valentino-v-stud-ii-vls-133-grey","status":"publish","type":"product","link":"https:\/\/www.diukoptyk.pl\/pl\/produkt\/valentino-v-stud-ii-vls-133-grey\/","title":{"rendered":"VALENTINO V-STUD II VLS-133 | GREY"},"content":{"rendered":"<h3 data-start=\"1522\" data-end=\"1541\"><strong data-start=\"1526\" data-end=\"1539\">Dla kogo:<\/strong><\/h3>\n<p data-start=\"1542\" data-end=\"1924\">Dla os\u00f3b, kt\u00f3re ceni\u0105 <strong data-start=\"1564\" data-end=\"1623\">czysto\u015b\u0107 formy, lekko\u015b\u0107 konstrukcji i nowoczesny luksus<\/strong>.<br data-start=\"1624\" data-end=\"1627\" \/>Model <strong data-start=\"1633\" data-end=\"1646\">V-STUD II<\/strong> b\u0119dzie idealny dla tych, kt\u00f3rzy poszukuj\u0105 opraw o <strong data-start=\"1697\" data-end=\"1730\">architektonicznym charakterze<\/strong>, subtelnie podkre\u015blaj\u0105cych inteligencj\u0119 i indywidualno\u015b\u0107.<br data-start=\"1788\" data-end=\"1791\" \/>To wyb\u00f3r dla perfekcjonist\u00f3w \u2013 ludzi, kt\u00f3rzy zauwa\u017caj\u0105 detale, a swoj\u0105 elegancj\u0119 definiuj\u0105 <strong data-start=\"1882\" data-end=\"1921\">prostot\u0105 i jako\u015bci\u0105 bez kompromis\u00f3w<\/strong>.<\/p>\n","protected":false},"excerpt":{"rendered":"<h3 data-start=\"189\" data-end=\"235\"><strong data-start=\"193\" data-end=\"233\">VALENTINO EYEWEAR \u2013 V-STUD II | GREY<\/strong><\/h3>\n<p data-start=\"236\" data-end=\"294\"><strong data-start=\"236\" data-end=\"294\">Architektura precyzji. Esencja wsp\u00f3\u0142czesnej elegancji.<\/strong><\/p>\n<p data-start=\"296\" data-end=\"623\">Model <strong data-start=\"302\" data-end=\"315\">V-STUD II<\/strong> to po\u0142\u0105czenie nowoczesnego minimalizmu z ponadczasowym stylem domu mody <strong data-start=\"388\" data-end=\"401\">Valentino<\/strong>.<br data-start=\"402\" data-end=\"405\" \/>Wykonane w ca\u0142o\u015bci z <strong data-start=\"426\" data-end=\"450\">tytanu klasy premium<\/strong>, oprawki zachwycaj\u0105 niezwyk\u0142\u0105 lekko\u015bci\u0105, trwa\u0142o\u015bci\u0105 i perfekcyjnym wywa\u017ceniem. Ka\u017cdy detal zosta\u0142 dopracowany z charakterystyczn\u0105 dla marki dba\u0142o\u015bci\u0105 o form\u0119 i proporcj\u0119.<\/p>\n<p data-start=\"625\" data-end=\"1025\">Inspirowane klasycznym kszta\u0142tem <strong data-start=\"658\" data-end=\"670\">aviatora<\/strong>, szk\u0142a delikatnie zw\u0119\u017caj\u0105 si\u0119 ku do\u0142owi, tworz\u0105c harmonijn\u0105 lini\u0119 mi\u0119dzy <strong data-start=\"744\" data-end=\"774\">elegancj\u0105 a nowoczesno\u015bci\u0105<\/strong>.<br data-start=\"775\" data-end=\"778\" \/>Dominuj\u0105cy <strong data-start=\"789\" data-end=\"814\">odcie\u0144 szarego tytanu<\/strong> nadaje im uniwersalny charakter \u2013 idealny zar\u00f3wno do codziennego, jak i formalnego stylu. Smuk\u0142e zauszniki oraz subtelne, metaliczne akcenty podkre\u015blaj\u0105 czyst\u0105 estetyk\u0119 projektu i jego ponadczasowy charakter.<\/p>\n<p data-start=\"1027\" data-end=\"1194\">Oprawki dostarczane s\u0105 w <strong data-start=\"1052\" data-end=\"1108\">eleganckim etui pokrytym materia\u0142em o fakturze sk\u00f3ry<\/strong>, kt\u00f3re podkre\u015bla luksusowy charakter kolekcji i zapewnia bezpieczne przechowywanie.<\/p>\n<hr data-start=\"1196\" data-end=\"1199\" \/>\n<p data-start=\"1201\" data-end=\"1223\"><strong data-start=\"1201\" data-end=\"1221\">Dane techniczne:<\/strong><\/p>\n<ul data-start=\"1224\" data-end=\"1515\">\n<li data-start=\"1224\" data-end=\"1273\">\n<p data-start=\"1226\" data-end=\"1273\"><strong data-start=\"1226\" data-end=\"1236\">Model:<\/strong> Valentino Eyewear V-STUD II | GREY<\/p>\n<\/li>\n<li data-start=\"1274\" data-end=\"1318\">\n<p data-start=\"1276\" data-end=\"1318\"><strong data-start=\"1276\" data-end=\"1289\">Kolekcja:<\/strong> Valentino Eyewear by Akoni<\/p>\n<\/li>\n<li data-start=\"1319\" data-end=\"1365\">\n<p data-start=\"1321\" data-end=\"1365\"><strong data-start=\"1321\" data-end=\"1333\">Kszta\u0142t:<\/strong> Aviator (inspirowany klasyk\u0105)<\/p>\n<\/li>\n<li data-start=\"1366\" data-end=\"1394\">\n<p data-start=\"1368\" data-end=\"1394\"><strong data-start=\"1368\" data-end=\"1381\">Materia\u0142:<\/strong> 100% tytan<\/p>\n<\/li>\n<li data-start=\"1395\" data-end=\"1424\">\n<p data-start=\"1397\" data-end=\"1424\"><strong data-start=\"1397\" data-end=\"1407\">Kolor:<\/strong> Satynowy szary<\/p>\n<\/li>\n<li data-start=\"1425\" data-end=\"1461\">\n<p data-start=\"1427\" data-end=\"1461\"><strong data-start=\"1427\" data-end=\"1441\">Wykonanie:<\/strong> R\u0119cznie w Japonii<\/p>\n<\/li>\n<li data-start=\"1462\" data-end=\"1515\">\n<p data-start=\"1464\" data-end=\"1515\"><strong data-start=\"1464\" data-end=\"1475\">Zestaw:<\/strong> Oryginalne etui, \u015bciereczka Valentino<\/p>\n<\/li>\n<\/ul>\n","protected":false},"featured_media":3428,"template":"","meta":{"_acf_changed":false,"_joinchat":[]},"product_brand":[347],"product_cat":[32,37,51,35],"product_tag":[],"model":[],"class_list":{"0":"post-3426","1":"product","2":"type-product","3":"status-publish","4":"has-post-thumbnail","6":"product_brand-valentino","7":"product_cat-damskie","8":"product_cat-meskie","9":"product_cat-okulary-korekcyjne","10":"product_cat-unisex","12":"first","13":"instock","14":"shipping-taxable","15":"purchasable","16":"product-type-simple"},"acf":[],"aioseo_notices":[],"_links":{"self":[{"href":"https:\/\/www.diukoptyk.pl\/pl\/wp-json\/wp\/v2\/product\/3426","targetHints":{"allow":["GET"]}}],"collection":[{"href":"https:\/\/www.diukoptyk.pl\/pl\/wp-json\/wp\/v2\/product"}],"about":[{"href":"https:\/\/www.diukoptyk.pl\/pl\/wp-json\/wp\/v2\/types\/product"}],"version-history":[{"count":1,"href":"https:\/\/www.diukoptyk.pl\/pl\/wp-json\/wp\/v2\/product\/3426\/revisions"}],"predecessor-version":[{"id":5187,"href":"https:\/\/www.diukoptyk.pl\/pl\/wp-json\/wp\/v2\/product\/3426\/revisions\/5187"}],"wp:featuredmedia":[{"embeddable":true,"href":"https:\/\/www.diukoptyk.pl\/pl\/wp-json\/wp\/v2\/media\/3428"}],"wp:attachment":[{"href":"https:\/\/www.diukoptyk.pl\/pl\/wp-json\/wp\/v2\/media?parent=3426"}],"wp:term":[{"taxonomy":"product_brand","embeddable":true,"href":"https:\/\/www.diukoptyk.pl\/pl\/wp-json\/wp\/v2\/product_brand?post=3426"},{"taxonomy":"product_cat","embeddable":true,"href":"https:\/\/www.diukoptyk.pl\/pl\/wp-json\/wp\/v2\/product_cat?post=3426"},{"taxonomy":"product_tag","embeddable":true,"href":"https:\/\/www.diukoptyk.pl\/pl\/wp-json\/wp\/v2\/product_tag?post=3426"},{"taxonomy":"model","embeddable":true,"href":"https:\/\/www.diukoptyk.pl\/pl\/wp-json\/wp\/v2\/model?post=3426"}],"curies":[{"name":"wp","href":"https:\/\/api.w.org\/{rel}","templated":true}]}}