{"id":3394,"date":"2025-10-17T09:09:21","date_gmt":"2025-10-17T07:09:21","guid":{"rendered":"https:\/\/www.diukoptyk.pl\/?post_type=product&#038;p=3394"},"modified":"2026-03-05T16:57:58","modified_gmt":"2026-03-05T15:57:58","slug":"valentino-v-stud-iii-gld","status":"publish","type":"product","link":"https:\/\/www.diukoptyk.pl\/pl\/produkt\/valentino-v-stud-iii-gld\/","title":{"rendered":"VALENTINO V-STUD-III | GLD"},"content":{"rendered":"<p><strong data-start=\"916\" data-end=\"929\">Dla kogo:<\/strong><br data-start=\"929\" data-end=\"932\" \/>Dla tych, kt\u00f3rzy nie potrzebuj\u0105 krzyku, by przyci\u0105ga\u0107 uwag\u0119.<br data-start=\"992\" data-end=\"995\" \/><strong data-start=\"995\" data-end=\"1009\">V-STUD III<\/strong> to luksus, kt\u00f3ry wyra\u017ca si\u0119 w ciszy detali \u2014 dla perfekcjonist\u00f3w formy i mi\u0142o\u015bnik\u00f3w designu, kt\u00f3ry zostaje w pami\u0119ci.<\/p>\n","protected":false},"excerpt":{"rendered":"<h3 data-start=\"0\" data-end=\"44\"><strong data-start=\"4\" data-end=\"42\">Valentino Eyewear \u2013 V-STUD III GLD<\/strong><\/h3>\n<p data-start=\"45\" data-end=\"82\"><strong data-start=\"45\" data-end=\"82\">Luksus w formie czystej precyzji.<\/strong><\/p>\n<p data-start=\"84\" data-end=\"405\">Model <strong data-start=\"90\" data-end=\"118\">Valentino V-STUD III SLV<\/strong> to oprawa, w kt\u00f3rej minimalizm spotyka si\u0119 z charakterem haute couture. Smuk\u0142a konstrukcja z <strong data-start=\"212\" data-end=\"232\">tytanu<\/strong> w kolorze z\u0142ota jest niemal niewyczuwalna, a jednocze\u015bnie hipnotyzuj\u0105co detaliczna \u2014 na \u0142\u0105czeniach znajdziesz kultowe <strong data-start=\"335\" data-end=\"354\">nity \u201eRockstud\u201d<\/strong>, b\u0119d\u0105ce symbolem si\u0142y i indywidualno\u015bci Valentino.<\/p>\n<p data-start=\"407\" data-end=\"624\">R\u0119cznie wykonane w Japonii te okulary \u0142\u0105cz\u0105 lekko\u015b\u0107 z architektoniczn\u0105 dok\u0142adno\u015bci\u0105.<br data-start=\"494\" data-end=\"497\" \/>Subtelne, okr\u0105g\u0142e soczewki r\u00f3wnowa\u017c\u0105 industrialny sznyt metalu, tworz\u0105c idealn\u0105 harmoni\u0119 mi\u0119dzy <strong data-start=\"593\" data-end=\"624\">finezj\u0105 a pewno\u015bci\u0105 siebie.<\/strong><\/p>\n<hr data-start=\"626\" data-end=\"629\" \/>\n<p data-start=\"631\" data-end=\"644\"><strong data-start=\"631\" data-end=\"642\">Detale:<\/strong><\/p>\n<ul data-start=\"645\" data-end=\"909\">\n<li data-start=\"645\" data-end=\"674\">\n<p data-start=\"647\" data-end=\"674\"><strong data-start=\"647\" data-end=\"657\">Model:<\/strong> V-STUD III SLV<\/p>\n<\/li>\n<li data-start=\"675\" data-end=\"719\">\n<p data-start=\"677\" data-end=\"719\"><strong data-start=\"677\" data-end=\"690\">Kolekcja:<\/strong> Valentino Eyewear by Akoni<\/p>\n<\/li>\n<li data-start=\"720\" data-end=\"752\">\n<p data-start=\"722\" data-end=\"752\"><strong data-start=\"722\" data-end=\"734\">Kszta\u0142t:<\/strong> okr\u0105g\u0142y (round)<\/p>\n<\/li>\n<li data-start=\"753\" data-end=\"781\">\n<p data-start=\"755\" data-end=\"781\"><strong data-start=\"755\" data-end=\"772\">Kolor oprawy:<\/strong> Gold<\/p>\n<\/li>\n<li data-start=\"782\" data-end=\"819\">\n<p data-start=\"784\" data-end=\"819\"><strong data-start=\"784\" data-end=\"797\">Materia\u0142:<\/strong> tytan klasy premium<\/p>\n<\/li>\n<li data-start=\"820\" data-end=\"874\">\n<p data-start=\"822\" data-end=\"874\"><strong data-start=\"822\" data-end=\"838\">Wyko\u0144czenie:<\/strong> elementy Rockstud z mikrograwerem<\/p>\n<\/li>\n<li data-start=\"875\" data-end=\"909\">\n<p data-start=\"877\" data-end=\"909\"><strong data-start=\"877\" data-end=\"909\">R\u0119cznie wykonane w Japoonii<\/strong><\/p>\n<\/li>\n<\/ul>\n","protected":false},"featured_media":3397,"template":"","meta":{"_acf_changed":false,"_joinchat":[]},"product_brand":[347],"product_cat":[32,51,35],"product_tag":[],"model":[],"class_list":{"0":"post-3394","1":"product","2":"type-product","3":"status-publish","4":"has-post-thumbnail","6":"product_brand-valentino","7":"product_cat-damskie","8":"product_cat-okulary-korekcyjne","9":"product_cat-unisex","11":"first","12":"instock","13":"shipping-taxable","14":"purchasable","15":"product-type-simple"},"acf":[],"aioseo_notices":[],"_links":{"self":[{"href":"https:\/\/www.diukoptyk.pl\/pl\/wp-json\/wp\/v2\/product\/3394","targetHints":{"allow":["GET"]}}],"collection":[{"href":"https:\/\/www.diukoptyk.pl\/pl\/wp-json\/wp\/v2\/product"}],"about":[{"href":"https:\/\/www.diukoptyk.pl\/pl\/wp-json\/wp\/v2\/types\/product"}],"version-history":[{"count":1,"href":"https:\/\/www.diukoptyk.pl\/pl\/wp-json\/wp\/v2\/product\/3394\/revisions"}],"predecessor-version":[{"id":5193,"href":"https:\/\/www.diukoptyk.pl\/pl\/wp-json\/wp\/v2\/product\/3394\/revisions\/5193"}],"wp:featuredmedia":[{"embeddable":true,"href":"https:\/\/www.diukoptyk.pl\/pl\/wp-json\/wp\/v2\/media\/3397"}],"wp:attachment":[{"href":"https:\/\/www.diukoptyk.pl\/pl\/wp-json\/wp\/v2\/media?parent=3394"}],"wp:term":[{"taxonomy":"product_brand","embeddable":true,"href":"https:\/\/www.diukoptyk.pl\/pl\/wp-json\/wp\/v2\/product_brand?post=3394"},{"taxonomy":"product_cat","embeddable":true,"href":"https:\/\/www.diukoptyk.pl\/pl\/wp-json\/wp\/v2\/product_cat?post=3394"},{"taxonomy":"product_tag","embeddable":true,"href":"https:\/\/www.diukoptyk.pl\/pl\/wp-json\/wp\/v2\/product_tag?post=3394"},{"taxonomy":"model","embeddable":true,"href":"https:\/\/www.diukoptyk.pl\/pl\/wp-json\/wp\/v2\/model?post=3394"}],"curies":[{"name":"wp","href":"https:\/\/api.w.org\/{rel}","templated":true}]}}