{"id":3355,"date":"2025-10-16T21:33:48","date_gmt":"2025-10-16T19:33:48","guid":{"rendered":"https:\/\/www.diukoptyk.pl\/?post_type=product&#038;p=3355"},"modified":"2026-03-05T14:07:54","modified_gmt":"2026-03-05T13:07:54","slug":"saint-laurent-sl-748-002","status":"publish","type":"product","link":"https:\/\/www.diukoptyk.pl\/pl\/produkt\/saint-laurent-sl-748-002\/","title":{"rendered":"SAINT LAURENT SL 748 | 002"},"content":{"rendered":"<p><strong data-start=\"981\" data-end=\"994\">Dla kogo:<\/strong><br data-start=\"994\" data-end=\"997\" \/>Dla os\u00f3b, kt\u00f3re ceni\u0105 <strong data-start=\"1019\" data-end=\"1067\">dyskrecj\u0119, autentyczno\u015b\u0107 i ponadczasowy styl<\/strong>.<br data-start=\"1068\" data-end=\"1071\" \/>Model <strong data-start=\"1077\" data-end=\"1091\">SL 748 002<\/strong> to uk\u0142on w stron\u0119 klasyki, ale z nowoczesnym, paryskim twistem \u2014 idealny zar\u00f3wno do stylizacji casualowych, jak i eleganckich.<\/p>\n","protected":false},"excerpt":{"rendered":"<h3 data-start=\"0\" data-end=\"36\"><strong data-start=\"4\" data-end=\"34\">Saint Laurent \u2013 SL 748 002<\/strong><\/h3>\n<p data-start=\"37\" data-end=\"75\"><strong data-start=\"37\" data-end=\"75\">Nowoczesna klasyka z nut\u0105 vintage.<\/strong><\/p>\n<p data-start=\"77\" data-end=\"324\">Model <strong data-start=\"83\" data-end=\"111\">Saint Laurent SL 748 002<\/strong> \u0142\u0105czy w sobie si\u0142\u0119 wsp\u00f3\u0142czesnego designu z ciep\u0142em tradycyjnego rzemios\u0142a. Br\u0105zowy, c\u0119tkowany acetat o wzorze <em data-start=\"222\" data-end=\"230\">Havana<\/em> przywo\u0142uje ducha paryskich kawiarni i fotografii analogowej \u2014 elegancki, ale z charakterem.<\/p>\n<p data-start=\"326\" data-end=\"518\">Delikatnie uniesiony kszta\u0142t frontu nadaje twarzy wyrazisto\u015bci, a srebrne logo <em data-start=\"405\" data-end=\"420\">Saint Laurent<\/em> wtopione w transparentn\u0105 struktur\u0119 zausznika to subtelny detal, kt\u00f3ry zdradza prawdziwy luksus.<\/p>\n<hr data-start=\"520\" data-end=\"523\" \/>\n<p data-start=\"525\" data-end=\"550\"><strong data-start=\"525\" data-end=\"548\">Detale i wykonanie:<\/strong><\/p>\n<ul data-start=\"551\" data-end=\"875\">\n<li data-start=\"551\" data-end=\"576\">\n<p data-start=\"553\" data-end=\"576\"><strong data-start=\"553\" data-end=\"563\">Model:<\/strong> SL 748 002<\/p>\n<\/li>\n<li data-start=\"577\" data-end=\"619\">\n<p data-start=\"579\" data-end=\"619\"><strong data-start=\"579\" data-end=\"591\">Kszta\u0142t:<\/strong> lekko kocie \/ prostok\u0105tne<\/p>\n<\/li>\n<li data-start=\"620\" data-end=\"689\">\n<p data-start=\"622\" data-end=\"689\"><strong data-start=\"622\" data-end=\"639\">Kolor oprawy:<\/strong> Havana (ciemny bursztyn z nieregularnym wzorem)<\/p>\n<\/li>\n<li data-start=\"690\" data-end=\"729\">\n<p data-start=\"692\" data-end=\"729\"><strong data-start=\"692\" data-end=\"705\">Materia\u0142:<\/strong> w\u0142oski acetat premium<\/p>\n<\/li>\n<li data-start=\"730\" data-end=\"761\">\n<p data-start=\"732\" data-end=\"761\"><strong data-start=\"732\" data-end=\"748\">Wyko\u0144czenie:<\/strong> b\u0142yszcz\u0105ce<\/p>\n<\/li>\n<li data-start=\"762\" data-end=\"844\">\n<p data-start=\"764\" data-end=\"844\"><strong data-start=\"764\" data-end=\"773\">Logo:<\/strong> metaliczny emblemat <em data-start=\"794\" data-end=\"809\">Saint Laurent<\/em> na wewn\u0119trznej stronie zausznika<\/p>\n<\/li>\n<li data-start=\"845\" data-end=\"875\">\n<p data-start=\"847\" data-end=\"875\"><strong data-start=\"847\" data-end=\"866\">Kraj produkcji:<\/strong> Japonia<\/p>\n<\/li>\n<\/ul>\n","protected":false},"featured_media":3358,"template":"","meta":{"_acf_changed":false,"_joinchat":[]},"product_brand":[345],"product_cat":[32,51],"product_tag":[],"model":[],"class_list":{"0":"post-3355","1":"product","2":"type-product","3":"status-publish","4":"has-post-thumbnail","6":"product_brand-saint-laurent","7":"product_cat-damskie","8":"product_cat-okulary-korekcyjne","10":"first","11":"instock","12":"shipping-taxable","13":"purchasable","14":"product-type-simple"},"acf":[],"aioseo_notices":[],"_links":{"self":[{"href":"https:\/\/www.diukoptyk.pl\/pl\/wp-json\/wp\/v2\/product\/3355","targetHints":{"allow":["GET"]}}],"collection":[{"href":"https:\/\/www.diukoptyk.pl\/pl\/wp-json\/wp\/v2\/product"}],"about":[{"href":"https:\/\/www.diukoptyk.pl\/pl\/wp-json\/wp\/v2\/types\/product"}],"version-history":[{"count":1,"href":"https:\/\/www.diukoptyk.pl\/pl\/wp-json\/wp\/v2\/product\/3355\/revisions"}],"predecessor-version":[{"id":5164,"href":"https:\/\/www.diukoptyk.pl\/pl\/wp-json\/wp\/v2\/product\/3355\/revisions\/5164"}],"wp:featuredmedia":[{"embeddable":true,"href":"https:\/\/www.diukoptyk.pl\/pl\/wp-json\/wp\/v2\/media\/3358"}],"wp:attachment":[{"href":"https:\/\/www.diukoptyk.pl\/pl\/wp-json\/wp\/v2\/media?parent=3355"}],"wp:term":[{"taxonomy":"product_brand","embeddable":true,"href":"https:\/\/www.diukoptyk.pl\/pl\/wp-json\/wp\/v2\/product_brand?post=3355"},{"taxonomy":"product_cat","embeddable":true,"href":"https:\/\/www.diukoptyk.pl\/pl\/wp-json\/wp\/v2\/product_cat?post=3355"},{"taxonomy":"product_tag","embeddable":true,"href":"https:\/\/www.diukoptyk.pl\/pl\/wp-json\/wp\/v2\/product_tag?post=3355"},{"taxonomy":"model","embeddable":true,"href":"https:\/\/www.diukoptyk.pl\/pl\/wp-json\/wp\/v2\/model?post=3355"}],"curies":[{"name":"wp","href":"https:\/\/api.w.org\/{rel}","templated":true}]}}