{"id":3329,"date":"2025-10-16T21:01:34","date_gmt":"2025-10-16T19:01:34","guid":{"rendered":"https:\/\/www.diukoptyk.pl\/?post_type=product&#038;p=3329"},"modified":"2026-03-05T14:09:23","modified_gmt":"2026-03-05T13:09:23","slug":"saint-laurent-sl-664-002","status":"publish","type":"product","link":"https:\/\/www.diukoptyk.pl\/pl\/produkt\/saint-laurent-sl-664-002\/","title":{"rendered":"SAINT LAURENT SL 664 | 002"},"content":{"rendered":"<p><strong data-start=\"921\" data-end=\"934\">Dla kogo:<\/strong><br data-start=\"934\" data-end=\"937\" \/>Dla m\u0119\u017cczyzn i kobiet, kt\u00f3rzy szukaj\u0105 <strong data-start=\"975\" data-end=\"1019\">ponadczasowego fasonu z paryskim sznytem<\/strong>.<br data-start=\"1020\" data-end=\"1023\" \/>Model <strong data-start=\"1029\" data-end=\"1043\">SL 664 002<\/strong> to wyb\u00f3r os\u00f3b, kt\u00f3re potrafi\u0105 doceni\u0107 jako\u015b\u0107, precyzj\u0119 i elegancj\u0119 bez nadmiaru \u2014 w duchu \u201eless, but better\u201d.<\/p>\n","protected":false},"excerpt":{"rendered":"<h3 data-start=\"0\" data-end=\"36\"><strong data-start=\"4\" data-end=\"34\">Saint Laurent \u2013 SL 664 002<\/strong><\/h3>\n<p data-start=\"37\" data-end=\"73\"><strong data-start=\"37\" data-end=\"71\">Klasyka w nowoczesnym wydaniu.<\/strong><\/p>\n<p data-start=\"75\" data-end=\"411\">Model <strong data-start=\"81\" data-end=\"109\">Saint Laurent SL 664 002<\/strong> to reinterpretacja ponadczasowej formy wayfarer, stworzona z my\u015bl\u0105 o tych, kt\u00f3rzy ceni\u0105 si\u0142\u0119 prostoty i dyskretny luksus. Harmonijna linia frontu i charakterystyczne zaokr\u0105glenia nadaj\u0105 mu lekko\u015bci, a <strong data-start=\"311\" data-end=\"348\">acetat w odcieniu ciemnego havana<\/strong> wprowadza ciep\u0142o i elegancj\u0119 typow\u0105 dla stylu Saint Laurent.<\/p>\n<p data-start=\"413\" data-end=\"521\">To oprawa, kt\u00f3ra doskonale \u0142\u0105czy styl vintage z nowoczesnym minimalizmem \u2014 wyrafinowana, ale niewymuszona.<\/p>\n<hr data-start=\"523\" data-end=\"526\" \/>\n<p data-start=\"528\" data-end=\"553\"><strong data-start=\"528\" data-end=\"551\">Detale i wykonanie:<\/strong><\/p>\n<ul data-start=\"554\" data-end=\"815\">\n<li data-start=\"554\" data-end=\"579\">\n<p data-start=\"556\" data-end=\"579\"><strong data-start=\"556\" data-end=\"566\">Model:<\/strong> SL 664 002<\/p>\n<\/li>\n<li data-start=\"580\" data-end=\"620\">\n<p data-start=\"582\" data-end=\"620\"><strong data-start=\"582\" data-end=\"594\">Kszta\u0142t:<\/strong> prostok\u0105tny \/ klasyczny<\/p>\n<\/li>\n<li data-start=\"621\" data-end=\"665\">\n<p data-start=\"623\" data-end=\"665\"><strong data-start=\"623\" data-end=\"640\">Kolor oprawy:<\/strong> Havana (Dark Tortoise)<\/p>\n<\/li>\n<li data-start=\"666\" data-end=\"705\">\n<p data-start=\"668\" data-end=\"705\"><strong data-start=\"668\" data-end=\"681\">Materia\u0142:<\/strong> w\u0142oski acetat premium<\/p>\n<\/li>\n<li data-start=\"706\" data-end=\"737\">\n<p data-start=\"708\" data-end=\"737\"><strong data-start=\"708\" data-end=\"724\">Wyko\u0144czenie:<\/strong> b\u0142yszcz\u0105ce<\/p>\n<\/li>\n<li data-start=\"738\" data-end=\"784\">\n<p data-start=\"740\" data-end=\"784\"><strong data-start=\"740\" data-end=\"749\">Logo:<\/strong> Saint Laurent Paris na zauszniku<\/p>\n<\/li>\n<li data-start=\"785\" data-end=\"815\">\n<p data-start=\"787\" data-end=\"815\"><strong data-start=\"787\" data-end=\"806\">Kraj produkcji:<\/strong> W\u0142ochy<\/p>\n<\/li>\n<\/ul>\n","protected":false},"featured_media":3332,"template":"","meta":{"_acf_changed":false,"_joinchat":[]},"product_brand":[345],"product_cat":[32,37,51],"product_tag":[],"model":[],"class_list":{"0":"post-3329","1":"product","2":"type-product","3":"status-publish","4":"has-post-thumbnail","6":"product_brand-saint-laurent","7":"product_cat-damskie","8":"product_cat-meskie","9":"product_cat-okulary-korekcyjne","11":"first","12":"instock","13":"shipping-taxable","14":"purchasable","15":"product-type-simple"},"acf":[],"aioseo_notices":[],"_links":{"self":[{"href":"https:\/\/www.diukoptyk.pl\/pl\/wp-json\/wp\/v2\/product\/3329","targetHints":{"allow":["GET"]}}],"collection":[{"href":"https:\/\/www.diukoptyk.pl\/pl\/wp-json\/wp\/v2\/product"}],"about":[{"href":"https:\/\/www.diukoptyk.pl\/pl\/wp-json\/wp\/v2\/types\/product"}],"version-history":[{"count":1,"href":"https:\/\/www.diukoptyk.pl\/pl\/wp-json\/wp\/v2\/product\/3329\/revisions"}],"predecessor-version":[{"id":5169,"href":"https:\/\/www.diukoptyk.pl\/pl\/wp-json\/wp\/v2\/product\/3329\/revisions\/5169"}],"wp:featuredmedia":[{"embeddable":true,"href":"https:\/\/www.diukoptyk.pl\/pl\/wp-json\/wp\/v2\/media\/3332"}],"wp:attachment":[{"href":"https:\/\/www.diukoptyk.pl\/pl\/wp-json\/wp\/v2\/media?parent=3329"}],"wp:term":[{"taxonomy":"product_brand","embeddable":true,"href":"https:\/\/www.diukoptyk.pl\/pl\/wp-json\/wp\/v2\/product_brand?post=3329"},{"taxonomy":"product_cat","embeddable":true,"href":"https:\/\/www.diukoptyk.pl\/pl\/wp-json\/wp\/v2\/product_cat?post=3329"},{"taxonomy":"product_tag","embeddable":true,"href":"https:\/\/www.diukoptyk.pl\/pl\/wp-json\/wp\/v2\/product_tag?post=3329"},{"taxonomy":"model","embeddable":true,"href":"https:\/\/www.diukoptyk.pl\/pl\/wp-json\/wp\/v2\/model?post=3329"}],"curies":[{"name":"wp","href":"https:\/\/api.w.org\/{rel}","templated":true}]}}