{"id":3314,"date":"2025-10-16T20:42:44","date_gmt":"2025-10-16T18:42:44","guid":{"rendered":"https:\/\/www.diukoptyk.pl\/?post_type=product&#038;p=3314"},"modified":"2026-03-05T14:10:13","modified_gmt":"2026-03-05T13:10:13","slug":"saint-laurent-sl-157-009","status":"publish","type":"product","link":"https:\/\/www.diukoptyk.pl\/pl\/produkt\/saint-laurent-sl-157-009\/","title":{"rendered":"SAINT LAURENT SL 157 | 009"},"content":{"rendered":"<p><strong data-start=\"1092\" data-end=\"1105\">Dla kogo:<\/strong><br data-start=\"1105\" data-end=\"1108\" \/>Dla os\u00f3b, kt\u00f3re ceni\u0105 <strong data-start=\"1130\" data-end=\"1175\">niezale\u017cno\u015b\u0107, klas\u0119 i ponadczasowy design<\/strong>.<br data-start=\"1176\" data-end=\"1179\" \/>Model <strong data-start=\"1185\" data-end=\"1199\">SL 157 009<\/strong> to idealne po\u0142\u0105czenie estetyki retro z nowoczesnym wyrafinowaniem \u2014 w duchu paryskiego szyku, dla tych, kt\u00f3rzy zawsze id\u0105 w\u0142asn\u0105 drog\u0105.<\/p>\n","protected":false},"excerpt":{"rendered":"<h3 data-start=\"0\" data-end=\"36\"><strong data-start=\"4\" data-end=\"34\">Saint Laurent \u2013 SL 157 009<\/strong><\/h3>\n<p data-start=\"37\" data-end=\"85\"><strong data-start=\"37\" data-end=\"83\">Ikona nowoczesnego stylu z duchem vintage.<\/strong><\/p>\n<p data-start=\"87\" data-end=\"346\">Model <strong data-start=\"93\" data-end=\"121\">Saint Laurent SL 157 009<\/strong> to reinterpretacja klasycznego fasonu aviator w wersji optycznej. Charakterystyczny podw\u00f3jny mostek i geometryczna linia frontu tworz\u0105 architektoniczn\u0105, zdecydowan\u0105 sylwetk\u0119, kt\u00f3ra podkre\u015bla niezale\u017cno\u015b\u0107 i si\u0142\u0119 osobowo\u015bci.<\/p>\n<p data-start=\"348\" data-end=\"592\">Wykonane z najwy\u017cszej jako\u015bci acetatu w g\u0142\u0119bokim odcieniu <strong data-start=\"406\" data-end=\"424\">ciemnego br\u0105zu<\/strong>, oprawki \u0142\u0105cz\u0105 elegancj\u0119 z nowoczesnym minimalizmem. Typowe dla Saint Laurent <strong data-start=\"503\" data-end=\"522\">srebrne akcenty<\/strong> na zausznikach dodaj\u0105 im ponadczasowego charakteru i wyrafinowania.<\/p>\n<hr data-start=\"594\" data-end=\"597\" \/>\n<p data-start=\"599\" data-end=\"624\"><strong data-start=\"599\" data-end=\"622\">Detale i wykonanie:<\/strong><\/p>\n<ul data-start=\"625\" data-end=\"986\">\n<li data-start=\"625\" data-end=\"650\">\n<p data-start=\"627\" data-end=\"650\"><strong data-start=\"627\" data-end=\"637\">Model:<\/strong> SL 157 009<\/p>\n<\/li>\n<li data-start=\"651\" data-end=\"685\">\n<p data-start=\"653\" data-end=\"685\"><strong data-start=\"653\" data-end=\"665\">Kszta\u0142t:<\/strong> aviator \/ pilotka<\/p>\n<\/li>\n<li data-start=\"686\" data-end=\"741\">\n<p data-start=\"688\" data-end=\"741\"><strong data-start=\"688\" data-end=\"705\">Kolor oprawy:<\/strong> ciemny br\u0105z (Dark Havana \/ Brown)<\/p>\n<\/li>\n<li data-start=\"742\" data-end=\"787\">\n<p data-start=\"744\" data-end=\"787\"><strong data-start=\"744\" data-end=\"757\">Materia\u0142:<\/strong> 10 mm w\u0142oski acetat premium<\/p>\n<\/li>\n<li data-start=\"788\" data-end=\"815\">\n<p data-start=\"790\" data-end=\"815\"><strong data-start=\"790\" data-end=\"806\">Wyko\u0144czenie:<\/strong> po\u0142ysk<\/p>\n<\/li>\n<li data-start=\"816\" data-end=\"888\">\n<p data-start=\"818\" data-end=\"888\"><strong data-start=\"818\" data-end=\"832\">Zauszniki:<\/strong> podkre\u015blone metalicznym detalem w stylu Saint Laurent<\/p>\n<\/li>\n<li data-start=\"889\" data-end=\"955\">\n<p data-start=\"891\" data-end=\"955\"><strong data-start=\"891\" data-end=\"900\">Logo:<\/strong> Saint Laurent Paris na wewn\u0119trznej stronie zausznika<\/p>\n<\/li>\n<li data-start=\"956\" data-end=\"986\">\n<p data-start=\"958\" data-end=\"986\"><strong data-start=\"958\" data-end=\"977\">Kraj produkcji:<\/strong> W\u0142ochy<\/p>\n<\/li>\n<\/ul>\n","protected":false},"featured_media":3317,"template":"","meta":{"_acf_changed":false,"_joinchat":[]},"product_brand":[345],"product_cat":[32,37,51,35],"product_tag":[],"model":[],"class_list":{"0":"post-3314","1":"product","2":"type-product","3":"status-publish","4":"has-post-thumbnail","6":"product_brand-saint-laurent","7":"product_cat-damskie","8":"product_cat-meskie","9":"product_cat-okulary-korekcyjne","10":"product_cat-unisex","12":"first","13":"instock","14":"shipping-taxable","15":"purchasable","16":"product-type-simple"},"acf":[],"aioseo_notices":[],"_links":{"self":[{"href":"https:\/\/www.diukoptyk.pl\/pl\/wp-json\/wp\/v2\/product\/3314","targetHints":{"allow":["GET"]}}],"collection":[{"href":"https:\/\/www.diukoptyk.pl\/pl\/wp-json\/wp\/v2\/product"}],"about":[{"href":"https:\/\/www.diukoptyk.pl\/pl\/wp-json\/wp\/v2\/types\/product"}],"version-history":[{"count":1,"href":"https:\/\/www.diukoptyk.pl\/pl\/wp-json\/wp\/v2\/product\/3314\/revisions"}],"predecessor-version":[{"id":5172,"href":"https:\/\/www.diukoptyk.pl\/pl\/wp-json\/wp\/v2\/product\/3314\/revisions\/5172"}],"wp:featuredmedia":[{"embeddable":true,"href":"https:\/\/www.diukoptyk.pl\/pl\/wp-json\/wp\/v2\/media\/3317"}],"wp:attachment":[{"href":"https:\/\/www.diukoptyk.pl\/pl\/wp-json\/wp\/v2\/media?parent=3314"}],"wp:term":[{"taxonomy":"product_brand","embeddable":true,"href":"https:\/\/www.diukoptyk.pl\/pl\/wp-json\/wp\/v2\/product_brand?post=3314"},{"taxonomy":"product_cat","embeddable":true,"href":"https:\/\/www.diukoptyk.pl\/pl\/wp-json\/wp\/v2\/product_cat?post=3314"},{"taxonomy":"product_tag","embeddable":true,"href":"https:\/\/www.diukoptyk.pl\/pl\/wp-json\/wp\/v2\/product_tag?post=3314"},{"taxonomy":"model","embeddable":true,"href":"https:\/\/www.diukoptyk.pl\/pl\/wp-json\/wp\/v2\/model?post=3314"}],"curies":[{"name":"wp","href":"https:\/\/api.w.org\/{rel}","templated":true}]}}