{"id":3143,"date":"2025-10-15T18:33:45","date_gmt":"2025-10-15T16:33:45","guid":{"rendered":"https:\/\/www.diukoptyk.pl\/?post_type=product&#038;p=3143"},"modified":"2026-03-05T14:27:39","modified_gmt":"2026-03-05T13:27:39","slug":"sain-laurent-sl214-kate-017","status":"publish","type":"product","link":"https:\/\/www.diukoptyk.pl\/pl\/produkt\/sain-laurent-sl214-kate-017\/","title":{"rendered":"SAINT LAURENT SL214 KATE | 017"},"content":{"rendered":"<p><strong data-start=\"1153\" data-end=\"1166\">Dla kogo:<\/strong><br data-start=\"1166\" data-end=\"1169\" \/>Dla kobiet o <strong data-start=\"1182\" data-end=\"1213\">silnym, pewnym siebie stylu<\/strong>, kt\u00f3re kochaj\u0105 klasyk\u0119 z nut\u0105 dramatyzmu.<br data-start=\"1255\" data-end=\"1258\" \/>Model <strong data-start=\"1264\" data-end=\"1293\">Saint Laurent SL 214 KATE<\/strong> to synonim <strong data-start=\"1305\" data-end=\"1331\">nowoczesnej ikony mody<\/strong> \u2013 minimalistyczny, a jednocze\u015bnie pe\u0142en ekspresji, idealny do total looku w czerni, bia\u0142ej koszuli i czerwonej szminki.<\/p>\n","protected":false},"excerpt":{"rendered":"<h3 data-start=\"0\" data-end=\"37\"><strong data-start=\"4\" data-end=\"35\">Saint Laurent \u2013 SL 214 KATE<\/strong><\/h3>\n<p data-start=\"38\" data-end=\"96\"><strong data-start=\"38\" data-end=\"94\">Effortless allure. Bold geometry. Parisian elegance.<\/strong><\/p>\n<p data-start=\"98\" data-end=\"425\">Model <strong data-start=\"104\" data-end=\"133\">Saint Laurent SL 214 KATE<\/strong> to kwintesencja stylu \u201emodern chic\u201d \u2014 geometryczne, kocie okulary przeciws\u0142oneczne, kt\u00f3re \u0142\u0105cz\u0105 <strong data-start=\"230\" data-end=\"284\">ostr\u0105 lini\u0119 projektu z kobiec\u0105 si\u0142\u0105 i zmys\u0142owo\u015bci\u0105<\/strong>. Inspirowane sylwetkami z wybieg\u00f3w Yves Saint Laurent, to model o wyra\u017anym charakterze, stworzony dla kobiet, kt\u00f3re nie id\u0105 na kompromisy.<\/p>\n<p data-start=\"427\" data-end=\"675\">Czarna, b\u0142yszcz\u0105ca oprawa z <strong data-start=\"455\" data-end=\"493\">wysokiej jako\u015bci w\u0142oskiego acetatu<\/strong> otacza ciemne soczewki, tworz\u0105c <strong data-start=\"526\" data-end=\"574\">rze\u017abiarski kontrast mi\u0119dzy form\u0105 a \u015bwiat\u0142em<\/strong>. To okulary, kt\u00f3re natychmiast przyci\u0105gaj\u0105 uwag\u0119 \u2014 ikona pewno\u015bci siebie i ponadczasowego glamour.<\/p>\n","protected":false},"featured_media":3146,"template":"","meta":{"_acf_changed":false,"_joinchat":[]},"product_brand":[345],"product_cat":[32,30],"product_tag":[],"model":[],"class_list":{"0":"post-3143","1":"product","2":"type-product","3":"status-publish","4":"has-post-thumbnail","6":"product_brand-saint-laurent","7":"product_cat-damskie","8":"product_cat-okulary-przeciwsloneczne","10":"first","11":"instock","12":"shipping-taxable","13":"purchasable","14":"product-type-simple"},"acf":[],"aioseo_notices":[],"_links":{"self":[{"href":"https:\/\/www.diukoptyk.pl\/pl\/wp-json\/wp\/v2\/product\/3143","targetHints":{"allow":["GET"]}}],"collection":[{"href":"https:\/\/www.diukoptyk.pl\/pl\/wp-json\/wp\/v2\/product"}],"about":[{"href":"https:\/\/www.diukoptyk.pl\/pl\/wp-json\/wp\/v2\/types\/product"}],"version-history":[{"count":1,"href":"https:\/\/www.diukoptyk.pl\/pl\/wp-json\/wp\/v2\/product\/3143\/revisions"}],"predecessor-version":[{"id":5183,"href":"https:\/\/www.diukoptyk.pl\/pl\/wp-json\/wp\/v2\/product\/3143\/revisions\/5183"}],"wp:featuredmedia":[{"embeddable":true,"href":"https:\/\/www.diukoptyk.pl\/pl\/wp-json\/wp\/v2\/media\/3146"}],"wp:attachment":[{"href":"https:\/\/www.diukoptyk.pl\/pl\/wp-json\/wp\/v2\/media?parent=3143"}],"wp:term":[{"taxonomy":"product_brand","embeddable":true,"href":"https:\/\/www.diukoptyk.pl\/pl\/wp-json\/wp\/v2\/product_brand?post=3143"},{"taxonomy":"product_cat","embeddable":true,"href":"https:\/\/www.diukoptyk.pl\/pl\/wp-json\/wp\/v2\/product_cat?post=3143"},{"taxonomy":"product_tag","embeddable":true,"href":"https:\/\/www.diukoptyk.pl\/pl\/wp-json\/wp\/v2\/product_tag?post=3143"},{"taxonomy":"model","embeddable":true,"href":"https:\/\/www.diukoptyk.pl\/pl\/wp-json\/wp\/v2\/model?post=3143"}],"curies":[{"name":"wp","href":"https:\/\/api.w.org\/{rel}","templated":true}]}}