{"id":3135,"date":"2025-10-15T17:53:22","date_gmt":"2025-10-15T15:53:22","guid":{"rendered":"https:\/\/www.diukoptyk.pl\/?post_type=product&#038;p=3135"},"modified":"2026-03-05T12:15:22","modified_gmt":"2026-03-05T11:15:22","slug":"lapima-violet-black","status":"publish","type":"product","link":"https:\/\/www.diukoptyk.pl\/pl\/produkt\/lapima-violet-black\/","title":{"rendered":"LAPIMA VIOLET | BLACK"},"content":{"rendered":"<p><strong data-start=\"1103\" data-end=\"1116\">Dla kogo:<\/strong><br data-start=\"1116\" data-end=\"1119\" \/>Dla kobiet, kt\u00f3re ceni\u0105 <strong data-start=\"1143\" data-end=\"1189\">zmys\u0142ow\u0105 subtelno\u015b\u0107 i nowoczesn\u0105 elegancj\u0119<\/strong>.<br data-start=\"1190\" data-end=\"1193\" \/>Model <strong data-start=\"1199\" data-end=\"1217\">Lapima Violeta<\/strong> to idealne po\u0142\u0105czenie <strong data-start=\"1240\" data-end=\"1306\">rze\u017abiarskiej formy, kobiecych krzywizn i brazylijskiego stylu<\/strong>, zaprojektowane, by podkre\u015bla\u0107 si\u0142\u0119, lekko\u015b\u0107 i indywidualno\u015b\u0107 ka\u017cdej kobiety.<\/p>\n","protected":false},"excerpt":{"rendered":"<h3 data-start=\"0\" data-end=\"26\"><strong data-start=\"4\" data-end=\"24\">Lapima \u2013 Violeta<\/strong><\/h3>\n<p data-start=\"27\" data-end=\"90\"><strong data-start=\"27\" data-end=\"88\">Sensual curves. Timeless sophistication. Pure femininity.<\/strong><\/p>\n<p data-start=\"92\" data-end=\"443\">Model <strong data-start=\"98\" data-end=\"109\">Violeta<\/strong> to oprawa o <strong data-start=\"122\" data-end=\"159\">organicznie zakrzywionych liniach<\/strong>, kt\u00f3re subtelnie nawi\u0105zuj\u0105 do kobiecego cia\u0142a. Jej delikatny, niemal <strong data-start=\"229\" data-end=\"245\">koci kszta\u0142t<\/strong> zosta\u0142 zaprojektowany tak, by podkre\u015bla\u0107 spojrzenie i wydobywa\u0107 naturaln\u0105 elegancj\u0119 twarzy. Negatywna powierzchnia frontu nadaje g\u0142\u0119bi i rze\u017abi \u015bwiat\u0142o, tworz\u0105c <strong data-start=\"407\" data-end=\"440\">wyrafinowany i zmys\u0142owy efekt<\/strong>.<\/p>\n<p data-start=\"445\" data-end=\"540\">To okulary, kt\u00f3re nie potrzebuj\u0105 dodatk\u00f3w \u2014 same staj\u0105 si\u0119 <strong data-start=\"504\" data-end=\"537\">manifestem stylu i kobieco\u015bci<\/strong>.<\/p>\n<hr data-start=\"542\" data-end=\"545\" \/>\n<p data-start=\"547\" data-end=\"572\"><strong data-start=\"547\" data-end=\"570\">Detale i wykonanie:<\/strong><\/p>\n<ul data-start=\"573\" data-end=\"938\">\n<li data-start=\"573\" data-end=\"649\">\n<p data-start=\"575\" data-end=\"649\"><strong data-start=\"575\" data-end=\"586\">Rodzaj:<\/strong> okulary korekcyjne fashion \/ unisex w interpretacji kobiecej<\/p>\n<\/li>\n<li data-start=\"650\" data-end=\"705\">\n<p data-start=\"652\" data-end=\"705\"><strong data-start=\"652\" data-end=\"664\">Kszta\u0142t:<\/strong> subtelny koci, organicznie zakrzywiony<\/p>\n<\/li>\n<li data-start=\"706\" data-end=\"751\">\n<p data-start=\"708\" data-end=\"751\"><strong data-start=\"708\" data-end=\"717\">Styl:<\/strong> kobiecy, elegancki, rze\u017abiarski<\/p>\n<\/li>\n<li data-start=\"752\" data-end=\"796\">\n<p data-start=\"754\" data-end=\"796\"><strong data-start=\"754\" data-end=\"767\">Materia\u0142:<\/strong> w\u0142oski acetat Mazzucchelli<\/p>\n<\/li>\n<li data-start=\"797\" data-end=\"850\">\n<p data-start=\"799\" data-end=\"850\"><strong data-start=\"799\" data-end=\"812\">Soczewki:<\/strong> bezbarwne z pow\u0142ok\u0105 antyrefleksyjn\u0105<\/p>\n<\/li>\n<li data-start=\"851\" data-end=\"905\">\n<p data-start=\"853\" data-end=\"905\"><strong data-start=\"853\" data-end=\"869\">Wyko\u0144czenie:<\/strong> r\u0119czne polerowanie, wysoki po\u0142ysk<\/p>\n<\/li>\n<li data-start=\"906\" data-end=\"938\">\n<p data-start=\"908\" data-end=\"938\"><strong data-start=\"908\" data-end=\"927\">Kraj produkcji:<\/strong> Brazylia<\/p>\n<\/li>\n<\/ul>\n<hr data-start=\"940\" data-end=\"943\" \/>\n<p data-start=\"945\" data-end=\"959\"><strong data-start=\"945\" data-end=\"957\">Wymiary:<\/strong><\/p>\n<ul data-start=\"960\" data-end=\"1096\">\n<li data-start=\"960\" data-end=\"989\">\n<p data-start=\"962\" data-end=\"989\">Szeroko\u015b\u0107 soczewki: 52 mm<\/p>\n<\/li>\n<li data-start=\"990\" data-end=\"1007\">\n<p data-start=\"992\" data-end=\"1007\">Mostek: 20 mm<\/p>\n<\/li>\n<li data-start=\"1008\" data-end=\"1037\">\n<p data-start=\"1010\" data-end=\"1037\">D\u0142ugo\u015b\u0107 zausznika: 150 mm<\/p>\n<\/li>\n<li data-start=\"1038\" data-end=\"1069\">\n<p data-start=\"1040\" data-end=\"1069\">Ca\u0142kowita szeroko\u015b\u0107: 150 mm<\/p>\n<\/li>\n<li data-start=\"1070\" data-end=\"1096\">\n<p data-start=\"1072\" data-end=\"1096\">Wysoko\u015b\u0107 frontu: 54 mm<\/p>\n<\/li>\n<\/ul>\n","protected":false},"featured_media":3136,"template":"","meta":{"_acf_changed":false,"_joinchat":[]},"product_brand":[344],"product_cat":[32,51],"product_tag":[],"model":[],"class_list":{"0":"post-3135","1":"product","2":"type-product","3":"status-publish","4":"has-post-thumbnail","6":"product_brand-lapima","7":"product_cat-damskie","8":"product_cat-okulary-korekcyjne","10":"first","11":"instock","12":"shipping-taxable","13":"purchasable","14":"product-type-simple"},"acf":[],"aioseo_notices":[],"_links":{"self":[{"href":"https:\/\/www.diukoptyk.pl\/pl\/wp-json\/wp\/v2\/product\/3135","targetHints":{"allow":["GET"]}}],"collection":[{"href":"https:\/\/www.diukoptyk.pl\/pl\/wp-json\/wp\/v2\/product"}],"about":[{"href":"https:\/\/www.diukoptyk.pl\/pl\/wp-json\/wp\/v2\/types\/product"}],"version-history":[{"count":1,"href":"https:\/\/www.diukoptyk.pl\/pl\/wp-json\/wp\/v2\/product\/3135\/revisions"}],"predecessor-version":[{"id":5140,"href":"https:\/\/www.diukoptyk.pl\/pl\/wp-json\/wp\/v2\/product\/3135\/revisions\/5140"}],"wp:featuredmedia":[{"embeddable":true,"href":"https:\/\/www.diukoptyk.pl\/pl\/wp-json\/wp\/v2\/media\/3136"}],"wp:attachment":[{"href":"https:\/\/www.diukoptyk.pl\/pl\/wp-json\/wp\/v2\/media?parent=3135"}],"wp:term":[{"taxonomy":"product_brand","embeddable":true,"href":"https:\/\/www.diukoptyk.pl\/pl\/wp-json\/wp\/v2\/product_brand?post=3135"},{"taxonomy":"product_cat","embeddable":true,"href":"https:\/\/www.diukoptyk.pl\/pl\/wp-json\/wp\/v2\/product_cat?post=3135"},{"taxonomy":"product_tag","embeddable":true,"href":"https:\/\/www.diukoptyk.pl\/pl\/wp-json\/wp\/v2\/product_tag?post=3135"},{"taxonomy":"model","embeddable":true,"href":"https:\/\/www.diukoptyk.pl\/pl\/wp-json\/wp\/v2\/model?post=3135"}],"curies":[{"name":"wp","href":"https:\/\/api.w.org\/{rel}","templated":true}]}}