{"id":3132,"date":"2025-10-15T17:47:33","date_gmt":"2025-10-15T15:47:33","guid":{"rendered":"https:\/\/www.diukoptyk.pl\/?post_type=product&#038;p=3132"},"modified":"2026-03-05T12:15:42","modified_gmt":"2026-03-05T11:15:42","slug":"lapima-tessa-red","status":"publish","type":"product","link":"https:\/\/www.diukoptyk.pl\/pl\/produkt\/lapima-tessa-red\/","title":{"rendered":"LAPIMA TESSA | RED"},"content":{"rendered":"<p><strong data-start=\"985\" data-end=\"998\">Dla kogo:<\/strong><br data-start=\"998\" data-end=\"1001\" \/>Dla kobiet o <strong data-start=\"1014\" data-end=\"1053\">silnej osobowo\u015bci i zmys\u0142owym stylu<\/strong>, kt\u00f3re kochaj\u0105 mod\u0119 z dusz\u0105.<br data-start=\"1082\" data-end=\"1085\" \/>Model <strong data-start=\"1091\" data-end=\"1107\">Lapima Tessa<\/strong> to <strong data-start=\"1111\" data-end=\"1176\">po\u0142\u0105czenie vintage\u2019owego charakteru i brazylijskiej elegancji<\/strong>, stworzone z my\u015bl\u0105 o tych, kt\u00f3re lubi\u0105 wyr\u00f3\u017cnia\u0107 si\u0119 w t\u0142umie \u2014 z klas\u0105, lekko\u015bci\u0105 i pewno\u015bci\u0105 siebie.<\/p>\n","protected":false},"excerpt":{"rendered":"<h3 data-start=\"0\" data-end=\"24\"><strong data-start=\"4\" data-end=\"22\">Lapima \u2013 Tessa<\/strong><\/h3>\n<p data-start=\"25\" data-end=\"92\"><strong data-start=\"25\" data-end=\"90\">A touch of the \u201970s. Bold. Sensual. Unapologetically vintage.<\/strong><\/p>\n<p data-start=\"94\" data-end=\"334\">Model <strong data-start=\"100\" data-end=\"109\">Tessa<\/strong> to ho\u0142d dla szalonych lat 70. \u2014 dekady wolno\u015bci, ekspresji i zmys\u0142owego stylu. Jej <strong data-start=\"193\" data-end=\"221\">kwadratowo-wkl\u0119s\u0142y front<\/strong> pi\u0119knie podkre\u015bla kobiec\u0105 twarz, a <strong data-start=\"257\" data-end=\"294\">organiczna, lekko rze\u017abiona forma<\/strong> nadaje oprawie mi\u0119kko\u015bci i seksapilu.<\/p>\n<p data-start=\"336\" data-end=\"474\">To okulary dla kobiet, kt\u00f3re lubi\u0105 \u0142\u0105czy\u0107 <strong data-start=\"378\" data-end=\"404\">retro z nowoczesno\u015bci\u0105<\/strong>, przyci\u0105gaj\u0105c spojrzenia subteln\u0105 odwag\u0105 i wyrafinowanym wdzi\u0119kiem.<\/p>\n<hr data-start=\"476\" data-end=\"479\" \/>\n<p data-start=\"481\" data-end=\"506\"><strong data-start=\"481\" data-end=\"504\">Detale i wykonanie:<\/strong><\/p>\n<ul data-start=\"507\" data-end=\"820\">\n<li data-start=\"507\" data-end=\"547\">\n<p data-start=\"509\" data-end=\"547\"><strong data-start=\"509\" data-end=\"520\">Rodzaj:<\/strong> okulary przeciws\u0142oneczne<\/p>\n<\/li>\n<li data-start=\"548\" data-end=\"595\">\n<p data-start=\"550\" data-end=\"595\"><strong data-start=\"550\" data-end=\"562\">Kszta\u0142t:<\/strong> kwadratowy, z wkl\u0119s\u0142ym frontem<\/p>\n<\/li>\n<li data-start=\"596\" data-end=\"650\">\n<p data-start=\"598\" data-end=\"650\"><strong data-start=\"598\" data-end=\"607\">Styl:<\/strong> kobiecy, vintage, inspirowany latami 70.<\/p>\n<\/li>\n<li data-start=\"651\" data-end=\"695\">\n<p data-start=\"653\" data-end=\"695\"><strong data-start=\"653\" data-end=\"666\">Materia\u0142:<\/strong> w\u0142oski acetat Mazzucchelli<\/p>\n<\/li>\n<li data-start=\"696\" data-end=\"729\">\n<p data-start=\"698\" data-end=\"729\"><strong data-start=\"698\" data-end=\"711\">Soczewki:<\/strong> 100% ochrona UV<\/p>\n<\/li>\n<li data-start=\"730\" data-end=\"787\">\n<p data-start=\"732\" data-end=\"787\"><strong data-start=\"732\" data-end=\"748\">Wyko\u0144czenie:<\/strong> r\u0119czne polerowanie o wysokim po\u0142ysku<\/p>\n<\/li>\n<li data-start=\"788\" data-end=\"820\">\n<p data-start=\"790\" data-end=\"820\"><strong data-start=\"790\" data-end=\"809\">Kraj produkcji:<\/strong> Brazylia<\/p>\n<\/li>\n<\/ul>\n<hr data-start=\"822\" data-end=\"825\" \/>\n<p data-start=\"827\" data-end=\"841\"><strong data-start=\"827\" data-end=\"839\">Wymiary:<\/strong><\/p>\n<ul data-start=\"842\" data-end=\"978\">\n<li data-start=\"842\" data-end=\"871\">\n<p data-start=\"844\" data-end=\"871\">Szeroko\u015b\u0107 soczewki: 47 mm<\/p>\n<\/li>\n<li data-start=\"872\" data-end=\"889\">\n<p data-start=\"874\" data-end=\"889\">Mostek: 21 mm<\/p>\n<\/li>\n<li data-start=\"890\" data-end=\"919\">\n<p data-start=\"892\" data-end=\"919\">D\u0142ugo\u015b\u0107 zausznika: 145 mm<\/p>\n<\/li>\n<li data-start=\"920\" data-end=\"951\">\n<p data-start=\"922\" data-end=\"951\">Ca\u0142kowita szeroko\u015b\u0107: 148 mm<\/p>\n<\/li>\n<li data-start=\"952\" data-end=\"978\">\n<p data-start=\"954\" data-end=\"978\">Wysoko\u015b\u0107 frontu: 58 mm<\/p>\n<\/li>\n<\/ul>\n","protected":false},"featured_media":3133,"template":"","meta":{"_acf_changed":false,"_joinchat":[]},"product_brand":[344],"product_cat":[32,30],"product_tag":[],"model":[],"class_list":{"0":"post-3132","1":"product","2":"type-product","3":"status-publish","4":"has-post-thumbnail","6":"product_brand-lapima","7":"product_cat-damskie","8":"product_cat-okulary-przeciwsloneczne","10":"first","11":"instock","12":"shipping-taxable","13":"purchasable","14":"product-type-simple"},"acf":[],"aioseo_notices":[],"_links":{"self":[{"href":"https:\/\/www.diukoptyk.pl\/pl\/wp-json\/wp\/v2\/product\/3132","targetHints":{"allow":["GET"]}}],"collection":[{"href":"https:\/\/www.diukoptyk.pl\/pl\/wp-json\/wp\/v2\/product"}],"about":[{"href":"https:\/\/www.diukoptyk.pl\/pl\/wp-json\/wp\/v2\/types\/product"}],"version-history":[{"count":1,"href":"https:\/\/www.diukoptyk.pl\/pl\/wp-json\/wp\/v2\/product\/3132\/revisions"}],"predecessor-version":[{"id":5141,"href":"https:\/\/www.diukoptyk.pl\/pl\/wp-json\/wp\/v2\/product\/3132\/revisions\/5141"}],"wp:featuredmedia":[{"embeddable":true,"href":"https:\/\/www.diukoptyk.pl\/pl\/wp-json\/wp\/v2\/media\/3133"}],"wp:attachment":[{"href":"https:\/\/www.diukoptyk.pl\/pl\/wp-json\/wp\/v2\/media?parent=3132"}],"wp:term":[{"taxonomy":"product_brand","embeddable":true,"href":"https:\/\/www.diukoptyk.pl\/pl\/wp-json\/wp\/v2\/product_brand?post=3132"},{"taxonomy":"product_cat","embeddable":true,"href":"https:\/\/www.diukoptyk.pl\/pl\/wp-json\/wp\/v2\/product_cat?post=3132"},{"taxonomy":"product_tag","embeddable":true,"href":"https:\/\/www.diukoptyk.pl\/pl\/wp-json\/wp\/v2\/product_tag?post=3132"},{"taxonomy":"model","embeddable":true,"href":"https:\/\/www.diukoptyk.pl\/pl\/wp-json\/wp\/v2\/model?post=3132"}],"curies":[{"name":"wp","href":"https:\/\/api.w.org\/{rel}","templated":true}]}}