{"id":3126,"date":"2025-10-15T17:41:03","date_gmt":"2025-10-15T15:41:03","guid":{"rendered":"https:\/\/www.diukoptyk.pl\/?post_type=product&#038;p=3126"},"modified":"2026-03-05T12:16:31","modified_gmt":"2026-03-05T11:16:31","slug":"lapima-omar-black","status":"publish","type":"product","link":"https:\/\/www.diukoptyk.pl\/pl\/produkt\/lapima-omar-black\/","title":{"rendered":"LAPIMA OMAR | BLACK"},"content":{"rendered":"<p><strong data-start=\"864\" data-end=\"877\">Dla kogo:<\/strong><br data-start=\"877\" data-end=\"880\" \/>Dla os\u00f3b, kt\u00f3re \u0142\u0105cz\u0105 <strong data-start=\"902\" data-end=\"922\">pasj\u0119 odkrywania<\/strong> z <strong data-start=\"925\" data-end=\"944\">poczuciem stylu<\/strong>.<br data-start=\"945\" data-end=\"948\" \/>Model <strong data-start=\"954\" data-end=\"969\">Lapima Omar<\/strong> to manifest <strong data-start=\"982\" data-end=\"1026\">nowoczesnej odwagi i miejskiej elegancji<\/strong> \u2014 zaprojektowany, by towarzyszy\u0107 Ci w ka\u017cdej podr\u00f3\u017cy, od oceanu po ulice metropolii.<\/p>\n","protected":false},"excerpt":{"rendered":"<h3 data-start=\"0\" data-end=\"23\"><strong data-start=\"4\" data-end=\"21\">Lapima \u2013 Omar<\/strong><\/h3>\n<p data-start=\"24\" data-end=\"78\"><strong data-start=\"24\" data-end=\"76\">Explore new depths. Above and below the surface.<\/strong><\/p>\n<p data-start=\"80\" data-end=\"402\">Model <strong data-start=\"86\" data-end=\"94\">Omar<\/strong> to nowoczesna interpretacja klasycznego stylu w duchu Lapima \u2014 inspirowany <strong data-start=\"170\" data-end=\"195\">maskami do nurkowania<\/strong>, \u0142\u0105czy w sobie <strong data-start=\"211\" data-end=\"249\">sportow\u0105 form\u0119 i miejsk\u0105 elegancj\u0119<\/strong>. Jego <strong data-start=\"256\" data-end=\"285\">k\u0105towe, wsp\u00f3\u0142czesne linie<\/strong> symbolizuj\u0105 odwag\u0119, innowacj\u0119 i swobod\u0119 eksploracji \u2014 zar\u00f3wno w g\u0142\u0119binach oceanu, jak i w rytmie wielkiego miasta.<\/p>\n<p data-start=\"404\" data-end=\"497\">To oprawa dla tych, kt\u00f3rzy widz\u0105 \u015bwiat szerzej: <strong data-start=\"452\" data-end=\"494\">dynamiczna, odwa\u017cna i pe\u0142na charakteru<\/strong>.<\/p>\n<hr data-start=\"499\" data-end=\"502\" \/>\n<p data-start=\"504\" data-end=\"529\"><strong data-start=\"504\" data-end=\"527\">Detale i wykonanie:<\/strong><\/p>\n<ul data-start=\"530\" data-end=\"857\">\n<li data-start=\"530\" data-end=\"579\">\n<p data-start=\"532\" data-end=\"579\"><strong data-start=\"532\" data-end=\"543\">Rodzaj:<\/strong> okulary przeciws\u0142oneczne \/ unisex<\/p>\n<\/li>\n<li data-start=\"580\" data-end=\"644\">\n<p data-start=\"582\" data-end=\"644\"><strong data-start=\"582\" data-end=\"594\">Kszta\u0142t:<\/strong> geometryczny, inspirowany maskami do nurkowania<\/p>\n<\/li>\n<li data-start=\"645\" data-end=\"690\">\n<p data-start=\"647\" data-end=\"690\"><strong data-start=\"647\" data-end=\"656\">Styl:<\/strong> wsp\u00f3\u0142czesny, sportowo-elegancki<\/p>\n<\/li>\n<li data-start=\"691\" data-end=\"735\">\n<p data-start=\"693\" data-end=\"735\"><strong data-start=\"693\" data-end=\"706\">Materia\u0142:<\/strong> w\u0142oski acetat Mazzucchelli<\/p>\n<\/li>\n<li data-start=\"736\" data-end=\"769\">\n<p data-start=\"738\" data-end=\"769\"><strong data-start=\"738\" data-end=\"751\">Soczewki:<\/strong> 100% ochrona UV<\/p>\n<\/li>\n<li data-start=\"770\" data-end=\"824\">\n<p data-start=\"772\" data-end=\"824\"><strong data-start=\"772\" data-end=\"788\">Wyko\u0144czenie:<\/strong> r\u0119czne polerowanie, wysoki po\u0142ysk<\/p>\n<\/li>\n<li data-start=\"825\" data-end=\"857\">\n<p data-start=\"827\" data-end=\"857\"><strong data-start=\"827\" data-end=\"846\">Kraj produkcji:<\/strong> Brazylia<\/p>\n<\/li>\n<\/ul>\n","protected":false},"featured_media":3127,"template":"","meta":{"_acf_changed":false,"_joinchat":[]},"product_brand":[344],"product_cat":[32,37,30,35],"product_tag":[],"model":[],"class_list":{"0":"post-3126","1":"product","2":"type-product","3":"status-publish","4":"has-post-thumbnail","6":"product_brand-lapima","7":"product_cat-damskie","8":"product_cat-meskie","9":"product_cat-okulary-przeciwsloneczne","10":"product_cat-unisex","12":"first","13":"instock","14":"shipping-taxable","15":"purchasable","16":"product-type-simple"},"acf":[],"aioseo_notices":[],"_links":{"self":[{"href":"https:\/\/www.diukoptyk.pl\/pl\/wp-json\/wp\/v2\/product\/3126","targetHints":{"allow":["GET"]}}],"collection":[{"href":"https:\/\/www.diukoptyk.pl\/pl\/wp-json\/wp\/v2\/product"}],"about":[{"href":"https:\/\/www.diukoptyk.pl\/pl\/wp-json\/wp\/v2\/types\/product"}],"version-history":[{"count":1,"href":"https:\/\/www.diukoptyk.pl\/pl\/wp-json\/wp\/v2\/product\/3126\/revisions"}],"predecessor-version":[{"id":5143,"href":"https:\/\/www.diukoptyk.pl\/pl\/wp-json\/wp\/v2\/product\/3126\/revisions\/5143"}],"wp:featuredmedia":[{"embeddable":true,"href":"https:\/\/www.diukoptyk.pl\/pl\/wp-json\/wp\/v2\/media\/3127"}],"wp:attachment":[{"href":"https:\/\/www.diukoptyk.pl\/pl\/wp-json\/wp\/v2\/media?parent=3126"}],"wp:term":[{"taxonomy":"product_brand","embeddable":true,"href":"https:\/\/www.diukoptyk.pl\/pl\/wp-json\/wp\/v2\/product_brand?post=3126"},{"taxonomy":"product_cat","embeddable":true,"href":"https:\/\/www.diukoptyk.pl\/pl\/wp-json\/wp\/v2\/product_cat?post=3126"},{"taxonomy":"product_tag","embeddable":true,"href":"https:\/\/www.diukoptyk.pl\/pl\/wp-json\/wp\/v2\/product_tag?post=3126"},{"taxonomy":"model","embeddable":true,"href":"https:\/\/www.diukoptyk.pl\/pl\/wp-json\/wp\/v2\/model?post=3126"}],"curies":[{"name":"wp","href":"https:\/\/api.w.org\/{rel}","templated":true}]}}