{"id":3123,"date":"2025-10-15T17:35:09","date_gmt":"2025-10-15T15:35:09","guid":{"rendered":"https:\/\/www.diukoptyk.pl\/?post_type=product&#038;p=3123"},"modified":"2026-03-05T12:17:12","modified_gmt":"2026-03-05T11:17:12","slug":"lapima-nara-black","status":"publish","type":"product","link":"https:\/\/www.diukoptyk.pl\/pl\/produkt\/lapima-nara-black\/","title":{"rendered":"LAPIMA NARA | BLACK"},"content":{"rendered":"<p><strong data-start=\"1206\" data-end=\"1219\">Dla kogo:<\/strong><br data-start=\"1219\" data-end=\"1222\" \/>Dla kobiet, kt\u00f3re kochaj\u0105 <strong data-start=\"1248\" data-end=\"1268\">prostot\u0119 z klas\u0105<\/strong> \u2013 ceni\u0105 <strong data-start=\"1277\" data-end=\"1324\">komfort, subtelno\u015b\u0107 i wyrafinowan\u0105 estetyk\u0119<\/strong>.<br data-start=\"1325\" data-end=\"1328\" \/>Model <strong data-start=\"1334\" data-end=\"1349\">Lapima Nara<\/strong> to idealny wyb\u00f3r dla tych, kt\u00f3re chc\u0105 podkre\u015bli\u0107 swoj\u0105 <strong data-start=\"1405\" data-end=\"1428\">naturaln\u0105 elegancj\u0119<\/strong>, nie rezygnuj\u0105c z lekko\u015bci i funkcjonalno\u015bci.<\/p>\n","protected":false},"excerpt":{"rendered":"<h3 data-start=\"0\" data-end=\"23\"><strong data-start=\"4\" data-end=\"21\">Lapima \u2013 Nara<\/strong><\/h3>\n<p data-start=\"24\" data-end=\"83\"><strong data-start=\"24\" data-end=\"81\">Basic chic. Subtelna elegancja w najczystszej formie.<\/strong><\/p>\n<p data-start=\"85\" data-end=\"386\">Model <strong data-start=\"91\" data-end=\"99\">Nara<\/strong> to kwintesencja dyskretnego luksusu \u2013 zaprojektowany dla kobiet, kt\u00f3re poszukuj\u0105 <strong data-start=\"181\" data-end=\"228\">prostoty, lekko\u015bci i ponadczasowego wdzi\u0119ku<\/strong>. Delikatna konstrukcja z <strong data-start=\"254\" data-end=\"287\">negatywnym frezowaniem frontu<\/strong> i du\u017ce szk\u0142a nadaj\u0105 oprawie mi\u0119kko\u015bci, zachowuj\u0105c przy tym wyj\u0105tkow\u0105 lekko\u015b\u0107 i komfort noszenia.<\/p>\n<p data-start=\"388\" data-end=\"630\">R\u0119cznie wykonana z <strong data-start=\"407\" data-end=\"441\">w\u0142oskiego acetatu Mazzucchelli<\/strong>, Nara zachwyca elegancj\u0105 ukryt\u0105 w detalu. To model, kt\u00f3ry \u0142\u0105czy <strong data-start=\"506\" data-end=\"534\">minimalizm z kobieco\u015bci\u0105<\/strong>, stanowi\u0105c idealne uzupe\u0142nienie codziennego, miejskiego stylu lub subtelnego looku biurowego.<\/p>\n<hr data-start=\"632\" data-end=\"635\" \/>\n<p data-start=\"637\" data-end=\"662\"><strong data-start=\"637\" data-end=\"660\">Detale i wykonanie:<\/strong><\/p>\n<ul data-start=\"663\" data-end=\"1041\">\n<li data-start=\"663\" data-end=\"738\">\n<p data-start=\"665\" data-end=\"738\"><strong data-start=\"665\" data-end=\"676\">Rodzaj:<\/strong> okulary korekcyjne fashion \/ przeciws\u0142oneczne na zam\u00f3wienie<\/p>\n<\/li>\n<li data-start=\"739\" data-end=\"801\">\n<p data-start=\"741\" data-end=\"801\"><strong data-start=\"741\" data-end=\"753\">Kszta\u0142t:<\/strong> delikatny, o du\u017cych szk\u0142ach i smuk\u0142ym froncie<\/p>\n<\/li>\n<li data-start=\"802\" data-end=\"851\">\n<p data-start=\"804\" data-end=\"851\"><strong data-start=\"804\" data-end=\"813\">Styl:<\/strong> kobiecy, minimalistyczny, elegancki<\/p>\n<\/li>\n<li data-start=\"852\" data-end=\"896\">\n<p data-start=\"854\" data-end=\"896\"><strong data-start=\"854\" data-end=\"867\">Materia\u0142:<\/strong> w\u0142oski acetat Mazzucchelli<\/p>\n<\/li>\n<li data-start=\"897\" data-end=\"950\">\n<p data-start=\"899\" data-end=\"950\"><strong data-start=\"899\" data-end=\"912\">Soczewki:<\/strong> bezbarwne z pow\u0142ok\u0105 antyrefleksyjn\u0105<\/p>\n<\/li>\n<li data-start=\"951\" data-end=\"1008\">\n<p data-start=\"953\" data-end=\"1008\"><strong data-start=\"953\" data-end=\"969\">Wyko\u0144czenie:<\/strong> r\u0119czne polerowanie o wysokim po\u0142ysku<\/p>\n<\/li>\n<li data-start=\"1009\" data-end=\"1041\">\n<p data-start=\"1011\" data-end=\"1041\"><strong data-start=\"1011\" data-end=\"1030\">Kraj produkcji:<\/strong> Brazylia<\/p>\n<\/li>\n<\/ul>\n<hr data-start=\"1043\" data-end=\"1046\" \/>\n<p data-start=\"1048\" data-end=\"1062\"><strong data-start=\"1048\" data-end=\"1060\">Wymiary:<\/strong><\/p>\n<ul data-start=\"1063\" data-end=\"1199\">\n<li data-start=\"1063\" data-end=\"1092\">\n<p data-start=\"1065\" data-end=\"1092\">Szeroko\u015b\u0107 soczewki: 51 mm<\/p>\n<\/li>\n<li data-start=\"1093\" data-end=\"1110\">\n<p data-start=\"1095\" data-end=\"1110\">Mostek: 20 mm<\/p>\n<\/li>\n<li data-start=\"1111\" data-end=\"1140\">\n<p data-start=\"1113\" data-end=\"1140\">D\u0142ugo\u015b\u0107 zausznika: 145 mm<\/p>\n<\/li>\n<li data-start=\"1141\" data-end=\"1172\">\n<p data-start=\"1143\" data-end=\"1172\">Ca\u0142kowita szeroko\u015b\u0107: 150 mm<\/p>\n<\/li>\n<li data-start=\"1173\" data-end=\"1199\">\n<p data-start=\"1175\" data-end=\"1199\">Wysoko\u015b\u0107 frontu: 54 mm<\/p>\n<\/li>\n<\/ul>\n","protected":false},"featured_media":3124,"template":"","meta":{"_acf_changed":false,"_joinchat":[]},"product_brand":[344],"product_cat":[32,51],"product_tag":[],"model":[],"class_list":{"0":"post-3123","1":"product","2":"type-product","3":"status-publish","4":"has-post-thumbnail","6":"product_brand-lapima","7":"product_cat-damskie","8":"product_cat-okulary-korekcyjne","10":"first","11":"instock","12":"shipping-taxable","13":"purchasable","14":"product-type-simple"},"acf":[],"aioseo_notices":[],"_links":{"self":[{"href":"https:\/\/www.diukoptyk.pl\/pl\/wp-json\/wp\/v2\/product\/3123","targetHints":{"allow":["GET"]}}],"collection":[{"href":"https:\/\/www.diukoptyk.pl\/pl\/wp-json\/wp\/v2\/product"}],"about":[{"href":"https:\/\/www.diukoptyk.pl\/pl\/wp-json\/wp\/v2\/types\/product"}],"version-history":[{"count":1,"href":"https:\/\/www.diukoptyk.pl\/pl\/wp-json\/wp\/v2\/product\/3123\/revisions"}],"predecessor-version":[{"id":5144,"href":"https:\/\/www.diukoptyk.pl\/pl\/wp-json\/wp\/v2\/product\/3123\/revisions\/5144"}],"wp:featuredmedia":[{"embeddable":true,"href":"https:\/\/www.diukoptyk.pl\/pl\/wp-json\/wp\/v2\/media\/3124"}],"wp:attachment":[{"href":"https:\/\/www.diukoptyk.pl\/pl\/wp-json\/wp\/v2\/media?parent=3123"}],"wp:term":[{"taxonomy":"product_brand","embeddable":true,"href":"https:\/\/www.diukoptyk.pl\/pl\/wp-json\/wp\/v2\/product_brand?post=3123"},{"taxonomy":"product_cat","embeddable":true,"href":"https:\/\/www.diukoptyk.pl\/pl\/wp-json\/wp\/v2\/product_cat?post=3123"},{"taxonomy":"product_tag","embeddable":true,"href":"https:\/\/www.diukoptyk.pl\/pl\/wp-json\/wp\/v2\/product_tag?post=3123"},{"taxonomy":"model","embeddable":true,"href":"https:\/\/www.diukoptyk.pl\/pl\/wp-json\/wp\/v2\/model?post=3123"}],"curies":[{"name":"wp","href":"https:\/\/api.w.org\/{rel}","templated":true}]}}