{"id":3114,"date":"2025-10-15T17:23:04","date_gmt":"2025-10-15T15:23:04","guid":{"rendered":"https:\/\/www.diukoptyk.pl\/?post_type=product&#038;p=3114"},"modified":"2026-03-05T12:18:53","modified_gmt":"2026-03-05T11:18:53","slug":"lapima-martin-black","status":"publish","type":"product","link":"https:\/\/www.diukoptyk.pl\/pl\/produkt\/lapima-martin-black\/","title":{"rendered":"LAPIMA MARTIN | BLACK"},"content":{"rendered":"<p><strong data-start=\"1238\" data-end=\"1251\">Dla kogo:<\/strong><br data-start=\"1251\" data-end=\"1254\" \/>Dla os\u00f3b, kt\u00f3re ceni\u0105 <strong data-start=\"1276\" data-end=\"1324\">nowoczesn\u0105 klasyk\u0119 i architektoniczny design<\/strong>.<br data-start=\"1325\" data-end=\"1328\" \/>Model <strong data-start=\"1334\" data-end=\"1351\">Lapima Martin<\/strong> to po\u0142\u0105czenie <strong data-start=\"1366\" data-end=\"1385\">mocy i harmonii<\/strong>, idealne dla tych, kt\u00f3rzy chc\u0105 wyrazi\u0107 swoj\u0105 <strong data-start=\"1431\" data-end=\"1449\">pewno\u015b\u0107 siebie<\/strong> i <strong data-start=\"1452\" data-end=\"1474\">nienachalny luksus<\/strong> poprzez form\u0119 i detal.<\/p>\n","protected":false},"excerpt":{"rendered":"<h3 data-start=\"0\" data-end=\"25\"><strong data-start=\"4\" data-end=\"23\">Lapima \u2013 Martin<\/strong><\/h3>\n<p data-start=\"26\" data-end=\"69\"><strong data-start=\"26\" data-end=\"67\">Geometry. Character. Modern elegance.<\/strong><\/p>\n<p data-start=\"71\" data-end=\"298\">Model <strong data-start=\"77\" data-end=\"87\">Martin<\/strong> to manifest stylu, w kt\u00f3rym <strong data-start=\"116\" data-end=\"155\">geometria spotyka rze\u017abiarsk\u0105 form\u0119<\/strong>. Jego wyrazista linia i tr\u00f3jwymiarowa konstrukcja oddaj\u0105 <strong data-start=\"213\" data-end=\"231\">esencj\u0119 Lapima<\/strong> \u2013 po\u0142\u0105czenie <strong data-start=\"245\" data-end=\"267\">tradycji rzemios\u0142a<\/strong> i <strong data-start=\"270\" data-end=\"295\">awangardowego designu<\/strong>.<\/p>\n<p data-start=\"300\" data-end=\"731\">Szerokie zauszniki i stonowana kolorystyka nadaj\u0105 mu wsp\u00f3\u0142czesny, m\u0119ski charakter, zachowuj\u0105c przy tym ponadczasow\u0105 elegancj\u0119. Wykonany z <strong data-start=\"438\" data-end=\"472\">w\u0142oskiego acetatu Mazzucchelli<\/strong>, Martin zachwyca precyzj\u0105 wyko\u0144czenia i architektoniczn\u0105 harmoni\u0105 kszta\u0142t\u00f3w. <strong data-start=\"550\" data-end=\"581\">Soczewki z pe\u0142n\u0105 ochron\u0105 UV<\/strong> zapewniaj\u0105 komfort i bezpiecze\u0144stwo, dzi\u0119ki czemu model ten doskonale sprawdzi si\u0119 zar\u00f3wno w codziennym stylu, jak i w wyj\u0105tkowych okoliczno\u015bciach.<\/p>\n<hr data-start=\"733\" data-end=\"736\" \/>\n<p data-start=\"738\" data-end=\"763\"><strong data-start=\"738\" data-end=\"761\">Detale i wykonanie:<\/strong><\/p>\n<ul data-start=\"764\" data-end=\"1073\">\n<li data-start=\"764\" data-end=\"804\">\n<p data-start=\"766\" data-end=\"804\"><strong data-start=\"766\" data-end=\"777\">Rodzaj:<\/strong> okulary przeciws\u0142oneczne<\/p>\n<\/li>\n<li data-start=\"805\" data-end=\"859\">\n<p data-start=\"807\" data-end=\"859\"><strong data-start=\"807\" data-end=\"819\">Kszta\u0142t:<\/strong> geometryczny, z rze\u017abiarskim profilem<\/p>\n<\/li>\n<li data-start=\"860\" data-end=\"903\">\n<p data-start=\"862\" data-end=\"903\"><strong data-start=\"862\" data-end=\"871\">Styl:<\/strong> m\u0119ski, wsp\u00f3\u0142czesny, elegancki<\/p>\n<\/li>\n<li data-start=\"904\" data-end=\"948\">\n<p data-start=\"906\" data-end=\"948\"><strong data-start=\"906\" data-end=\"919\">Materia\u0142:<\/strong> w\u0142oski acetat Mazzucchelli<\/p>\n<\/li>\n<li data-start=\"949\" data-end=\"982\">\n<p data-start=\"951\" data-end=\"982\"><strong data-start=\"951\" data-end=\"964\">Soczewki:<\/strong> 100% ochrona UV<\/p>\n<\/li>\n<li data-start=\"983\" data-end=\"1040\">\n<p data-start=\"985\" data-end=\"1040\"><strong data-start=\"985\" data-end=\"1001\">Wyko\u0144czenie:<\/strong> r\u0119czne polerowanie o wysokim po\u0142ysku<\/p>\n<\/li>\n<li data-start=\"1041\" data-end=\"1073\">\n<p data-start=\"1043\" data-end=\"1073\"><strong data-start=\"1043\" data-end=\"1062\">Kraj produkcji:<\/strong> Brazylia<\/p>\n<\/li>\n<\/ul>\n<hr data-start=\"1075\" data-end=\"1078\" \/>\n<p data-start=\"1080\" data-end=\"1094\"><strong data-start=\"1080\" data-end=\"1092\">Wymiary:<\/strong><\/p>\n<ul data-start=\"1095\" data-end=\"1231\">\n<li data-start=\"1095\" data-end=\"1124\">\n<p data-start=\"1097\" data-end=\"1124\">Szeroko\u015b\u0107 soczewki: 51 mm<\/p>\n<\/li>\n<li data-start=\"1125\" data-end=\"1142\">\n<p data-start=\"1127\" data-end=\"1142\">Mostek: 23 mm<\/p>\n<\/li>\n<li data-start=\"1143\" data-end=\"1172\">\n<p data-start=\"1145\" data-end=\"1172\">D\u0142ugo\u015b\u0107 zausznika: 150 mm<\/p>\n<\/li>\n<li data-start=\"1173\" data-end=\"1204\">\n<p data-start=\"1175\" data-end=\"1204\">Ca\u0142kowita szeroko\u015b\u0107: 150 mm<\/p>\n<\/li>\n<li data-start=\"1205\" data-end=\"1231\">\n<p data-start=\"1207\" data-end=\"1231\">Wysoko\u015b\u0107 frontu: 52 mm<\/p>\n<\/li>\n<\/ul>\n","protected":false},"featured_media":3115,"template":"","meta":{"_acf_changed":false,"_joinchat":[]},"product_brand":[344],"product_cat":[32,37,30,35],"product_tag":[],"model":[],"class_list":{"0":"post-3114","1":"product","2":"type-product","3":"status-publish","4":"has-post-thumbnail","6":"product_brand-lapima","7":"product_cat-damskie","8":"product_cat-meskie","9":"product_cat-okulary-przeciwsloneczne","10":"product_cat-unisex","12":"first","13":"instock","14":"shipping-taxable","15":"purchasable","16":"product-type-simple"},"acf":[],"aioseo_notices":[],"_links":{"self":[{"href":"https:\/\/www.diukoptyk.pl\/pl\/wp-json\/wp\/v2\/product\/3114","targetHints":{"allow":["GET"]}}],"collection":[{"href":"https:\/\/www.diukoptyk.pl\/pl\/wp-json\/wp\/v2\/product"}],"about":[{"href":"https:\/\/www.diukoptyk.pl\/pl\/wp-json\/wp\/v2\/types\/product"}],"version-history":[{"count":1,"href":"https:\/\/www.diukoptyk.pl\/pl\/wp-json\/wp\/v2\/product\/3114\/revisions"}],"predecessor-version":[{"id":5147,"href":"https:\/\/www.diukoptyk.pl\/pl\/wp-json\/wp\/v2\/product\/3114\/revisions\/5147"}],"wp:featuredmedia":[{"embeddable":true,"href":"https:\/\/www.diukoptyk.pl\/pl\/wp-json\/wp\/v2\/media\/3115"}],"wp:attachment":[{"href":"https:\/\/www.diukoptyk.pl\/pl\/wp-json\/wp\/v2\/media?parent=3114"}],"wp:term":[{"taxonomy":"product_brand","embeddable":true,"href":"https:\/\/www.diukoptyk.pl\/pl\/wp-json\/wp\/v2\/product_brand?post=3114"},{"taxonomy":"product_cat","embeddable":true,"href":"https:\/\/www.diukoptyk.pl\/pl\/wp-json\/wp\/v2\/product_cat?post=3114"},{"taxonomy":"product_tag","embeddable":true,"href":"https:\/\/www.diukoptyk.pl\/pl\/wp-json\/wp\/v2\/product_tag?post=3114"},{"taxonomy":"model","embeddable":true,"href":"https:\/\/www.diukoptyk.pl\/pl\/wp-json\/wp\/v2\/model?post=3114"}],"curies":[{"name":"wp","href":"https:\/\/api.w.org\/{rel}","templated":true}]}}