{"id":3111,"date":"2025-10-15T17:13:44","date_gmt":"2025-10-15T15:13:44","guid":{"rendered":"https:\/\/www.diukoptyk.pl\/?post_type=product&#038;p=3111"},"modified":"2026-03-05T12:19:10","modified_gmt":"2026-03-05T11:19:10","slug":"lapima-maria-black","status":"publish","type":"product","link":"https:\/\/www.diukoptyk.pl\/pl\/produkt\/lapima-maria-black\/","title":{"rendered":"LAPIMA MARIA | BLACK"},"content":{"rendered":"<p><strong data-start=\"1212\" data-end=\"1225\">Dla kogo:<\/strong><br data-start=\"1225\" data-end=\"1228\" \/>Dla kobiet, kt\u00f3re ceni\u0105 <strong data-start=\"1252\" data-end=\"1299\">subtelno\u015b\u0107, proporcj\u0119 i klasyczn\u0105 elegancj\u0119<\/strong>.<br data-start=\"1300\" data-end=\"1303\" \/>Model <strong data-start=\"1309\" data-end=\"1325\">Lapima Maria<\/strong> to synonim <strong data-start=\"1337\" data-end=\"1362\">lekko\u015bci i kobieco\u015bci<\/strong> \u2013 delikatny, lecz wyrazisty, zaprojektowany z my\u015bl\u0105 o naturalnym pi\u0119knie i ponadczasowym stylu.<\/p>\n","protected":false},"excerpt":{"rendered":"<h3 data-start=\"0\" data-end=\"24\"><strong data-start=\"4\" data-end=\"22\">Lapima \u2013 Maria<\/strong><\/h3>\n<p data-start=\"25\" data-end=\"87\"><strong data-start=\"25\" data-end=\"85\">Delicate balance. Feminine essence. Timeless refinement.<\/strong><\/p>\n<p data-start=\"89\" data-end=\"377\">Model <strong data-start=\"95\" data-end=\"104\">Maria<\/strong> to subtelna, kobieca reinterpretacja klasyki w duchu Lapima \u2013 <strong data-start=\"167\" data-end=\"204\">smuk\u0142a oprawa o owalnym kszta\u0142cie<\/strong>, inspirowana rodzin\u0105 modeli <strong data-start=\"233\" data-end=\"241\">Nina<\/strong>. Charakteryzuje si\u0119 <strong data-start=\"262\" data-end=\"282\">ni\u017cszym profilem<\/strong> i <strong data-start=\"285\" data-end=\"318\">negatywnym frezowaniem frontu<\/strong>, kt\u00f3re nadaje jej nowoczesn\u0105 lekko\u015b\u0107 i eleganck\u0105 g\u0142\u0119bi\u0119.<\/p>\n<p data-start=\"379\" data-end=\"671\">Cienkie zauszniki podkre\u015blaj\u0105 finezyjny charakter modelu, a r\u0119cznie wykonany front z <strong data-start=\"464\" data-end=\"498\">w\u0142oskiego acetatu Mazzucchelli<\/strong> gwarantuje trwa\u0142o\u015b\u0107, po\u0142ysk i perfekcyjne dopasowanie. <strong data-start=\"554\" data-end=\"585\">Soczewki z pe\u0142n\u0105 ochron\u0105 UV<\/strong> dbaj\u0105 o komfort wzroku, czyni\u0105c <strong data-start=\"618\" data-end=\"627\">Mari\u0119<\/strong> idealnym wyborem na co dzie\u0144 i od \u015bwi\u0119ta.<\/p>\n<hr data-start=\"673\" data-end=\"676\" \/>\n<p data-start=\"678\" data-end=\"703\"><strong data-start=\"678\" data-end=\"701\">Detale i wykonanie:<\/strong><\/p>\n<ul data-start=\"704\" data-end=\"1047\">\n<li data-start=\"704\" data-end=\"765\">\n<p data-start=\"706\" data-end=\"765\"><strong data-start=\"706\" data-end=\"717\">Rodzaj:<\/strong> okulary przeciws\u0142oneczne \/ korekcyjne fashion<\/p>\n<\/li>\n<li data-start=\"766\" data-end=\"832\">\n<p data-start=\"768\" data-end=\"832\"><strong data-start=\"768\" data-end=\"780\">Kszta\u0142t:<\/strong> owalny z niskim profilem i negatywnym frezowaniem<\/p>\n<\/li>\n<li data-start=\"833\" data-end=\"877\">\n<p data-start=\"835\" data-end=\"877\"><strong data-start=\"835\" data-end=\"844\">Styl:<\/strong> kobiecy, delikatny, nowoczesny<\/p>\n<\/li>\n<li data-start=\"878\" data-end=\"922\">\n<p data-start=\"880\" data-end=\"922\"><strong data-start=\"880\" data-end=\"893\">Materia\u0142:<\/strong> w\u0142oski acetat Mazzucchelli<\/p>\n<\/li>\n<li data-start=\"923\" data-end=\"956\">\n<p data-start=\"925\" data-end=\"956\"><strong data-start=\"925\" data-end=\"938\">Soczewki:<\/strong> 100% ochrona UV<\/p>\n<\/li>\n<li data-start=\"957\" data-end=\"1014\">\n<p data-start=\"959\" data-end=\"1014\"><strong data-start=\"959\" data-end=\"975\">Wyko\u0144czenie:<\/strong> r\u0119czne polerowanie o wysokim po\u0142ysku<\/p>\n<\/li>\n<li data-start=\"1015\" data-end=\"1047\">\n<p data-start=\"1017\" data-end=\"1047\"><strong data-start=\"1017\" data-end=\"1036\">Kraj produkcji:<\/strong> Brazylia<\/p>\n<\/li>\n<\/ul>\n<hr data-start=\"1049\" data-end=\"1052\" \/>\n<p data-start=\"1054\" data-end=\"1068\"><strong data-start=\"1054\" data-end=\"1066\">Wymiary:<\/strong><\/p>\n<ul data-start=\"1069\" data-end=\"1205\">\n<li data-start=\"1069\" data-end=\"1098\">\n<p data-start=\"1071\" data-end=\"1098\">Szeroko\u015b\u0107 soczewki: 51 mm<\/p>\n<\/li>\n<li data-start=\"1099\" data-end=\"1116\">\n<p data-start=\"1101\" data-end=\"1116\">Mostek: 22 mm<\/p>\n<\/li>\n<li data-start=\"1117\" data-end=\"1146\">\n<p data-start=\"1119\" data-end=\"1146\">D\u0142ugo\u015b\u0107 zausznika: 145 mm<\/p>\n<\/li>\n<li data-start=\"1147\" data-end=\"1178\">\n<p data-start=\"1149\" data-end=\"1178\">Ca\u0142kowita szeroko\u015b\u0107: 149 mm<\/p>\n<\/li>\n<li data-start=\"1179\" data-end=\"1205\">\n<p data-start=\"1181\" data-end=\"1205\">Wysoko\u015b\u0107 frontu: 50 mm<\/p>\n<\/li>\n<\/ul>\n","protected":false},"featured_media":3112,"template":"","meta":{"_acf_changed":false,"_joinchat":[]},"product_brand":[344],"product_cat":[32,30],"product_tag":[],"model":[],"class_list":{"0":"post-3111","1":"product","2":"type-product","3":"status-publish","4":"has-post-thumbnail","6":"product_brand-lapima","7":"product_cat-damskie","8":"product_cat-okulary-przeciwsloneczne","10":"first","11":"instock","12":"shipping-taxable","13":"purchasable","14":"product-type-simple"},"acf":[],"aioseo_notices":[],"_links":{"self":[{"href":"https:\/\/www.diukoptyk.pl\/pl\/wp-json\/wp\/v2\/product\/3111","targetHints":{"allow":["GET"]}}],"collection":[{"href":"https:\/\/www.diukoptyk.pl\/pl\/wp-json\/wp\/v2\/product"}],"about":[{"href":"https:\/\/www.diukoptyk.pl\/pl\/wp-json\/wp\/v2\/types\/product"}],"version-history":[{"count":1,"href":"https:\/\/www.diukoptyk.pl\/pl\/wp-json\/wp\/v2\/product\/3111\/revisions"}],"predecessor-version":[{"id":5148,"href":"https:\/\/www.diukoptyk.pl\/pl\/wp-json\/wp\/v2\/product\/3111\/revisions\/5148"}],"wp:featuredmedia":[{"embeddable":true,"href":"https:\/\/www.diukoptyk.pl\/pl\/wp-json\/wp\/v2\/media\/3112"}],"wp:attachment":[{"href":"https:\/\/www.diukoptyk.pl\/pl\/wp-json\/wp\/v2\/media?parent=3111"}],"wp:term":[{"taxonomy":"product_brand","embeddable":true,"href":"https:\/\/www.diukoptyk.pl\/pl\/wp-json\/wp\/v2\/product_brand?post=3111"},{"taxonomy":"product_cat","embeddable":true,"href":"https:\/\/www.diukoptyk.pl\/pl\/wp-json\/wp\/v2\/product_cat?post=3111"},{"taxonomy":"product_tag","embeddable":true,"href":"https:\/\/www.diukoptyk.pl\/pl\/wp-json\/wp\/v2\/product_tag?post=3111"},{"taxonomy":"model","embeddable":true,"href":"https:\/\/www.diukoptyk.pl\/pl\/wp-json\/wp\/v2\/model?post=3111"}],"curies":[{"name":"wp","href":"https:\/\/api.w.org\/{rel}","templated":true}]}}