{"id":3107,"date":"2025-10-15T17:10:20","date_gmt":"2025-10-15T15:10:20","guid":{"rendered":"https:\/\/www.diukoptyk.pl\/?post_type=product&#038;p=3107"},"modified":"2026-03-05T12:19:26","modified_gmt":"2026-03-05T11:19:26","slug":"lapima-manon-black","status":"publish","type":"product","link":"https:\/\/www.diukoptyk.pl\/pl\/produkt\/lapima-manon-black\/","title":{"rendered":"LAPIMA MANON | BLACK"},"content":{"rendered":"<p><strong data-start=\"1202\" data-end=\"1215\">Dla kogo:<\/strong><br data-start=\"1215\" data-end=\"1218\" \/>Dla kobiet, kt\u00f3re kochaj\u0105 <strong data-start=\"1244\" data-end=\"1281\">mod\u0119, ekspresj\u0119 i odwag\u0119 w formie<\/strong>.<br data-start=\"1282\" data-end=\"1285\" \/>Model <strong data-start=\"1291\" data-end=\"1307\">Lapima Manon<\/strong> to kwintesencja <strong data-start=\"1324\" data-end=\"1349\">nowoczesnego glamouru<\/strong> \u2013 idealny dla tych, kt\u00f3re lubi\u0105 by\u0107 w centrum uwagi, zachowuj\u0105c przy tym artystyczny wdzi\u0119k i brazylijsk\u0105 lekko\u015b\u0107 stylu.<\/p>\n","protected":false},"excerpt":{"rendered":"<h3 data-start=\"0\" data-end=\"24\"><strong data-start=\"4\" data-end=\"22\">Lapima \u2013 Manon<\/strong><\/h3>\n<p data-start=\"25\" data-end=\"91\"><strong data-start=\"25\" data-end=\"89\">An icon is born. Bold. Fashionable. Unapologetically modern.<\/strong><\/p>\n<p data-start=\"93\" data-end=\"401\">Model <strong data-start=\"99\" data-end=\"108\">Manon<\/strong> to wsp\u00f3\u0142czesna interpretacja ikonicznego stylu w duchu Lapima \u2013 <strong data-start=\"173\" data-end=\"195\">oversize\u2019owa forma<\/strong>, bogata w detale i energi\u0119. Zdecydowany kszta\u0142t, misternie wykonany mostek z otwart\u0105 konstrukcj\u0105 i rze\u017abiarskie linie czyni\u0105 z niej <strong data-start=\"328\" data-end=\"356\">bohaterk\u0119 letnich marze\u0144<\/strong> \u2013 zadziorn\u0105, modn\u0105 i absolutnie wyj\u0105tkow\u0105.<\/p>\n<p data-start=\"403\" data-end=\"682\">Wykonana z <strong data-start=\"414\" data-end=\"448\">w\u0142oskiego acetatu Mazzucchelli<\/strong>, Manon \u0142\u0105czy luksusow\u0105 jako\u015b\u0107 z nowoczesnym designem. Jej <strong data-start=\"507\" data-end=\"546\">obszerna forma i dopracowane detale<\/strong> przyci\u0105gaj\u0105 spojrzenia, a <strong data-start=\"573\" data-end=\"604\">soczewki z pe\u0142n\u0105 ochron\u0105 UV<\/strong> zapewniaj\u0105 komfort i bezpiecze\u0144stwo nawet w najbardziej intensywnym s\u0142o\u0144cu.<\/p>\n<hr data-start=\"684\" data-end=\"687\" \/>\n<p data-start=\"689\" data-end=\"714\"><strong data-start=\"689\" data-end=\"712\">Detale i wykonanie:<\/strong><\/p>\n<ul data-start=\"715\" data-end=\"1037\">\n<li data-start=\"715\" data-end=\"755\">\n<p data-start=\"717\" data-end=\"755\"><strong data-start=\"717\" data-end=\"728\">Rodzaj:<\/strong> okulary przeciws\u0142oneczne<\/p>\n<\/li>\n<li data-start=\"756\" data-end=\"827\">\n<p data-start=\"758\" data-end=\"827\"><strong data-start=\"758\" data-end=\"770\">Kszta\u0142t:<\/strong> oversize, z otwartym mostkiem i rze\u017abion\u0105 powierzchni\u0105<\/p>\n<\/li>\n<li data-start=\"828\" data-end=\"867\">\n<p data-start=\"830\" data-end=\"867\"><strong data-start=\"830\" data-end=\"839\">Styl:<\/strong> modny, odwa\u017cny, luksusowy<\/p>\n<\/li>\n<li data-start=\"868\" data-end=\"912\">\n<p data-start=\"870\" data-end=\"912\"><strong data-start=\"870\" data-end=\"883\">Materia\u0142:<\/strong> w\u0142oski acetat Mazzucchelli<\/p>\n<\/li>\n<li data-start=\"913\" data-end=\"946\">\n<p data-start=\"915\" data-end=\"946\"><strong data-start=\"915\" data-end=\"928\">Soczewki:<\/strong> 100% ochrona UV<\/p>\n<\/li>\n<li data-start=\"947\" data-end=\"1004\">\n<p data-start=\"949\" data-end=\"1004\"><strong data-start=\"949\" data-end=\"965\">Wyko\u0144czenie:<\/strong> r\u0119czne polerowanie o wysokim po\u0142ysku<\/p>\n<\/li>\n<li data-start=\"1005\" data-end=\"1037\">\n<p data-start=\"1007\" data-end=\"1037\"><strong data-start=\"1007\" data-end=\"1026\">Kraj produkcji:<\/strong> Brazylia<\/p>\n<\/li>\n<\/ul>\n<hr data-start=\"1039\" data-end=\"1042\" \/>\n<p data-start=\"1044\" data-end=\"1058\"><strong data-start=\"1044\" data-end=\"1056\">Wymiary:<\/strong><\/p>\n<ul data-start=\"1059\" data-end=\"1195\">\n<li data-start=\"1059\" data-end=\"1088\">\n<p data-start=\"1061\" data-end=\"1088\">Szeroko\u015b\u0107 soczewki: 55 mm<\/p>\n<\/li>\n<li data-start=\"1089\" data-end=\"1106\">\n<p data-start=\"1091\" data-end=\"1106\">Mostek: 19 mm<\/p>\n<\/li>\n<li data-start=\"1107\" data-end=\"1136\">\n<p data-start=\"1109\" data-end=\"1136\">D\u0142ugo\u015b\u0107 zausznika: 145 mm<\/p>\n<\/li>\n<li data-start=\"1137\" data-end=\"1168\">\n<p data-start=\"1139\" data-end=\"1168\">Ca\u0142kowita szeroko\u015b\u0107: 154 mm<\/p>\n<\/li>\n<li data-start=\"1169\" data-end=\"1195\">\n<p data-start=\"1171\" data-end=\"1195\">Wysoko\u015b\u0107 frontu: 63 mm<\/p>\n<\/li>\n<\/ul>\n","protected":false},"featured_media":3108,"template":"","meta":{"_acf_changed":false,"_joinchat":[]},"product_brand":[344],"product_cat":[32,30],"product_tag":[],"model":[],"class_list":{"0":"post-3107","1":"product","2":"type-product","3":"status-publish","4":"has-post-thumbnail","6":"product_brand-lapima","7":"product_cat-damskie","8":"product_cat-okulary-przeciwsloneczne","10":"first","11":"instock","12":"shipping-taxable","13":"purchasable","14":"product-type-simple"},"acf":[],"aioseo_notices":[],"_links":{"self":[{"href":"https:\/\/www.diukoptyk.pl\/pl\/wp-json\/wp\/v2\/product\/3107","targetHints":{"allow":["GET"]}}],"collection":[{"href":"https:\/\/www.diukoptyk.pl\/pl\/wp-json\/wp\/v2\/product"}],"about":[{"href":"https:\/\/www.diukoptyk.pl\/pl\/wp-json\/wp\/v2\/types\/product"}],"version-history":[{"count":1,"href":"https:\/\/www.diukoptyk.pl\/pl\/wp-json\/wp\/v2\/product\/3107\/revisions"}],"predecessor-version":[{"id":5149,"href":"https:\/\/www.diukoptyk.pl\/pl\/wp-json\/wp\/v2\/product\/3107\/revisions\/5149"}],"wp:featuredmedia":[{"embeddable":true,"href":"https:\/\/www.diukoptyk.pl\/pl\/wp-json\/wp\/v2\/media\/3108"}],"wp:attachment":[{"href":"https:\/\/www.diukoptyk.pl\/pl\/wp-json\/wp\/v2\/media?parent=3107"}],"wp:term":[{"taxonomy":"product_brand","embeddable":true,"href":"https:\/\/www.diukoptyk.pl\/pl\/wp-json\/wp\/v2\/product_brand?post=3107"},{"taxonomy":"product_cat","embeddable":true,"href":"https:\/\/www.diukoptyk.pl\/pl\/wp-json\/wp\/v2\/product_cat?post=3107"},{"taxonomy":"product_tag","embeddable":true,"href":"https:\/\/www.diukoptyk.pl\/pl\/wp-json\/wp\/v2\/product_tag?post=3107"},{"taxonomy":"model","embeddable":true,"href":"https:\/\/www.diukoptyk.pl\/pl\/wp-json\/wp\/v2\/model?post=3107"}],"curies":[{"name":"wp","href":"https:\/\/api.w.org\/{rel}","templated":true}]}}