{"id":3103,"date":"2025-10-15T17:01:30","date_gmt":"2025-10-15T15:01:30","guid":{"rendered":"https:\/\/www.diukoptyk.pl\/?post_type=product&#038;p=3103"},"modified":"2026-03-05T12:19:44","modified_gmt":"2026-03-05T11:19:44","slug":"lapima-lisa-black","status":"publish","type":"product","link":"https:\/\/www.diukoptyk.pl\/pl\/produkt\/lapima-lisa-black\/","title":{"rendered":"LAPIMA LISA | BLACK"},"content":{"rendered":"<p><strong data-start=\"1226\" data-end=\"1239\">Dla kogo:<\/strong><br data-start=\"1239\" data-end=\"1242\" \/>Dla kobiet, kt\u00f3re kochaj\u0105 <strong data-start=\"1268\" data-end=\"1312\">czyst\u0105 form\u0119, precyzj\u0119 i nowoczesny szyk<\/strong>.<br data-start=\"1313\" data-end=\"1316\" \/>Model <strong data-start=\"1322\" data-end=\"1337\">Lapima Lisa<\/strong> to manifest <strong data-start=\"1350\" data-end=\"1370\">si\u0142y i elegancji<\/strong> \u2013 perfekcyjny wyb\u00f3r dla tych, kt\u00f3re lubi\u0105 przyci\u0105ga\u0107 uwag\u0119 bez s\u0142\u00f3w, pozostaj\u0105c wierne swojej estetyce.<\/p>\n","protected":false},"excerpt":{"rendered":"<h3 data-start=\"0\" data-end=\"23\"><strong data-start=\"4\" data-end=\"21\">Lapima \u2013 Lisa<\/strong><\/h3>\n<p data-start=\"24\" data-end=\"89\"><strong data-start=\"24\" data-end=\"87\">Architectural precision. Feminine strength. Modern classic.<\/strong><\/p>\n<p data-start=\"91\" data-end=\"397\">Model <strong data-start=\"97\" data-end=\"105\">Lisa<\/strong> to po\u0142\u0105czenie <strong data-start=\"120\" data-end=\"147\">nowoczesno\u015bci i klasyki<\/strong> \u2014 oprawa, w kt\u00f3rej <strong data-start=\"167\" data-end=\"196\">proste linie i ostre k\u0105ty<\/strong> tworz\u0105 harmonijn\u0105 ca\u0142o\u015b\u0107 o zdecydowanym, a zarazem eleganckim charakterze. Jej prostok\u0105tny kszta\u0142t nabiera lekko\u015bci dzi\u0119ki rze\u017abiarskiej formie, nadanej r\u0119cznie przez rzemie\u015blnik\u00f3w w atelier Lapima.<\/p>\n<p data-start=\"399\" data-end=\"713\">To <strong data-start=\"402\" data-end=\"445\">okulary o silnej, graficznej to\u017csamo\u015bci<\/strong>, kt\u00f3re emanuj\u0105 pewno\u015bci\u0105 siebie i wyrafinowaniem. Wykonane z <strong data-start=\"507\" data-end=\"541\">w\u0142oskiego acetatu Mazzucchelli<\/strong>, zachwycaj\u0105 po\u0142yskiem, precyzj\u0105 wyko\u0144czenia i doskona\u0142ym dopasowaniem do twarzy. <strong data-start=\"623\" data-end=\"654\">Soczewki z pe\u0142n\u0105 ochron\u0105 UV<\/strong> zapewniaj\u0105 komfort i bezpiecze\u0144stwo w ka\u017cdych warunkach.<\/p>\n<hr data-start=\"715\" data-end=\"718\" \/>\n<p data-start=\"720\" data-end=\"745\"><strong data-start=\"720\" data-end=\"743\">Detale i wykonanie:<\/strong><\/p>\n<ul data-start=\"746\" data-end=\"1061\">\n<li data-start=\"746\" data-end=\"786\">\n<p data-start=\"748\" data-end=\"786\"><strong data-start=\"748\" data-end=\"759\">Rodzaj:<\/strong> okulary przeciws\u0142oneczne<\/p>\n<\/li>\n<li data-start=\"787\" data-end=\"839\">\n<p data-start=\"789\" data-end=\"839\"><strong data-start=\"789\" data-end=\"801\">Kszta\u0142t:<\/strong> prostok\u0105tny, o rze\u017abiarskiej formie<\/p>\n<\/li>\n<li data-start=\"840\" data-end=\"891\">\n<p data-start=\"842\" data-end=\"891\"><strong data-start=\"842\" data-end=\"851\">Styl:<\/strong> kobiecy, nowoczesny, architektoniczny<\/p>\n<\/li>\n<li data-start=\"892\" data-end=\"936\">\n<p data-start=\"894\" data-end=\"936\"><strong data-start=\"894\" data-end=\"907\">Materia\u0142:<\/strong> w\u0142oski acetat Mazzucchelli<\/p>\n<\/li>\n<li data-start=\"937\" data-end=\"970\">\n<p data-start=\"939\" data-end=\"970\"><strong data-start=\"939\" data-end=\"952\">Soczewki:<\/strong> 100% ochrona UV<\/p>\n<\/li>\n<li data-start=\"971\" data-end=\"1028\">\n<p data-start=\"973\" data-end=\"1028\"><strong data-start=\"973\" data-end=\"989\">Wyko\u0144czenie:<\/strong> r\u0119czne polerowanie o wysokim po\u0142ysku<\/p>\n<\/li>\n<li data-start=\"1029\" data-end=\"1061\">\n<p data-start=\"1031\" data-end=\"1061\"><strong data-start=\"1031\" data-end=\"1050\">Kraj produkcji:<\/strong> Brazylia<\/p>\n<\/li>\n<\/ul>\n<hr data-start=\"1063\" data-end=\"1066\" \/>\n<p data-start=\"1068\" data-end=\"1082\"><strong data-start=\"1068\" data-end=\"1080\">Wymiary:<\/strong><\/p>\n<ul data-start=\"1083\" data-end=\"1219\">\n<li data-start=\"1083\" data-end=\"1112\">\n<p data-start=\"1085\" data-end=\"1112\">Szeroko\u015b\u0107 soczewki: 47 mm<\/p>\n<\/li>\n<li data-start=\"1113\" data-end=\"1130\">\n<p data-start=\"1115\" data-end=\"1130\">Mostek: 25 mm<\/p>\n<\/li>\n<li data-start=\"1131\" data-end=\"1160\">\n<p data-start=\"1133\" data-end=\"1160\">D\u0142ugo\u015b\u0107 zausznika: 145 mm<\/p>\n<\/li>\n<li data-start=\"1161\" data-end=\"1192\">\n<p data-start=\"1163\" data-end=\"1192\">Ca\u0142kowita szeroko\u015b\u0107: 148 mm<\/p>\n<\/li>\n<li data-start=\"1193\" data-end=\"1219\">\n<p data-start=\"1195\" data-end=\"1219\">Wysoko\u015b\u0107 frontu: 56 mm<\/p>\n<\/li>\n<\/ul>\n","protected":false},"featured_media":3104,"template":"","meta":{"_acf_changed":false,"_joinchat":[]},"product_brand":[344],"product_cat":[32,30],"product_tag":[],"model":[],"class_list":{"0":"post-3103","1":"product","2":"type-product","3":"status-publish","4":"has-post-thumbnail","6":"product_brand-lapima","7":"product_cat-damskie","8":"product_cat-okulary-przeciwsloneczne","10":"first","11":"instock","12":"shipping-taxable","13":"purchasable","14":"product-type-simple"},"acf":[],"aioseo_notices":[],"_links":{"self":[{"href":"https:\/\/www.diukoptyk.pl\/pl\/wp-json\/wp\/v2\/product\/3103","targetHints":{"allow":["GET"]}}],"collection":[{"href":"https:\/\/www.diukoptyk.pl\/pl\/wp-json\/wp\/v2\/product"}],"about":[{"href":"https:\/\/www.diukoptyk.pl\/pl\/wp-json\/wp\/v2\/types\/product"}],"version-history":[{"count":1,"href":"https:\/\/www.diukoptyk.pl\/pl\/wp-json\/wp\/v2\/product\/3103\/revisions"}],"predecessor-version":[{"id":5150,"href":"https:\/\/www.diukoptyk.pl\/pl\/wp-json\/wp\/v2\/product\/3103\/revisions\/5150"}],"wp:featuredmedia":[{"embeddable":true,"href":"https:\/\/www.diukoptyk.pl\/pl\/wp-json\/wp\/v2\/media\/3104"}],"wp:attachment":[{"href":"https:\/\/www.diukoptyk.pl\/pl\/wp-json\/wp\/v2\/media?parent=3103"}],"wp:term":[{"taxonomy":"product_brand","embeddable":true,"href":"https:\/\/www.diukoptyk.pl\/pl\/wp-json\/wp\/v2\/product_brand?post=3103"},{"taxonomy":"product_cat","embeddable":true,"href":"https:\/\/www.diukoptyk.pl\/pl\/wp-json\/wp\/v2\/product_cat?post=3103"},{"taxonomy":"product_tag","embeddable":true,"href":"https:\/\/www.diukoptyk.pl\/pl\/wp-json\/wp\/v2\/product_tag?post=3103"},{"taxonomy":"model","embeddable":true,"href":"https:\/\/www.diukoptyk.pl\/pl\/wp-json\/wp\/v2\/model?post=3103"}],"curies":[{"name":"wp","href":"https:\/\/api.w.org\/{rel}","templated":true}]}}