{"id":3080,"date":"2025-10-15T15:02:57","date_gmt":"2025-10-15T13:02:57","guid":{"rendered":"https:\/\/www.diukoptyk.pl\/?post_type=product&#038;p=3080"},"modified":"2026-03-05T12:22:24","modified_gmt":"2026-03-05T11:22:24","slug":"lapima-carolina-black-solid","status":"publish","type":"product","link":"https:\/\/www.diukoptyk.pl\/pl\/produkt\/lapima-carolina-black-solid\/","title":{"rendered":"LAPIMA CAROLINA | BLACK SOLID"},"content":{"rendered":"<p><strong data-start=\"1227\" data-end=\"1240\">Dla kogo:<\/strong><br data-start=\"1240\" data-end=\"1243\" \/>Dla kobiet, kt\u00f3re ceni\u0105 <strong data-start=\"1267\" data-end=\"1325\">francusk\u0105 elegancj\u0119 i klasyczne pi\u0119kno z dusz\u0105 vintage<\/strong>.<br data-start=\"1326\" data-end=\"1329\" \/>Model <strong data-start=\"1335\" data-end=\"1354\">Lapima Carolina<\/strong> emanuje ciep\u0142em, lekko\u015bci\u0105 i magnetyzmem \u2013 to wyb\u00f3r dla tych, kt\u00f3re pragn\u0105 ol\u015bniewa\u0107 w ka\u017cdej sytuacji, zachowuj\u0105c naturalny wdzi\u0119k i stylow\u0105 swobod\u0119.<\/p>\n","protected":false},"excerpt":{"rendered":"<h3 data-start=\"0\" data-end=\"27\"><strong data-start=\"4\" data-end=\"25\">Lapima \u2013 Carolina<\/strong><\/h3>\n<p data-start=\"28\" data-end=\"78\"><strong data-start=\"28\" data-end=\"76\">\u201970s glamour. French charm. Timeless allure.<\/strong><\/p>\n<p data-start=\"80\" data-end=\"348\">Model <strong data-start=\"86\" data-end=\"98\">Carolina<\/strong> to ho\u0142d dla z\u0142otej ery stylu \u2013 <strong data-start=\"130\" data-end=\"141\">lat 70.<\/strong>, kiedy elegancja spotyka\u0142a si\u0119 z odwag\u0105, a moda zyskiwa\u0142a wymiar artystyczny. Zaokr\u0105glona forma o mi\u0119kkich liniach i zmys\u0142owej obj\u0119to\u015bci przywo\u0142uje ducha francuskiego szyku \u2013 subtelnego, lecz wyrazistego.<\/p>\n<p data-start=\"350\" data-end=\"719\">R\u0119cznie wykonana z <strong data-start=\"369\" data-end=\"403\">w\u0142oskiego acetatu Mazzucchelli<\/strong>, oprawa <strong data-start=\"412\" data-end=\"424\">Carolina<\/strong> \u0142\u0105czy ponadczasow\u0105 estetyk\u0119 z lekko\u015bci\u0105 i komfortem noszenia. Jej delikatne proporcje i rze\u017abiarskie detale sprawiaj\u0105, \u017ce to model idealny dla kobiet ceni\u0105cych klasyczny wdzi\u0119k i wsp\u00f3\u0142czesn\u0105 elegancj\u0119. Soczewki z <strong data-start=\"638\" data-end=\"658\">pe\u0142n\u0105 ochron\u0105 UV<\/strong> zapewniaj\u0105 bezpiecze\u0144stwo i doskona\u0142\u0105 klarowno\u015b\u0107 widzenia.<\/p>\n<hr data-start=\"721\" data-end=\"724\" \/>\n<p data-start=\"726\" data-end=\"751\"><strong data-start=\"726\" data-end=\"749\">Detale i wykonanie:<\/strong><\/p>\n<ul data-start=\"752\" data-end=\"1062\">\n<li data-start=\"752\" data-end=\"792\">\n<p data-start=\"754\" data-end=\"792\"><strong data-start=\"754\" data-end=\"765\">Rodzaj:<\/strong> okulary przeciws\u0142oneczne<\/p>\n<\/li>\n<li data-start=\"793\" data-end=\"845\">\n<p data-start=\"795\" data-end=\"845\"><strong data-start=\"795\" data-end=\"807\">Kszta\u0142t:<\/strong> okr\u0105g\u0142y, inspirowany stylem lat 70.<\/p>\n<\/li>\n<li data-start=\"846\" data-end=\"892\">\n<p data-start=\"848\" data-end=\"892\"><strong data-start=\"848\" data-end=\"857\">Styl:<\/strong> elegancki, kobiecy, z nut\u0105 retro<\/p>\n<\/li>\n<li data-start=\"893\" data-end=\"937\">\n<p data-start=\"895\" data-end=\"937\"><strong data-start=\"895\" data-end=\"908\">Materia\u0142:<\/strong> w\u0142oski acetat Mazzucchelli<\/p>\n<\/li>\n<li data-start=\"938\" data-end=\"971\">\n<p data-start=\"940\" data-end=\"971\"><strong data-start=\"940\" data-end=\"953\">Soczewki:<\/strong> 100% ochrona UV<\/p>\n<\/li>\n<li data-start=\"972\" data-end=\"1029\">\n<p data-start=\"974\" data-end=\"1029\"><strong data-start=\"974\" data-end=\"990\">Wyko\u0144czenie:<\/strong> r\u0119czne polerowanie o wysokim po\u0142ysku<\/p>\n<\/li>\n<li data-start=\"1030\" data-end=\"1062\">\n<p data-start=\"1032\" data-end=\"1062\"><strong data-start=\"1032\" data-end=\"1051\">Kraj produkcji:<\/strong> Brazylia<\/p>\n<\/li>\n<\/ul>\n<hr data-start=\"1064\" data-end=\"1067\" \/>\n<p data-start=\"1069\" data-end=\"1083\"><strong data-start=\"1069\" data-end=\"1081\">Wymiary:<\/strong><\/p>\n<ul data-start=\"1084\" data-end=\"1220\">\n<li data-start=\"1084\" data-end=\"1113\">\n<p data-start=\"1086\" data-end=\"1113\">Szeroko\u015b\u0107 soczewki: 48 mm<\/p>\n<\/li>\n<li data-start=\"1114\" data-end=\"1131\">\n<p data-start=\"1116\" data-end=\"1131\">Mostek: 22 mm<\/p>\n<\/li>\n<li data-start=\"1132\" data-end=\"1161\">\n<p data-start=\"1134\" data-end=\"1161\">D\u0142ugo\u015b\u0107 zausznika: 145 mm<\/p>\n<\/li>\n<li data-start=\"1162\" data-end=\"1193\">\n<p data-start=\"1164\" data-end=\"1193\">Ca\u0142kowita szeroko\u015b\u0107: 142 mm<\/p>\n<\/li>\n<li data-start=\"1194\" data-end=\"1220\">\n<p data-start=\"1196\" data-end=\"1220\">Wysoko\u015b\u0107 frontu: 59 mm<\/p>\n<\/li>\n<\/ul>\n","protected":false},"featured_media":3081,"template":"","meta":{"_acf_changed":false,"_joinchat":[]},"product_brand":[344],"product_cat":[32,30],"product_tag":[],"model":[],"class_list":{"0":"post-3080","1":"product","2":"type-product","3":"status-publish","4":"has-post-thumbnail","6":"product_brand-lapima","7":"product_cat-damskie","8":"product_cat-okulary-przeciwsloneczne","10":"first","11":"instock","12":"shipping-taxable","13":"purchasable","14":"product-type-simple"},"acf":[],"aioseo_notices":[],"_links":{"self":[{"href":"https:\/\/www.diukoptyk.pl\/pl\/wp-json\/wp\/v2\/product\/3080","targetHints":{"allow":["GET"]}}],"collection":[{"href":"https:\/\/www.diukoptyk.pl\/pl\/wp-json\/wp\/v2\/product"}],"about":[{"href":"https:\/\/www.diukoptyk.pl\/pl\/wp-json\/wp\/v2\/types\/product"}],"version-history":[{"count":2,"href":"https:\/\/www.diukoptyk.pl\/pl\/wp-json\/wp\/v2\/product\/3080\/revisions"}],"predecessor-version":[{"id":5156,"href":"https:\/\/www.diukoptyk.pl\/pl\/wp-json\/wp\/v2\/product\/3080\/revisions\/5156"}],"wp:featuredmedia":[{"embeddable":true,"href":"https:\/\/www.diukoptyk.pl\/pl\/wp-json\/wp\/v2\/media\/3081"}],"wp:attachment":[{"href":"https:\/\/www.diukoptyk.pl\/pl\/wp-json\/wp\/v2\/media?parent=3080"}],"wp:term":[{"taxonomy":"product_brand","embeddable":true,"href":"https:\/\/www.diukoptyk.pl\/pl\/wp-json\/wp\/v2\/product_brand?post=3080"},{"taxonomy":"product_cat","embeddable":true,"href":"https:\/\/www.diukoptyk.pl\/pl\/wp-json\/wp\/v2\/product_cat?post=3080"},{"taxonomy":"product_tag","embeddable":true,"href":"https:\/\/www.diukoptyk.pl\/pl\/wp-json\/wp\/v2\/product_tag?post=3080"},{"taxonomy":"model","embeddable":true,"href":"https:\/\/www.diukoptyk.pl\/pl\/wp-json\/wp\/v2\/model?post=3080"}],"curies":[{"name":"wp","href":"https:\/\/api.w.org\/{rel}","templated":true}]}}