{"id":3056,"date":"2025-10-15T12:19:08","date_gmt":"2025-10-15T10:19:08","guid":{"rendered":"https:\/\/www.diukoptyk.pl\/?post_type=product&#038;p=3056"},"modified":"2026-03-05T12:24:42","modified_gmt":"2026-03-05T11:24:42","slug":"lapima-bebel-black","status":"publish","type":"product","link":"https:\/\/www.diukoptyk.pl\/pl\/produkt\/lapima-bebel-black\/","title":{"rendered":"LAPIMA BEBEL | BLACK"},"content":{"rendered":"<p><strong data-start=\"1256\" data-end=\"1269\">Dla kogo:<\/strong><br data-start=\"1269\" data-end=\"1272\" \/>Dla os\u00f3b, kt\u00f3re <strong data-start=\"1288\" data-end=\"1314\">nie boj\u0105 si\u0119 wyr\u00f3\u017cnia\u0107<\/strong> \u2013 ceni\u0105 design, architektur\u0119 i mod\u0119 haute couture.<br data-start=\"1365\" data-end=\"1368\" \/><strong data-start=\"1368\" data-end=\"1384\">Lapima Bebel<\/strong> to okulary, kt\u00f3re nie tylko zdobi\u0105 twarz, ale te\u017c opowiadaj\u0105 histori\u0119 odwagi, stylu i artystycznego spojrzenia na \u015bwiat.<\/p>\n","protected":false},"excerpt":{"rendered":"<h3 data-start=\"0\" data-end=\"24\"><strong data-start=\"4\" data-end=\"22\">Lapima \u2013 Bebel<\/strong><\/h3>\n<p data-start=\"25\" data-end=\"69\"><strong data-start=\"25\" data-end=\"67\">Sculptural Geometry. Brazilian Spirit.<\/strong><\/p>\n<p data-start=\"71\" data-end=\"407\">Model <strong data-start=\"77\" data-end=\"86\">Bebel<\/strong> to wyrazista, geometryczna oprawa inspirowana stylem <strong data-start=\"140\" data-end=\"155\">Tessy Petit<\/strong>, \u0142\u0105cz\u0105ca <strong data-start=\"165\" data-end=\"215\">architektoniczn\u0105 form\u0119 z artystyczn\u0105 elegancj\u0105<\/strong>. Jej charakterystyczny design oparty na negatywnych powierzchniach i ostrych k\u0105tach tworzy nowoczesn\u0105, rze\u017abiarsk\u0105 sylwetk\u0119 \u2013 idealn\u0105 dla mi\u0142o\u015bnik\u00f3w odwa\u017cnego stylu i nieoczywistego pi\u0119kna.<\/p>\n<p data-start=\"409\" data-end=\"733\">R\u0119cznie wykonana w Brazylii z najwy\u017cszej jako\u015bci <strong data-start=\"458\" data-end=\"492\">w\u0142oskiego acetatu Mazzucchelli<\/strong>, oprawa <strong data-start=\"501\" data-end=\"510\">Bebel<\/strong> emanuje modowym wyrafinowaniem, a przy tym pozostaje wygodna i lekka. Transparentne soczewki z <strong data-start=\"606\" data-end=\"633\">pow\u0142ok\u0105 antyrefleksyjn\u0105<\/strong> sprawiaj\u0105, \u017ce model doskonale sprawdza si\u0119 jako oprawa korekcyjna lub stylowe okulary blue light.<\/p>\n<hr data-start=\"735\" data-end=\"738\" \/>\n<p data-start=\"740\" data-end=\"765\"><strong data-start=\"740\" data-end=\"763\">Detale i wykonanie:<\/strong><\/p>\n<ul data-start=\"766\" data-end=\"1091\">\n<li data-start=\"766\" data-end=\"829\">\n<p data-start=\"768\" data-end=\"829\"><strong data-start=\"768\" data-end=\"779\">Rodzaj:<\/strong> okulary korekcyjne \/ blue-light \/ fashion frame<\/p>\n<\/li>\n<li data-start=\"830\" data-end=\"893\">\n<p data-start=\"832\" data-end=\"893\"><strong data-start=\"832\" data-end=\"841\">Styl:<\/strong> geometryczny, rze\u017abiarski, inspirowany latami 70.<\/p>\n<\/li>\n<li data-start=\"894\" data-end=\"938\">\n<p data-start=\"896\" data-end=\"938\"><strong data-start=\"896\" data-end=\"909\">Materia\u0142:<\/strong> w\u0142oski acetat Mazzucchelli<\/p>\n<\/li>\n<li data-start=\"939\" data-end=\"996\">\n<p data-start=\"941\" data-end=\"996\"><strong data-start=\"941\" data-end=\"954\">Soczewki:<\/strong> przezroczyste z pow\u0142ok\u0105 antyrefleksyjn\u0105<\/p>\n<\/li>\n<li data-start=\"997\" data-end=\"1058\">\n<p data-start=\"999\" data-end=\"1058\"><strong data-start=\"999\" data-end=\"1015\">Wyko\u0144czenie:<\/strong> r\u0119cznie polerowane dla wysokiego po\u0142ysku<\/p>\n<\/li>\n<li data-start=\"1059\" data-end=\"1091\">\n<p data-start=\"1061\" data-end=\"1091\"><strong data-start=\"1061\" data-end=\"1080\">Kraj produkcji:<\/strong> Brazylia<\/p>\n<\/li>\n<\/ul>\n<hr data-start=\"1093\" data-end=\"1096\" \/>\n<p data-start=\"1098\" data-end=\"1112\"><strong data-start=\"1098\" data-end=\"1110\">Wymiary:<\/strong><\/p>\n<ul data-start=\"1113\" data-end=\"1249\">\n<li data-start=\"1113\" data-end=\"1142\">\n<p data-start=\"1115\" data-end=\"1142\">Szeroko\u015b\u0107 soczewki: 52 mm<\/p>\n<\/li>\n<li data-start=\"1143\" data-end=\"1160\">\n<p data-start=\"1145\" data-end=\"1160\">Mostek: 19 mm<\/p>\n<\/li>\n<li data-start=\"1161\" data-end=\"1190\">\n<p data-start=\"1163\" data-end=\"1190\">D\u0142ugo\u015b\u0107 zausznika: 145 mm<\/p>\n<\/li>\n<li data-start=\"1191\" data-end=\"1222\">\n<p data-start=\"1193\" data-end=\"1222\">Ca\u0142kowita szeroko\u015b\u0107: 151 mm<\/p>\n<\/li>\n<li data-start=\"1223\" data-end=\"1249\">\n<p data-start=\"1225\" data-end=\"1249\">Wysoko\u015b\u0107 frontu: 47 mm<\/p>\n<\/li>\n<\/ul>\n","protected":false},"featured_media":3057,"template":"","meta":{"_acf_changed":false,"_joinchat":[]},"product_brand":[344],"product_cat":[32,51],"product_tag":[],"model":[],"class_list":{"0":"post-3056","1":"product","2":"type-product","3":"status-publish","4":"has-post-thumbnail","6":"product_brand-lapima","7":"product_cat-damskie","8":"product_cat-okulary-korekcyjne","10":"first","11":"instock","12":"shipping-taxable","13":"purchasable","14":"product-type-simple"},"acf":[],"aioseo_notices":[],"_links":{"self":[{"href":"https:\/\/www.diukoptyk.pl\/pl\/wp-json\/wp\/v2\/product\/3056","targetHints":{"allow":["GET"]}}],"collection":[{"href":"https:\/\/www.diukoptyk.pl\/pl\/wp-json\/wp\/v2\/product"}],"about":[{"href":"https:\/\/www.diukoptyk.pl\/pl\/wp-json\/wp\/v2\/types\/product"}],"version-history":[{"count":1,"href":"https:\/\/www.diukoptyk.pl\/pl\/wp-json\/wp\/v2\/product\/3056\/revisions"}],"predecessor-version":[{"id":5162,"href":"https:\/\/www.diukoptyk.pl\/pl\/wp-json\/wp\/v2\/product\/3056\/revisions\/5162"}],"wp:featuredmedia":[{"embeddable":true,"href":"https:\/\/www.diukoptyk.pl\/pl\/wp-json\/wp\/v2\/media\/3057"}],"wp:attachment":[{"href":"https:\/\/www.diukoptyk.pl\/pl\/wp-json\/wp\/v2\/media?parent=3056"}],"wp:term":[{"taxonomy":"product_brand","embeddable":true,"href":"https:\/\/www.diukoptyk.pl\/pl\/wp-json\/wp\/v2\/product_brand?post=3056"},{"taxonomy":"product_cat","embeddable":true,"href":"https:\/\/www.diukoptyk.pl\/pl\/wp-json\/wp\/v2\/product_cat?post=3056"},{"taxonomy":"product_tag","embeddable":true,"href":"https:\/\/www.diukoptyk.pl\/pl\/wp-json\/wp\/v2\/product_tag?post=3056"},{"taxonomy":"model","embeddable":true,"href":"https:\/\/www.diukoptyk.pl\/pl\/wp-json\/wp\/v2\/model?post=3056"}],"curies":[{"name":"wp","href":"https:\/\/api.w.org\/{rel}","templated":true}]}}