{"id":2997,"date":"2025-10-14T15:38:59","date_gmt":"2025-10-14T13:38:59","guid":{"rendered":"https:\/\/www.diukoptyk.pl\/?post_type=product&#038;p=2997"},"modified":"2026-03-05T18:21:51","modified_gmt":"2026-03-05T17:21:51","slug":"jacques-marie-mage-omaha-altan","status":"publish","type":"product","link":"https:\/\/www.diukoptyk.pl\/pl\/produkt\/jacques-marie-mage-omaha-altan\/","title":{"rendered":"Jacques Marie Mage OMAHA | ALTAN"},"content":{"rendered":"<p><strong data-start=\"1567\" data-end=\"1580\">Dla kogo:<\/strong><br data-start=\"1580\" data-end=\"1583\" \/>Dla os\u00f3b, kt\u00f3re wybieraj\u0105 <strong data-start=\"1609\" data-end=\"1656\">nowoczesn\u0105 elegancj\u0119 i techniczn\u0105 perfekcj\u0119<\/strong>.<br data-start=\"1657\" data-end=\"1660\" \/>Jacques Marie Mage <strong data-start=\"1679\" data-end=\"1688\">Omaha<\/strong> to okulary dla tych, kt\u00f3rzy chc\u0105 wygl\u0105da\u0107 jak liderzy \u2014 z pewno\u015bci\u0105 siebie, spokojem i bez kompromis\u00f3w.<\/p>\n","protected":false},"excerpt":{"rendered":"<h3 data-start=\"0\" data-end=\"36\"><strong data-start=\"4\" data-end=\"34\">Jacques Marie Mage \u2013 OMAHA<\/strong><\/h3>\n<p data-start=\"37\" data-end=\"83\"><strong data-start=\"37\" data-end=\"81\">Limitowana edycja | Handcrafted in Japan<\/strong><\/p>\n<p data-start=\"85\" data-end=\"437\">Nowoczesne, eleganckie i pe\u0142ne charakteru \u2014 <strong data-start=\"129\" data-end=\"138\">Omaha<\/strong> to reinterpretacja klasycznego stylu <em data-start=\"176\" data-end=\"187\">navigator<\/em> w wydaniu Jacques Marie Mage.<br data-start=\"217\" data-end=\"220\" \/>Zaprojektowane z precyzj\u0105 i kunsztem, te okulary przeciws\u0142oneczne z podw\u00f3jnym mostkiem to po\u0142\u0105czenie <strong data-start=\"321\" data-end=\"371\">architektonicznej si\u0142y formy i lekko\u015bci tytanu<\/strong>, stworzone dla os\u00f3b, kt\u00f3re ceni\u0105 luksus w najczystszej postaci.<\/p>\n<p data-start=\"439\" data-end=\"884\">R\u0119cznie wykonane w Japonii z <strong data-start=\"468\" data-end=\"488\">100% beta-tytanu<\/strong>, oprawki <strong data-start=\"498\" data-end=\"507\">Omaha<\/strong> wyr\u00f3\u017cniaj\u0105 si\u0119 <strong data-start=\"523\" data-end=\"544\">rze\u017abiarsk\u0105 lini\u0105<\/strong> i podw\u00f3jnym brow barem, kt\u00f3ry dodaje konstrukcji przestrzenno\u015bci i dynamiki. Monoblockowy zawias oraz grawerowane detale podkre\u015blaj\u0105 precyzj\u0119 i trwa\u0142o\u015b\u0107 wykonania.<br data-start=\"708\" data-end=\"711\" \/>W efekcie powsta\u0142y okulary, kt\u00f3re \u0142\u0105cz\u0105 <strong data-start=\"751\" data-end=\"776\">mocn\u0105, m\u0119sk\u0105 sylwetk\u0119<\/strong> z subteln\u0105 finezj\u0105 \u2013 idealne zar\u00f3wno do codziennych stylizacji, jak i eleganckiego, formalnego wizerunku.<\/p>\n<hr data-start=\"886\" data-end=\"889\" \/>\n<p data-start=\"891\" data-end=\"916\"><strong data-start=\"891\" data-end=\"914\">Detale i wykonanie:<\/strong><\/p>\n<ul data-start=\"917\" data-end=\"1461\">\n<li data-start=\"917\" data-end=\"964\">\n<p data-start=\"919\" data-end=\"964\"><strong data-start=\"919\" data-end=\"930\">Rodzaj:<\/strong> okulary przeciws\u0142oneczne unisex<\/p>\n<\/li>\n<li data-start=\"965\" data-end=\"1007\">\n<p data-start=\"967\" data-end=\"1007\"><strong data-start=\"967\" data-end=\"979\">Kszta\u0142t:<\/strong> navigator \/ double bridge<\/p>\n<\/li>\n<li data-start=\"1008\" data-end=\"1088\">\n<p data-start=\"1010\" data-end=\"1088\"><strong data-start=\"1010\" data-end=\"1020\">Kolor:<\/strong> tytan w wyko\u0144czeniu satynowym lub polerowanym (zale\u017cnie od serii)<\/p>\n<\/li>\n<li data-start=\"1089\" data-end=\"1125\">\n<p data-start=\"1091\" data-end=\"1125\"><strong data-start=\"1091\" data-end=\"1104\">Materia\u0142:<\/strong> 100% beta titanium<\/p>\n<\/li>\n<li data-start=\"1126\" data-end=\"1314\">\n<p data-start=\"1128\" data-end=\"1146\"><strong data-start=\"1128\" data-end=\"1144\">Konstrukcja:<\/strong><\/p>\n<ul data-start=\"1149\" data-end=\"1314\">\n<li data-start=\"1149\" data-end=\"1201\">\n<p data-start=\"1151\" data-end=\"1201\">Pe\u0142na rama (<em data-start=\"1163\" data-end=\"1175\">full frame<\/em>) z podw\u00f3jnym brow barem<\/p>\n<\/li>\n<li data-start=\"1204\" data-end=\"1255\">\n<p data-start=\"1206\" data-end=\"1255\">Monoblockowy zawias dla maksymalnej stabilno\u015bci<\/p>\n<\/li>\n<li data-start=\"1258\" data-end=\"1314\">\n<p data-start=\"1260\" data-end=\"1314\">Indywidualnie dopasowywane noski z grawerowanym logo<\/p>\n<\/li>\n<\/ul>\n<\/li>\n<li data-start=\"1315\" data-end=\"1421\">\n<p data-start=\"1317\" data-end=\"1421\"><strong data-start=\"1317\" data-end=\"1330\">Soczewki:<\/strong> CR39 lub mineralne (w zale\u017cno\u015bci od edycji), z pow\u0142ok\u0105 antyrefleksyjn\u0105 i 100% ochron\u0105 UV<\/p>\n<\/li>\n<li data-start=\"1422\" data-end=\"1461\">\n<p data-start=\"1424\" data-end=\"1461\"><strong data-start=\"1424\" data-end=\"1438\">Rzemios\u0142o:<\/strong> Handcrafted in Japan<\/p>\n<\/li>\n<\/ul>\n","protected":false},"featured_media":2999,"template":"","meta":{"_acf_changed":false,"_joinchat":[]},"product_brand":[82],"product_cat":[37,30,35],"product_tag":[],"model":[],"class_list":{"0":"post-2997","1":"product","2":"type-product","3":"status-publish","4":"has-post-thumbnail","6":"product_brand-jacques-marie-mage","7":"product_cat-meskie","8":"product_cat-okulary-przeciwsloneczne","9":"product_cat-unisex","11":"first","12":"instock","13":"shipping-taxable","14":"purchasable","15":"product-type-simple"},"acf":[],"aioseo_notices":[],"_links":{"self":[{"href":"https:\/\/www.diukoptyk.pl\/pl\/wp-json\/wp\/v2\/product\/2997","targetHints":{"allow":["GET"]}}],"collection":[{"href":"https:\/\/www.diukoptyk.pl\/pl\/wp-json\/wp\/v2\/product"}],"about":[{"href":"https:\/\/www.diukoptyk.pl\/pl\/wp-json\/wp\/v2\/types\/product"}],"version-history":[{"count":1,"href":"https:\/\/www.diukoptyk.pl\/pl\/wp-json\/wp\/v2\/product\/2997\/revisions"}],"predecessor-version":[{"id":5227,"href":"https:\/\/www.diukoptyk.pl\/pl\/wp-json\/wp\/v2\/product\/2997\/revisions\/5227"}],"wp:featuredmedia":[{"embeddable":true,"href":"https:\/\/www.diukoptyk.pl\/pl\/wp-json\/wp\/v2\/media\/2999"}],"wp:attachment":[{"href":"https:\/\/www.diukoptyk.pl\/pl\/wp-json\/wp\/v2\/media?parent=2997"}],"wp:term":[{"taxonomy":"product_brand","embeddable":true,"href":"https:\/\/www.diukoptyk.pl\/pl\/wp-json\/wp\/v2\/product_brand?post=2997"},{"taxonomy":"product_cat","embeddable":true,"href":"https:\/\/www.diukoptyk.pl\/pl\/wp-json\/wp\/v2\/product_cat?post=2997"},{"taxonomy":"product_tag","embeddable":true,"href":"https:\/\/www.diukoptyk.pl\/pl\/wp-json\/wp\/v2\/product_tag?post=2997"},{"taxonomy":"model","embeddable":true,"href":"https:\/\/www.diukoptyk.pl\/pl\/wp-json\/wp\/v2\/model?post=2997"}],"curies":[{"name":"wp","href":"https:\/\/api.w.org\/{rel}","templated":true}]}}