{"id":2990,"date":"2025-10-14T15:33:35","date_gmt":"2025-10-14T13:33:35","guid":{"rendered":"https:\/\/www.diukoptyk.pl\/?post_type=product&#038;p=2990"},"modified":"2026-03-05T18:21:41","modified_gmt":"2026-03-05T17:21:41","slug":"jacques-marie-mage-leonard-shadow","status":"publish","type":"product","link":"https:\/\/www.diukoptyk.pl\/pl\/produkt\/jacques-marie-mage-leonard-shadow\/","title":{"rendered":"Jacques Marie Mage LEONARD | SHADOW"},"content":{"rendered":"<p><strong data-start=\"1654\" data-end=\"1667\">Dla kogo:<\/strong><br data-start=\"1667\" data-end=\"1670\" \/>Dla tych, kt\u00f3rzy ceni\u0105 <strong data-start=\"1693\" data-end=\"1757\">inteligentny minimalizm i ponadczasowy styl z nut\u0105 tajemnicy<\/strong>.<br data-start=\"1758\" data-end=\"1761\" \/>Jacques Marie Mage <strong data-start=\"1780\" data-end=\"1798\">Leonard Shadow<\/strong> to model, kt\u00f3ry nosi si\u0119 jak garnitur szyty na miar\u0119 \u2014 <strong data-start=\"1854\" data-end=\"1912\" data-is-last-node=\"\">z perfekcyjnym wyczuciem proporcji i pewno\u015bci\u0105 siebie.<\/strong><\/p>\n","protected":false},"excerpt":{"rendered":"<h3 data-start=\"0\" data-end=\"47\"><strong data-start=\"4\" data-end=\"45\">Jacques Marie Mage \u2013 LEONARD | SHADOW<\/strong><\/h3>\n<p data-start=\"48\" data-end=\"106\"><strong data-start=\"48\" data-end=\"104\">Limitowana edycja \u2013 500 sztuk | Handcrafted in Japan<\/strong><\/p>\n<p data-start=\"108\" data-end=\"401\">Wyrafinowany, zmys\u0142owy i nieco buntowniczy \u2013 <strong data-start=\"153\" data-end=\"171\">Leonard Shadow<\/strong> to esencja luksusu w stylu Jacques Marie Mage. Model inspirowany klasycznymi latami 70. \u0142\u0105czy <strong data-start=\"266\" data-end=\"303\">mocne proporcje i subtelne detale<\/strong>, tworz\u0105c sylwetk\u0119, kt\u00f3ra przyci\u0105ga spojrzenia r\u00f3wnie skutecznie, co dobre \u015bwiat\u0142o w obiektywie.<\/p>\n<p data-start=\"403\" data-end=\"781\">R\u0119cznie wykonane z <strong data-start=\"422\" data-end=\"461\">10 mm polerowanego czarnego acetatu<\/strong> oprawki wyr\u00f3\u017cniaj\u0105 si\u0119 <strong data-start=\"485\" data-end=\"525\">rze\u017abiarsk\u0105 form\u0105 i p\u0142ynnym profilem<\/strong>, kt\u00f3ry doskonale r\u00f3wnowa\u017cy charakter i elegancj\u0119. Precyzyjne metalowe akcenty ze <strong data-start=\"607\" data-end=\"627\">srebra pr\u00f3by 925<\/strong>, w tym autorskie nity i zdobienia, dodaj\u0105 kompozycji g\u0142\u0119bi i klasy, a zauszniki o podw\u00f3jnej laminacji tworz\u0105 luksusow\u0105 struktur\u0119 z subtelnym po\u0142yskiem.<\/p>\n<p data-start=\"783\" data-end=\"983\">Szklane soczewki <strong data-start=\"800\" data-end=\"817\">Blue Gradient<\/strong> filtruj\u0105 \u015bwiat\u0142o z finezj\u0105 \u2014 delikatny przej\u015bciowy odcie\u0144 b\u0142\u0119kitu oferuje <strong data-start=\"892\" data-end=\"912\">pe\u0142n\u0105 ochron\u0119 UV<\/strong> i wyj\u0105tkow\u0105 przejrzysto\u015b\u0107, dodaj\u0105c spojrzeniu tajemniczej \u015bwie\u017co\u015bci.<\/p>\n<hr data-start=\"985\" data-end=\"988\" \/>\n<p data-start=\"990\" data-end=\"1015\"><strong data-start=\"990\" data-end=\"1013\">Detale i wykonanie:<\/strong><\/p>\n<ul data-start=\"1016\" data-end=\"1548\">\n<li data-start=\"1016\" data-end=\"1063\">\n<p data-start=\"1018\" data-end=\"1063\"><strong data-start=\"1018\" data-end=\"1029\">Rodzaj:<\/strong> okulary przeciws\u0142oneczne unisex<\/p>\n<\/li>\n<li data-start=\"1064\" data-end=\"1115\">\n<p data-start=\"1066\" data-end=\"1115\"><strong data-start=\"1066\" data-end=\"1078\">Kszta\u0142t:<\/strong> prostok\u0105tny z mi\u0119kkimi kraw\u0119dziami<\/p>\n<\/li>\n<li data-start=\"1116\" data-end=\"1175\">\n<p data-start=\"1118\" data-end=\"1175\"><strong data-start=\"1118\" data-end=\"1128\">Kolor:<\/strong> Shadow \u2013 polerowana czer\u0144 o g\u0142\u0119bokim po\u0142ysku<\/p>\n<\/li>\n<li data-start=\"1176\" data-end=\"1223\">\n<p data-start=\"1178\" data-end=\"1223\"><strong data-start=\"1178\" data-end=\"1191\">Materia\u0142:<\/strong> 10 mm cured cellulose acetate<\/p>\n<\/li>\n<li data-start=\"1224\" data-end=\"1388\">\n<p data-start=\"1226\" data-end=\"1244\"><strong data-start=\"1226\" data-end=\"1242\">Wyko\u0144czenie:<\/strong><\/p>\n<ul data-start=\"1247\" data-end=\"1388\">\n<li data-start=\"1247\" data-end=\"1281\">\n<p data-start=\"1249\" data-end=\"1281\">Podw\u00f3jnie laminowane zauszniki<\/p>\n<\/li>\n<li data-start=\"1284\" data-end=\"1339\">\n<p data-start=\"1286\" data-end=\"1339\">Precyzyjne detale ze <strong data-start=\"1307\" data-end=\"1337\">srebra sterlingowego (925)<\/strong><\/p>\n<\/li>\n<li data-start=\"1342\" data-end=\"1388\">\n<p data-start=\"1344\" data-end=\"1388\">Tension-secured zawiasy dla p\u0142ynnego ruchu<\/p>\n<\/li>\n<\/ul>\n<\/li>\n<li data-start=\"1389\" data-end=\"1483\">\n<p data-start=\"1391\" data-end=\"1483\"><strong data-start=\"1391\" data-end=\"1404\">Soczewki:<\/strong> Blue Gradient Glass \u2013 szk\u0142o mineralne z filtrem UV i pow\u0142ok\u0105 antyrefleksyjn\u0105<\/p>\n<\/li>\n<li data-start=\"1484\" data-end=\"1508\">\n<p data-start=\"1486\" data-end=\"1508\"><strong data-start=\"1486\" data-end=\"1498\">Ochrona:<\/strong> 100% UV<\/p>\n<\/li>\n<li data-start=\"1509\" data-end=\"1548\">\n<p data-start=\"1511\" data-end=\"1548\"><strong data-start=\"1511\" data-end=\"1525\">Rzemios\u0142o:<\/strong> Handcrafted in Japan<\/p>\n<\/li>\n<\/ul>\n","protected":false},"featured_media":2995,"template":"","meta":{"_acf_changed":false,"_joinchat":[]},"product_brand":[82],"product_cat":[37,30,35],"product_tag":[],"model":[],"class_list":{"0":"post-2990","1":"product","2":"type-product","3":"status-publish","4":"has-post-thumbnail","6":"product_brand-jacques-marie-mage","7":"product_cat-meskie","8":"product_cat-okulary-przeciwsloneczne","9":"product_cat-unisex","11":"first","12":"instock","13":"shipping-taxable","14":"purchasable","15":"product-type-simple"},"acf":[],"aioseo_notices":[],"_links":{"self":[{"href":"https:\/\/www.diukoptyk.pl\/pl\/wp-json\/wp\/v2\/product\/2990","targetHints":{"allow":["GET"]}}],"collection":[{"href":"https:\/\/www.diukoptyk.pl\/pl\/wp-json\/wp\/v2\/product"}],"about":[{"href":"https:\/\/www.diukoptyk.pl\/pl\/wp-json\/wp\/v2\/types\/product"}],"version-history":[{"count":1,"href":"https:\/\/www.diukoptyk.pl\/pl\/wp-json\/wp\/v2\/product\/2990\/revisions"}],"predecessor-version":[{"id":5226,"href":"https:\/\/www.diukoptyk.pl\/pl\/wp-json\/wp\/v2\/product\/2990\/revisions\/5226"}],"wp:featuredmedia":[{"embeddable":true,"href":"https:\/\/www.diukoptyk.pl\/pl\/wp-json\/wp\/v2\/media\/2995"}],"wp:attachment":[{"href":"https:\/\/www.diukoptyk.pl\/pl\/wp-json\/wp\/v2\/media?parent=2990"}],"wp:term":[{"taxonomy":"product_brand","embeddable":true,"href":"https:\/\/www.diukoptyk.pl\/pl\/wp-json\/wp\/v2\/product_brand?post=2990"},{"taxonomy":"product_cat","embeddable":true,"href":"https:\/\/www.diukoptyk.pl\/pl\/wp-json\/wp\/v2\/product_cat?post=2990"},{"taxonomy":"product_tag","embeddable":true,"href":"https:\/\/www.diukoptyk.pl\/pl\/wp-json\/wp\/v2\/product_tag?post=2990"},{"taxonomy":"model","embeddable":true,"href":"https:\/\/www.diukoptyk.pl\/pl\/wp-json\/wp\/v2\/model?post=2990"}],"curies":[{"name":"wp","href":"https:\/\/api.w.org\/{rel}","templated":true}]}}