{"id":2979,"date":"2025-10-14T15:23:42","date_gmt":"2025-10-14T13:23:42","guid":{"rendered":"https:\/\/www.diukoptyk.pl\/?post_type=product&#038;p=2979"},"modified":"2026-03-05T18:21:09","modified_gmt":"2026-03-05T17:21:09","slug":"jacques-marie-mage-ichikawa-breccia","status":"publish","type":"product","link":"https:\/\/www.diukoptyk.pl\/pl\/produkt\/jacques-marie-mage-ichikawa-breccia\/","title":{"rendered":"Jacques Marie Mage ICHIKAWA | BRECCIA"},"content":{"rendered":"<p><strong data-start=\"2004\" data-end=\"2017\">Dla kogo:<\/strong><br data-start=\"2017\" data-end=\"2020\" \/>Dla os\u00f3b, kt\u00f3re \u0142\u0105cz\u0105 <strong data-start=\"2042\" data-end=\"2099\">estetyczn\u0105 wra\u017cliwo\u015b\u0107 z nieustann\u0105 ciekawo\u015bci\u0105 \u015bwiata<\/strong>.<br data-start=\"2100\" data-end=\"2103\" \/>Jacques Marie Mage <strong data-start=\"2122\" data-end=\"2145\">Ichikawa Breccia<\/strong> to model dla tych, kt\u00f3rzy patrz\u0105 g\u0142\u0119biej \u2014 zar\u00f3wno w kadry filmowe, jak i w samego siebie.<\/p>\n","protected":false},"excerpt":{"rendered":"<h3 data-start=\"0\" data-end=\"52\"><strong data-start=\"4\" data-end=\"50\">Jacques Marie Mage \u2013 ICHIKAWA | BRECCIA<\/strong><\/h3>\n<p data-start=\"110\" data-end=\"528\">Zainspirowane okularami noszonymi przez legendarnego japo\u0144skiego re\u017cysera <strong data-start=\"184\" data-end=\"207\">Kon Ichikaw\u0119 (\u5e02\u5ddd \u5d11)<\/strong>, kt\u00f3rego wizja filmowa \u0142\u0105czy\u0142a wp\u0142ywy Disneya, Renoira i wra\u017cliwo\u015b\u0107 Wschodu \u2013 <strong data-start=\"286\" data-end=\"298\">Ichikawa<\/strong> to model, kt\u00f3ry celebruje sztuk\u0119 widzenia jako akt tw\u00f3rczy. Te nowoczesne, trapezowe oprawki o energetycznym, modernistycznym charakterze lat 50. s\u0105 ho\u0142dem dla artystycznej niezale\u017cno\u015bci, intelektu i stylu o kinowym rodowodzie.<\/p>\n<p data-start=\"530\" data-end=\"976\">R\u0119cznie wykonane w Japonii z 10 mm czarnego utwardzanego acetatu, okulary <strong data-start=\"604\" data-end=\"627\">Ichikawa Breccia<\/strong> wyr\u00f3\u017cniaj\u0105 si\u0119 <strong data-start=\"643\" data-end=\"691\">rze\u017abiarsk\u0105 form\u0105 i precyzyjnym wyko\u0144czeniem<\/strong>. Srebrne detale \u2013 od charakterystycznych <em data-start=\"733\" data-end=\"755\">arrowhead front pins<\/em>, po grawerowany drut <em data-start=\"777\" data-end=\"787\">wirecore<\/em> \u2013 podkre\u015blaj\u0105 mistrzostwo rzemios\u0142a. Siedmiozawiasowy mechanizm zapewnia stabilno\u015b\u0107 i p\u0142ynno\u015b\u0107 ruchu, a klasyczne zauszniki z podw\u00f3jnej laminacji nadaj\u0105 ca\u0142o\u015bci wywa\u017cony ci\u0119\u017car wizualny.<\/p>\n<p data-start=\"978\" data-end=\"1213\">Soczewki <strong data-start=\"987\" data-end=\"1011\">Superlight Grey CR39<\/strong> gwarantuj\u0105 <strong data-start=\"1023\" data-end=\"1042\">100% ochrony UV<\/strong> i optyczn\u0105 czysto\u015b\u0107, z pow\u0142ok\u0105 antyrefleksyjn\u0105 od wewn\u0105trz. Subtelny odcie\u0144 szaro\u015bci nadaje spojrzeniu g\u0142\u0119bi i elegancji \u2013 niczym dobrze skomponowany kadr z filmu noir.<\/p>\n<hr data-start=\"1215\" data-end=\"1218\" \/>\n<p data-start=\"1220\" data-end=\"1245\"><strong data-start=\"1220\" data-end=\"1243\">Detale i wykonanie:<\/strong><\/p>\n<ul data-start=\"1246\" data-end=\"1898\">\n<li data-start=\"1246\" data-end=\"1293\">\n<p data-start=\"1248\" data-end=\"1293\"><strong data-start=\"1248\" data-end=\"1259\">Rodzaj:<\/strong> okulary korekcyjne unisex<\/p>\n<\/li>\n<li data-start=\"1294\" data-end=\"1362\">\n<p data-start=\"1296\" data-end=\"1362\"><strong data-start=\"1296\" data-end=\"1308\">Kszta\u0142t:<\/strong> nowoczesny trapez, inspirowany estetyk\u0105 mid-century<\/p>\n<\/li>\n<li data-start=\"1363\" data-end=\"1432\">\n<p data-start=\"1365\" data-end=\"1432\"><strong data-start=\"1365\" data-end=\"1375\">Kolor:<\/strong> Breccia &#8211; ciep\u0142y szylkret<\/p>\n<\/li>\n<li data-start=\"1433\" data-end=\"1480\">\n<p data-start=\"1435\" data-end=\"1480\"><strong data-start=\"1435\" data-end=\"1448\">Materia\u0142:<\/strong> 10 mm cured cellulose acetate<\/p>\n<\/li>\n<li data-start=\"1481\" data-end=\"1759\">\n<p data-start=\"1483\" data-end=\"1501\"><strong data-start=\"1483\" data-end=\"1499\">Wyko\u0144czenie:<\/strong><\/p>\n<ul data-start=\"1504\" data-end=\"1759\">\n<li data-start=\"1504\" data-end=\"1546\">\n<p data-start=\"1506\" data-end=\"1546\">Sterling silver <em data-start=\"1522\" data-end=\"1544\">arrowhead front pins<\/em><\/p>\n<\/li>\n<li data-start=\"1549\" data-end=\"1614\">\n<p data-start=\"1551\" data-end=\"1614\">Eksponowany <em data-start=\"1563\" data-end=\"1580\">silver wirecore<\/em> z grawerem <em data-start=\"1592\" data-end=\"1612\">hairline engraving<\/em><\/p>\n<\/li>\n<li data-start=\"1617\" data-end=\"1701\">\n<p data-start=\"1619\" data-end=\"1701\"><em data-start=\"1619\" data-end=\"1658\">Silver tension-secured 7-barrel hinge<\/em> ze srebrnymi nitami <em data-start=\"1679\" data-end=\"1699\">spur-shaped rivets<\/em><\/p>\n<\/li>\n<li data-start=\"1704\" data-end=\"1759\">\n<p data-start=\"1706\" data-end=\"1759\">Podw\u00f3jnie laminowane zauszniki z metalowym rdzeniemV<\/p>\n<\/li>\n<\/ul>\n<\/li>\n<li data-start=\"1859\" data-end=\"1898\">\n<p data-start=\"1861\" data-end=\"1898\"><strong data-start=\"1861\" data-end=\"1875\">Rzemios\u0142o:<\/strong> Handcrafted in Japan<\/p>\n<\/li>\n<\/ul>\n","protected":false},"featured_media":4225,"template":"","meta":{"_acf_changed":false,"_joinchat":[]},"product_brand":[82],"product_cat":[32,37,51,35],"product_tag":[],"model":[383],"class_list":{"0":"post-2979","1":"product","2":"type-product","3":"status-publish","4":"has-post-thumbnail","6":"product_brand-jacques-marie-mage","7":"product_cat-damskie","8":"product_cat-meskie","9":"product_cat-okulary-korekcyjne","10":"product_cat-unisex","11":"model-ichikawa","13":"first","14":"instock","15":"shipping-taxable","16":"purchasable","17":"product-type-simple"},"acf":[],"aioseo_notices":[],"_links":{"self":[{"href":"https:\/\/www.diukoptyk.pl\/pl\/wp-json\/wp\/v2\/product\/2979","targetHints":{"allow":["GET"]}}],"collection":[{"href":"https:\/\/www.diukoptyk.pl\/pl\/wp-json\/wp\/v2\/product"}],"about":[{"href":"https:\/\/www.diukoptyk.pl\/pl\/wp-json\/wp\/v2\/types\/product"}],"version-history":[{"count":1,"href":"https:\/\/www.diukoptyk.pl\/pl\/wp-json\/wp\/v2\/product\/2979\/revisions"}],"predecessor-version":[{"id":4226,"href":"https:\/\/www.diukoptyk.pl\/pl\/wp-json\/wp\/v2\/product\/2979\/revisions\/4226"}],"wp:featuredmedia":[{"embeddable":true,"href":"https:\/\/www.diukoptyk.pl\/pl\/wp-json\/wp\/v2\/media\/4225"}],"wp:attachment":[{"href":"https:\/\/www.diukoptyk.pl\/pl\/wp-json\/wp\/v2\/media?parent=2979"}],"wp:term":[{"taxonomy":"product_brand","embeddable":true,"href":"https:\/\/www.diukoptyk.pl\/pl\/wp-json\/wp\/v2\/product_brand?post=2979"},{"taxonomy":"product_cat","embeddable":true,"href":"https:\/\/www.diukoptyk.pl\/pl\/wp-json\/wp\/v2\/product_cat?post=2979"},{"taxonomy":"product_tag","embeddable":true,"href":"https:\/\/www.diukoptyk.pl\/pl\/wp-json\/wp\/v2\/product_tag?post=2979"},{"taxonomy":"model","embeddable":true,"href":"https:\/\/www.diukoptyk.pl\/pl\/wp-json\/wp\/v2\/model?post=2979"}],"curies":[{"name":"wp","href":"https:\/\/api.w.org\/{rel}","templated":true}]}}