{"id":2971,"date":"2025-10-14T15:16:23","date_gmt":"2025-10-14T13:16:23","guid":{"rendered":"https:\/\/www.diukoptyk.pl\/?post_type=product&#038;p=2971"},"modified":"2026-03-05T18:20:27","modified_gmt":"2026-03-05T17:20:27","slug":"jacques-marie-mage-harcourt-gold","status":"publish","type":"product","link":"https:\/\/www.diukoptyk.pl\/pl\/produkt\/jacques-marie-mage-harcourt-gold\/","title":{"rendered":"Jacques Marie Mage HARCOURT | GOLD"},"content":{"rendered":"<p><strong data-start=\"1699\" data-end=\"1712\">Dla kogo:<\/strong><br data-start=\"1712\" data-end=\"1715\" \/>Dla os\u00f3b, kt\u00f3re poszukuj\u0105 <strong data-start=\"1741\" data-end=\"1778\">nowoczesnej interpretacji klasyki<\/strong> \u2013 po\u0142\u0105czenia <strong data-start=\"1792\" data-end=\"1840\">europejskiej elegancji i japo\u0144skiej precyzji<\/strong>.<br data-start=\"1841\" data-end=\"1844\" \/>Jacques Marie Mage <strong data-start=\"1863\" data-end=\"1875\">Harcourt<\/strong> to wi\u0119cej ni\u017c okulary \u2013 to manifest stylu, kt\u00f3ry m\u00f3wi cicho, ale zostaje zapami\u0119tany na d\u0142ugo.<\/p>\n","protected":false},"excerpt":{"rendered":"<h3 data-start=\"0\" data-end=\"39\"><strong data-start=\"4\" data-end=\"37\">Jacques Marie Mage \u2013 HARCOURT<\/strong><\/h3>\n<p data-start=\"40\" data-end=\"113\"><strong data-start=\"40\" data-end=\"111\">Limitowana edycja | 100% Beta Titanium | R\u0119cznie wykonane w Japonii<\/strong><\/p>\n<p data-start=\"115\" data-end=\"333\">Model <strong data-start=\"121\" data-end=\"133\">Harcourt<\/strong> to wyrafinowana symfonia francuskiej elegancji i japo\u0144skiego rzemios\u0142a \u2014 okulary przeciws\u0142oneczne stworzone dla os\u00f3b, kt\u00f3re ceni\u0105 <strong data-start=\"264\" data-end=\"330\">architektoniczn\u0105 precyzj\u0119, ponadczasowy styl i subtelny luksus<\/strong>.<\/p>\n<p data-start=\"335\" data-end=\"786\">Inspirowane paryskim modernizmem, <strong data-start=\"369\" data-end=\"381\">Harcourt<\/strong> \u0142\u0105czy w sobie <strong data-start=\"396\" data-end=\"435\">czyst\u0105 form\u0119 i techniczn\u0105 perfekcj\u0119<\/strong>: podw\u00f3jny mostek, p\u0142ynne linie i dopracowane proporcje podkre\u015blaj\u0105 silny, lecz wywa\u017cony charakter modelu. Wykonane z <strong data-start=\"553\" data-end=\"573\">100% beta-tytanu<\/strong>, oprawki s\u0105 ultralekkie, a jednocze\u015bnie wyj\u0105tkowo trwa\u0142e. Dwukolorowe akcenty w srebrze i z\u0142ocie, r\u0119czne grawerowanie oraz monoblokowe zawiasy dope\u0142niaj\u0105 ca\u0142o\u015bci \u2013 tworz\u0105c harmonijn\u0105 mieszank\u0119 klasy i precyzji.<\/p>\n<p data-start=\"788\" data-end=\"1006\">To model, kt\u00f3ry doskonale odnajdzie si\u0119 zar\u00f3wno w minimalistycznym otoczeniu galerii sztuki, jak i w \u015bwietle \u015br\u00f3dziemnomorskiego s\u0142o\u0144ca \u2013 <strong data-start=\"926\" data-end=\"938\">Harcourt<\/strong> jest esencj\u0105 subtelnej si\u0142y i kultowego smaku Jacques Marie Mage.<\/p>\n<hr data-start=\"1008\" data-end=\"1011\" \/>\n<p data-start=\"1013\" data-end=\"1038\"><strong data-start=\"1013\" data-end=\"1036\">Detale i wykonanie:<\/strong><\/p>\n<ul data-start=\"1039\" data-end=\"1593\">\n<li data-start=\"1039\" data-end=\"1086\">\n<p data-start=\"1041\" data-end=\"1086\"><strong data-start=\"1041\" data-end=\"1052\">Rodzaj:<\/strong> okulary przeciws\u0142oneczne unisex<\/p>\n<\/li>\n<li data-start=\"1087\" data-end=\"1162\">\n<p data-start=\"1089\" data-end=\"1162\"><strong data-start=\"1089\" data-end=\"1101\">Kszta\u0142t:<\/strong> aviator z podw\u00f3jnym mostkiem, architektoniczna konstrukcja<\/p>\n<\/li>\n<li data-start=\"1163\" data-end=\"1191\">\n<p data-start=\"1165\" data-end=\"1191\"><strong data-start=\"1165\" data-end=\"1175\">Kolor:<\/strong> Silver &amp; Gold<\/p>\n<\/li>\n<li data-start=\"1192\" data-end=\"1228\">\n<p data-start=\"1194\" data-end=\"1228\"><strong data-start=\"1194\" data-end=\"1207\">Materia\u0142:<\/strong> 100% beta titanium<\/p>\n<\/li>\n<li data-start=\"1229\" data-end=\"1462\">\n<p data-start=\"1231\" data-end=\"1249\"><strong data-start=\"1231\" data-end=\"1247\">Wyko\u0144czenie:<\/strong><\/p>\n<ul data-start=\"1252\" data-end=\"1462\">\n<li data-start=\"1252\" data-end=\"1315\">\n<p data-start=\"1254\" data-end=\"1315\">Podw\u00f3jny mostek z precyzyjnym grawerem <em data-start=\"1293\" data-end=\"1313\">hairline engraving<\/em><\/p>\n<\/li>\n<li data-start=\"1318\" data-end=\"1360\">\n<p data-start=\"1320\" data-end=\"1360\">Dwukolorowe akcenty w srebrze i z\u0142ocie<\/p>\n<\/li>\n<li data-start=\"1363\" data-end=\"1430\">\n<p data-start=\"1365\" data-end=\"1430\"><em data-start=\"1365\" data-end=\"1390\">Custom monoblock hinges<\/em> z pe\u0142n\u0105 integracj\u0105 w konstrukcji ramy<\/p>\n<\/li>\n<li data-start=\"1433\" data-end=\"1462\">\n<p data-start=\"1435\" data-end=\"1462\">R\u0119cznie polerowane detale<\/p>\n<\/li>\n<\/ul>\n<\/li>\n<li data-start=\"1463\" data-end=\"1528\">\n<p data-start=\"1465\" data-end=\"1528\"><strong data-start=\"1465\" data-end=\"1478\">Soczewki:<\/strong> wysokiej jako\u015bci CR39 z pow\u0142ok\u0105 antyrefleksyjn\u0105<\/p>\n<\/li>\n<li data-start=\"1529\" data-end=\"1553\">\n<p data-start=\"1531\" data-end=\"1553\"><strong data-start=\"1531\" data-end=\"1543\">Ochrona:<\/strong> 100% UV<\/p>\n<\/li>\n<li data-start=\"1554\" data-end=\"1593\">\n<p data-start=\"1556\" data-end=\"1593\"><strong data-start=\"1556\" data-end=\"1570\">Rzemios\u0142o:<\/strong> Handcrafted in Japan<\/p>\n<\/li>\n<\/ul>\n","protected":false},"featured_media":2973,"template":"","meta":{"_acf_changed":false,"_joinchat":[]},"product_brand":[82],"product_cat":[32,30],"product_tag":[],"model":[],"class_list":{"0":"post-2971","1":"product","2":"type-product","3":"status-publish","4":"has-post-thumbnail","6":"product_brand-jacques-marie-mage","7":"product_cat-damskie","8":"product_cat-okulary-przeciwsloneczne","10":"first","11":"instock","12":"shipping-taxable","13":"purchasable","14":"product-type-simple"},"acf":[],"aioseo_notices":[],"_links":{"self":[{"href":"https:\/\/www.diukoptyk.pl\/pl\/wp-json\/wp\/v2\/product\/2971","targetHints":{"allow":["GET"]}}],"collection":[{"href":"https:\/\/www.diukoptyk.pl\/pl\/wp-json\/wp\/v2\/product"}],"about":[{"href":"https:\/\/www.diukoptyk.pl\/pl\/wp-json\/wp\/v2\/types\/product"}],"version-history":[{"count":1,"href":"https:\/\/www.diukoptyk.pl\/pl\/wp-json\/wp\/v2\/product\/2971\/revisions"}],"predecessor-version":[{"id":5224,"href":"https:\/\/www.diukoptyk.pl\/pl\/wp-json\/wp\/v2\/product\/2971\/revisions\/5224"}],"wp:featuredmedia":[{"embeddable":true,"href":"https:\/\/www.diukoptyk.pl\/pl\/wp-json\/wp\/v2\/media\/2973"}],"wp:attachment":[{"href":"https:\/\/www.diukoptyk.pl\/pl\/wp-json\/wp\/v2\/media?parent=2971"}],"wp:term":[{"taxonomy":"product_brand","embeddable":true,"href":"https:\/\/www.diukoptyk.pl\/pl\/wp-json\/wp\/v2\/product_brand?post=2971"},{"taxonomy":"product_cat","embeddable":true,"href":"https:\/\/www.diukoptyk.pl\/pl\/wp-json\/wp\/v2\/product_cat?post=2971"},{"taxonomy":"product_tag","embeddable":true,"href":"https:\/\/www.diukoptyk.pl\/pl\/wp-json\/wp\/v2\/product_tag?post=2971"},{"taxonomy":"model","embeddable":true,"href":"https:\/\/www.diukoptyk.pl\/pl\/wp-json\/wp\/v2\/model?post=2971"}],"curies":[{"name":"wp","href":"https:\/\/api.w.org\/{rel}","templated":true}]}}