{"id":2967,"date":"2025-10-14T15:07:05","date_gmt":"2025-10-14T13:07:05","guid":{"rendered":"https:\/\/www.diukoptyk.pl\/?post_type=product&#038;p=2967"},"modified":"2026-03-05T18:20:14","modified_gmt":"2026-03-05T17:20:14","slug":"jacques-marie-mage-godard-sand","status":"publish","type":"product","link":"https:\/\/www.diukoptyk.pl\/pl\/produkt\/jacques-marie-mage-godard-sand\/","title":{"rendered":"Jacques Marie Mage GODARD | SAND"},"content":{"rendered":"<p><strong data-start=\"1817\" data-end=\"1830\">Dla kogo:<\/strong><br data-start=\"1830\" data-end=\"1833\" \/>Dla os\u00f3b, kt\u00f3re ceni\u0105 <strong data-start=\"1855\" data-end=\"1924\">intelektualny styl, filmow\u0105 nostalgi\u0119 i artystyczn\u0105 autentyczno\u015b\u0107<\/strong>.<br data-start=\"1925\" data-end=\"1928\" \/>Jacques Marie Mage <strong data-start=\"1947\" data-end=\"1964\">Godard Sand<\/strong> to oprawa stworzona dla tych, kt\u00f3rzy nie tylko patrz\u0105 \u2013 <strong data-start=\"2021\" data-end=\"2034\">ale widz\u0105<\/strong>.<\/p>\n","protected":false},"excerpt":{"rendered":"<h3 data-start=\"0\" data-end=\"46\"><strong data-start=\"4\" data-end=\"44\">Jacques Marie Mage \u2013 GODARD | SAND<\/strong><\/h3>\n<p data-start=\"47\" data-end=\"88\"><strong data-start=\"47\" data-end=\"86\">Limitowana edycja \u2013 350 egzemplarzy<\/strong><\/p>\n<p data-start=\"90\" data-end=\"464\">Model <strong data-start=\"96\" data-end=\"123\">Godard w kolorze Sand<\/strong> to ho\u0142d dla tw\u00f3rc\u00f3w francuskiej Nowej Fali \u2013 dla wizjoner\u00f3w, buntownik\u00f3w i artyst\u00f3w, kt\u00f3rzy odwa\u017cyli si\u0119 my\u015ble\u0107 inaczej. Inspirowane latami 60. okulary o wyrazistej, intelektualnej sylwetce \u0142\u0105cz\u0105 mocny akcent linii brwiowej z subtelnymi, organicznymi krzywiznami, tworz\u0105c form\u0119, kt\u00f3ra emanuje <strong data-start=\"417\" data-end=\"461\">\u015bwiadom\u0105 elegancj\u0105 i artystycznym duchem<\/strong>.<\/p>\n<p data-start=\"466\" data-end=\"877\">R\u0119cznie wykonane w Japonii z 10-milimetrowego, utwardzanego acetatu <strong data-start=\"534\" data-end=\"544\">havana<\/strong>, oprawki <strong data-start=\"554\" data-end=\"571\">Godard Zoltar<\/strong> prezentuj\u0105 <strong data-start=\"583\" data-end=\"612\">srebrne, rze\u017abione detale<\/strong>, w tym charakterystyczne nity w kszta\u0142cie strza\u0142y, klasyczny drut no\u015bny z grawerem oraz siedmiozawiasowy mechanizm dla idealnej r\u00f3wnowagi i trwa\u0142o\u015bci. Szerokie zauszniki typu <em data-start=\"788\" data-end=\"796\">paddle<\/em> gwarantuj\u0105 komfort i pewne dopasowanie, a zarazem przywo\u0142uj\u0105 estetyk\u0119 vintage.<\/p>\n<p data-start=\"879\" data-end=\"1187\">Soczewki <strong data-start=\"888\" data-end=\"913\">Superlight Brown CR39<\/strong> z pow\u0142ok\u0105 antyrefleksyjn\u0105 zapewniaj\u0105 <strong data-start=\"951\" data-end=\"971\">pe\u0142n\u0105 ochron\u0119 UV<\/strong> i \u0142agodne, ciep\u0142e tony, kt\u00f3re doskonale wsp\u00f3\u0142graj\u0105 z kolorem oprawy. To model, kt\u00f3ry \u0142\u0105czy <strong data-start=\"1063\" data-end=\"1104\">artystyczny bunt z ponadczasow\u0105 klas\u0105<\/strong>, stworzony dla tych, kt\u00f3rzy widz\u0105 \u015bwiat inaczej \u2013 i chc\u0105 go tak w\u0142a\u015bnie pokaza\u0107.<\/p>\n<hr data-start=\"1189\" data-end=\"1192\" \/>\n<p data-start=\"1194\" data-end=\"1219\"><strong data-start=\"1194\" data-end=\"1217\">Detale i wykonanie:<\/strong><\/p>\n<ul data-start=\"1220\" data-end=\"1810\">\n<li data-start=\"1220\" data-end=\"1261\">\n<p data-start=\"1222\" data-end=\"1261\"><strong data-start=\"1222\" data-end=\"1233\">Rodzaj:<\/strong> okulary optyczne \/ unisex<\/p>\n<\/li>\n<li data-start=\"1262\" data-end=\"1320\">\n<p data-start=\"1264\" data-end=\"1320\"><strong data-start=\"1264\" data-end=\"1276\">Kszta\u0142t:<\/strong> prostok\u0105tno-panto, inspirowany latami 60.<\/p>\n<\/li>\n<li data-start=\"1321\" data-end=\"1374\">\n<p data-start=\"1323\" data-end=\"1374\"><strong data-start=\"1323\" data-end=\"1333\">Kolor:<\/strong> Sand<\/p>\n<\/li>\n<li data-start=\"1321\" data-end=\"1374\">\n<p data-start=\"1323\" data-end=\"1374\"><strong data-start=\"1377\" data-end=\"1390\">Materia\u0142:<\/strong> 10 mm cured cellulose acetate<\/p>\n<\/li>\n<li data-start=\"1423\" data-end=\"1658\">\n<p data-start=\"1425\" data-end=\"1443\"><strong data-start=\"1425\" data-end=\"1441\">Wyko\u0144czenie:<\/strong><\/p>\n<ul data-start=\"1446\" data-end=\"1658\">\n<li data-start=\"1446\" data-end=\"1487\">\n<p data-start=\"1448\" data-end=\"1487\">Sterling silver <em data-start=\"1464\" data-end=\"1485\">arrowhead front pin<\/em><\/p>\n<\/li>\n<li data-start=\"1490\" data-end=\"1531\">\n<p data-start=\"1492\" data-end=\"1531\">Eksponowany <em data-start=\"1504\" data-end=\"1529\">silver classic wirecore<\/em><\/p>\n<\/li>\n<li data-start=\"1534\" data-end=\"1584\">\n<p data-start=\"1536\" data-end=\"1584\"><em data-start=\"1536\" data-end=\"1582\">Silver tension-secured custom 7-barrel hinge<\/em><\/p>\n<\/li>\n<li data-start=\"1587\" data-end=\"1658\">\n<p data-start=\"1589\" data-end=\"1658\">Podw\u00f3jnie laminowane zauszniki z precyzyjnymi metalowymi elementami<\/p>\n<\/li>\n<\/ul>\n<\/li>\n<li data-start=\"1771\" data-end=\"1810\">\n<p data-start=\"1773\" data-end=\"1810\"><strong data-start=\"1773\" data-end=\"1787\">Rzemios\u0142o:<\/strong> Handcrafted in Japan<\/p>\n<\/li>\n<\/ul>\n","protected":false},"featured_media":2969,"template":"","meta":{"_acf_changed":false,"_joinchat":[]},"product_brand":[82],"product_cat":[32,51],"product_tag":[],"model":[],"class_list":{"0":"post-2967","1":"product","2":"type-product","3":"status-publish","4":"has-post-thumbnail","6":"product_brand-jacques-marie-mage","7":"product_cat-damskie","8":"product_cat-okulary-korekcyjne","10":"first","11":"outofstock","12":"shipping-taxable","13":"purchasable","14":"product-type-simple"},"acf":[],"aioseo_notices":[],"_links":{"self":[{"href":"https:\/\/www.diukoptyk.pl\/pl\/wp-json\/wp\/v2\/product\/2967","targetHints":{"allow":["GET"]}}],"collection":[{"href":"https:\/\/www.diukoptyk.pl\/pl\/wp-json\/wp\/v2\/product"}],"about":[{"href":"https:\/\/www.diukoptyk.pl\/pl\/wp-json\/wp\/v2\/types\/product"}],"version-history":[{"count":1,"href":"https:\/\/www.diukoptyk.pl\/pl\/wp-json\/wp\/v2\/product\/2967\/revisions"}],"predecessor-version":[{"id":4203,"href":"https:\/\/www.diukoptyk.pl\/pl\/wp-json\/wp\/v2\/product\/2967\/revisions\/4203"}],"wp:featuredmedia":[{"embeddable":true,"href":"https:\/\/www.diukoptyk.pl\/pl\/wp-json\/wp\/v2\/media\/2969"}],"wp:attachment":[{"href":"https:\/\/www.diukoptyk.pl\/pl\/wp-json\/wp\/v2\/media?parent=2967"}],"wp:term":[{"taxonomy":"product_brand","embeddable":true,"href":"https:\/\/www.diukoptyk.pl\/pl\/wp-json\/wp\/v2\/product_brand?post=2967"},{"taxonomy":"product_cat","embeddable":true,"href":"https:\/\/www.diukoptyk.pl\/pl\/wp-json\/wp\/v2\/product_cat?post=2967"},{"taxonomy":"product_tag","embeddable":true,"href":"https:\/\/www.diukoptyk.pl\/pl\/wp-json\/wp\/v2\/product_tag?post=2967"},{"taxonomy":"model","embeddable":true,"href":"https:\/\/www.diukoptyk.pl\/pl\/wp-json\/wp\/v2\/model?post=2967"}],"curies":[{"name":"wp","href":"https:\/\/api.w.org\/{rel}","templated":true}]}}