{"id":2952,"date":"2025-10-14T14:59:36","date_gmt":"2025-10-14T12:59:36","guid":{"rendered":"https:\/\/www.diukoptyk.pl\/?post_type=product&#038;p=2952"},"modified":"2026-03-30T13:49:43","modified_gmt":"2026-03-30T11:49:43","slug":"jacques-marie-mage-earl-corbeau","status":"publish","type":"product","link":"https:\/\/www.diukoptyk.pl\/pl\/produkt\/jacques-marie-mage-earl-corbeau\/","title":{"rendered":"Jacques Marie Mage EARL | CORBEAU"},"content":{"rendered":"<article class=\"text-token-text-primary w-full focus:outline-none [--shadow-height:45px] has-data-writing-block:pointer-events-none has-data-writing-block:-mt-(--shadow-height) has-data-writing-block:pt-(--shadow-height) [&amp;:has([data-writing-block])&gt;*]:pointer-events-auto [content-visibility:auto] supports-[content-visibility:auto]:[contain-intrinsic-size:auto_100lvh] scroll-mt-[calc(var(--header-height)+min(200px,max(70px,20svh)))]\" dir=\"auto\" tabindex=\"-1\" data-turn-id=\"request-68dbb5b1-7ef0-832d-b63b-57cc941960e2-39\" data-testid=\"conversation-turn-360\" data-scroll-anchor=\"true\" data-turn=\"assistant\">\n<div class=\"text-base my-auto mx-auto pb-10 [--thread-content-margin:--spacing(4)] thread-sm:[--thread-content-margin:--spacing(6)] thread-lg:[--thread-content-margin:--spacing(16)] px-(--thread-content-margin)\">\n<div class=\"[--thread-content-max-width:40rem] thread-lg:[--thread-content-max-width:48rem] mx-auto max-w-(--thread-content-max-width) flex-1 group\/turn-messages focus-visible:outline-hidden relative flex w-full min-w-0 flex-col agent-turn\" tabindex=\"-1\">\n<div class=\"flex max-w-full flex-col grow\">\n<div class=\"min-h-8 text-message relative flex w-full flex-col items-end gap-2 text-start break-words whitespace-normal [.text-message+&amp;]:mt-1\" dir=\"auto\" data-message-author-role=\"assistant\" data-message-id=\"a4b1d230-2b3d-4ef5-a95c-c72d14b62711\" data-message-model-slug=\"gpt-5\">\n<div class=\"flex w-full flex-col gap-1 empty:hidden first:pt-[1px]\">\n<div class=\"markdown prose dark:prose-invert w-full break-words light markdown-new-styling\">\n<p data-start=\"1741\" data-end=\"2041\" data-is-last-node=\"\" data-is-only-node=\"\"><strong data-start=\"1741\" data-end=\"1754\">Dla kogo:<\/strong><br data-start=\"1754\" data-end=\"1757\" \/>Dla mi\u0142o\u015bnik\u00f3w <strong data-start=\"1772\" data-end=\"1861\">architektonicznej precyzji, minimalistycznej elegancji i luksusu zakl\u0119tego w detalach<\/strong>.<br data-start=\"1862\" data-end=\"1865\" \/>Jacques Marie Mage <strong data-start=\"1884\" data-end=\"1900\">Earl Corbeau<\/strong> to ho\u0142d dla epoki, w kt\u00f3rej styl oznacza\u0142 dyscyplin\u0119 i wyrafinowanie \u2014 oprawa dla tych, kt\u00f3rzy <strong data-start=\"1996\" data-end=\"2040\">nie pod\u0105\u017caj\u0105 za trendami, lecz je tworz\u0105<\/strong>.<\/p>\n<\/div>\n<\/div>\n<\/div>\n<\/div>\n<\/div>\n<\/div>\n<\/article>\n","protected":false},"excerpt":{"rendered":"<h3 data-start=\"0\" data-end=\"45\"><strong data-start=\"4\" data-end=\"43\">Jacques Marie Mage \u2013 EARL | CORBEAU<\/strong><\/h3>\n<p data-start=\"46\" data-end=\"87\"><strong data-start=\"46\" data-end=\"85\">Limitowana edycja \u2013 350 egzemplarzy<\/strong><\/p>\n<p data-start=\"89\" data-end=\"455\">Model <strong data-start=\"95\" data-end=\"121\">Earl w kolorze Corbeau<\/strong> to wsp\u00f3\u0142czesna reinterpretacja klasycznego stylu <em data-start=\"171\" data-end=\"182\">navigator<\/em> z lat 70., w kt\u00f3rej <strong data-start=\"203\" data-end=\"255\">minimalizm spotyka si\u0119 z mistrzowskim rzemios\u0142em<\/strong>. Odwa\u017cna, czarna konstrukcja z tytanu o satynowym wyko\u0144czeniu przyci\u0105ga wzrok subtelnymi detalami i wyra\u017ca ponadczasowy charakter Jacques Marie Mage \u2014 elegancj\u0119 zakorzenion\u0105 w precyzji i proporcji.<\/p>\n<p data-start=\"457\" data-end=\"868\">R\u0119cznie wykonane w Japonii okulary <strong data-start=\"492\" data-end=\"508\">Earl Corbeau<\/strong> zosta\u0142y zaprojektowane z my\u015bl\u0105 o perfekcji w ka\u017cdym calu. Smuk\u0142y profil, 4-milimetrowe tytanowe wstawki wok\u00f3\u0142 soczewek oraz grawerowane zauszniki z charakterystycznym zako\u0144czeniem <em data-start=\"689\" data-end=\"700\">wing tips<\/em> nadaj\u0105 ca\u0142o\u015bci rze\u017abiarskiej lekko\u015bci. Delikatny po\u0142ysk srebrnych detali i kontrast z czerni\u0105 ramy podkre\u015blaj\u0105 luksusowy, a zarazem nowoczesny charakter tego modelu.<\/p>\n<p data-start=\"870\" data-end=\"1124\">Soczewki <strong data-start=\"879\" data-end=\"896\">Charcoal CR39<\/strong> zapewniaj\u0105 <strong data-start=\"908\" data-end=\"928\">pe\u0142n\u0105 ochron\u0119 UV<\/strong> i s\u0105 pokryte pow\u0142ok\u0105 antyrefleksyjn\u0105 od wewn\u0105trz, gwarantuj\u0105c doskona\u0142\u0105 przejrzysto\u015b\u0107 widzenia. To okulary stworzone dla os\u00f3b, kt\u00f3re ceni\u0105 <strong data-start=\"1068\" data-end=\"1121\">dyskretn\u0105 si\u0142\u0119, wywa\u017cony styl i techniczne pi\u0119kno<\/strong>.<\/p>\n<hr data-start=\"1126\" data-end=\"1129\" \/>\n<p data-start=\"1131\" data-end=\"1156\"><strong data-start=\"1131\" data-end=\"1154\">Detale i wykonanie:<\/strong><\/p>\n<ul data-start=\"1157\" data-end=\"1734\">\n<li data-start=\"1157\" data-end=\"1204\">\n<p data-start=\"1159\" data-end=\"1204\"><strong data-start=\"1159\" data-end=\"1170\">Rodzaj:<\/strong> okulary przeciws\u0142oneczne unisex<\/p>\n<\/li>\n<li data-start=\"1205\" data-end=\"1255\">\n<p data-start=\"1207\" data-end=\"1255\"><strong data-start=\"1207\" data-end=\"1219\">Kszta\u0142t:<\/strong> navigator, inspirowany latami 70.<\/p>\n<\/li>\n<li data-start=\"1256\" data-end=\"1313\">\n<p data-start=\"1258\" data-end=\"1313\"><strong data-start=\"1258\" data-end=\"1268\">Kolor:<\/strong> Corbeau \u2013 g\u0142\u0119boka czer\u0144 z akcentami srebra<\/p>\n<\/li>\n<li data-start=\"1314\" data-end=\"1350\">\n<p data-start=\"1316\" data-end=\"1350\"><strong data-start=\"1316\" data-end=\"1329\">Materia\u0142:<\/strong> 100% beta titanium<\/p>\n<\/li>\n<li data-start=\"1351\" data-end=\"1590\">\n<p data-start=\"1353\" data-end=\"1371\"><strong data-start=\"1353\" data-end=\"1369\">Wyko\u0144czenie:<\/strong><\/p>\n<ul data-start=\"1374\" data-end=\"1590\">\n<li data-start=\"1374\" data-end=\"1447\">\n<p data-start=\"1376\" data-end=\"1447\">Black <em data-start=\"1382\" data-end=\"1418\">hairline-engraved titanium temples<\/em> z zako\u0144czeniem <em data-start=\"1434\" data-end=\"1445\">wing tips<\/em><\/p>\n<\/li>\n<li data-start=\"1450\" data-end=\"1508\">\n<p data-start=\"1452\" data-end=\"1508\"><em data-start=\"1452\" data-end=\"1472\">Black hidden hinge<\/em> z zabezpieczeniem tension-secured<\/p>\n<\/li>\n<li data-start=\"1511\" data-end=\"1547\">\n<p data-start=\"1513\" data-end=\"1547\"><em data-start=\"1513\" data-end=\"1545\">Silver titanium eyerim inserts<\/em><\/p>\n<\/li>\n<li data-start=\"1550\" data-end=\"1590\">\n<p data-start=\"1552\" data-end=\"1590\">Custom <em data-start=\"1559\" data-end=\"1570\">nose pads<\/em> z logo i grawerem<\/p>\n<\/li>\n<\/ul>\n<\/li>\n<li data-start=\"1591\" data-end=\"1669\">\n<p data-start=\"1593\" data-end=\"1669\"><strong data-start=\"1593\" data-end=\"1606\">Soczewki:<\/strong> Charcoal CR39 (4-base) z pow\u0142ok\u0105 antyrefleksyjn\u0105 od wewn\u0105trz<\/p>\n<\/li>\n<li data-start=\"1670\" data-end=\"1694\">\n<p data-start=\"1672\" data-end=\"1694\"><strong data-start=\"1672\" data-end=\"1684\">Ochrona:<\/strong> 100% UV<\/p>\n<\/li>\n<li data-start=\"1695\" data-end=\"1734\">\n<p data-start=\"1697\" data-end=\"1734\"><strong data-start=\"1697\" data-end=\"1711\">Rzemios\u0142o:<\/strong> Handcrafted in Japan<\/p>\n<\/li>\n<\/ul>\n","protected":false},"featured_media":2957,"template":"","meta":{"_acf_changed":false,"_joinchat":[]},"product_brand":[82],"product_cat":[37,30,35],"product_tag":[],"model":[376],"class_list":{"0":"post-2952","1":"product","2":"type-product","3":"status-publish","4":"has-post-thumbnail","6":"product_brand-jacques-marie-mage","7":"product_cat-meskie","8":"product_cat-okulary-przeciwsloneczne","9":"product_cat-unisex","10":"model-earl","12":"first","13":"instock","14":"shipping-taxable","15":"purchasable","16":"product-type-simple"},"acf":[],"aioseo_notices":[],"_links":{"self":[{"href":"https:\/\/www.diukoptyk.pl\/pl\/wp-json\/wp\/v2\/product\/2952","targetHints":{"allow":["GET"]}}],"collection":[{"href":"https:\/\/www.diukoptyk.pl\/pl\/wp-json\/wp\/v2\/product"}],"about":[{"href":"https:\/\/www.diukoptyk.pl\/pl\/wp-json\/wp\/v2\/types\/product"}],"version-history":[{"count":1,"href":"https:\/\/www.diukoptyk.pl\/pl\/wp-json\/wp\/v2\/product\/2952\/revisions"}],"predecessor-version":[{"id":4487,"href":"https:\/\/www.diukoptyk.pl\/pl\/wp-json\/wp\/v2\/product\/2952\/revisions\/4487"}],"wp:featuredmedia":[{"embeddable":true,"href":"https:\/\/www.diukoptyk.pl\/pl\/wp-json\/wp\/v2\/media\/2957"}],"wp:attachment":[{"href":"https:\/\/www.diukoptyk.pl\/pl\/wp-json\/wp\/v2\/media?parent=2952"}],"wp:term":[{"taxonomy":"product_brand","embeddable":true,"href":"https:\/\/www.diukoptyk.pl\/pl\/wp-json\/wp\/v2\/product_brand?post=2952"},{"taxonomy":"product_cat","embeddable":true,"href":"https:\/\/www.diukoptyk.pl\/pl\/wp-json\/wp\/v2\/product_cat?post=2952"},{"taxonomy":"product_tag","embeddable":true,"href":"https:\/\/www.diukoptyk.pl\/pl\/wp-json\/wp\/v2\/product_tag?post=2952"},{"taxonomy":"model","embeddable":true,"href":"https:\/\/www.diukoptyk.pl\/pl\/wp-json\/wp\/v2\/model?post=2952"}],"curies":[{"name":"wp","href":"https:\/\/api.w.org\/{rel}","templated":true}]}}