{"id":2945,"date":"2025-10-14T14:55:53","date_gmt":"2025-10-14T12:55:53","guid":{"rendered":"https:\/\/www.diukoptyk.pl\/?post_type=product&#038;p=2945"},"modified":"2026-03-05T18:19:20","modified_gmt":"2026-03-05T17:19:20","slug":"jacques-marie-mage-earl-ciel","status":"publish","type":"product","link":"https:\/\/www.diukoptyk.pl\/pl\/produkt\/jacques-marie-mage-earl-ciel\/","title":{"rendered":"Jacques Marie Mage EARL | CIEL"},"content":{"rendered":"<p><strong data-start=\"1856\" data-end=\"1869\">Dla kogo:<\/strong><br data-start=\"1869\" data-end=\"1872\" \/>Dla os\u00f3b, kt\u00f3re ceni\u0105 <strong data-start=\"1894\" data-end=\"1941\">r\u00f3wne proporcje elegancji i si\u0142y charakteru<\/strong>.<br data-start=\"1942\" data-end=\"1945\" \/>Jacques Marie Mage <strong data-start=\"1964\" data-end=\"1977\">Earl Ciel<\/strong> to manifest dojrza\u0142ego stylu \u2014 oprawa dla tych, kt\u00f3rzy nie potrzebuj\u0105 krzycze\u0107, by by\u0107 zauwa\u017ceni.<br data-start=\"2075\" data-end=\"2078\" \/>To <strong data-start=\"2081\" data-end=\"2120\">klasyczny navigator z dusz\u0105 artysty<\/strong>, kt\u00f3ry wygl\u0105da r\u00f3wnie dobrze przy kieliszku szampana, jak i za kierownic\u0105 samochodu z dusz\u0105 lat 70.<\/p>\n","protected":false},"excerpt":{"rendered":"<h3 data-start=\"0\" data-end=\"42\"><strong data-start=\"4\" data-end=\"40\">Jacques Marie Mage \u2013 EARL | CIEL<\/strong><\/h3>\n<p data-start=\"43\" data-end=\"84\"><strong data-start=\"43\" data-end=\"82\">Limitowana edycja \u2013 400 egzemplarzy<\/strong><\/p>\n<p data-start=\"86\" data-end=\"443\">Model <strong data-start=\"92\" data-end=\"115\">Earl w kolorze Ciel<\/strong> to elegancka reinterpretacja klasycznego stylu <em data-start=\"163\" data-end=\"174\">navigator<\/em> z lat 70., w kt\u00f3rej perfekcyjnie po\u0142\u0105czono <strong data-start=\"218\" data-end=\"233\">si\u0142\u0119 tytanu<\/strong> z artystyczn\u0105 finezj\u0105 detali Jacques Marie Mage. Ten wyrafinowany projekt emanuje spokojem i pewno\u015bci\u0105 siebie \u2014 to okulary stworzone dla ludzi, kt\u00f3rzy potrafi\u0105 \u0142\u0105czy\u0107 <strong data-start=\"401\" data-end=\"440\">klasyk\u0119 z nowoczesnym wyrazem stylu<\/strong>.<\/p>\n<p data-start=\"445\" data-end=\"804\">R\u0119cznie wykonane w Japonii z <strong data-start=\"474\" data-end=\"494\">100% beta-tytanu<\/strong>, <strong data-start=\"496\" data-end=\"509\">Earl Ciel<\/strong> wyr\u00f3\u017cnia si\u0119 smuk\u0142ym profilem z 4-milimetrowymi tytanowymi wstawkami wok\u00f3\u0142 soczewek, unikatowym mostkiem i dopracowanymi zdobieniami inspirowanymi estetyk\u0105 Art Deco. Wyrafinowane, z\u0142ote zauszniki z grawerowanymi detalami i zako\u0144czeniem w formie skrzyde\u0142 podkre\u015blaj\u0105 mistrzostwo rzemios\u0142a JMM.<\/p>\n<p data-start=\"806\" data-end=\"1132\">Soczewki <strong data-start=\"815\" data-end=\"830\">Serene CR39<\/strong> w delikatnym niebieskim odcieniu oferuj\u0105 <strong data-start=\"872\" data-end=\"892\">pe\u0142n\u0105 ochron\u0119 UV<\/strong> i pow\u0142ok\u0119 antyrefleksyjn\u0105 od wewn\u0105trz, zapewniaj\u0105c krystaliczn\u0105 przejrzysto\u015b\u0107 widzenia. To model, kt\u00f3ry doskonale \u0142\u0105czy <strong data-start=\"1013\" data-end=\"1063\">architektoniczn\u0105 precyzj\u0119 z lekk\u0105 zmys\u0142owo\u015bci\u0105<\/strong> \u2014 luksusowy w ka\u017cdym calu, lecz stworzony do codziennego noszenia.<\/p>\n<hr data-start=\"1134\" data-end=\"1137\" \/>\n<p data-start=\"1139\" data-end=\"1164\"><strong data-start=\"1139\" data-end=\"1162\">Detale i wykonanie:<\/strong><\/p>\n<ul data-start=\"1165\" data-end=\"1705\">\n<li data-start=\"1165\" data-end=\"1212\">\n<p data-start=\"1167\" data-end=\"1212\"><strong data-start=\"1167\" data-end=\"1178\">Rodzaj:<\/strong> okulary przeciws\u0142oneczne unisex<\/p>\n<\/li>\n<li data-start=\"1213\" data-end=\"1263\">\n<p data-start=\"1215\" data-end=\"1263\"><strong data-start=\"1215\" data-end=\"1227\">Kszta\u0142t:<\/strong> navigator, inspirowany latami 70.<\/p>\n<\/li>\n<li data-start=\"1264\" data-end=\"1316\">\n<p data-start=\"1266\" data-end=\"1316\"><strong data-start=\"1266\" data-end=\"1276\">Kolor:<\/strong> Ciel \u2013 z\u0142oto z niebieskimi soczewkami<\/p>\n<\/li>\n<li data-start=\"1317\" data-end=\"1353\">\n<p data-start=\"1319\" data-end=\"1353\"><strong data-start=\"1319\" data-end=\"1332\">Materia\u0142:<\/strong> 100% beta titanium<\/p>\n<\/li>\n<li data-start=\"1354\" data-end=\"1563\">\n<p data-start=\"1356\" data-end=\"1374\"><strong data-start=\"1356\" data-end=\"1372\">Wyko\u0144czenie:<\/strong><\/p>\n<ul data-start=\"1377\" data-end=\"1563\">\n<li data-start=\"1377\" data-end=\"1441\">\n<p data-start=\"1379\" data-end=\"1441\">Gold <em data-start=\"1384\" data-end=\"1411\">hairline-engraved temples<\/em> z zako\u0144czeniami <em data-start=\"1428\" data-end=\"1439\">wing tips<\/em><\/p>\n<\/li>\n<li data-start=\"1444\" data-end=\"1483\">\n<p data-start=\"1446\" data-end=\"1483\"><em data-start=\"1446\" data-end=\"1481\">Gold tension-secured hidden hinge<\/em><\/p>\n<\/li>\n<li data-start=\"1486\" data-end=\"1520\">\n<p data-start=\"1488\" data-end=\"1520\"><em data-start=\"1488\" data-end=\"1518\">Gold titanium eyerim inserts<\/em><\/p>\n<\/li>\n<li data-start=\"1523\" data-end=\"1563\">\n<p data-start=\"1525\" data-end=\"1563\">Custom <em data-start=\"1532\" data-end=\"1543\">nose pads<\/em> z logo i grawerem<\/p>\n<\/li>\n<\/ul>\n<\/li>\n<li data-start=\"1564\" data-end=\"1640\">\n<p data-start=\"1566\" data-end=\"1640\"><strong data-start=\"1566\" data-end=\"1579\">Soczewki:<\/strong> Serene CR39 (4-base) z pow\u0142ok\u0105 antyrefleksyjn\u0105 od wewn\u0105trz<\/p>\n<\/li>\n<li data-start=\"1641\" data-end=\"1665\">\n<p data-start=\"1643\" data-end=\"1665\"><strong data-start=\"1643\" data-end=\"1655\">Ochrona:<\/strong> 100% UV<\/p>\n<\/li>\n<li data-start=\"1666\" data-end=\"1705\">\n<p data-start=\"1668\" data-end=\"1705\"><strong data-start=\"1668\" data-end=\"1682\">Rzemios\u0142o:<\/strong> Handcrafted in Japan<\/p>\n<\/li>\n<\/ul>\n","protected":false},"featured_media":2950,"template":"","meta":{"_acf_changed":false,"_joinchat":[]},"product_brand":[82],"product_cat":[37,30,35],"product_tag":[],"model":[376],"class_list":{"0":"post-2945","1":"product","2":"type-product","3":"status-publish","4":"has-post-thumbnail","6":"product_brand-jacques-marie-mage","7":"product_cat-meskie","8":"product_cat-okulary-przeciwsloneczne","9":"product_cat-unisex","10":"model-earl","12":"first","13":"instock","14":"shipping-taxable","15":"purchasable","16":"product-type-simple"},"acf":[],"aioseo_notices":[],"_links":{"self":[{"href":"https:\/\/www.diukoptyk.pl\/pl\/wp-json\/wp\/v2\/product\/2945","targetHints":{"allow":["GET"]}}],"collection":[{"href":"https:\/\/www.diukoptyk.pl\/pl\/wp-json\/wp\/v2\/product"}],"about":[{"href":"https:\/\/www.diukoptyk.pl\/pl\/wp-json\/wp\/v2\/types\/product"}],"version-history":[{"count":2,"href":"https:\/\/www.diukoptyk.pl\/pl\/wp-json\/wp\/v2\/product\/2945\/revisions"}],"predecessor-version":[{"id":4926,"href":"https:\/\/www.diukoptyk.pl\/pl\/wp-json\/wp\/v2\/product\/2945\/revisions\/4926"}],"wp:featuredmedia":[{"embeddable":true,"href":"https:\/\/www.diukoptyk.pl\/pl\/wp-json\/wp\/v2\/media\/2950"}],"wp:attachment":[{"href":"https:\/\/www.diukoptyk.pl\/pl\/wp-json\/wp\/v2\/media?parent=2945"}],"wp:term":[{"taxonomy":"product_brand","embeddable":true,"href":"https:\/\/www.diukoptyk.pl\/pl\/wp-json\/wp\/v2\/product_brand?post=2945"},{"taxonomy":"product_cat","embeddable":true,"href":"https:\/\/www.diukoptyk.pl\/pl\/wp-json\/wp\/v2\/product_cat?post=2945"},{"taxonomy":"product_tag","embeddable":true,"href":"https:\/\/www.diukoptyk.pl\/pl\/wp-json\/wp\/v2\/product_tag?post=2945"},{"taxonomy":"model","embeddable":true,"href":"https:\/\/www.diukoptyk.pl\/pl\/wp-json\/wp\/v2\/model?post=2945"}],"curies":[{"name":"wp","href":"https:\/\/api.w.org\/{rel}","templated":true}]}}